{"id":9607,"date":"2023-04-04T23:53:37","date_gmt":"2023-04-04T23:53:37","guid":{"rendered":"https:\/\/wsm.art.pl\/?page_id=9607"},"modified":"2023-08-18T08:52:01","modified_gmt":"2023-08-18T08:52:01","slug":"2023-liebchen-ewa","status":"publish","type":"page","link":"https:\/\/wsm.art.pl\/?page_id=9607","title":{"rendered":"2023 w. LIEBCHEN Ewa"},"content":{"rendered":"\t\t<div data-elementor-type=\"wp-page\" data-elementor-id=\"9607\" class=\"elementor elementor-9607\">\n\t\t\t\t\t\t<section class=\"elementor-section elementor-top-section elementor-element elementor-element-24110ddb elementor-section-boxed elementor-section-height-default elementor-section-height-default\" data-id=\"24110ddb\" data-element_type=\"section\">\n\t\t\t\t\t\t<div class=\"elementor-container elementor-column-gap-default\">\n\t\t\t\t\t<div class=\"elementor-column elementor-col-100 elementor-top-column elementor-element elementor-element-54220d03\" data-id=\"54220d03\" data-element_type=\"column\">\n\t\t\t<div class=\"elementor-widget-wrap elementor-element-populated\">\n\t\t\t\t\t\t<div class=\"elementor-element elementor-element-214fb19e elementor-widget elementor-widget-heading\" data-id=\"214fb19e\" data-element_type=\"widget\" data-widget_type=\"heading.default\">\n\t\t\t\t<div class=\"elementor-widget-container\">\n\t\t\t\t\t<h2 class=\"elementor-heading-title elementor-size-default\">Ewa Liebchen<\/h2>\t\t\t\t<\/div>\n\t\t\t\t<\/div>\n\t\t\t\t\t<\/div>\n\t\t<\/div>\n\t\t\t\t\t<\/div>\n\t\t<\/section>\n\t\t\t\t<section class=\"elementor-section elementor-top-section elementor-element elementor-element-208796d2 elementor-section-boxed elementor-section-height-default elementor-section-height-default\" data-id=\"208796d2\" data-element_type=\"section\">\n\t\t\t\t\t\t<div class=\"elementor-container elementor-column-gap-default\">\n\t\t\t\t\t<div class=\"elementor-column elementor-col-50 elementor-top-column elementor-element elementor-element-2998c263\" data-id=\"2998c263\" data-element_type=\"column\">\n\t\t\t<div class=\"elementor-widget-wrap elementor-element-populated\">\n\t\t\t\t\t\t<div class=\"elementor-element elementor-element-4f2be069 elementor-widget elementor-widget-image\" data-id=\"4f2be069\" data-element_type=\"widget\" data-widget_type=\"image.default\">\n\t\t\t\t<div class=\"elementor-widget-container\">\n\t\t\t\t\t\t\t\t\t\t\t\t<figure class=\"wp-caption\">\n\t\t\t\t\t\t\t\t\t\t<img fetchpriority=\"high\" decoding=\"async\" width=\"768\" height=\"536\" src=\"https:\/\/wsm.art.pl\/wp-content\/uploads\/2023\/04\/Ewa-Liebchen-fot.-Ksawery-Zamoyski-768x536.jpg\" class=\"attachment-medium_large size-medium_large wp-image-9668\" alt=\"\" srcset=\"https:\/\/wsm.art.pl\/wp-content\/uploads\/2023\/04\/Ewa-Liebchen-fot.-Ksawery-Zamoyski-768x536.jpg 768w, https:\/\/wsm.art.pl\/wp-content\/uploads\/2023\/04\/Ewa-Liebchen-fot.-Ksawery-Zamoyski-300x209.jpg 300w, https:\/\/wsm.art.pl\/wp-content\/uploads\/2023\/04\/Ewa-Liebchen-fot.-Ksawery-Zamoyski-1024x714.jpg 1024w, https:\/\/wsm.art.pl\/wp-content\/uploads\/2023\/04\/Ewa-Liebchen-fot.-Ksawery-Zamoyski-1536x1072.jpg 1536w, https:\/\/wsm.art.pl\/wp-content\/uploads\/2023\/04\/Ewa-Liebchen-fot.-Ksawery-Zamoyski-2048x1429.jpg 2048w\" sizes=\"(max-width: 768px) 100vw, 768px\" \/>\t\t\t\t\t\t\t\t\t\t\t<figcaption class=\"widget-image-caption wp-caption-text\">fot. Ksawery Zamoyski<\/figcaption>\n\t\t\t\t\t\t\t\t\t\t<\/figure>\n\t\t\t\t\t\t\t\t\t<\/div>\n\t\t\t\t<\/div>\n\t\t\t\t\t<\/div>\n\t\t<\/div>\n\t\t\t\t<div class=\"elementor-column elementor-col-50 elementor-top-column elementor-element elementor-element-22045959\" data-id=\"22045959\" data-element_type=\"column\">\n\t\t\t<div class=\"elementor-widget-wrap elementor-element-populated\">\n\t\t\t\t\t\t\t<\/div>\n\t\t<\/div>\n\t\t\t\t\t<\/div>\n\t\t<\/section>\n\t\t\t\t<section class=\"elementor-section elementor-top-section elementor-element elementor-element-75d15be elementor-section-boxed elementor-section-height-default elementor-section-height-default\" data-id=\"75d15be\" data-element_type=\"section\">\n\t\t\t\t\t\t<div class=\"elementor-container elementor-column-gap-default\">\n\t\t\t\t\t<div class=\"elementor-column elementor-col-100 elementor-top-column elementor-element elementor-element-645d081\" data-id=\"645d081\" data-element_type=\"column\">\n\t\t\t<div class=\"elementor-widget-wrap elementor-element-populated\">\n\t\t\t\t\t\t<div class=\"elementor-element elementor-element-e240271 elementor-widget elementor-widget-text-editor\" data-id=\"e240271\" data-element_type=\"widget\" data-widget_type=\"text-editor.default\">\n\t\t\t\t<div class=\"elementor-widget-container\">\n\t\t\t\t\t\t\t\t\t<p>Flecistka, solistka i kameralistka, specjalizuje si\u0119 w wykonawstwie muzyki wsp\u00f3\u0142czesnej. Dokona\u0142a licznych wykona\u0144 i prawykona\u0144 dzie\u0142 muzyki polskiej. Wiele z nich powsta\u0142o na zam\u00f3wienie w ramach programu MKiDN \u201eZam\u00f3wienia kompozytorskie\u201d.<br \/>Jest absolwentk\u0105 Accademia Italiana del Flauto (2002) w klasie fletu prof. Raymonda Guiot i Akademii Muzycznej im. Feliksa Nowowiejskiego w Bydgoszczy w klasie fletu prof. Jadwigi Kotnowskiej (2005).<br \/>Laureatka og\u00f3lnopolskich, a tak\u017ce mi\u0119dzynarodowych konkurs\u00f3w muzycznych jako solistka i kameralistka. Stypendystka takich organizacji jak Fundacja Kultury, ZAiKS, Top Wind czy Accademia Musicale Chigiana. Jest r\u00f3wnie\u017c dwukrotn\u0105 laureatk\u0105 Programu Stypendialnego MKiDN \u201eM\u0142oda Polska\u201d.<br \/>W ramach dzia\u0142alno\u015bci pedagogicznej prowadzi prezentacje i warsztaty z zakresu wsp\u00f3\u0142czesnego wykonawstwa dla instrumentalist\u00f3w, pedagog\u00f3w i kompozytor\u00f3w. Go\u015bci\u0142a z wyk\u0142adami na uczelniach muzycznych w Bydgoszczy, Gda\u0144sku, \u0141odzi. Jako artysta-rezydent by\u0142a zapraszana na Mi\u0119dzynarodowe Letnie Kursy Kompozytorskie \u201eSynthetis\u201d w Radziejowicach (2015, 2017), a tak\u017ce by\u0142a go\u015bciem Sichuan Conservatory of Music (SCCM) w Chendgu w Chinach (2017).<br \/>Jest flecistk\u0105 Chain Ensemble, zespo\u0142u zajmuj\u0105cego si\u0119 wykonawstwem muzyki nowej prowadzonego przez prof. Andrzeja Bauera. Od pi\u0119tnastu lat wsp\u00f3\u0142tworzy te\u017c duet fletowy Flute O\u2019Clock. W 2010 roku nak\u0142adem wydawnictwa DUX ukaza\u0142a si\u0119 pierwsza p\u0142yta zespo\u0142u. Album Now otrzyma\u0142 wyr\u00f3\u017cnienie miesi\u0119cznika Hi-Fi i Muzyka dla P\u0142yty Roku 2010 oraz zosta\u0142 nominowany do nagrody Fryderyk 2011 w kategorii Fonograficzny Debiut Roku. Flecistka ma na swoim koncie p\u0142yty z muzyk\u0105 polskich kompozytor\u00f3w &#8211; S\u0142awomira Kupczaka i Dominika Karskiego, kt\u00f3re ukaza\u0142y si\u0119 nak\u0142adem wydawnictw DUX i B\u00f4\u0142t Records. W 2018 roku r\u00f3wnie\u017c nak\u0142adem wydawnictwa B\u00f4\u0142t Records ukaza\u0142a si\u0119 jej pierwsza solowa p\u0142yta Electric Sheep. Utw\u00f3r z tej p\u0142yty Halny, dedykowany flecistce przez kompozytora S\u0142awomira Kupczaka, otrzyma\u0142 rekomendacj\u0119 66. Mi\u0119dzynarodowej Trybuny Kompozytor\u00f3w. Kolejny projekt p\u0142ytowy Goodnight Mr. G\u00f3recki (B\u00f4\u0142t Records) nagrany z pianistk\u0105 Emili\u0105 Karolin\u0105 Sitarz, wokalistk\u0105 Barbar\u0105 King\u0105 Majewsk\u0105 i perkusist\u0105 Hubertem Zemlerem ukaza\u0142 si\u0119 w pa\u017adzierniku 2020 roku w 10. rocznic\u0119 \u015bmierci kompozytora.<br \/>Premiera najnowszej solowej p\u0142yty Dizzy Divinity (B\u00f4\u0142t Records) z utworami kompozytor\u00f3w litewskich i rumu\u0144skich inaugurowa\u0142a ostatni\u0105 edycj\u0119 festiwalu Sacrum Profanum 2022.<\/p>\t\t\t\t\t\t\t\t<\/div>\n\t\t\t\t<\/div>\n\t\t\t\t\t<\/div>\n\t\t<\/div>\n\t\t\t\t\t<\/div>\n\t\t<\/section>\n\t\t\t\t<\/div>\n\t\t","protected":false},"excerpt":{"rendered":"<p>Ewa Liebchen fot. Ksawery Zamoyski Flecistka, solistka i kameralistka, specjalizuje si\u0119 w wykonawstwie muzyki wsp\u00f3\u0142czesnej. Dokona\u0142a licznych wykona\u0144 i prawykona\u0144 dzie\u0142 muzyki polskiej. Wiele z&hellip;<\/p>\n","protected":false},"author":1,"featured_media":0,"parent":0,"menu_order":0,"comment_status":"closed","ping_status":"closed","template":"","meta":{"footnotes":""},"class_list":["post-9607","page","type-page","status-publish","hentry"],"_links":{"self":[{"href":"https:\/\/wsm.art.pl\/index.php?rest_route=\/wp\/v2\/pages\/9607","targetHints":{"allow":["GET"]}}],"collection":[{"href":"https:\/\/wsm.art.pl\/index.php?rest_route=\/wp\/v2\/pages"}],"about":[{"href":"https:\/\/wsm.art.pl\/index.php?rest_route=\/wp\/v2\/types\/page"}],"author":[{"embeddable":true,"href":"https:\/\/wsm.art.pl\/index.php?rest_route=\/wp\/v2\/users\/1"}],"replies":[{"embeddable":true,"href":"https:\/\/wsm.art.pl\/index.php?rest_route=%2Fwp%2Fv2%2Fcomments&post=9607"}],"version-history":[{"count":9,"href":"https:\/\/wsm.art.pl\/index.php?rest_route=\/wp\/v2\/pages\/9607\/revisions"}],"predecessor-version":[{"id":13116,"href":"https:\/\/wsm.art.pl\/index.php?rest_route=\/wp\/v2\/pages\/9607\/revisions\/13116"}],"wp:attachment":[{"href":"https:\/\/wsm.art.pl\/index.php?rest_route=%2Fwp%2Fv2%2Fmedia&parent=9607"}],"curies":[{"name":"wp","href":"https:\/\/api.w.org\/{rel}","templated":true}]}}