{"id":7150,"date":"2022-05-11T20:52:01","date_gmt":"2022-05-11T20:52:01","guid":{"rendered":"https:\/\/wsm.art.pl\/?page_id=7150"},"modified":"2022-05-15T18:26:18","modified_gmt":"2022-05-15T18:26:18","slug":"telecki-szymon-en","status":"publish","type":"page","link":"https:\/\/wsm.art.pl\/?page_id=7150","title":{"rendered":"TELECKI Szymon EN"},"content":{"rendered":"\t\t<div data-elementor-type=\"wp-page\" data-elementor-id=\"7150\" class=\"elementor elementor-7150\">\n\t\t\t\t\t\t<section class=\"elementor-section elementor-top-section elementor-element elementor-element-24110ddb elementor-section-boxed elementor-section-height-default elementor-section-height-default\" data-id=\"24110ddb\" data-element_type=\"section\">\n\t\t\t\t\t\t<div class=\"elementor-container elementor-column-gap-default\">\n\t\t\t\t\t<div class=\"elementor-column elementor-col-100 elementor-top-column elementor-element elementor-element-54220d03\" data-id=\"54220d03\" data-element_type=\"column\">\n\t\t\t<div class=\"elementor-widget-wrap elementor-element-populated\">\n\t\t\t\t\t\t<div class=\"elementor-element elementor-element-214fb19e elementor-widget elementor-widget-heading\" data-id=\"214fb19e\" data-element_type=\"widget\" data-widget_type=\"heading.default\">\n\t\t\t\t<div class=\"elementor-widget-container\">\n\t\t\t\t\t<h2 class=\"elementor-heading-title elementor-size-default\">Szymon Telecki<\/h2>\t\t\t\t<\/div>\n\t\t\t\t<\/div>\n\t\t\t\t\t<\/div>\n\t\t<\/div>\n\t\t\t\t\t<\/div>\n\t\t<\/section>\n\t\t\t\t<section class=\"elementor-section elementor-top-section elementor-element elementor-element-208796d2 elementor-section-boxed elementor-section-height-default elementor-section-height-default\" data-id=\"208796d2\" data-element_type=\"section\">\n\t\t\t\t\t\t<div class=\"elementor-container elementor-column-gap-default\">\n\t\t\t\t\t<div class=\"elementor-column elementor-col-50 elementor-top-column elementor-element elementor-element-2998c263\" data-id=\"2998c263\" data-element_type=\"column\">\n\t\t\t<div class=\"elementor-widget-wrap elementor-element-populated\">\n\t\t\t\t\t\t<div class=\"elementor-element elementor-element-4f2be069 elementor-widget elementor-widget-image\" data-id=\"4f2be069\" data-element_type=\"widget\" data-widget_type=\"image.default\">\n\t\t\t\t<div class=\"elementor-widget-container\">\n\t\t\t\t\t\t\t\t\t\t\t\t<figure class=\"wp-caption\">\n\t\t\t\t\t\t\t\t\t\t<img fetchpriority=\"high\" decoding=\"async\" width=\"800\" height=\"1200\" src=\"https:\/\/wsm.art.pl\/wp-content\/uploads\/2022\/05\/FOTO-Szymon-Telecki-wyk.-Sebastian-Mintus.jpg\" class=\"attachment-full size-full wp-image-6487\" alt=\"\" srcset=\"https:\/\/wsm.art.pl\/wp-content\/uploads\/2022\/05\/FOTO-Szymon-Telecki-wyk.-Sebastian-Mintus.jpg 800w, https:\/\/wsm.art.pl\/wp-content\/uploads\/2022\/05\/FOTO-Szymon-Telecki-wyk.-Sebastian-Mintus-200x300.jpg 200w, https:\/\/wsm.art.pl\/wp-content\/uploads\/2022\/05\/FOTO-Szymon-Telecki-wyk.-Sebastian-Mintus-683x1024.jpg 683w, https:\/\/wsm.art.pl\/wp-content\/uploads\/2022\/05\/FOTO-Szymon-Telecki-wyk.-Sebastian-Mintus-768x1152.jpg 768w\" sizes=\"(max-width: 800px) 100vw, 800px\" \/>\t\t\t\t\t\t\t\t\t\t\t<figcaption class=\"widget-image-caption wp-caption-text\">photo: Sebastian Mintus<\/figcaption>\n\t\t\t\t\t\t\t\t\t\t<\/figure>\n\t\t\t\t\t\t\t\t\t<\/div>\n\t\t\t\t<\/div>\n\t\t\t\t\t<\/div>\n\t\t<\/div>\n\t\t\t\t<div class=\"elementor-column elementor-col-50 elementor-top-column elementor-element elementor-element-22045959\" data-id=\"22045959\" data-element_type=\"column\">\n\t\t\t<div class=\"elementor-widget-wrap elementor-element-populated\">\n\t\t\t\t\t\t<div class=\"elementor-element elementor-element-20a87065 elementor-widget elementor-widget-text-editor\" data-id=\"20a87065\" data-element_type=\"widget\" data-widget_type=\"text-editor.default\">\n\t\t\t\t<div class=\"elementor-widget-container\">\n\t\t\t\t\t\t\t\t\t<p><span class=\"VIiyi\" lang=\"en\"><span class=\"JLqJ4b ChMk0b\" data-language-for-alternatives=\"en\" data-language-to-translate-into=\"pl\" data-phrase-index=\"0\" data-number-of-phrases=\"1\"><span class=\"Q4iAWc\">He graduated from the<\/span><\/span><\/span> Fryderyk Chopin Academy of Music in Warsaw the violin class of Professor Tadeusz Gadzina. In 2020, he obtained the title of Doctor of Arts at the Chopin University of Music. He has participated in many violin courses conducted by\u00a0 Professor Wanda Wi\u0142komirska, Professor Tadeusz Gadzina, Professor Tomasz Tomaszewski, and others. He received scholarship from J&amp;S Pro Bono Poloniae Foundation in Warsaw and for many years held scholarship from the Cultural Initiatives Foundation in Radomsko.<\/p><p>He has been a laureate of a number of international chamber music competitions in which he has participated together with pianist Pawe\u0142 Pawlik. He performed recitals in many European countries (for example, Italy, Germany, Hungary, Belgium, Poland). He performed as a soloist with the following orchestras: O. Kolberg \u015awi\u0119tokrzyska Philharmonic Orchestra in Kielce, W. Lutos\u0142awski Chamber Philharmonic Orchestra in \u0141om\u017ca, Capella Bydgostiensis Chamber Orchestra in Bydgoszcz, W. Lutos\u0142awski P\u0142ock Symphonic Orchestra, Musica Sonora Symphonic Orchestra in Budapest, <br \/>B. Huberman Philharmonic Orchestra in Cz\u0119stochowa.<\/p><p>The artist&#8217;s activity is focused on promoting the 20<sup>th<\/sup> century Polish music both in Poland and abroad. Not only is the artistactive as a performer, he is also the initiator and organiser of many artistic events. In recent years, his interests have been revolving around the output of Tadeusz Paciorkiewicz. He works on permanent basis with pianist Pawe\u0142 Pawlik, co-creating a violin and piano duo. In 2016, he recorded the <em>Violin Concerto<\/em> and, together with Tadeusz Gadzina, the <em>Concerto for Two Violins<\/em> by Tadeusz Paciorkiewicz, produced by the DUX record label, with the accompaniment of the Symphony Orchestra of the Cz\u0119stochowa Philharmonic conducted by Adam Klocek.<\/p><p>In the 2017\/2018 academic year, as part of the Erasmus+ programme and doctoral internships, he was an assistant in the violin class of. Prof. Yuri Nasushkin (Ukarain) at the Conservatorio Superior de Musica Eduardo Martinez Torner in Oviedo, Spain.<\/p><p>Since 2008, he has been collaborating with pianist Pawe\u0142 Pawlik creating a violin\u2013piano duo.<\/p>\t\t\t\t\t\t\t\t<\/div>\n\t\t\t\t<\/div>\n\t\t\t\t\t<\/div>\n\t\t<\/div>\n\t\t\t\t\t<\/div>\n\t\t<\/section>\n\t\t\t\t<\/div>\n\t\t","protected":false},"excerpt":{"rendered":"<p>Szymon Telecki photo: Sebastian Mintus He graduated from the Fryderyk Chopin Academy of Music in Warsaw the violin class of Professor Tadeusz Gadzina. In 2020,&hellip;<\/p>\n","protected":false},"author":1,"featured_media":0,"parent":0,"menu_order":0,"comment_status":"closed","ping_status":"closed","template":"","meta":{"footnotes":""},"class_list":["post-7150","page","type-page","status-publish","hentry"],"_links":{"self":[{"href":"https:\/\/wsm.art.pl\/index.php?rest_route=\/wp\/v2\/pages\/7150","targetHints":{"allow":["GET"]}}],"collection":[{"href":"https:\/\/wsm.art.pl\/index.php?rest_route=\/wp\/v2\/pages"}],"about":[{"href":"https:\/\/wsm.art.pl\/index.php?rest_route=\/wp\/v2\/types\/page"}],"author":[{"embeddable":true,"href":"https:\/\/wsm.art.pl\/index.php?rest_route=\/wp\/v2\/users\/1"}],"replies":[{"embeddable":true,"href":"https:\/\/wsm.art.pl\/index.php?rest_route=%2Fwp%2Fv2%2Fcomments&post=7150"}],"version-history":[{"count":11,"href":"https:\/\/wsm.art.pl\/index.php?rest_route=\/wp\/v2\/pages\/7150\/revisions"}],"predecessor-version":[{"id":7946,"href":"https:\/\/wsm.art.pl\/index.php?rest_route=\/wp\/v2\/pages\/7150\/revisions\/7946"}],"wp:attachment":[{"href":"https:\/\/wsm.art.pl\/index.php?rest_route=%2Fwp%2Fv2%2Fmedia&parent=7150"}],"curies":[{"name":"wp","href":"https:\/\/api.w.org\/{rel}","templated":true}]}}