{"id":7146,"date":"2022-05-11T20:49:58","date_gmt":"2022-05-11T20:49:58","guid":{"rendered":"https:\/\/wsm.art.pl\/?page_id=7146"},"modified":"2022-05-15T18:25:38","modified_gmt":"2022-05-15T18:25:38","slug":"sniady-marta-en","status":"publish","type":"page","link":"https:\/\/wsm.art.pl\/?page_id=7146","title":{"rendered":"\u015aNIADY Marta EN"},"content":{"rendered":"\t\t<div data-elementor-type=\"wp-page\" data-elementor-id=\"7146\" class=\"elementor elementor-7146\">\n\t\t\t\t\t\t<section class=\"elementor-section elementor-top-section elementor-element elementor-element-24110ddb elementor-section-boxed elementor-section-height-default elementor-section-height-default\" data-id=\"24110ddb\" data-element_type=\"section\">\n\t\t\t\t\t\t<div class=\"elementor-container elementor-column-gap-default\">\n\t\t\t\t\t<div class=\"elementor-column elementor-col-100 elementor-top-column elementor-element elementor-element-54220d03\" data-id=\"54220d03\" data-element_type=\"column\">\n\t\t\t<div class=\"elementor-widget-wrap elementor-element-populated\">\n\t\t\t\t\t\t<div class=\"elementor-element elementor-element-214fb19e elementor-widget elementor-widget-heading\" data-id=\"214fb19e\" data-element_type=\"widget\" data-widget_type=\"heading.default\">\n\t\t\t\t<div class=\"elementor-widget-container\">\n\t\t\t\t\t<h2 class=\"elementor-heading-title elementor-size-default\">Marta \u015aniady<\/h2>\t\t\t\t<\/div>\n\t\t\t\t<\/div>\n\t\t\t\t\t<\/div>\n\t\t<\/div>\n\t\t\t\t\t<\/div>\n\t\t<\/section>\n\t\t\t\t<section class=\"elementor-section elementor-top-section elementor-element elementor-element-208796d2 elementor-section-boxed elementor-section-height-default elementor-section-height-default\" data-id=\"208796d2\" data-element_type=\"section\">\n\t\t\t\t\t\t<div class=\"elementor-container elementor-column-gap-default\">\n\t\t\t\t\t<div class=\"elementor-column elementor-col-50 elementor-top-column elementor-element elementor-element-2998c263\" data-id=\"2998c263\" data-element_type=\"column\">\n\t\t\t<div class=\"elementor-widget-wrap elementor-element-populated\">\n\t\t\t\t\t\t<div class=\"elementor-element elementor-element-4f2be069 elementor-widget elementor-widget-image\" data-id=\"4f2be069\" data-element_type=\"widget\" data-widget_type=\"image.default\">\n\t\t\t\t<div class=\"elementor-widget-container\">\n\t\t\t\t\t\t\t\t\t\t\t\t<figure class=\"wp-caption\">\n\t\t\t\t\t\t\t\t\t\t<img fetchpriority=\"high\" decoding=\"async\" width=\"1400\" height=\"934\" src=\"https:\/\/wsm.art.pl\/wp-content\/uploads\/2022\/05\/Marta-Sniady-fot.-Bartek-Sadowski-1.jpg\" class=\"attachment-full size-full wp-image-7000\" alt=\"\" srcset=\"https:\/\/wsm.art.pl\/wp-content\/uploads\/2022\/05\/Marta-Sniady-fot.-Bartek-Sadowski-1.jpg 1400w, https:\/\/wsm.art.pl\/wp-content\/uploads\/2022\/05\/Marta-Sniady-fot.-Bartek-Sadowski-1-300x200.jpg 300w, https:\/\/wsm.art.pl\/wp-content\/uploads\/2022\/05\/Marta-Sniady-fot.-Bartek-Sadowski-1-1024x683.jpg 1024w, https:\/\/wsm.art.pl\/wp-content\/uploads\/2022\/05\/Marta-Sniady-fot.-Bartek-Sadowski-1-768x512.jpg 768w\" sizes=\"(max-width: 1400px) 100vw, 1400px\" \/>\t\t\t\t\t\t\t\t\t\t\t<figcaption class=\"widget-image-caption wp-caption-text\">photo: Bartek Sadowski<\/figcaption>\n\t\t\t\t\t\t\t\t\t\t<\/figure>\n\t\t\t\t\t\t\t\t\t<\/div>\n\t\t\t\t<\/div>\n\t\t\t\t\t<\/div>\n\t\t<\/div>\n\t\t\t\t<div class=\"elementor-column elementor-col-50 elementor-top-column elementor-element elementor-element-22045959\" data-id=\"22045959\" data-element_type=\"column\">\n\t\t\t<div class=\"elementor-widget-wrap elementor-element-populated\">\n\t\t\t\t\t\t<div class=\"elementor-element elementor-element-20a87065 elementor-widget elementor-widget-text-editor\" data-id=\"20a87065\" data-element_type=\"widget\" data-widget_type=\"text-editor.default\">\n\t\t\t\t<div class=\"elementor-widget-container\">\n\t\t\t\t\t\t\t\t\t<p>Composer born in 1986 in Pabianice, Poland, based in Wroclaw. She graduated with honors composition with prof. Bronislaw Kazimierz Przybylski (2010) at the Music Academy in \u0141\u00f3d\u017a. She studied electronic music under the direction of dr hab. Krzysztof Knittel for two years during the Postgraduate Studies of Film Music, Computer Music and Audio-visual Arts in the Music Academy and Schiller Film School in Lodz. In 2019 she finished Advanced Postgraduate Diploma studies <br \/>in composition with Simon Steen-Andersen and Niels R\u00f8nsholdt at The Royal Academy of Music, Aarhus. She participated in several composition workshops conducted among others by Simon Steen-Andersen, Chaya Czernowin, Jennifer<br \/>Walshe, Rebecca Saunders and Johannes Kreidler.<br \/><br \/>Her works have been performed in Poland, Denmark, Germany, Spain and Sweden at such festivals as e. g. Warsaw Autumn, Musica Electronica Nova, Sacrum Profanum, Umami Live, Frau Musica (nova), Pulsar, Klang, Musica Estranha. She worked with such ensembles as Ensemble Garage, Kwartludium, ElletroVoce, Sp\u00f3\u0142dzielnia Muzyczna Contemporary Ensemble, New Music Orchestra, Njyd, Hashtag Ensemble and others. She is also an author of music for theatre plays and audio-visual installations.<br \/><br \/>She was a prize winner of XI Tadeusz Ochlewski\u2019s Composers\u2019 Competition in Cracow and the Composition Competition organised on the occasion of the 60th anniversary of Academy of Music in Gdansk. Board member of International Music Festival Warsaw Autumn from 2017. Recipient of scholarship from the Minister of Culture in Poland (2017). Works at the Music Academy in Lodz, where she finished her PhD program (2015).<\/p>\t\t\t\t\t\t\t\t<\/div>\n\t\t\t\t<\/div>\n\t\t\t\t\t<\/div>\n\t\t<\/div>\n\t\t\t\t\t<\/div>\n\t\t<\/section>\n\t\t\t\t<\/div>\n\t\t","protected":false},"excerpt":{"rendered":"<p>Marta \u015aniady photo: Bartek Sadowski Composer born in 1986 in Pabianice, Poland, based in Wroclaw. She graduated with honors composition with prof. Bronislaw Kazimierz Przybylski&hellip;<\/p>\n","protected":false},"author":1,"featured_media":0,"parent":0,"menu_order":0,"comment_status":"closed","ping_status":"closed","template":"","meta":{"footnotes":""},"class_list":["post-7146","page","type-page","status-publish","hentry"],"_links":{"self":[{"href":"https:\/\/wsm.art.pl\/index.php?rest_route=\/wp\/v2\/pages\/7146","targetHints":{"allow":["GET"]}}],"collection":[{"href":"https:\/\/wsm.art.pl\/index.php?rest_route=\/wp\/v2\/pages"}],"about":[{"href":"https:\/\/wsm.art.pl\/index.php?rest_route=\/wp\/v2\/types\/page"}],"author":[{"embeddable":true,"href":"https:\/\/wsm.art.pl\/index.php?rest_route=\/wp\/v2\/users\/1"}],"replies":[{"embeddable":true,"href":"https:\/\/wsm.art.pl\/index.php?rest_route=%2Fwp%2Fv2%2Fcomments&post=7146"}],"version-history":[{"count":8,"href":"https:\/\/wsm.art.pl\/index.php?rest_route=\/wp\/v2\/pages\/7146\/revisions"}],"predecessor-version":[{"id":7942,"href":"https:\/\/wsm.art.pl\/index.php?rest_route=\/wp\/v2\/pages\/7146\/revisions\/7942"}],"wp:attachment":[{"href":"https:\/\/wsm.art.pl\/index.php?rest_route=%2Fwp%2Fv2%2Fmedia&parent=7146"}],"curies":[{"name":"wp","href":"https:\/\/api.w.org\/{rel}","templated":true}]}}