{"id":7144,"date":"2022-05-11T20:49:15","date_gmt":"2022-05-11T20:49:15","guid":{"rendered":"https:\/\/wsm.art.pl\/?page_id=7144"},"modified":"2022-05-15T18:25:01","modified_gmt":"2022-05-15T18:25:01","slug":"slowinski-krzysztrof-en","status":"publish","type":"page","link":"https:\/\/wsm.art.pl\/?page_id=7144","title":{"rendered":"S\u0141OWI\u0143SKI Krzysztof EN"},"content":{"rendered":"\t\t<div data-elementor-type=\"wp-page\" data-elementor-id=\"7144\" class=\"elementor elementor-7144\">\n\t\t\t\t\t\t<section class=\"elementor-section elementor-top-section elementor-element elementor-element-24110ddb elementor-section-boxed elementor-section-height-default elementor-section-height-default\" data-id=\"24110ddb\" data-element_type=\"section\">\n\t\t\t\t\t\t<div class=\"elementor-container elementor-column-gap-default\">\n\t\t\t\t\t<div class=\"elementor-column elementor-col-100 elementor-top-column elementor-element elementor-element-54220d03\" data-id=\"54220d03\" data-element_type=\"column\">\n\t\t\t<div class=\"elementor-widget-wrap elementor-element-populated\">\n\t\t\t\t\t\t<div class=\"elementor-element elementor-element-214fb19e elementor-widget elementor-widget-heading\" data-id=\"214fb19e\" data-element_type=\"widget\" data-widget_type=\"heading.default\">\n\t\t\t\t<div class=\"elementor-widget-container\">\n\t\t\t\t\t<h2 class=\"elementor-heading-title elementor-size-default\">Krzysztof S\u0142owi\u0144ski<\/h2>\t\t\t\t<\/div>\n\t\t\t\t<\/div>\n\t\t\t\t\t<\/div>\n\t\t<\/div>\n\t\t\t\t\t<\/div>\n\t\t<\/section>\n\t\t\t\t<section class=\"elementor-section elementor-top-section elementor-element elementor-element-208796d2 elementor-section-boxed elementor-section-height-default elementor-section-height-default\" data-id=\"208796d2\" data-element_type=\"section\">\n\t\t\t\t\t\t<div class=\"elementor-container elementor-column-gap-default\">\n\t\t\t\t\t<div class=\"elementor-column elementor-col-50 elementor-top-column elementor-element elementor-element-2998c263\" data-id=\"2998c263\" data-element_type=\"column\">\n\t\t\t<div class=\"elementor-widget-wrap elementor-element-populated\">\n\t\t\t\t\t\t<div class=\"elementor-element elementor-element-4f2be069 elementor-widget elementor-widget-image\" data-id=\"4f2be069\" data-element_type=\"widget\" data-widget_type=\"image.default\">\n\t\t\t\t<div class=\"elementor-widget-container\">\n\t\t\t\t\t\t\t\t\t\t\t\t<figure class=\"wp-caption\">\n\t\t\t\t\t\t\t\t\t\t<img fetchpriority=\"high\" decoding=\"async\" width=\"1120\" height=\"1400\" src=\"https:\/\/wsm.art.pl\/wp-content\/uploads\/2022\/05\/Krzysztof-Slowinski-small-fot.-Mariusz-Widerynski.jpg\" class=\"attachment-full size-full wp-image-6996\" alt=\"\" srcset=\"https:\/\/wsm.art.pl\/wp-content\/uploads\/2022\/05\/Krzysztof-Slowinski-small-fot.-Mariusz-Widerynski.jpg 1120w, https:\/\/wsm.art.pl\/wp-content\/uploads\/2022\/05\/Krzysztof-Slowinski-small-fot.-Mariusz-Widerynski-240x300.jpg 240w, https:\/\/wsm.art.pl\/wp-content\/uploads\/2022\/05\/Krzysztof-Slowinski-small-fot.-Mariusz-Widerynski-819x1024.jpg 819w, https:\/\/wsm.art.pl\/wp-content\/uploads\/2022\/05\/Krzysztof-Slowinski-small-fot.-Mariusz-Widerynski-768x960.jpg 768w\" sizes=\"(max-width: 1120px) 100vw, 1120px\" \/>\t\t\t\t\t\t\t\t\t\t\t<figcaption class=\"widget-image-caption wp-caption-text\">photo: Mariusz Widery\u0144ski<\/figcaption>\n\t\t\t\t\t\t\t\t\t\t<\/figure>\n\t\t\t\t\t\t\t\t\t<\/div>\n\t\t\t\t<\/div>\n\t\t\t\t\t<\/div>\n\t\t<\/div>\n\t\t\t\t<div class=\"elementor-column elementor-col-50 elementor-top-column elementor-element elementor-element-22045959\" data-id=\"22045959\" data-element_type=\"column\">\n\t\t\t<div class=\"elementor-widget-wrap elementor-element-populated\">\n\t\t\t\t\t\t<div class=\"elementor-element elementor-element-20a87065 elementor-widget elementor-widget-text-editor\" data-id=\"20a87065\" data-element_type=\"widget\" data-widget_type=\"text-editor.default\">\n\t\t\t\t<div class=\"elementor-widget-container\">\n\t\t\t\t\t\t\t\t\t<p>He was born in Poznan, Poland, in 1954, into a family with a strong musical tradition reaching back several generations. In 1976, he received his Piano Diploma (with Distinction) from the Music Academy in Warsaw. He studied at the Indiana University School of Music in Bloomington on a stipend from 1976 to 1977. During his stay in Indiana, he was awarded the first prize at the Rosanna M. Enlow Music Competition in Evansville. Upon his return to Europe, concerts and recordings followed in Poland, France, Yugoslavia, and Germany. In 1978, he moved <br \/>to Germany.<\/p><p>Slowinski studied conducting at the \u201cHochschule f\u00fcr Musik\u201d in Cologne and went on to join the Dortmund Opera House as Vocal Coach and Conductor from 1980 to 1986. He moved on to become Second Conductor and Assistant of the Principal Conductor at the Ulm Opera House in 1986. From 1993, he was Principal Conductor and Deputy Director of Music at the Opera House in Trier. He then moved back <br \/>to Poland, accepting the position of Musical Director at the Opera House in Poznan. In 2000, Slowinski moved on to the State Opera House in Gdansk as Artistic Director and Principal Conductor. He then moved on to fill the position of Principal Conductor and Deputy Director of Music at the Opera House in Gera-Altenburg, Germany.<\/p><p>Over the course of his career, Slowinski has been a guest conductor at numerous opera houses and concert halls across Europe, including regular appearances at the \u201cWarsaw Music Encounters\u201d Festival. Since 2018 he has rekindled his long-term interest in composition, writing pieces such as the <em>Sinfonietta assortita<\/em> for trumpet, timpani and string orchestra and <em>Concerto for Contrabassoon <\/em>and orchestra.<\/p>\t\t\t\t\t\t\t\t<\/div>\n\t\t\t\t<\/div>\n\t\t\t\t\t<\/div>\n\t\t<\/div>\n\t\t\t\t\t<\/div>\n\t\t<\/section>\n\t\t\t\t<\/div>\n\t\t","protected":false},"excerpt":{"rendered":"<p>Krzysztof S\u0142owi\u0144ski photo: Mariusz Widery\u0144ski He was born in Poznan, Poland, in 1954, into a family with a strong musical tradition reaching back several generations.&hellip;<\/p>\n","protected":false},"author":1,"featured_media":0,"parent":0,"menu_order":0,"comment_status":"closed","ping_status":"closed","template":"","meta":{"footnotes":""},"class_list":["post-7144","page","type-page","status-publish","hentry"],"_links":{"self":[{"href":"https:\/\/wsm.art.pl\/index.php?rest_route=\/wp\/v2\/pages\/7144","targetHints":{"allow":["GET"]}}],"collection":[{"href":"https:\/\/wsm.art.pl\/index.php?rest_route=\/wp\/v2\/pages"}],"about":[{"href":"https:\/\/wsm.art.pl\/index.php?rest_route=\/wp\/v2\/types\/page"}],"author":[{"embeddable":true,"href":"https:\/\/wsm.art.pl\/index.php?rest_route=\/wp\/v2\/users\/1"}],"replies":[{"embeddable":true,"href":"https:\/\/wsm.art.pl\/index.php?rest_route=%2Fwp%2Fv2%2Fcomments&post=7144"}],"version-history":[{"count":8,"href":"https:\/\/wsm.art.pl\/index.php?rest_route=\/wp\/v2\/pages\/7144\/revisions"}],"predecessor-version":[{"id":7940,"href":"https:\/\/wsm.art.pl\/index.php?rest_route=\/wp\/v2\/pages\/7144\/revisions\/7940"}],"wp:attachment":[{"href":"https:\/\/wsm.art.pl\/index.php?rest_route=%2Fwp%2Fv2%2Fmedia&parent=7144"}],"curies":[{"name":"wp","href":"https:\/\/api.w.org\/{rel}","templated":true}]}}