{"id":7116,"date":"2022-05-11T20:29:25","date_gmt":"2022-05-11T20:29:25","guid":{"rendered":"https:\/\/wsm.art.pl\/?page_id=7116"},"modified":"2022-05-19T14:50:36","modified_gmt":"2022-05-19T14:50:36","slug":"program-2022-en","status":"publish","type":"page","link":"https:\/\/wsm.art.pl\/?page_id=7116","title":{"rendered":"Programme2022"},"content":{"rendered":"\t\t<div data-elementor-type=\"wp-page\" data-elementor-id=\"7116\" class=\"elementor elementor-7116\">\n\t\t\t\t\t\t<section class=\"elementor-section elementor-top-section elementor-element elementor-element-725a404 elementor-section-boxed elementor-section-height-default elementor-section-height-default\" data-id=\"725a404\" data-element_type=\"section\">\n\t\t\t\t\t\t<div class=\"elementor-container elementor-column-gap-default\">\n\t\t\t\t\t<div class=\"elementor-column elementor-col-50 elementor-top-column elementor-element elementor-element-dc213fa\" data-id=\"dc213fa\" data-element_type=\"column\">\n\t\t\t<div class=\"elementor-widget-wrap elementor-element-populated\">\n\t\t\t\t\t\t<div class=\"elementor-element elementor-element-0b8b8c4 elementor-widget elementor-widget-heading\" data-id=\"0b8b8c4\" data-element_type=\"widget\" data-widget_type=\"heading.default\">\n\t\t\t\t<div class=\"elementor-widget-container\">\n\t\t\t\t\t<h2 class=\"elementor-heading-title elementor-size-default\">Programme<\/h2>\t\t\t\t<\/div>\n\t\t\t\t<\/div>\n\t\t\t\t\t<\/div>\n\t\t<\/div>\n\t\t\t\t<div class=\"elementor-column elementor-col-50 elementor-top-column elementor-element elementor-element-9cad865\" data-id=\"9cad865\" data-element_type=\"column\">\n\t\t\t<div class=\"elementor-widget-wrap\">\n\t\t\t\t\t\t\t<\/div>\n\t\t<\/div>\n\t\t\t\t\t<\/div>\n\t\t<\/section>\n\t\t\t\t<section class=\"elementor-section elementor-top-section elementor-element elementor-element-a868d87 elementor-section-boxed elementor-section-height-default elementor-section-height-default\" data-id=\"a868d87\" data-element_type=\"section\">\n\t\t\t\t\t\t<div class=\"elementor-container elementor-column-gap-default\">\n\t\t\t\t\t<div class=\"elementor-column elementor-col-100 elementor-top-column elementor-element elementor-element-51d85ed\" data-id=\"51d85ed\" data-element_type=\"column\">\n\t\t\t<div class=\"elementor-widget-wrap elementor-element-populated\">\n\t\t\t\t\t\t<div class=\"elementor-element elementor-element-f546521 elementor-widget elementor-widget-text-editor\" data-id=\"f546521\" data-element_type=\"widget\" data-widget_type=\"text-editor.default\">\n\t\t\t\t<div class=\"elementor-widget-container\">\n\t\t\t\t\t\t\t\t\t<p><span style=\"color: #2a3b8f;\"><strong>WHICH WAY TO SOUND?<span style=\"text-decoration: underline;\"><br \/><\/span><\/strong><span style=\"text-decoration: underline;\">Sunday, 15th of May @ 11 a.m. \u2013 4 p.m. <\/span><strong><span style=\"text-decoration: underline;\"><br \/><\/span><\/strong>Ujazdowski Castle Centre for Contemporary Art, The W. Krukowski Auditorium Hall, Laboratory, ul. Jazd\u00f3w 2<br \/><\/span><\/p><p><span style=\"color: #2a3b8f;\"><strong>Jarek Kordaczuk<\/strong> \u2013 composition<\/span><br \/><span style=\"color: #2a3b8f;\"><strong>Izabela Ko\u015bciesza<\/strong> \u2013 leading<\/span><\/p><p><span style=\"color: #2a3b8f;\"><em>Which way to sound?<\/em> &#8211; sound installation for children and workshops of creating music with movement and gesture<br \/><\/span><\/p><p>11 a.m. \u2013 12 a.m. workshop I (children 5-6 y.o.)<br \/>12 a.m. \u2013 1 p.m. visiting individual<br \/>\u00a0 1 p.m. \u2013 2 p.m. workshop II (children over 7 y.o. )<br \/>\u00a0 2 p.m. \u2013 3 p.m. visiting individual<\/p><p>registration for workshops:<br \/>online: HERE<br \/>e-mail: warsztaty@artdecogroup.eu<br \/><br \/><\/p><p><strong><span style=\"color: #2a3b8f;\">COLORS OF THE CENTURY<\/span><\/strong><br \/><span style=\"text-decoration: underline;\">Monday 16th of May @ 7 p.m.<\/span><br \/><span style=\"color: #2a3b8f;\">Witold Lutos\u0142awski Polish Radio Concert Studio, ul. Modzelewskiego 59<\/span><\/p><p><span style=\"color: #2a3b8f;\"><strong>Szymon Telecki<\/strong> \u2013 violin<\/span><br \/><span style=\"color: #2a3b8f;\"><strong>Pawe\u0142 Pawlik<\/strong> \u2013 piano<\/span><br \/><span style=\"color: #2a3b8f;\"><strong>Agnieszka Kad\u0142ubowska<\/strong> \u2013 soprano<\/span><br \/><span style=\"color: #2a3b8f;\"><strong>Marcin \u0141opacki<\/strong> \u2013 piano<\/span><\/p><p><span style=\"color: #2a3b8f;\"><strong>Juliusz Edward Wertheim<\/strong> <\/span><br \/><span style=\"color: #2a3b8f;\"><em>Humoreske As-dur<\/em> op. 14 nr 1 (1918) <\/span><br \/><span style=\"color: #2a3b8f;\"><em>Pr\u00e9lude cis-moll<\/em> op. 2 nr 2 (1908)<\/span><br \/><span style=\"color: #2a3b8f;\"><em>Pr\u00e9lude Ges-dur<\/em> op. 2 nr 4 (1908)<\/span><br \/><span style=\"color: #2a3b8f;\"><em>Sonata na fortepian i skrzypce fis-moll<\/em> op. 18 (1917)<\/span><\/p><p><span style=\"color: #2a3b8f;\"><strong>Wanda Landowska<\/strong><\/span><br \/><span style=\"color: #2a3b8f;\"><em>Jesie\u0144<\/em> op. 9 nr 2 na fortepian i skrzypce (wyd. 1910)<\/span><\/p><p><span style=\"color: #2a3b8f;\"><strong>Tadeusz Paciorkiewicz<\/strong><\/span><br \/><span style=\"color: #2a3b8f;\"><em>Sonata<\/em> na skrzypce i fortepian (1954)<\/span><\/p><p><span style=\"color: #2a3b8f;\"><strong>Marcin \u0141opacki <\/strong><\/span><br \/><span style=\"color: #2a3b8f;\"><em>Liebende Lieder von Goethe I<\/em> op. 78 (2018)<\/span><br \/><span style=\"color: #2a3b8f;\"><em>Liebende Lieder von Goethe II<\/em> op. 79 (2018)<\/span><br \/><span style=\"color: #2a3b8f;\"><em>Crash op. 88<\/em> scrabble opera w 1 akcie (2020)<br \/><br \/><\/span><\/p><p><strong><span style=\"color: #2a3b8f;\">PER MUSICAM AD ASTRA <\/span><\/strong><br \/><span style=\"text-decoration: underline;\">Tuesday 17th of May @ 7 p.m.<\/span><br \/><span style=\"color: #2a3b8f;\">Fryderyk Chopin University of Music, Concert Hall, ul. Ok\u00f3lnik 2<\/span><\/p><p><span style=\"color: #2a3b8f;\"><strong>Leszek Lorent<\/strong> \u2013 perkussion<\/span><br \/><span style=\"color: #2a3b8f;\"><strong>Jan Gralla<\/strong> \u2013 perkussion<\/span><br \/><span style=\"color: #2a3b8f;\"><strong>Igor Szyma\u0144ski<\/strong> \u2013 sound live<\/span><\/p><p><span style=\"color: #2a3b8f;\"><strong>Adam S\u0142awi\u0144ski <\/strong><\/span><br \/><span style=\"color: #2a3b8f;\"><em>Pulsar<\/em> na perkusj\u0119 i ta\u015bm\u0119 (1988)<\/span><br \/><span style=\"color: #2a3b8f;\"><strong>Marta \u015aniady <\/strong><\/span><br \/><span style=\"color: #2a3b8f;\"><em>ore<\/em> na 2 misy tybeta\u0144skie i gong (2015)<\/span><br \/><span style=\"color: #2a3b8f;\"><strong>Pawe\u0142 Buczy\u0144ski<\/strong> <\/span><br \/><span style=\"color: #2a3b8f;\"><em>Nascitur Mors<\/em> na perkusj\u0119 i ta\u015bm\u0119 (1995)<\/span><br \/><span style=\"color: #2a3b8f;\"><strong>Marcin B\u0142a\u017cewicz <\/strong><\/span><br \/><span style=\"color: #2a3b8f;\"><em>Ineffabilis<\/em> na perkusj\u0119 (1997)<br \/><br \/><\/span><\/p><p><span style=\"color: #2a3b8f;\"><strong>MYSTERY SONATAS<\/strong><\/span><br \/><span style=\"text-decoration: underline;\">Wednesday 18th of May @ 6 p.m.<\/span><br \/><span style=\"color: #2a3b8f;\">Evangelic-Reformed Church, Al. Solidarno\u015bci 74<\/span><\/p><p>Early music ensemble <strong>Il Tempo<\/strong>:<br \/><span style=\"color: #2a3b8f;\"><strong>Agata Sapiecha<\/strong> \u2013 violin<\/span><br \/><span style=\"color: #2a3b8f;\"><strong>Marcin Zalewski<\/strong> \u2013 viola da gamba<\/span><br \/><span style=\"color: #2a3b8f;\"><strong>Barbara Brzezi\u0144ska<\/strong> \u2013 positive<\/span><br \/><span style=\"color: #2a3b8f;\"><strong>Henryk Kasperczak<\/strong> \u2013 theorba<\/span><\/p><p><span style=\"color: #2a3b8f;\"><strong>Waldemar Barwi\u0144ski<\/strong> \u2013 recytacje<\/span><\/p><p><span style=\"color: #2a3b8f;\"><strong>Heinrich Biber<\/strong><\/span><br \/><span style=\"color: #2a3b8f;\"><em>Sonaty Misteryjne \u2013 Tajemnice Radosne<\/em> (1676)<\/span><br \/><span style=\"color: #2a3b8f;\"><strong>Rafa\u0142 Janiak<\/strong><\/span><br \/><span style=\"color: #2a3b8f;\"><em>Sonata Mysteria Luminosa<\/em> (2022)*<\/span><br \/><span style=\"color: #2a3b8f;\"><strong>Heinrich Biber<\/strong><\/span><br \/><span style=\"color: #2a3b8f;\"><em>Sonaty Misteryjne \u2013 Tajemnice Bolesne<\/em> (1676)<\/span><br \/><span style=\"color: #2a3b8f;\"><strong>Anna Ignatowicz-Gli\u0144ska<\/strong><\/span><br \/><span style=\"color: #2a3b8f;\"><em>Pi\u0119\u0107 Tajemnic Chwalebnych R\u00f3\u017ca\u0144ca<\/em> (2022)**<\/span><\/p><p><span style=\"color: #2a3b8f;\">the music will be accompanied by Agnieszka Syska\u2019s poetry:<\/span><\/p><p><span style=\"color: #2a3b8f;\"><strong>Agnieszka Syska<\/strong><\/span><br \/><span style=\"color: #2a3b8f;\"><em>Tajemnice R\u00f3\u017ca\u0144cowe<\/em> \u2013 utwory poetyckie (2022)*<br \/><br \/><\/span><\/p><p><span style=\"color: #2a3b8f;\"><strong>VIVA! PREMIERE CONCERT<\/strong><\/span><br \/><span style=\"text-decoration: underline;\">Thursday 19th of May @ 7 p.m.<\/span><br \/><span style=\"color: #2a3b8f;\">Witold Lutos\u0142awski Polish Radio Concert Studio, ul. Modzelewskiego 59<\/span><\/p><p><span style=\"color: #2a3b8f;\"><strong>Karol Radziwonowicz<\/strong> \u2013 piano<\/span><br \/><span style=\"color: #2a3b8f;\"><strong>Sinfonia Viva <\/strong>orchestra<\/span><br \/><span style=\"color: #2a3b8f;\"><strong>Tomasz Radziwonowicz<\/strong> \u2013 conductor<\/span><\/p><p><span style=\"text-decoration: underline; color: #2a3b8f;\">w programie:<\/span><\/p><p><span style=\"color: #2a3b8f;\"><strong>Jan Oleszkowicz <\/strong><\/span><br \/><span style=\"color: #2a3b8f;\"><em>Concertino da camera<\/em> na orkiestr\u0119 kameraln\u0105 (2010)*<\/span><br \/><span style=\"color: #2a3b8f;\"><strong>Krzysztof S\u0142owi\u0144ski <\/strong><\/span><br \/><span style=\"color: #2a3b8f;\"><em>Sinfonietta assortita<\/em> na smyczki i kot\u0142y (2018)*<\/span><br \/><span style=\"color: #2a3b8f;\"><strong>Iwona Kisiel <\/strong><\/span><br \/><span style=\"color: #2a3b8f;\"><em>Sun Island<\/em> na orkiestr\u0119 smyczkow\u0105 z towarzyszeniem fletu, oboju, waltorni i tr\u0105bki (2022)*<\/span><br \/><span style=\"color: #2a3b8f;\"><strong>Marzena Majcher <\/strong><\/span><br \/><span style=\"color: #2a3b8f;\"><em>The Code of Life<\/em> na orkiestr\u0119 kameraln\u0105 (2022)*<\/span><br \/><span style=\"color: #2a3b8f;\"><strong>Tomasz Radziwonowicz <\/strong><\/span><br \/><span style=\"color: #2a3b8f;\"><em>Fantazja<\/em> na fortepian, smyczki i 7 instrument\u00f3w d\u0119tych (2020)*<br \/><br \/><\/span><\/p><p><strong>WITKACY AT THE END OF TIME<\/strong><br \/><span style=\"text-decoration: underline;\">Friday 20th of May @ 7 p.m.<\/span><br \/><span style=\"color: #2a3b8f;\">Ujazdowski Castle Centre for Contemporary Art, The W. Krukowski Auditorium Hall, Laboratory, ul. Jazd\u00f3w 2<\/span><\/p><p><span style=\"color: #2a3b8f;\"><strong>Mud Cavaliers<\/strong> group: <\/span><br \/><span style=\"color: #2a3b8f;\"><strong>Wojciech B\u0142a\u017cejczyk<\/strong> \u2013 electric guitar, objectophones, electronics<\/span><br \/><span style=\"color: #2a3b8f;\"><strong>Krzysztof Knittel<\/strong> \u2013 electronics<\/span><br \/><span style=\"color: #2a3b8f;\"><strong>Jerzy Kornowicz<\/strong> \u2013 piano, sampler<\/span><br \/><span style=\"color: #2a3b8f;\"><strong>Ryszard Latecki<\/strong> \u2013 trumpet, small sound objects<\/span><br \/><span style=\"color: #2a3b8f;\"><strong>Tadeusz Sudnik<\/strong> \u2013 electronics<\/span><br \/><span style=\"color: #2a3b8f;\"><strong>Tadeusz Wielecki<\/strong> \u2013 double bass<\/span><\/p><p><span style=\"color: #2a3b8f;\"><strong>Adam Kruk<\/strong> \u2013 video live<\/span><br \/><span style=\"color: #2a3b8f;\"><strong>Maciej Zadroga<\/strong> \u2013 sound live<br \/><\/span><\/p><p><span style=\"color: #2a3b8f;\"><strong>Jerzy Kornowicz<\/strong> \u2013 script and musical direction<br \/><\/span><\/p><p><span style=\"color: #2a3b8f;\"><em>Archipelag Witkacy<\/em> \u2013 i<span class=\"VIiyi\" lang=\"en\"><span class=\"JLqJ4b ChMk0b\" data-language-for-alternatives=\"en\" data-language-to-translate-into=\"pl\" data-phrase-index=\"0\" data-number-of-phrases=\"2\"><span class=\"Q4iAWc\">nter-media work with improvisation.<\/span><\/span> <span class=\"JLqJ4b ChMk0b\" data-language-for-alternatives=\"en\" data-language-to-translate-into=\"pl\" data-phrase-index=\"1\" data-number-of-phrases=\"2\"><span class=\"Q4iAWc\">Three evocations.<\/span><\/span><\/span><br \/><br \/><\/span><\/p><p>\u00a0<\/p><p><span style=\"color: #2a3b8f;\">\u00a0 * first performance<br \/><\/span><span style=\"color: #2a3b8f;\">** first performance, co-financed by the Ministry of Culture and National Heritage of the Republic of Poland<br \/><\/span><\/p>\t\t\t\t\t\t\t\t<\/div>\n\t\t\t\t<\/div>\n\t\t\t\t\t<\/div>\n\t\t<\/div>\n\t\t\t\t\t<\/div>\n\t\t<\/section>\n\t\t\t\t<\/div>\n\t\t","protected":false},"excerpt":{"rendered":"<p>Programme WHICH WAY TO SOUND? Sunday, 15th of May @ 11 a.m. \u2013 4 p.m. Ujazdowski Castle Centre for Contemporary Art, The W. Krukowski Auditorium&hellip;<\/p>\n","protected":false},"author":1,"featured_media":0,"parent":0,"menu_order":0,"comment_status":"closed","ping_status":"closed","template":"","meta":{"footnotes":""},"class_list":["post-7116","page","type-page","status-publish","hentry"],"_links":{"self":[{"href":"https:\/\/wsm.art.pl\/index.php?rest_route=\/wp\/v2\/pages\/7116","targetHints":{"allow":["GET"]}}],"collection":[{"href":"https:\/\/wsm.art.pl\/index.php?rest_route=\/wp\/v2\/pages"}],"about":[{"href":"https:\/\/wsm.art.pl\/index.php?rest_route=\/wp\/v2\/types\/page"}],"author":[{"embeddable":true,"href":"https:\/\/wsm.art.pl\/index.php?rest_route=\/wp\/v2\/users\/1"}],"replies":[{"embeddable":true,"href":"https:\/\/wsm.art.pl\/index.php?rest_route=%2Fwp%2Fv2%2Fcomments&post=7116"}],"version-history":[{"count":77,"href":"https:\/\/wsm.art.pl\/index.php?rest_route=\/wp\/v2\/pages\/7116\/revisions"}],"predecessor-version":[{"id":12938,"href":"https:\/\/wsm.art.pl\/index.php?rest_route=\/wp\/v2\/pages\/7116\/revisions\/12938"}],"wp:attachment":[{"href":"https:\/\/wsm.art.pl\/index.php?rest_route=%2Fwp%2Fv2%2Fmedia&parent=7116"}],"curies":[{"name":"wp","href":"https:\/\/api.w.org\/{rel}","templated":true}]}}