{"id":7109,"date":"2022-05-11T20:19:16","date_gmt":"2022-05-11T20:19:16","guid":{"rendered":"https:\/\/wsm.art.pl\/?page_id=7109"},"modified":"2022-05-17T22:28:59","modified_gmt":"2022-05-17T22:28:59","slug":"wykonawcy-2022-en","status":"publish","type":"page","link":"https:\/\/wsm.art.pl\/?page_id=7109","title":{"rendered":"PERFORMERS 2022 (EN)"},"content":{"rendered":"\t\t<div data-elementor-type=\"wp-page\" data-elementor-id=\"7109\" class=\"elementor elementor-7109\">\n\t\t\t\t\t\t<section class=\"elementor-section elementor-top-section elementor-element elementor-element-6456639 elementor-section-boxed elementor-section-height-default elementor-section-height-default\" data-id=\"6456639\" data-element_type=\"section\">\n\t\t\t\t\t\t<div class=\"elementor-container elementor-column-gap-default\">\n\t\t\t\t\t<div class=\"elementor-column elementor-col-100 elementor-top-column elementor-element elementor-element-5ea34d2\" data-id=\"5ea34d2\" data-element_type=\"column\">\n\t\t\t<div class=\"elementor-widget-wrap elementor-element-populated\">\n\t\t\t\t\t\t<div class=\"elementor-element elementor-element-4119254 elementor-widget elementor-widget-heading\" data-id=\"4119254\" data-element_type=\"widget\" data-widget_type=\"heading.default\">\n\t\t\t\t<div class=\"elementor-widget-container\">\n\t\t\t\t\t<h2 class=\"elementor-heading-title elementor-size-default\">Performers<\/h2>\t\t\t\t<\/div>\n\t\t\t\t<\/div>\n\t\t\t\t\t<\/div>\n\t\t<\/div>\n\t\t\t\t\t<\/div>\n\t\t<\/section>\n\t\t\t\t<section class=\"elementor-section elementor-top-section elementor-element elementor-element-34f45a8 elementor-section-boxed elementor-section-height-default elementor-section-height-default\" data-id=\"34f45a8\" data-element_type=\"section\">\n\t\t\t\t\t\t<div class=\"elementor-container elementor-column-gap-default\">\n\t\t\t\t\t<div class=\"elementor-column elementor-col-100 elementor-top-column elementor-element elementor-element-6824a8c\" data-id=\"6824a8c\" data-element_type=\"column\">\n\t\t\t<div class=\"elementor-widget-wrap elementor-element-populated\">\n\t\t\t\t\t\t<div class=\"elementor-element elementor-element-7cade3a elementor-widget elementor-widget-text-editor\" data-id=\"7cade3a\" data-element_type=\"widget\" data-widget_type=\"text-editor.default\">\n\t\t\t\t<div class=\"elementor-widget-container\">\n\t\t\t\t\t\t\t\t\t<p><span style=\"color: #2a3b8f;\"><a style=\"color: #2a3b8f;\" href=\"https:\/\/wsm.art.pl\/?page_id=7035\">BARWI\u0143SKI Waldemar (actor)<\/a><\/span><br \/><span style=\"color: #2a3b8f;\"><a style=\"color: #2a3b8f;\" href=\"https:\/\/wsm.art.pl\/?page_id=7055\">GRALLA Jan<\/a><\/span><br \/><span style=\"color: #2a3b8f;\"><a style=\"color: #2a3b8f;\" href=\"https:\/\/wsm.art.pl\/?page_id=1103\">IL TEMPO<\/a><\/span><br \/><span style=\"color: #2a3b8f;\"><a style=\"color: #2a3b8f;\" href=\"https:\/\/wsm.art.pl\/?page_id=7073\">KAD\u0141UBOWSKA Agnieszka<\/a><\/span><br \/><span style=\"color: #2a3b8f;\"><a style=\"color: #2a3b8f;\" href=\"https:\/\/wsm.art.pl\/?page_id=7081\">KO\u015aCIESZA &amp; KORDACZUK DUO<\/a><\/span><br \/><span style=\"color: #2a3b8f;\"><a style=\"color: #2a3b8f;\" href=\"https:\/\/wsm.art.pl\/?page_id=7087\">LORENT Leszek<\/a><\/span><br \/><span style=\"color: #2a3b8f;\"><a style=\"color: #2a3b8f;\" href=\"https:\/\/wsm.art.pl\/?page_id=6371\">\u0141OPACKI Marcin<\/a><br \/><a href=\"https:\/\/wsm.art.pl\/?page_id=7075\">MUD CAVALIERS<\/a><\/span><br \/><span style=\"color: #2a3b8f;\"><a style=\"color: #2a3b8f;\" href=\"https:\/\/wsm.art.pl\/?page_id=7106\">PAWLIK Pawe\u0142<\/a><\/span><br \/><span style=\"color: #2a3b8f;\"><a style=\"color: #2a3b8f;\" href=\"https:\/\/wsm.art.pl\/?page_id=7121\">RADZIWONOWICZ Karol<\/a><\/span><br \/><span style=\"color: #2a3b8f;\"><a style=\"color: #2a3b8f;\" href=\"https:\/\/wsm.art.pl\/?page_id=7138\">SAPIECHA Agata<\/a><\/span><br \/><span style=\"color: #2a3b8f;\"><a style=\"color: #2a3b8f;\" href=\"https:\/\/wsm.art.pl\/?page_id=7140\">SINFONIA VIVA<\/a><\/span><br \/><span style=\"color: #2a3b8f;\"><a style=\"color: #2a3b8f;\" href=\"https:\/\/wsm.art.pl\/?page_id=7150\">TELECKI Szymon<\/a><\/span><\/p>\t\t\t\t\t\t\t\t<\/div>\n\t\t\t\t<\/div>\n\t\t\t\t\t<\/div>\n\t\t<\/div>\n\t\t\t\t\t<\/div>\n\t\t<\/section>\n\t\t\t\t<\/div>\n\t\t","protected":false},"excerpt":{"rendered":"<p>Performers BARWI\u0143SKI Waldemar (actor)GRALLA JanIL TEMPOKAD\u0141UBOWSKA AgnieszkaKO\u015aCIESZA &amp; KORDACZUK DUOLORENT Leszek\u0141OPACKI MarcinMUD CAVALIERSPAWLIK Pawe\u0142RADZIWONOWICZ KarolSAPIECHA AgataSINFONIA VIVATELECKI Szymon<\/p>\n","protected":false},"author":1,"featured_media":0,"parent":0,"menu_order":0,"comment_status":"closed","ping_status":"closed","template":"","meta":{"footnotes":""},"class_list":["post-7109","page","type-page","status-publish","hentry"],"_links":{"self":[{"href":"https:\/\/wsm.art.pl\/index.php?rest_route=\/wp\/v2\/pages\/7109","targetHints":{"allow":["GET"]}}],"collection":[{"href":"https:\/\/wsm.art.pl\/index.php?rest_route=\/wp\/v2\/pages"}],"about":[{"href":"https:\/\/wsm.art.pl\/index.php?rest_route=\/wp\/v2\/types\/page"}],"author":[{"embeddable":true,"href":"https:\/\/wsm.art.pl\/index.php?rest_route=\/wp\/v2\/users\/1"}],"replies":[{"embeddable":true,"href":"https:\/\/wsm.art.pl\/index.php?rest_route=%2Fwp%2Fv2%2Fcomments&post=7109"}],"version-history":[{"count":16,"href":"https:\/\/wsm.art.pl\/index.php?rest_route=\/wp\/v2\/pages\/7109\/revisions"}],"predecessor-version":[{"id":8011,"href":"https:\/\/wsm.art.pl\/index.php?rest_route=\/wp\/v2\/pages\/7109\/revisions\/8011"}],"wp:attachment":[{"href":"https:\/\/wsm.art.pl\/index.php?rest_route=%2Fwp%2Fv2%2Fmedia&parent=7109"}],"curies":[{"name":"wp","href":"https:\/\/api.w.org\/{rel}","templated":true}]}}