{"id":7106,"date":"2022-05-11T20:16:00","date_gmt":"2022-05-11T20:16:00","guid":{"rendered":"https:\/\/wsm.art.pl\/?page_id=7106"},"modified":"2022-05-15T18:21:55","modified_gmt":"2022-05-15T18:21:55","slug":"pawlik-pawel-en","status":"publish","type":"page","link":"https:\/\/wsm.art.pl\/?page_id=7106","title":{"rendered":"PAWLIK Pawe\u0142 EN"},"content":{"rendered":"\t\t<div data-elementor-type=\"wp-page\" data-elementor-id=\"7106\" class=\"elementor elementor-7106\">\n\t\t\t\t\t\t<section class=\"elementor-section elementor-top-section elementor-element elementor-element-24110ddb elementor-section-boxed elementor-section-height-default elementor-section-height-default\" data-id=\"24110ddb\" data-element_type=\"section\">\n\t\t\t\t\t\t<div class=\"elementor-container elementor-column-gap-default\">\n\t\t\t\t\t<div class=\"elementor-column elementor-col-100 elementor-top-column elementor-element elementor-element-54220d03\" data-id=\"54220d03\" data-element_type=\"column\">\n\t\t\t<div class=\"elementor-widget-wrap elementor-element-populated\">\n\t\t\t\t\t\t<div class=\"elementor-element elementor-element-214fb19e elementor-widget elementor-widget-heading\" data-id=\"214fb19e\" data-element_type=\"widget\" data-widget_type=\"heading.default\">\n\t\t\t\t<div class=\"elementor-widget-container\">\n\t\t\t\t\t<h2 class=\"elementor-heading-title elementor-size-default\">Pawe\u0142 Pawlik<\/h2>\t\t\t\t<\/div>\n\t\t\t\t<\/div>\n\t\t\t\t\t<\/div>\n\t\t<\/div>\n\t\t\t\t\t<\/div>\n\t\t<\/section>\n\t\t\t\t<section class=\"elementor-section elementor-top-section elementor-element elementor-element-208796d2 elementor-section-boxed elementor-section-height-default elementor-section-height-default\" data-id=\"208796d2\" data-element_type=\"section\">\n\t\t\t\t\t\t<div class=\"elementor-container elementor-column-gap-default\">\n\t\t\t\t\t<div class=\"elementor-column elementor-col-50 elementor-top-column elementor-element elementor-element-2998c263\" data-id=\"2998c263\" data-element_type=\"column\">\n\t\t\t<div class=\"elementor-widget-wrap elementor-element-populated\">\n\t\t\t\t\t\t<div class=\"elementor-element elementor-element-4f2be069 elementor-widget elementor-widget-image\" data-id=\"4f2be069\" data-element_type=\"widget\" data-widget_type=\"image.default\">\n\t\t\t\t<div class=\"elementor-widget-container\">\n\t\t\t\t\t\t\t\t\t\t\t\t<figure class=\"wp-caption\">\n\t\t\t\t\t\t\t\t\t\t<img fetchpriority=\"high\" decoding=\"async\" width=\"1188\" height=\"1181\" src=\"https:\/\/wsm.art.pl\/wp-content\/uploads\/2022\/05\/Pawel-Pawlik-fot.-Marcel-Zaborski.png\" class=\"attachment-full size-full wp-image-6858\" alt=\"\" srcset=\"https:\/\/wsm.art.pl\/wp-content\/uploads\/2022\/05\/Pawel-Pawlik-fot.-Marcel-Zaborski.png 1188w, https:\/\/wsm.art.pl\/wp-content\/uploads\/2022\/05\/Pawel-Pawlik-fot.-Marcel-Zaborski-300x298.png 300w, https:\/\/wsm.art.pl\/wp-content\/uploads\/2022\/05\/Pawel-Pawlik-fot.-Marcel-Zaborski-1024x1018.png 1024w, https:\/\/wsm.art.pl\/wp-content\/uploads\/2022\/05\/Pawel-Pawlik-fot.-Marcel-Zaborski-150x150.png 150w, https:\/\/wsm.art.pl\/wp-content\/uploads\/2022\/05\/Pawel-Pawlik-fot.-Marcel-Zaborski-768x763.png 768w\" sizes=\"(max-width: 1188px) 100vw, 1188px\" \/>\t\t\t\t\t\t\t\t\t\t\t<figcaption class=\"widget-image-caption wp-caption-text\">photo: Marcel Zaborski<\/figcaption>\n\t\t\t\t\t\t\t\t\t\t<\/figure>\n\t\t\t\t\t\t\t\t\t<\/div>\n\t\t\t\t<\/div>\n\t\t\t\t\t<\/div>\n\t\t<\/div>\n\t\t\t\t<div class=\"elementor-column elementor-col-50 elementor-top-column elementor-element elementor-element-22045959\" data-id=\"22045959\" data-element_type=\"column\">\n\t\t\t<div class=\"elementor-widget-wrap elementor-element-populated\">\n\t\t\t\t\t\t<div class=\"elementor-element elementor-element-20a87065 elementor-widget elementor-widget-text-editor\" data-id=\"20a87065\" data-element_type=\"widget\" data-widget_type=\"text-editor.default\">\n\t\t\t\t<div class=\"elementor-widget-container\">\n\t\t\t\t\t\t\t\t\t<p><span class=\"VIiyi\" lang=\"en\"><span class=\"JLqJ4b ChMk0b\" data-language-for-alternatives=\"en\" data-language-to-translate-into=\"pl\" data-phrase-index=\"0\" data-number-of-phrases=\"1\"><span class=\"Q4iAWc\">He graduated from the<\/span><\/span><\/span> Fryderyk Chopin Academy of Music in Warsaw (2005) in the piano class of Prof. Anna Jastrz\u0119bska-Quinn. In 2020, he received a PhD in arts at the Fryderyk Chopin University of Music. He prepared his doctoral dissertation under the supervision of Prof. El\u017cbieta Kara\u015b-Krasztel. In 2007-2009, he was a participant of an artistic internship at the Fryderyk Chopin University of Music in Warsaw in the piano chamber class of Prof. Katarzyna Jankowska-Borzykowska. Since 2008, he has been working as a pianist at the Chopin University of Music in Warsaw, as a senior lecturer.<\/p><p>He has been a laureate of numerous international chamber music competitions, including in Italy, Malta. The artist has performed solo and chamber recitals in Europe, including Italy, Germany, Hungary, Belgium, France or Spain. He has performed as a soloist with the accompaniment of Symphony Orchestra of the Oskar Kolberg \u015awi\u0119tokrzyska Philharmonic in Kielce, the Capella Bydgostiensis Chamber Orchestra, the Witold Lutos\u0142awski P\u0142ock Symphony Orchestra, the Musica Sonora Symphony Orchestra in Budapest, the Toru\u0144 Symphony Orchestra, the Witold Lutos\u0142awski Chamber Philharmonic in \u0141om\u017ca. He has worked with the following conductors: Jan Mi\u0142osz Zarzycek, Marzena Diakun, Jakub Chrenowicz, Peter Illenyi, Jerzy Wo\u0142osiuk.<\/p><p>The pianist is an active chamber musician, living numerus concerts; since 2008 he has been partnering with violinist Szymon Telecki. In 2020, Pawe\u0142 Pawlik released <br \/>a CD <em>Juliusz Wertheim. Works for Piano Solo. Sonata for Piano and Violin <\/em>(DUX); he recorded selected piano solo pieces by Juliusz Wertheim and <em>Sonata for Piano and Violin<\/em>, Op. 18.<\/p>\t\t\t\t\t\t\t\t<\/div>\n\t\t\t\t<\/div>\n\t\t\t\t\t<\/div>\n\t\t<\/div>\n\t\t\t\t\t<\/div>\n\t\t<\/section>\n\t\t\t\t<\/div>\n\t\t","protected":false},"excerpt":{"rendered":"<p>Pawe\u0142 Pawlik photo: Marcel Zaborski He graduated from the Fryderyk Chopin Academy of Music in Warsaw (2005) in the piano class of Prof. Anna Jastrz\u0119bska-Quinn.&hellip;<\/p>\n","protected":false},"author":1,"featured_media":0,"parent":0,"menu_order":0,"comment_status":"closed","ping_status":"closed","template":"","meta":{"footnotes":""},"class_list":["post-7106","page","type-page","status-publish","hentry"],"_links":{"self":[{"href":"https:\/\/wsm.art.pl\/index.php?rest_route=\/wp\/v2\/pages\/7106","targetHints":{"allow":["GET"]}}],"collection":[{"href":"https:\/\/wsm.art.pl\/index.php?rest_route=\/wp\/v2\/pages"}],"about":[{"href":"https:\/\/wsm.art.pl\/index.php?rest_route=\/wp\/v2\/types\/page"}],"author":[{"embeddable":true,"href":"https:\/\/wsm.art.pl\/index.php?rest_route=\/wp\/v2\/users\/1"}],"replies":[{"embeddable":true,"href":"https:\/\/wsm.art.pl\/index.php?rest_route=%2Fwp%2Fv2%2Fcomments&post=7106"}],"version-history":[{"count":11,"href":"https:\/\/wsm.art.pl\/index.php?rest_route=\/wp\/v2\/pages\/7106\/revisions"}],"predecessor-version":[{"id":7926,"href":"https:\/\/wsm.art.pl\/index.php?rest_route=\/wp\/v2\/pages\/7106\/revisions\/7926"}],"wp:attachment":[{"href":"https:\/\/wsm.art.pl\/index.php?rest_route=%2Fwp%2Fv2%2Fmedia&parent=7106"}],"curies":[{"name":"wp","href":"https:\/\/api.w.org\/{rel}","templated":true}]}}