{"id":7077,"date":"2022-05-11T19:43:27","date_gmt":"2022-05-11T19:43:27","guid":{"rendered":"https:\/\/wsm.art.pl\/?page_id=7077"},"modified":"2022-05-15T18:15:57","modified_gmt":"2022-05-15T18:15:57","slug":"kisiel-iwona-en","status":"publish","type":"page","link":"https:\/\/wsm.art.pl\/?page_id=7077","title":{"rendered":"KISIEL Iwona EN"},"content":{"rendered":"\t\t<div data-elementor-type=\"wp-page\" data-elementor-id=\"7077\" class=\"elementor elementor-7077\">\n\t\t\t\t\t\t<section class=\"elementor-section elementor-top-section elementor-element elementor-element-24110ddb elementor-section-boxed elementor-section-height-default elementor-section-height-default\" data-id=\"24110ddb\" data-element_type=\"section\">\n\t\t\t\t\t\t<div class=\"elementor-container elementor-column-gap-default\">\n\t\t\t\t\t<div class=\"elementor-column elementor-col-100 elementor-top-column elementor-element elementor-element-54220d03\" data-id=\"54220d03\" data-element_type=\"column\">\n\t\t\t<div class=\"elementor-widget-wrap elementor-element-populated\">\n\t\t\t\t\t\t<div class=\"elementor-element elementor-element-214fb19e elementor-widget elementor-widget-heading\" data-id=\"214fb19e\" data-element_type=\"widget\" data-widget_type=\"heading.default\">\n\t\t\t\t<div class=\"elementor-widget-container\">\n\t\t\t\t\t<h2 class=\"elementor-heading-title elementor-size-default\">Iwona Kisiel<\/h2>\t\t\t\t<\/div>\n\t\t\t\t<\/div>\n\t\t\t\t\t<\/div>\n\t\t<\/div>\n\t\t\t\t\t<\/div>\n\t\t<\/section>\n\t\t\t\t<section class=\"elementor-section elementor-top-section elementor-element elementor-element-208796d2 elementor-section-boxed elementor-section-height-default elementor-section-height-default\" data-id=\"208796d2\" data-element_type=\"section\">\n\t\t\t\t\t\t<div class=\"elementor-container elementor-column-gap-default\">\n\t\t\t\t\t<div class=\"elementor-column elementor-col-50 elementor-top-column elementor-element elementor-element-2998c263\" data-id=\"2998c263\" data-element_type=\"column\">\n\t\t\t<div class=\"elementor-widget-wrap elementor-element-populated\">\n\t\t\t\t\t\t<div class=\"elementor-element elementor-element-4f2be069 elementor-widget elementor-widget-image\" data-id=\"4f2be069\" data-element_type=\"widget\" data-widget_type=\"image.default\">\n\t\t\t\t<div class=\"elementor-widget-container\">\n\t\t\t\t\t\t\t\t\t\t\t\t<figure class=\"wp-caption\">\n\t\t\t\t\t\t\t\t\t\t<img fetchpriority=\"high\" decoding=\"async\" width=\"857\" height=\"1000\" src=\"https:\/\/wsm.art.pl\/wp-content\/uploads\/2022\/05\/Iwona-Kisiel-fot.mat_.-wlasne.jpg\" class=\"attachment-full size-full wp-image-6701\" alt=\"\" srcset=\"https:\/\/wsm.art.pl\/wp-content\/uploads\/2022\/05\/Iwona-Kisiel-fot.mat_.-wlasne.jpg 857w, https:\/\/wsm.art.pl\/wp-content\/uploads\/2022\/05\/Iwona-Kisiel-fot.mat_.-wlasne-257x300.jpg 257w, https:\/\/wsm.art.pl\/wp-content\/uploads\/2022\/05\/Iwona-Kisiel-fot.mat_.-wlasne-768x896.jpg 768w\" sizes=\"(max-width: 857px) 100vw, 857px\" \/>\t\t\t\t\t\t\t\t\t\t\t<figcaption class=\"widget-image-caption wp-caption-text\">photo: private archive<\/figcaption>\n\t\t\t\t\t\t\t\t\t\t<\/figure>\n\t\t\t\t\t\t\t\t\t<\/div>\n\t\t\t\t<\/div>\n\t\t\t\t\t<\/div>\n\t\t<\/div>\n\t\t\t\t<div class=\"elementor-column elementor-col-50 elementor-top-column elementor-element elementor-element-22045959\" data-id=\"22045959\" data-element_type=\"column\">\n\t\t\t<div class=\"elementor-widget-wrap elementor-element-populated\">\n\t\t\t\t\t\t<div class=\"elementor-element elementor-element-20a87065 elementor-widget elementor-widget-text-editor\" data-id=\"20a87065\" data-element_type=\"widget\" data-widget_type=\"text-editor.default\">\n\t\t\t\t<div class=\"elementor-widget-container\">\n\t\t\t\t\t\t\t\t\t<p>Born 1972, Warsaw. Composer, arranger, a graduate of the Fryderyk Chopin Academy of Music in Warsaw (currently the Fryderyk Chopin University of Music) <br \/>in the class of composition of professor Zbigniew Rudzi\u0144ski and a graduate of cello in the class of professor Marian Raczak in J. Elsner music high school in Warsaw.<br \/>Among her compositions are pieces for chamber ensembles, string orchestra, <br \/>the symphonic orchestra with voice, over 28 contemporary songs for voice and piano to poems of such renowned poets as M. Pawlikowska-Jasnorzewska, H.Po\u015bwiatowska, J. Iwaszkiewicz, B.Le\u015bmian, and Z. Herbert, her works were recorded and published.<br \/><br \/>Her full of emotions and the expressive musical language is characterized by a great melody and neo-romantic harmony, combined with elements of jazz and film music.<br \/>She has cooperated with excellent ensembles and performers, Wilan\u00f3w Quartet, Warsaw Camerata, cond. Pawe\u0142 Kos-Nowicki, P\u0142ock Symphony Orchestra, Trio Galant, Opium String Quartet (currently Polonika Quartet), among others.<br \/><br \/>Her music was performed in Poland and abroad. The world premiere of her work entitled &#8222;The Pleiades&#8221; for two flutes and organs took place in Kaliningrad Philharmonic in 2019, performed by (Agata Kielar D\u0142ugosz, \u0141ukasz D\u0142ugosz &#8211; flutes, Roman Perucki &#8211; organ), and in February 2020 world premiere of the work &#8222;Once Upon the Sea ..&#8221;, graced the event \u201cI Thee Wed \u2026 \u201c which took place in the European Parliament. \u201cOnce Upon the Sea..\u201d was composed especially for the centenary of Poland&#8217;s return to the Baltic, and was performed by a trio of renowned artists Agata Kielar-D\u0142ugosz, \u0141ukasz D\u0142ugosz, and Andrzej Jungiewicz. <br \/><br \/>Popular and jazz music has a special place in her musical achievements. She composed more than 60 songs to the words of such artists as Olga Bo\u0144czyk (songs issued on Olga Bo\u0144czyk&#8217;s &#8222;5 am in the morning&#8221; CD record), Asja \u0141amtiugina ( song &#8222;He betrayed me\u201d is played in the theater show titled &#8222;Fall in love to death&#8221;), Dorota Czupkiewicz, Wojciech Darda-Ledzion, Marek Waszkiewicz, Robert Bernatowicz, Andrzej Podulka. She also composed music for children, including songs and two theatre plays with lyrics by Marek Waszkiewicz and Krystyna Kr\u00f3likowska-Wa\u015b.<br \/><br \/>She is a two-time beneficiary of the &#8222;Composing Commissions&#8221;, co-financed by the Ministry of Culture and National Heritage as part of the &#8222;Collections&#8221; program implemented by the Institute of Music and Dance. In 2019 she received an artistic scholarship from the city of Warsaw.<br \/><br \/>She has unique absolute pitch and also a gift of chromesthesia (associating sound with colors).<br \/><br \/><a href=\"http:\/\/iwonakisiel.pl\">www.iwonakisiel.pl<\/a><\/p>\t\t\t\t\t\t\t\t<\/div>\n\t\t\t\t<\/div>\n\t\t\t\t\t<\/div>\n\t\t<\/div>\n\t\t\t\t\t<\/div>\n\t\t<\/section>\n\t\t\t\t<\/div>\n\t\t","protected":false},"excerpt":{"rendered":"<p>Iwona Kisiel photo: private archive Born 1972, Warsaw. Composer, arranger, a graduate of the Fryderyk Chopin Academy of Music in Warsaw (currently the Fryderyk Chopin&hellip;<\/p>\n","protected":false},"author":1,"featured_media":0,"parent":0,"menu_order":0,"comment_status":"closed","ping_status":"closed","template":"","meta":{"footnotes":""},"class_list":["post-7077","page","type-page","status-publish","hentry"],"_links":{"self":[{"href":"https:\/\/wsm.art.pl\/index.php?rest_route=\/wp\/v2\/pages\/7077","targetHints":{"allow":["GET"]}}],"collection":[{"href":"https:\/\/wsm.art.pl\/index.php?rest_route=\/wp\/v2\/pages"}],"about":[{"href":"https:\/\/wsm.art.pl\/index.php?rest_route=\/wp\/v2\/types\/page"}],"author":[{"embeddable":true,"href":"https:\/\/wsm.art.pl\/index.php?rest_route=\/wp\/v2\/users\/1"}],"replies":[{"embeddable":true,"href":"https:\/\/wsm.art.pl\/index.php?rest_route=%2Fwp%2Fv2%2Fcomments&post=7077"}],"version-history":[{"count":11,"href":"https:\/\/wsm.art.pl\/index.php?rest_route=\/wp\/v2\/pages\/7077\/revisions"}],"predecessor-version":[{"id":7904,"href":"https:\/\/wsm.art.pl\/index.php?rest_route=\/wp\/v2\/pages\/7077\/revisions\/7904"}],"wp:attachment":[{"href":"https:\/\/wsm.art.pl\/index.php?rest_route=%2Fwp%2Fv2%2Fmedia&parent=7077"}],"curies":[{"name":"wp","href":"https:\/\/api.w.org\/{rel}","templated":true}]}}