{"id":7073,"date":"2022-05-11T19:41:55","date_gmt":"2022-05-11T19:41:55","guid":{"rendered":"https:\/\/wsm.art.pl\/?page_id=7073"},"modified":"2022-05-15T18:15:04","modified_gmt":"2022-05-15T18:15:04","slug":"kadlubowska-agnieszka-en","status":"publish","type":"page","link":"https:\/\/wsm.art.pl\/?page_id=7073","title":{"rendered":"KAD\u0141UBOWSKA Agnieszka EN"},"content":{"rendered":"\t\t<div data-elementor-type=\"wp-page\" data-elementor-id=\"7073\" class=\"elementor elementor-7073\">\n\t\t\t\t\t\t<section class=\"elementor-section elementor-top-section elementor-element elementor-element-24110ddb elementor-section-boxed elementor-section-height-default elementor-section-height-default\" data-id=\"24110ddb\" data-element_type=\"section\">\n\t\t\t\t\t\t<div class=\"elementor-container elementor-column-gap-default\">\n\t\t\t\t\t<div class=\"elementor-column elementor-col-100 elementor-top-column elementor-element elementor-element-54220d03\" data-id=\"54220d03\" data-element_type=\"column\">\n\t\t\t<div class=\"elementor-widget-wrap elementor-element-populated\">\n\t\t\t\t\t\t<div class=\"elementor-element elementor-element-214fb19e elementor-widget elementor-widget-heading\" data-id=\"214fb19e\" data-element_type=\"widget\" data-widget_type=\"heading.default\">\n\t\t\t\t<div class=\"elementor-widget-container\">\n\t\t\t\t\t<h2 class=\"elementor-heading-title elementor-size-default\">Agnieszka Kad\u0142ubowska<\/h2>\t\t\t\t<\/div>\n\t\t\t\t<\/div>\n\t\t\t\t\t<\/div>\n\t\t<\/div>\n\t\t\t\t\t<\/div>\n\t\t<\/section>\n\t\t\t\t<section class=\"elementor-section elementor-top-section elementor-element elementor-element-208796d2 elementor-section-boxed elementor-section-height-default elementor-section-height-default\" data-id=\"208796d2\" data-element_type=\"section\">\n\t\t\t\t\t\t<div class=\"elementor-container elementor-column-gap-default\">\n\t\t\t\t\t<div class=\"elementor-column elementor-col-50 elementor-top-column elementor-element elementor-element-2998c263\" data-id=\"2998c263\" data-element_type=\"column\">\n\t\t\t<div class=\"elementor-widget-wrap elementor-element-populated\">\n\t\t\t\t\t\t<div class=\"elementor-element elementor-element-4f2be069 elementor-widget elementor-widget-image\" data-id=\"4f2be069\" data-element_type=\"widget\" data-widget_type=\"image.default\">\n\t\t\t\t<div class=\"elementor-widget-container\">\n\t\t\t\t\t\t\t\t\t\t\t\t<figure class=\"wp-caption\">\n\t\t\t\t\t\t\t\t\t\t<img fetchpriority=\"high\" decoding=\"async\" width=\"1001\" height=\"1500\" src=\"https:\/\/wsm.art.pl\/wp-content\/uploads\/2022\/05\/Agnieszka-Kadlubowska-fot.-Izabela-Czarnecka.jpg\" class=\"attachment-full size-full wp-image-6486\" alt=\"\" srcset=\"https:\/\/wsm.art.pl\/wp-content\/uploads\/2022\/05\/Agnieszka-Kadlubowska-fot.-Izabela-Czarnecka.jpg 1001w, https:\/\/wsm.art.pl\/wp-content\/uploads\/2022\/05\/Agnieszka-Kadlubowska-fot.-Izabela-Czarnecka-200x300.jpg 200w, https:\/\/wsm.art.pl\/wp-content\/uploads\/2022\/05\/Agnieszka-Kadlubowska-fot.-Izabela-Czarnecka-683x1024.jpg 683w, https:\/\/wsm.art.pl\/wp-content\/uploads\/2022\/05\/Agnieszka-Kadlubowska-fot.-Izabela-Czarnecka-768x1151.jpg 768w\" sizes=\"(max-width: 1001px) 100vw, 1001px\" \/>\t\t\t\t\t\t\t\t\t\t\t<figcaption class=\"widget-image-caption wp-caption-text\">photo: Izabela Czarnecka<\/figcaption>\n\t\t\t\t\t\t\t\t\t\t<\/figure>\n\t\t\t\t\t\t\t\t\t<\/div>\n\t\t\t\t<\/div>\n\t\t\t\t\t<\/div>\n\t\t<\/div>\n\t\t\t\t<div class=\"elementor-column elementor-col-50 elementor-top-column elementor-element elementor-element-22045959\" data-id=\"22045959\" data-element_type=\"column\">\n\t\t\t<div class=\"elementor-widget-wrap elementor-element-populated\">\n\t\t\t\t\t\t<div class=\"elementor-element elementor-element-20a87065 elementor-widget elementor-widget-text-editor\" data-id=\"20a87065\" data-element_type=\"widget\" data-widget_type=\"text-editor.default\">\n\t\t\t\t<div class=\"elementor-widget-container\">\n\t\t\t\t\t\t\t\t\t<p>Graduated from the Academy of Music in \u0141\u00f3d\u017a at the Vocal and Acting Department in the class of Prof. Krzysztof Bednarek, as well as the Instrumental Department, where she studied classical guitar with Prof. Jacek Dulikowski. She took part <br \/>in master classes with: Teresa \u017bylis-Gara, Izabela K\u0142osi\u0144ska, Olga Pasiecznik, Anna Sims, Ryszard Karczykowski and Udo Raineman. She has also perfected her vocal skills under the direction of outstanding singers and pianists: Joanna Wo\u015b, Jolanta Bibel, Ewa Biegas, Agnes Zwierko, Zofia Witkowska, Jaros\u0142aw Br\u0119k, Ella Susmanek and Mariusz Rutkowski.<\/p><p>She debuted as Pamina in Mozart&#8217;s <em>The Magic Flute <\/em>conducted by Dariusz Mikulski for the Toya\u2019 Television in \u0141\u00f3d\u017a. In cooperation with the Sudeten Philharmonic <br \/>in Wa\u0142brzych, she performed the role of Zerlina in the Mozart&#8217;s opera <em>Don Giovanni <\/em>and Annina from <em>La Traviata <\/em>by Verdi. As a soloist, she collaborated with the Opera at the Castle of Szczecin.<\/p><p>Agnieszka Kad\u0142ubowska&#8217;s repertoire includes roles in operas by W.A. Mozart, such as: Countess (<em>The Marriage of Figaro<\/em>), Donna Elvira, Zerlina (<em>Don Giovanni<\/em>), Pamina (<em>The Magic Flute<\/em>), as well as Liu (G. Puccini&#8217;s <em>Turandot<\/em>), Micaela (G. Bizet&#8217;s <em>Carmen<\/em>), Antonina (J. Offenbach&#8217;s <em>The Tales of Hoffmann<\/em>) and Roxana (K. Szymanowski&#8217;s <em>King Roger<\/em>).<\/p><p>On the 200th anniversary of birth of Stanis\u0142aw Moniuszko, she performed in the project <em>I like Moniuszko <\/em>at the Warsaw Philharmonic. On the occasion of 100th anniversary of birth of the composer Tadeusz Paciorkiewicz, she performed the second soprano in the composition <em>Trzy freski nadmorskie hommage a Tadeusz Paciorkiewicz <\/em>by Alicja Gronau at the Podlasie Opera and Philharmonic in Bia\u0142ystok.<\/p><p>As a soloist, she cooperated with the International Symphonic Orchestra <br \/><em>Unification of Cultures<\/em>, which was established as a project of the Marshal&#8217;s Office <br \/>of the Mazowieckie Voivodship and the Spanish Ambassador to Poland. During <br \/>the Encounters of Cultures Festival <em>Caper Lublinensis<\/em>, she was invited by the <br \/>H. Wieniawski Philharmonic in Lublin to perform the soprano part in G.B. Pergolesi&#8217;s <em>Salve Regina in C minor<\/em>.<\/p>\t\t\t\t\t\t\t\t<\/div>\n\t\t\t\t<\/div>\n\t\t\t\t\t<\/div>\n\t\t<\/div>\n\t\t\t\t\t<\/div>\n\t\t<\/section>\n\t\t\t\t<\/div>\n\t\t","protected":false},"excerpt":{"rendered":"<p>Agnieszka Kad\u0142ubowska photo: Izabela Czarnecka Graduated from the Academy of Music in \u0141\u00f3d\u017a at the Vocal and Acting Department in the class of Prof. Krzysztof&hellip;<\/p>\n","protected":false},"author":1,"featured_media":0,"parent":0,"menu_order":0,"comment_status":"closed","ping_status":"closed","template":"","meta":{"footnotes":""},"class_list":["post-7073","page","type-page","status-publish","hentry"],"_links":{"self":[{"href":"https:\/\/wsm.art.pl\/index.php?rest_route=\/wp\/v2\/pages\/7073","targetHints":{"allow":["GET"]}}],"collection":[{"href":"https:\/\/wsm.art.pl\/index.php?rest_route=\/wp\/v2\/pages"}],"about":[{"href":"https:\/\/wsm.art.pl\/index.php?rest_route=\/wp\/v2\/types\/page"}],"author":[{"embeddable":true,"href":"https:\/\/wsm.art.pl\/index.php?rest_route=\/wp\/v2\/users\/1"}],"replies":[{"embeddable":true,"href":"https:\/\/wsm.art.pl\/index.php?rest_route=%2Fwp%2Fv2%2Fcomments&post=7073"}],"version-history":[{"count":11,"href":"https:\/\/wsm.art.pl\/index.php?rest_route=\/wp\/v2\/pages\/7073\/revisions"}],"predecessor-version":[{"id":7900,"href":"https:\/\/wsm.art.pl\/index.php?rest_route=\/wp\/v2\/pages\/7073\/revisions\/7900"}],"wp:attachment":[{"href":"https:\/\/wsm.art.pl\/index.php?rest_route=%2Fwp%2Fv2%2Fmedia&parent=7073"}],"curies":[{"name":"wp","href":"https:\/\/api.w.org\/{rel}","templated":true}]}}