{"id":7055,"date":"2022-05-11T19:25:52","date_gmt":"2022-05-11T19:25:52","guid":{"rendered":"https:\/\/wsm.art.pl\/?page_id=7055"},"modified":"2022-05-15T18:12:22","modified_gmt":"2022-05-15T18:12:22","slug":"gralla-jan-en","status":"publish","type":"page","link":"https:\/\/wsm.art.pl\/?page_id=7055","title":{"rendered":"GRALLA Jan EN"},"content":{"rendered":"\t\t<div data-elementor-type=\"wp-page\" data-elementor-id=\"7055\" class=\"elementor elementor-7055\">\n\t\t\t\t\t\t<section class=\"elementor-section elementor-top-section elementor-element elementor-element-24110ddb elementor-section-boxed elementor-section-height-default elementor-section-height-default\" data-id=\"24110ddb\" data-element_type=\"section\">\n\t\t\t\t\t\t<div class=\"elementor-container elementor-column-gap-default\">\n\t\t\t\t\t<div class=\"elementor-column elementor-col-100 elementor-top-column elementor-element elementor-element-54220d03\" data-id=\"54220d03\" data-element_type=\"column\">\n\t\t\t<div class=\"elementor-widget-wrap elementor-element-populated\">\n\t\t\t\t\t\t<div class=\"elementor-element elementor-element-214fb19e elementor-widget elementor-widget-heading\" data-id=\"214fb19e\" data-element_type=\"widget\" data-widget_type=\"heading.default\">\n\t\t\t\t<div class=\"elementor-widget-container\">\n\t\t\t\t\t<h2 class=\"elementor-heading-title elementor-size-default\">Jan Gralla<\/h2>\t\t\t\t<\/div>\n\t\t\t\t<\/div>\n\t\t\t\t\t<\/div>\n\t\t<\/div>\n\t\t\t\t\t<\/div>\n\t\t<\/section>\n\t\t\t\t<section class=\"elementor-section elementor-top-section elementor-element elementor-element-208796d2 elementor-section-boxed elementor-section-height-default elementor-section-height-default\" data-id=\"208796d2\" data-element_type=\"section\">\n\t\t\t\t\t\t<div class=\"elementor-container elementor-column-gap-default\">\n\t\t\t\t\t<div class=\"elementor-column elementor-col-50 elementor-top-column elementor-element elementor-element-2998c263\" data-id=\"2998c263\" data-element_type=\"column\">\n\t\t\t<div class=\"elementor-widget-wrap elementor-element-populated\">\n\t\t\t\t\t\t<div class=\"elementor-element elementor-element-4f2be069 elementor-widget elementor-widget-image\" data-id=\"4f2be069\" data-element_type=\"widget\" data-widget_type=\"image.default\">\n\t\t\t\t<div class=\"elementor-widget-container\">\n\t\t\t\t\t\t\t\t\t\t\t\t<figure class=\"wp-caption\">\n\t\t\t\t\t\t\t\t\t\t<img fetchpriority=\"high\" decoding=\"async\" width=\"1000\" height=\"1500\" src=\"https:\/\/wsm.art.pl\/wp-content\/uploads\/2022\/05\/Jan-Gralla-fot.-Mateusz-Zaboklicki.jpg\" class=\"attachment-full size-full wp-image-6489\" alt=\"\" srcset=\"https:\/\/wsm.art.pl\/wp-content\/uploads\/2022\/05\/Jan-Gralla-fot.-Mateusz-Zaboklicki.jpg 1000w, https:\/\/wsm.art.pl\/wp-content\/uploads\/2022\/05\/Jan-Gralla-fot.-Mateusz-Zaboklicki-200x300.jpg 200w, https:\/\/wsm.art.pl\/wp-content\/uploads\/2022\/05\/Jan-Gralla-fot.-Mateusz-Zaboklicki-683x1024.jpg 683w, https:\/\/wsm.art.pl\/wp-content\/uploads\/2022\/05\/Jan-Gralla-fot.-Mateusz-Zaboklicki-768x1152.jpg 768w\" sizes=\"(max-width: 1000px) 100vw, 1000px\" \/>\t\t\t\t\t\t\t\t\t\t\t<figcaption class=\"widget-image-caption wp-caption-text\">photo: Mateusz \u017baboklicki<\/figcaption>\n\t\t\t\t\t\t\t\t\t\t<\/figure>\n\t\t\t\t\t\t\t\t\t<\/div>\n\t\t\t\t<\/div>\n\t\t\t\t\t<\/div>\n\t\t<\/div>\n\t\t\t\t<div class=\"elementor-column elementor-col-50 elementor-top-column elementor-element elementor-element-22045959\" data-id=\"22045959\" data-element_type=\"column\">\n\t\t\t<div class=\"elementor-widget-wrap elementor-element-populated\">\n\t\t\t\t\t\t<div class=\"elementor-element elementor-element-20a87065 elementor-widget elementor-widget-text-editor\" data-id=\"20a87065\" data-element_type=\"widget\" data-widget_type=\"text-editor.default\">\n\t\t\t\t<div class=\"elementor-widget-container\">\n\t\t\t\t\t\t\t\t\t<p class=\"western\" style=\"text-align: left;\" align=\"justify\"><span style=\"color: #222222;\"><span style=\"font-family: Arial, sans-serif;\"><span style=\"font-size: medium;\">Percussionist, born in Olsztyn, a graduate of the State Music School of the 1st <br \/>and 2nd degree of the name of Fryderyk Chopin in Olsztyn in the class of M.Sc. Karol Jurczak. He developed his skills in the art of classical percussion, which led him to the Fryderyk Chopin University of Music in Warsaw. Currently, he is <br \/>a percussion student in the class of professor Henryk Miko\u0142ajczyk and Mi\u0142osz P\u0119kala. <\/span><\/span><\/span><\/p><p>He collaborates with the Chopin University Modern Ensemble, with which he had <br \/>the pleasure to record a debut album nominated for the Fryderyk Award and to play many world premieres. He perfected his skills during the European Workshop for Contemporary Music alongside outstanding musicians from Ensemble Recherche and Ensemble Musikfabrik. He is also active in the student orchestra Chopin University Chamber Orchestra, with which he went on a month-long tour in China, took part in numerous artistic projects, performing at the Warmia and Mazury Philharmonic, the National Philharmonic, the National Opera, the National Theater, the New Theater, Polish Radio, the New Art Museum NOMUS, he also collaborated with the Polish Sinfonia Iuwentus Orchestra, the Polish Royal Opera, the Polish Radio Orchestra, Chain Ensemble, the Collegium Musicum choir and the Radzimir &#8222;JIMEK&#8221; D\u0119bski orchestra.<\/p><p>He willingly engages in all kinds of concerts of contemporary music compositions, although he is also familiar with other musical trends. He is a multi-instrumentalist and vocalist of the black metal group Varmia.<\/p>\t\t\t\t\t\t\t\t<\/div>\n\t\t\t\t<\/div>\n\t\t\t\t\t<\/div>\n\t\t<\/div>\n\t\t\t\t\t<\/div>\n\t\t<\/section>\n\t\t\t\t<\/div>\n\t\t","protected":false},"excerpt":{"rendered":"<p>Jan Gralla photo: Mateusz \u017baboklicki Percussionist, born in Olsztyn, a graduate of the State Music School of the 1st and 2nd degree of the name&hellip;<\/p>\n","protected":false},"author":1,"featured_media":0,"parent":0,"menu_order":0,"comment_status":"closed","ping_status":"closed","template":"","meta":{"footnotes":""},"class_list":["post-7055","page","type-page","status-publish","hentry"],"_links":{"self":[{"href":"https:\/\/wsm.art.pl\/index.php?rest_route=\/wp\/v2\/pages\/7055","targetHints":{"allow":["GET"]}}],"collection":[{"href":"https:\/\/wsm.art.pl\/index.php?rest_route=\/wp\/v2\/pages"}],"about":[{"href":"https:\/\/wsm.art.pl\/index.php?rest_route=\/wp\/v2\/types\/page"}],"author":[{"embeddable":true,"href":"https:\/\/wsm.art.pl\/index.php?rest_route=\/wp\/v2\/users\/1"}],"replies":[{"embeddable":true,"href":"https:\/\/wsm.art.pl\/index.php?rest_route=%2Fwp%2Fv2%2Fcomments&post=7055"}],"version-history":[{"count":14,"href":"https:\/\/wsm.art.pl\/index.php?rest_route=\/wp\/v2\/pages\/7055\/revisions"}],"predecessor-version":[{"id":7890,"href":"https:\/\/wsm.art.pl\/index.php?rest_route=\/wp\/v2\/pages\/7055\/revisions\/7890"}],"wp:attachment":[{"href":"https:\/\/wsm.art.pl\/index.php?rest_route=%2Fwp%2Fv2%2Fmedia&parent=7055"}],"curies":[{"name":"wp","href":"https:\/\/api.w.org\/{rel}","templated":true}]}}