{"id":7047,"date":"2022-05-11T19:22:51","date_gmt":"2022-05-11T19:22:51","guid":{"rendered":"https:\/\/wsm.art.pl\/?page_id=7047"},"modified":"2022-05-15T18:11:27","modified_gmt":"2022-05-15T18:11:27","slug":"blazewicz-marcin-en","status":"publish","type":"page","link":"https:\/\/wsm.art.pl\/?page_id=7047","title":{"rendered":"B\u0141A\u017bEWICZ Marcin EN"},"content":{"rendered":"\t\t<div data-elementor-type=\"wp-page\" data-elementor-id=\"7047\" class=\"elementor elementor-7047\">\n\t\t\t\t\t\t<section class=\"elementor-section elementor-top-section elementor-element elementor-element-24110ddb elementor-section-boxed elementor-section-height-default elementor-section-height-default\" data-id=\"24110ddb\" data-element_type=\"section\">\n\t\t\t\t\t\t<div class=\"elementor-container elementor-column-gap-default\">\n\t\t\t\t\t<div class=\"elementor-column elementor-col-100 elementor-top-column elementor-element elementor-element-54220d03\" data-id=\"54220d03\" data-element_type=\"column\">\n\t\t\t<div class=\"elementor-widget-wrap elementor-element-populated\">\n\t\t\t\t\t\t<div class=\"elementor-element elementor-element-214fb19e elementor-widget elementor-widget-heading\" data-id=\"214fb19e\" data-element_type=\"widget\" data-widget_type=\"heading.default\">\n\t\t\t\t<div class=\"elementor-widget-container\">\n\t\t\t\t\t<h2 class=\"elementor-heading-title elementor-size-default\">Marcin B\u0142a\u017cewicz (1953 - 2021)<\/h2>\t\t\t\t<\/div>\n\t\t\t\t<\/div>\n\t\t\t\t\t<\/div>\n\t\t<\/div>\n\t\t\t\t\t<\/div>\n\t\t<\/section>\n\t\t\t\t<section class=\"elementor-section elementor-top-section elementor-element elementor-element-7848b1b elementor-section-boxed elementor-section-height-default elementor-section-height-default\" data-id=\"7848b1b\" data-element_type=\"section\">\n\t\t\t\t\t\t<div class=\"elementor-container elementor-column-gap-default\">\n\t\t\t\t\t<div class=\"elementor-column elementor-col-100 elementor-top-column elementor-element elementor-element-7816349\" data-id=\"7816349\" data-element_type=\"column\">\n\t\t\t<div class=\"elementor-widget-wrap elementor-element-populated\">\n\t\t\t\t\t\t<div class=\"elementor-element elementor-element-dea9aa6 elementor-widget elementor-widget-image\" data-id=\"dea9aa6\" data-element_type=\"widget\" data-widget_type=\"image.default\">\n\t\t\t\t<div class=\"elementor-widget-container\">\n\t\t\t\t\t\t\t\t\t\t\t\t<figure class=\"wp-caption\">\n\t\t\t\t\t\t\t\t\t\t<img fetchpriority=\"high\" decoding=\"async\" width=\"843\" height=\"383\" src=\"https:\/\/wsm.art.pl\/wp-content\/uploads\/2022\/05\/Marcin-Blazewicz-1024x465.jpg\" class=\"attachment-large size-large wp-image-6460\" alt=\"\" srcset=\"https:\/\/wsm.art.pl\/wp-content\/uploads\/2022\/05\/Marcin-Blazewicz-1024x465.jpg 1024w, https:\/\/wsm.art.pl\/wp-content\/uploads\/2022\/05\/Marcin-Blazewicz-300x136.jpg 300w, https:\/\/wsm.art.pl\/wp-content\/uploads\/2022\/05\/Marcin-Blazewicz-768x349.jpg 768w, https:\/\/wsm.art.pl\/wp-content\/uploads\/2022\/05\/Marcin-Blazewicz-1536x698.jpg 1536w, https:\/\/wsm.art.pl\/wp-content\/uploads\/2022\/05\/Marcin-Blazewicz.jpg 1920w\" sizes=\"(max-width: 843px) 100vw, 843px\" \/>\t\t\t\t\t\t\t\t\t\t\t<figcaption class=\"widget-image-caption wp-caption-text\">photo: Mateusz \u017baboklicki<\/figcaption>\n\t\t\t\t\t\t\t\t\t\t<\/figure>\n\t\t\t\t\t\t\t\t\t<\/div>\n\t\t\t\t<\/div>\n\t\t\t\t<div class=\"elementor-element elementor-element-5b17588 elementor-widget elementor-widget-text-editor\" data-id=\"5b17588\" data-element_type=\"widget\" data-widget_type=\"text-editor.default\">\n\t\t\t\t<div class=\"elementor-widget-container\">\n\t\t\t\t\t\t\t\t\t<p>Composer and music life organiser, b. 28 Feb. 1953 in Warsaw, d. 5th April 2021 in Podkowa Le\u015bna. In 1974-75 he studied philosophy at the Academy <br \/>of Catholic Theology in Warsaw (now the Cardinal Wyszy\u0144ski University), later \u2013 in 1977-82 \u2013 composition with Marian Borkowski at the Academy of Music <br \/>in Warsaw, from which he graduated with honours. He also participated in international courses for composers conducted by Fran\u00e7ois-Bernard M\u00e2che (P\u00e9cs 1980), Iannis Xenakis (Salzburg and Delphi 1985) and Olivier Messiaen (1987).<\/p><p>He has received a number of awards for his compositions, incl. in 1981\u00a0\u2013 3rd prize in the 1st Polish National Competition for a work for a cappella choir <br \/>in Legnica for his <em>Pens\u00e9es<\/em> for 3 choral groups (1977) and an honorable mention in the 2nd Polish National Composition Competition for a chamber work <br \/>in Bia\u0142ystok for <em>Kammerkonzert<\/em> for 14 soloists\u00a0\u2013 chamber musicians (1981); in 1983\u00a0\u2013 1st prize in the category of choral works in the Warsaw Composition Competition organised by the Polish Composers&#8217; Union for <em>Locomotive<\/em> for 4-part children&#8217;s choir a cappella to Julian Tuwim&#8217;s poem (1983); in 1985 \u2013 <br \/>a special award in the &#8222;Music Today 1985&#8221; International Composition Competition in Tokyo for <em>Thanatos<\/em> for flute solo (1984-85).<\/p><p>He was a professor of composition at the Fryderyk Chopin University of Music, where he also taught score reading, introduction to composition <br \/>and instrumentation, which was the focus of his interests. In 1999-2002 and 2005-2008, he was vice-dean of the FCUM Department of Composition, Conducting and Theory of Music, and in 2008-2012 dean of this department. In 2012-2016, he was head of the Department of Composition. He supervised doctoral dissertations of, among others, Dariusz Przybylski, Eunho Chang, Krzesimir D\u0119bski and Ignacy Zalewski.<\/p><p>For many years he has been engaged in the promotion of musical culture. He organised over 200 concerts devoted mainly to contemporary music, including the series: Presentations of Young Composers, Encounters with Contemporary Music, Young Musicians for Young Audiences (Warsaw, 1979-81). In 1983-87 he was the organiser and artistic director of the International New Music Forum in Warsaw. In 1990-92 he was president of the Jeunesses Musicales <br \/>de Pologne, and in 1990-94\u00a0\u2013 vice-president of Percussive Arts Society Poland. Simultaneously, in 1986-98 he was music director of the Polish Radio Theatre and an editor in the Polish Radio &#8222;BIS&#8221; Programme. Together with Stanis\u0142aw Skoczy\u0144ski and Mariusz Stowpiec he founded the Modus Group. He was <br \/>a musical advisor to the French Institute in Warsaw and a jury member of the International Radio Festival Prix Italia (Peruggia 1989). In 2000 he founded <br \/>a periodical about music and related arts\u00a0\u2013\u00a0&#8222;Muzyka21&#8221;\u00a0\u2013 of which he was editor-in-chief until 2001.\u00a0He was also chairman of the classical music section <br \/>of the\u00a0ZAiKS Association of Authors (2006-2013) and its treasurer (since 2006).<\/p><p>Marcin B\u0142a\u017cewicz was associated with Edition Svitzer (Denmark), which represented him since 2008. His composition <em>Concerto rustico<\/em> was published <br \/>in Edition Schott series. His works were commissioned by institutions such as the Institute of Music and Dance, Polish Radio SA, French Government, Kolberg Percussion Stuttgart, Jeunesses Musicales World Orchestra, Svitzer Edition, International Guitar Festival in Tychy, the city of Stuttgart, Westdeutscher Rundfunk K\u00f6ln, World Brass Ensamble, the US Embassy in Poland, Australian Embassy in Poland, French Institute, Krakow Opera, national philharmonics <br \/>and theatres.<\/p><p>His works are performed in many countries around the world: from China through Europe to the United States. They are routinely performed by such soloists and ensembles as Piere-Yves Artaud (France), Stephanie Strait, Matthew Coley and Mark Ford (USA), Jessie Chang (China), Stefan Diaconu (Romania), Tiit Joannes (Great Britain), Johan Bridger (Denmark), Daniel Belikov and Denis Morozov (Russia), Marta Klimasara and Flugeschlag-Quartett (Germany), World Brass Ensemble and many others. In Poland his music is performed by Agata Igras-Sawicka, Monika Woli\u0144ska, Tadeusz Domanowski, Stanis\u0142aw Skoczy\u0144ski, Leszek Lorent, \u0141ukasz D\u0142ugosz, Klaudiusz Baran, Karolina Miko\u0142ajczyk, and Ivo Jedynecki. Five original CDs with the works of Marcin B\u0142a\u017cewicz have been released so far.<\/p><p>His work has been the subject of many publications and seminars in Poland and abroad (Germany, USA), as well as master&#8217;s theses, doctoral and postdoctoral theses. In 2015, Leszek Lorent published a book\u00a0<em>Ineffabilis<\/em>\u00a0dedicated to the composer&#8217;s percussion pieces.<\/p><p>Marcin B\u0142a\u017cewicz received the Stanis\u0142aw Wyspia\u0144ski Award for\u00a0lifetime achievement as a composer (1988) and\u00a0\u2013 twice\u00a0\u2013 the Prix Italia (1989, 1990).\u00a0In 2018, he received the 100th Anniversary Award\u00a0of the\u00a0ZAiKS\u00a0Association of Authors.<\/p><p>From 1998 he was a member of the Polish Composers&#8217; Union.<\/p>\t\t\t\t\t\t\t\t<\/div>\n\t\t\t\t<\/div>\n\t\t\t\t\t<\/div>\n\t\t<\/div>\n\t\t\t\t\t<\/div>\n\t\t<\/section>\n\t\t\t\t<section class=\"elementor-section elementor-top-section elementor-element elementor-element-4fb62dd elementor-section-boxed elementor-section-height-default elementor-section-height-default\" data-id=\"4fb62dd\" data-element_type=\"section\">\n\t\t\t\t\t\t<div class=\"elementor-container elementor-column-gap-default\">\n\t\t\t\t\t<div class=\"elementor-column elementor-col-100 elementor-top-column elementor-element elementor-element-daefdb6\" data-id=\"daefdb6\" data-element_type=\"column\">\n\t\t\t<div class=\"elementor-widget-wrap\">\n\t\t\t\t\t\t\t<\/div>\n\t\t<\/div>\n\t\t\t\t\t<\/div>\n\t\t<\/section>\n\t\t\t\t<\/div>\n\t\t","protected":false},"excerpt":{"rendered":"<p>Marcin B\u0142a\u017cewicz (1953 &#8211; 2021) photo: Mateusz \u017baboklicki Composer and music life organiser, b. 28 Feb. 1953 in Warsaw, d. 5th April 2021 in Podkowa&hellip;<\/p>\n","protected":false},"author":1,"featured_media":0,"parent":0,"menu_order":0,"comment_status":"closed","ping_status":"closed","template":"","meta":{"footnotes":""},"class_list":["post-7047","page","type-page","status-publish","hentry"],"_links":{"self":[{"href":"https:\/\/wsm.art.pl\/index.php?rest_route=\/wp\/v2\/pages\/7047","targetHints":{"allow":["GET"]}}],"collection":[{"href":"https:\/\/wsm.art.pl\/index.php?rest_route=\/wp\/v2\/pages"}],"about":[{"href":"https:\/\/wsm.art.pl\/index.php?rest_route=\/wp\/v2\/types\/page"}],"author":[{"embeddable":true,"href":"https:\/\/wsm.art.pl\/index.php?rest_route=\/wp\/v2\/users\/1"}],"replies":[{"embeddable":true,"href":"https:\/\/wsm.art.pl\/index.php?rest_route=%2Fwp%2Fv2%2Fcomments&post=7047"}],"version-history":[{"count":11,"href":"https:\/\/wsm.art.pl\/index.php?rest_route=\/wp\/v2\/pages\/7047\/revisions"}],"predecessor-version":[{"id":7887,"href":"https:\/\/wsm.art.pl\/index.php?rest_route=\/wp\/v2\/pages\/7047\/revisions\/7887"}],"wp:attachment":[{"href":"https:\/\/wsm.art.pl\/index.php?rest_route=%2Fwp%2Fv2%2Fmedia&parent=7047"}],"curies":[{"name":"wp","href":"https:\/\/api.w.org\/{rel}","templated":true}]}}