{"id":6325,"date":"2022-05-09T08:38:16","date_gmt":"2022-05-09T08:38:16","guid":{"rendered":"https:\/\/wsm.art.pl\/?page_id=6325"},"modified":"2022-05-15T18:11:55","modified_gmt":"2022-05-15T18:11:55","slug":"buczynski-pawel","status":"publish","type":"page","link":"https:\/\/wsm.art.pl\/?page_id=6325","title":{"rendered":"BUCZY\u0143SKI Pawe\u0142"},"content":{"rendered":"\t\t<div data-elementor-type=\"wp-page\" data-elementor-id=\"6325\" class=\"elementor elementor-6325\">\n\t\t\t\t\t\t<section class=\"elementor-section elementor-top-section elementor-element elementor-element-24110ddb elementor-section-boxed elementor-section-height-default elementor-section-height-default\" data-id=\"24110ddb\" data-element_type=\"section\">\n\t\t\t\t\t\t<div class=\"elementor-container elementor-column-gap-default\">\n\t\t\t\t\t<div class=\"elementor-column elementor-col-100 elementor-top-column elementor-element elementor-element-54220d03\" data-id=\"54220d03\" data-element_type=\"column\">\n\t\t\t<div class=\"elementor-widget-wrap elementor-element-populated\">\n\t\t\t\t\t\t<div class=\"elementor-element elementor-element-214fb19e elementor-widget elementor-widget-heading\" data-id=\"214fb19e\" data-element_type=\"widget\" data-widget_type=\"heading.default\">\n\t\t\t\t<div class=\"elementor-widget-container\">\n\t\t\t\t\t<h2 class=\"elementor-heading-title elementor-size-default\">Pawe\u0142 Buczy\u0144ski (1953 - 2015)<\/h2>\t\t\t\t<\/div>\n\t\t\t\t<\/div>\n\t\t\t\t\t<\/div>\n\t\t<\/div>\n\t\t\t\t\t<\/div>\n\t\t<\/section>\n\t\t\t\t<section class=\"elementor-section elementor-top-section elementor-element elementor-element-208796d2 elementor-section-boxed elementor-section-height-default elementor-section-height-default\" data-id=\"208796d2\" data-element_type=\"section\">\n\t\t\t\t\t\t<div class=\"elementor-container elementor-column-gap-default\">\n\t\t\t\t\t<div class=\"elementor-column elementor-col-50 elementor-top-column elementor-element elementor-element-2998c263\" data-id=\"2998c263\" data-element_type=\"column\">\n\t\t\t<div class=\"elementor-widget-wrap elementor-element-populated\">\n\t\t\t\t\t\t<div class=\"elementor-element elementor-element-4f2be069 elementor-widget elementor-widget-image\" data-id=\"4f2be069\" data-element_type=\"widget\" data-widget_type=\"image.default\">\n\t\t\t\t<div class=\"elementor-widget-container\">\n\t\t\t\t\t\t\t\t\t\t\t\t<figure class=\"wp-caption\">\n\t\t\t\t\t\t\t\t\t\t<img fetchpriority=\"high\" decoding=\"async\" width=\"500\" height=\"363\" src=\"https:\/\/wsm.art.pl\/wp-content\/uploads\/2022\/05\/Pawel-Buczynski.jpg\" class=\"attachment-full size-full wp-image-6464\" alt=\"\" srcset=\"https:\/\/wsm.art.pl\/wp-content\/uploads\/2022\/05\/Pawel-Buczynski.jpg 500w, https:\/\/wsm.art.pl\/wp-content\/uploads\/2022\/05\/Pawel-Buczynski-300x218.jpg 300w\" sizes=\"(max-width: 500px) 100vw, 500px\" \/>\t\t\t\t\t\t\t\t\t\t\t<figcaption class=\"widget-image-caption wp-caption-text\">fot. mat. prasowe<\/figcaption>\n\t\t\t\t\t\t\t\t\t\t<\/figure>\n\t\t\t\t\t\t\t\t\t<\/div>\n\t\t\t\t<\/div>\n\t\t\t\t\t<\/div>\n\t\t<\/div>\n\t\t\t\t<div class=\"elementor-column elementor-col-50 elementor-top-column elementor-element elementor-element-22045959\" data-id=\"22045959\" data-element_type=\"column\">\n\t\t\t<div class=\"elementor-widget-wrap elementor-element-populated\">\n\t\t\t\t\t\t<div class=\"elementor-element elementor-element-20a87065 elementor-widget elementor-widget-text-editor\" data-id=\"20a87065\" data-element_type=\"widget\" data-widget_type=\"text-editor.default\">\n\t\t\t\t<div class=\"elementor-widget-container\">\n\t\t\t\t\t\t\t\t\t<p>Kompozytor i pedagog; ur. 7 kwietnia 1953 w Laskach; zm. 5 stycznia 2015 <br \/>w Warszawie. W latach 1974-79 studiowa\u0142 kompozycj\u0119 w klasie Tadeusza Bairda <br \/>w Pa\u0144stwowej Wy\u017cszej Szkole Muzycznej w Warszawie. Jako stypendysta Rz\u0105du Austriackiego w latach 1983-84 kontynuowa\u0142 studia w Hochschule f\u00fcr Musik <br \/>w Wiedniu pod kierunkiem Romana Haubenstocka-Ramatiego. Uczestniczy\u0142 ponadto w Mi\u0119dzynarodowych Kursach Wakacyjnych Nowej Muzyki w Darmstadt (1980, 1982, 1984) oraz Mi\u0119dzynarodowym Warsztacie M\u0142odych Kompozytor\u00f3w <br \/>w Borowec w Bu\u0142garii (1982).<\/p><p>Od 1979 pracowa\u0142 w Akademii Muzycznej w Warszawie, gdzie w latach 1993-96 by\u0142 prodziekanem Wydzia\u0142u Kompozycji, Dyrygentury i Teorii Muzyki. W latach 80. i 90. pe\u0142ni\u0142 r\u00f3\u017cne funkcje w Zarz\u0105dzie G\u0142\u00f3wnym i Zarz\u0105dzie Oddzia\u0142u Warszawskiego Zwi\u0105zku Kompozytor\u00f3w Polskich. W latach 90. by\u0142 cz\u0142onkiem kolegium redakcyjnego Wydawnictwa Muzycznego Agencji Autorskiej. W latach 1990-94 wyk\u0142ada\u0142 w Pa\u0144stwowej Wy\u017cszej Szkole Teatralnej w Warszawie.<\/p><p>Pawe\u0142 Buczy\u0144ski by\u0142 laureatem wielu konkurs\u00f3w kompozytorskich, m.in. w 1977 otrzyma\u0142 I nagrod\u0119 na Forum M\u0142odych w Krakowie za <em>Kwartet smyczkowy nr 1<\/em> (1976), w 1979 \u2013 I nagrod\u0119 za <em>Tricorne<\/em> na 2 flety, wiolonczel\u0119 i klawesyn (1978) <br \/>na konkursie kompozytorskim organizowanym z okazji Festiwalu \u201eM\u0142odzi Muzycy M\u0142odemu Miastu\u201d w Stalowej Woli, w 1980 \u2013 I nagrod\u0119 na Konkursie M\u0142odych Kompozytor\u00f3w Zwi\u0105zku Kompozytor\u00f3w Polskich za <em>Muzyk\u0119 opadaj\u0105cych li\u015bci<\/em> <br \/>na orkiestr\u0119 smyczkow\u0105 (1980); ten sam utw\u00f3r w 1985 zdoby\u0142 wyr\u00f3\u017cnienie <br \/>na Mi\u0119dzynarodowej Trybunie Kompozytor\u00f3w UNESCO w Pary\u017cu, w 1981 \u2013 wyr\u00f3\u017cnienie za <em>Grej muzyczko<\/em> na ch\u00f3r mieszany a cappella (1981) na Konkursie Kompozytorskim im. Jana Sztwiertni w Cieszynie.<\/p><p class=\"western\"><strong><span style=\"font-family: Arial, sans-serif;\"><span style=\"font-size: medium;\"><i>Nascitur Mors<\/i><\/span><\/span><\/strong><span style=\"font-family: Arial, sans-serif;\"><span style=\"font-size: medium;\"> na perkusj\u0119 i ta\u015bm\u0119 (1995)<\/span><\/span><\/p>\t\t\t\t\t\t\t\t<\/div>\n\t\t\t\t<\/div>\n\t\t\t\t\t<\/div>\n\t\t<\/div>\n\t\t\t\t\t<\/div>\n\t\t<\/section>\n\t\t\t\t<\/div>\n\t\t","protected":false},"excerpt":{"rendered":"<p>Pawe\u0142 Buczy\u0144ski (1953 &#8211; 2015) fot. mat. prasowe Kompozytor i pedagog; ur. 7 kwietnia 1953 w Laskach; zm. 5 stycznia 2015 w Warszawie. W latach&hellip;<\/p>\n","protected":false},"author":1,"featured_media":0,"parent":0,"menu_order":0,"comment_status":"closed","ping_status":"closed","template":"","meta":{"footnotes":""},"class_list":["post-6325","page","type-page","status-publish","hentry"],"_links":{"self":[{"href":"https:\/\/wsm.art.pl\/index.php?rest_route=\/wp\/v2\/pages\/6325","targetHints":{"allow":["GET"]}}],"collection":[{"href":"https:\/\/wsm.art.pl\/index.php?rest_route=\/wp\/v2\/pages"}],"about":[{"href":"https:\/\/wsm.art.pl\/index.php?rest_route=\/wp\/v2\/types\/page"}],"author":[{"embeddable":true,"href":"https:\/\/wsm.art.pl\/index.php?rest_route=\/wp\/v2\/users\/1"}],"replies":[{"embeddable":true,"href":"https:\/\/wsm.art.pl\/index.php?rest_route=%2Fwp%2Fv2%2Fcomments&post=6325"}],"version-history":[{"count":18,"href":"https:\/\/wsm.art.pl\/index.php?rest_route=\/wp\/v2\/pages\/6325\/revisions"}],"predecessor-version":[{"id":7889,"href":"https:\/\/wsm.art.pl\/index.php?rest_route=\/wp\/v2\/pages\/6325\/revisions\/7889"}],"wp:attachment":[{"href":"https:\/\/wsm.art.pl\/index.php?rest_route=%2Fwp%2Fv2%2Fmedia&parent=6325"}],"curies":[{"name":"wp","href":"https:\/\/api.w.org\/{rel}","templated":true}]}}