{"id":5977,"date":"2022-05-06T17:36:49","date_gmt":"2022-05-06T17:36:49","guid":{"rendered":"https:\/\/wsm.art.pl\/?page_id=5977"},"modified":"2023-05-05T12:46:36","modified_gmt":"2023-05-05T12:46:36","slug":"miejsca-2022","status":"publish","type":"page","link":"https:\/\/wsm.art.pl\/?page_id=5977","title":{"rendered":"Miejsca2022"},"content":{"rendered":"\t\t<div data-elementor-type=\"wp-page\" data-elementor-id=\"5977\" class=\"elementor elementor-5977\">\n\t\t\t\t\t\t<section class=\"elementor-section elementor-top-section elementor-element elementor-element-514966d elementor-section-boxed elementor-section-height-default elementor-section-height-default\" data-id=\"514966d\" data-element_type=\"section\">\n\t\t\t\t\t\t<div class=\"elementor-container elementor-column-gap-default\">\n\t\t\t\t\t<div class=\"elementor-column elementor-col-100 elementor-top-column elementor-element elementor-element-77f005a\" data-id=\"77f005a\" data-element_type=\"column\">\n\t\t\t<div class=\"elementor-widget-wrap elementor-element-populated\">\n\t\t\t\t\t\t<div class=\"elementor-element elementor-element-9cad738 elementor-widget elementor-widget-heading\" data-id=\"9cad738\" data-element_type=\"widget\" data-widget_type=\"heading.default\">\n\t\t\t\t<div class=\"elementor-widget-container\">\n\t\t\t\t\t<h2 class=\"elementor-heading-title elementor-size-default\">Miejsca<\/h2>\t\t\t\t<\/div>\n\t\t\t\t<\/div>\n\t\t\t\t\t<\/div>\n\t\t<\/div>\n\t\t\t\t\t<\/div>\n\t\t<\/section>\n\t\t\t\t<section class=\"elementor-section elementor-top-section elementor-element elementor-element-481b025 elementor-section-boxed elementor-section-height-default elementor-section-height-default\" data-id=\"481b025\" data-element_type=\"section\">\n\t\t\t\t\t\t<div class=\"elementor-container elementor-column-gap-default\">\n\t\t\t\t\t<div class=\"elementor-column elementor-col-100 elementor-top-column elementor-element elementor-element-699ff81\" data-id=\"699ff81\" data-element_type=\"column\">\n\t\t\t<div class=\"elementor-widget-wrap elementor-element-populated\">\n\t\t\t\t\t\t<div class=\"elementor-element elementor-element-d4e21dd elementor-widget elementor-widget-text-editor\" data-id=\"d4e21dd\" data-element_type=\"widget\" data-widget_type=\"text-editor.default\">\n\t\t\t\t<div class=\"elementor-widget-container\">\n\t\t\t\t\t\t\t\t\t<p><span style=\"color: #2a3b8f;\"><a style=\"color: #2a3b8f;\" href=\"https:\/\/u-jazdowski.pl\/\">Centrum Sztuki Wsp\u00f3\u0142czesnej Zamek Ujazdowski<\/a><\/span><\/p><p><span style=\"color: #2a3b8f;\"><a style=\"color: #2a3b8f;\" href=\"https:\/\/www.studianagran.com.pl\/studia\/\">Studio Koncertowe PR im. Witolda Lutos\u0142awskiego<\/a><\/span><\/p><p><span style=\"color: #2a3b8f;\"><a style=\"color: #2a3b8f;\" href=\"https:\/\/chopin.edu.pl\">Uniwersytet Muzyczny Fryderyka Chopina<\/a><\/span><\/p><p><a href=\"https:\/\/reformowani.org.pl\/\"><span style=\"color: #000080;\"><span style=\"color: #2a3b8f;\">Ko\u015bci\u00f3\u0142 Ewangelicko-Reformowany<\/span><\/span><\/a><\/p>\t\t\t\t\t\t\t\t<\/div>\n\t\t\t\t<\/div>\n\t\t\t\t\t<\/div>\n\t\t<\/div>\n\t\t\t\t\t<\/div>\n\t\t<\/section>\n\t\t\t\t<\/div>\n\t\t","protected":false},"excerpt":{"rendered":"<p>Miejsca Centrum Sztuki Wsp\u00f3\u0142czesnej Zamek Ujazdowski Studio Koncertowe PR im. Witolda Lutos\u0142awskiego Uniwersytet Muzyczny Fryderyka Chopina Ko\u015bci\u00f3\u0142 Ewangelicko-Reformowany<\/p>\n","protected":false},"author":1,"featured_media":0,"parent":0,"menu_order":0,"comment_status":"closed","ping_status":"closed","template":"","meta":{"footnotes":""},"class_list":["post-5977","page","type-page","status-publish","hentry"],"_links":{"self":[{"href":"https:\/\/wsm.art.pl\/index.php?rest_route=\/wp\/v2\/pages\/5977","targetHints":{"allow":["GET"]}}],"collection":[{"href":"https:\/\/wsm.art.pl\/index.php?rest_route=\/wp\/v2\/pages"}],"about":[{"href":"https:\/\/wsm.art.pl\/index.php?rest_route=\/wp\/v2\/types\/page"}],"author":[{"embeddable":true,"href":"https:\/\/wsm.art.pl\/index.php?rest_route=\/wp\/v2\/users\/1"}],"replies":[{"embeddable":true,"href":"https:\/\/wsm.art.pl\/index.php?rest_route=%2Fwp%2Fv2%2Fcomments&post=5977"}],"version-history":[{"count":44,"href":"https:\/\/wsm.art.pl\/index.php?rest_route=\/wp\/v2\/pages\/5977\/revisions"}],"predecessor-version":[{"id":10869,"href":"https:\/\/wsm.art.pl\/index.php?rest_route=\/wp\/v2\/pages\/5977\/revisions\/10869"}],"wp:attachment":[{"href":"https:\/\/wsm.art.pl\/index.php?rest_route=%2Fwp%2Fv2%2Fmedia&parent=5977"}],"curies":[{"name":"wp","href":"https:\/\/api.w.org\/{rel}","templated":true}]}}