{"id":3425,"date":"2021-05-01T10:04:31","date_gmt":"2021-05-01T10:04:31","guid":{"rendered":"https:\/\/wsm.art.pl\/?page_id=3425"},"modified":"2021-05-06T13:58:11","modified_gmt":"2021-05-06T13:58:11","slug":"filharmonia-kameralna-im-witolda-lutoslawskiego-w-lomzy-en","status":"publish","type":"page","link":"https:\/\/wsm.art.pl\/?page_id=3425","title":{"rendered":"Filharmonia Kameralna im. Witolda Lutos\u0142awskiego w \u0141om\u017cy EN"},"content":{"rendered":"\t\t<div data-elementor-type=\"wp-page\" data-elementor-id=\"3425\" class=\"elementor elementor-3425\">\n\t\t\t\t\t\t<section class=\"elementor-section elementor-top-section elementor-element elementor-element-24110ddb elementor-section-boxed elementor-section-height-default elementor-section-height-default\" data-id=\"24110ddb\" data-element_type=\"section\">\n\t\t\t\t\t\t<div class=\"elementor-container elementor-column-gap-default\">\n\t\t\t\t\t<div class=\"elementor-column elementor-col-100 elementor-top-column elementor-element elementor-element-54220d03\" data-id=\"54220d03\" data-element_type=\"column\">\n\t\t\t<div class=\"elementor-widget-wrap elementor-element-populated\">\n\t\t\t\t\t\t<div class=\"elementor-element elementor-element-214fb19e elementor-widget elementor-widget-heading\" data-id=\"214fb19e\" data-element_type=\"widget\" data-widget_type=\"heading.default\">\n\t\t\t\t<div class=\"elementor-widget-container\">\n\t\t\t\t\t<h2 class=\"elementor-heading-title elementor-size-default\">Witold Lutos\u0142awski Chamber Philharmonic in \u0141om\u017ca<\/h2>\t\t\t\t<\/div>\n\t\t\t\t<\/div>\n\t\t\t\t\t<\/div>\n\t\t<\/div>\n\t\t\t\t\t<\/div>\n\t\t<\/section>\n\t\t\t\t<section class=\"elementor-section elementor-top-section elementor-element elementor-element-208796d2 elementor-section-boxed elementor-section-height-default elementor-section-height-default\" data-id=\"208796d2\" data-element_type=\"section\">\n\t\t\t\t\t\t<div class=\"elementor-container elementor-column-gap-default\">\n\t\t\t\t\t<div class=\"elementor-column elementor-col-50 elementor-top-column elementor-element elementor-element-2998c263\" data-id=\"2998c263\" data-element_type=\"column\">\n\t\t\t<div class=\"elementor-widget-wrap elementor-element-populated\">\n\t\t\t\t\t\t<div class=\"elementor-element elementor-element-4f2be069 elementor-widget elementor-widget-image\" data-id=\"4f2be069\" data-element_type=\"widget\" data-widget_type=\"image.default\">\n\t\t\t\t<div class=\"elementor-widget-container\">\n\t\t\t\t\t\t\t\t\t\t\t\t<figure class=\"wp-caption\">\n\t\t\t\t\t\t\t\t\t\t<img fetchpriority=\"high\" decoding=\"async\" width=\"768\" height=\"430\" src=\"https:\/\/wsm.art.pl\/wp-content\/uploads\/2021\/04\/Lomz.-Ork.-Kam-small-768x430.jpg\" class=\"attachment-medium_large size-medium_large wp-image-2429\" alt=\"\" srcset=\"https:\/\/wsm.art.pl\/wp-content\/uploads\/2021\/04\/Lomz.-Ork.-Kam-small-768x430.jpg 768w, https:\/\/wsm.art.pl\/wp-content\/uploads\/2021\/04\/Lomz.-Ork.-Kam-small-300x168.jpg 300w, https:\/\/wsm.art.pl\/wp-content\/uploads\/2021\/04\/Lomz.-Ork.-Kam-small-1024x573.jpg 1024w, https:\/\/wsm.art.pl\/wp-content\/uploads\/2021\/04\/Lomz.-Ork.-Kam-small-1536x860.jpg 1536w, https:\/\/wsm.art.pl\/wp-content\/uploads\/2021\/04\/Lomz.-Ork.-Kam-small.jpg 1800w\" sizes=\"(max-width: 768px) 100vw, 768px\" \/>\t\t\t\t\t\t\t\t\t\t\t<figcaption class=\"widget-image-caption wp-caption-text\">fot. Iwo \u015awi\u0105tkowski<\/figcaption>\n\t\t\t\t\t\t\t\t\t\t<\/figure>\n\t\t\t\t\t\t\t\t\t<\/div>\n\t\t\t\t<\/div>\n\t\t\t\t\t<\/div>\n\t\t<\/div>\n\t\t\t\t<div class=\"elementor-column elementor-col-50 elementor-top-column elementor-element elementor-element-22045959\" data-id=\"22045959\" data-element_type=\"column\">\n\t\t\t<div class=\"elementor-widget-wrap elementor-element-populated\">\n\t\t\t\t\t\t<div class=\"elementor-element elementor-element-20a87065 elementor-widget elementor-widget-text-editor\" data-id=\"20a87065\" data-element_type=\"widget\" data-widget_type=\"text-editor.default\">\n\t\t\t\t<div class=\"elementor-widget-container\">\n\t\t\t\t\t\t\t\t\t<p>The beginnings of the Witold Lutos\u0142awski Chamber Philharmonic in \u0141om\u017ca go back to the establishment in 1977 of the \u0141om\u017ca Chamber Orchestra. Since then the ensemble has given more than one thousand concerts in Poland and abroad and received numerous awards for its artistic achievements and its contribution to the development of musical culture among others &#8222;Podlaska Marka Roku 2018&#8221; (Podlasie Brand of the Year 2018) and &#8222;\u0141om\u017cy\u0144ski Anio\u0142 Biznesu 2019&#8221; (\u0141om\u017ca Business Angel) as the Ambassador of the \u0141om\u017ca Region.<\/p><p>The orchestra\u2019s successive directors were Mieczys\u0142aw Szyma\u0144ski, Henryk Szwedo and Tadeusz Chachaj. The last director was given the title of Honorary Principal Conductor by his successor, Jan Mi\u0142osz Zarzycki, who assumed the post of Managing and Artistic Director in 2004.<br \/>The orchestra has performed with prominent conductors: Tomasz Bugaj, Miros\u0142aw Jacek B\u0142aszczyk, Stefan Fraas, Pierangelo Gelmini, Giancarlo De Lorenzo, Jerzy Maksymiuk, Marek Pijarowski, Peder Rensvik, Jerzy Salwarowski, J\u00f3zef Wi\u0142komirski, and famous soloists, including Eugene Indjic, Krzysztof Jakowicz, Konstanty Andrzej Kulka, Wies\u0142aw Ochman, Gra\u017cyna Brodzi\u0144ska and Piotr Paleczny.<br \/>Orchestra has taken part in numerous prestigious festivals such as the Kristiansund Kirke Kunst Kulturfestival (Norway), Klaipeda Music Spring (Lithuania), U\u017eutrakio Vakarai Festival in Troki (Lithuania), the \u201cSongs from the River Salcia\u201d Festival in Solechniki (Lithuania), Festival \u201cMusic at the Bali\u0144ski Palace in Jaszuny\u201d (Lithuania), International Organ and Chamber Music Festival in Gi\u017cycko, the Moniuszko Festival of the Podlasie Region and the Operetta and Opera Festival in Mazovia. The ensemble also performed at the 1st Warsaw Tournament of Tenors, 6th International Competition of Piano Duos in Bia\u0142ystok, the National Philharmonic in Warsaw and the Royal Concerts at the Royal Castle in Wilan\u00f3w. It has also done a lot to consolidate Polish cultural traditions giving regular concerts in Lithuania and Belarus (Grodno). Foreign tours also took it to France (2009) and Norway (2012).<br \/>The orchestra\u2019s discography includes 16 CDs, one of which won the Fryderyk Award 2019 of the Polish Recording Industry, five won a nomination to the Fryderyk Award and two to the International Classical Music Awards.<br \/>Witold Lutos\u0142awski Chamber Philharmonic in \u0141om\u017ca is the organizer of the International Chamber Music Festival \u201cSacrum et Musica\u201d which was founded in 2005 as well as a series of concerts entitled \u201cMusical evenings at Lutos\u0142awski&#8217;s\u201d.<\/p>\t\t\t\t\t\t\t\t<\/div>\n\t\t\t\t<\/div>\n\t\t\t\t\t<\/div>\n\t\t<\/div>\n\t\t\t\t\t<\/div>\n\t\t<\/section>\n\t\t\t\t<\/div>\n\t\t","protected":false},"excerpt":{"rendered":"<p>Witold Lutos\u0142awski Chamber Philharmonic in \u0141om\u017ca fot. Iwo \u015awi\u0105tkowski The beginnings of the Witold Lutos\u0142awski Chamber Philharmonic in \u0141om\u017ca go back to the establishment in&hellip;<\/p>\n","protected":false},"author":1,"featured_media":0,"parent":0,"menu_order":0,"comment_status":"closed","ping_status":"closed","template":"","meta":{"footnotes":""},"class_list":["post-3425","page","type-page","status-publish","hentry"],"_links":{"self":[{"href":"https:\/\/wsm.art.pl\/index.php?rest_route=\/wp\/v2\/pages\/3425","targetHints":{"allow":["GET"]}}],"collection":[{"href":"https:\/\/wsm.art.pl\/index.php?rest_route=\/wp\/v2\/pages"}],"about":[{"href":"https:\/\/wsm.art.pl\/index.php?rest_route=\/wp\/v2\/types\/page"}],"author":[{"embeddable":true,"href":"https:\/\/wsm.art.pl\/index.php?rest_route=\/wp\/v2\/users\/1"}],"replies":[{"embeddable":true,"href":"https:\/\/wsm.art.pl\/index.php?rest_route=%2Fwp%2Fv2%2Fcomments&post=3425"}],"version-history":[{"count":11,"href":"https:\/\/wsm.art.pl\/index.php?rest_route=\/wp\/v2\/pages\/3425\/revisions"}],"predecessor-version":[{"id":4246,"href":"https:\/\/wsm.art.pl\/index.php?rest_route=\/wp\/v2\/pages\/3425\/revisions\/4246"}],"wp:attachment":[{"href":"https:\/\/wsm.art.pl\/index.php?rest_route=%2Fwp%2Fv2%2Fmedia&parent=3425"}],"curies":[{"name":"wp","href":"https:\/\/api.w.org\/{rel}","templated":true}]}}