{"id":3370,"date":"2021-05-01T09:52:16","date_gmt":"2021-05-01T09:52:16","guid":{"rendered":"https:\/\/wsm.art.pl\/?page_id=3370"},"modified":"2021-05-10T01:24:23","modified_gmt":"2021-05-10T01:24:23","slug":"pawel-lukaszewski-en","status":"publish","type":"page","link":"https:\/\/wsm.art.pl\/?page_id=3370","title":{"rendered":"Pawe\u0142 \u0141ukaszewski EN"},"content":{"rendered":"\t\t<div data-elementor-type=\"wp-page\" data-elementor-id=\"3370\" class=\"elementor elementor-3370\">\n\t\t\t\t\t\t<section class=\"elementor-section elementor-top-section elementor-element elementor-element-24110ddb elementor-section-boxed elementor-section-height-default elementor-section-height-default\" data-id=\"24110ddb\" data-element_type=\"section\">\n\t\t\t\t\t\t<div class=\"elementor-container elementor-column-gap-default\">\n\t\t\t\t\t<div class=\"elementor-column elementor-col-100 elementor-top-column elementor-element elementor-element-54220d03\" data-id=\"54220d03\" data-element_type=\"column\">\n\t\t\t<div class=\"elementor-widget-wrap elementor-element-populated\">\n\t\t\t\t\t\t<div class=\"elementor-element elementor-element-214fb19e elementor-widget elementor-widget-heading\" data-id=\"214fb19e\" data-element_type=\"widget\" data-widget_type=\"heading.default\">\n\t\t\t\t<div class=\"elementor-widget-container\">\n\t\t\t\t\t<h2 class=\"elementor-heading-title elementor-size-default\">Pawe\u0142 \u0141ukaszewski<\/h2>\t\t\t\t<\/div>\n\t\t\t\t<\/div>\n\t\t\t\t\t<\/div>\n\t\t<\/div>\n\t\t\t\t\t<\/div>\n\t\t<\/section>\n\t\t\t\t<section class=\"elementor-section elementor-top-section elementor-element elementor-element-208796d2 elementor-section-boxed elementor-section-height-default elementor-section-height-default\" data-id=\"208796d2\" data-element_type=\"section\">\n\t\t\t\t\t\t<div class=\"elementor-container elementor-column-gap-default\">\n\t\t\t\t\t<div class=\"elementor-column elementor-col-50 elementor-top-column elementor-element elementor-element-2998c263\" data-id=\"2998c263\" data-element_type=\"column\">\n\t\t\t<div class=\"elementor-widget-wrap elementor-element-populated\">\n\t\t\t\t\t\t<div class=\"elementor-element elementor-element-4f2be069 elementor-widget elementor-widget-image\" data-id=\"4f2be069\" data-element_type=\"widget\" data-widget_type=\"image.default\">\n\t\t\t\t<div class=\"elementor-widget-container\">\n\t\t\t\t\t\t\t\t\t\t\t\t<figure class=\"wp-caption\">\n\t\t\t\t\t\t\t\t\t\t<img decoding=\"async\" src=\"https:\/\/wsm.art.pl\/wp-content\/uploads\/elementor\/thumbs\/Lukaszewski-2015-fot.-joanna-ukaszewska-p6drd7m18nl6203upxq64lk1q1ff8nvlr8ql7ed5s8.jpg\" title=\"\u0141ukaszewski-2015 fot. joanna ukaszewska\" alt=\"\u0141ukaszewski-2015 fot. joanna ukaszewska\" loading=\"lazy\" \/>\t\t\t\t\t\t\t\t\t\t\t<figcaption class=\"widget-image-caption wp-caption-text\">fot. Joanna \u0141ukaszewska<\/figcaption>\n\t\t\t\t\t\t\t\t\t\t<\/figure>\n\t\t\t\t\t\t\t\t\t<\/div>\n\t\t\t\t<\/div>\n\t\t\t\t\t<\/div>\n\t\t<\/div>\n\t\t\t\t<div class=\"elementor-column elementor-col-50 elementor-top-column elementor-element elementor-element-22045959\" data-id=\"22045959\" data-element_type=\"column\">\n\t\t\t<div class=\"elementor-widget-wrap elementor-element-populated\">\n\t\t\t\t\t\t<div class=\"elementor-element elementor-element-20a87065 elementor-widget elementor-widget-text-editor\" data-id=\"20a87065\" data-element_type=\"widget\" data-widget_type=\"text-editor.default\">\n\t\t\t\t<div class=\"elementor-widget-container\">\n\t\t\t\t\t\t\t\t\t<p>Born in Cz\u0119stochowa in 1968, he is a graduate of the Fryderyk Chopin Music Academy in Warsaw, where he studied the cello (with Andrzej Wr\u00f3bel, diploma in 1992) and composition (with Marian Borkowski, a diploma with distinction in 1995). He also finished the School for Arts Management at the University of Pozna\u0144 (1994) and the postgraduate course in choral conducting at the Music Academy in Bydgoszcz (1996). He took part in the course of computer music in Warsaw (1992), the courses for young composers in Kazimierz Dolny (1992, 1993) and the summer courses in contemporary music in Krak\u00f3w (with Bogus\u0142aw Schaeffer, 1993). He has been on the faculty of the Fryderyk Chopin University of Music since 1996. In 2000 he gained his Ph.D. in composition (supervisor: Professor Marian Borkowski) and in 2007 he received a post-doctoral degree. He worked as a visiting professor in Chile and Argentina (2003, 2006). He gave a series of lectures in France, Germany, Spain and Norway (2010).<br \/>He has received numerous commissions from Poland and abroad (Japan, Germany, Great Britain, Switzerland) and has held many grants, including those from the Cz\u0119stochowa Town Council (1991-1992), the Professor Bogdan Suchodolski Foundation (1995), the ZAiKS Authors\u2019 and Composers\u2019 Association (1996), the Arts Promotion Fund of the Ministry of Culture (several times) and the President of Warsaw (2010).<br \/>His honours include First Prize at the Composers\u2019 Competition in \u0141om\u017ca (1988), an honourable mention at the Tadeusz Baird Composers\u2019 Competition (1994), First Prize at the Warsaw Music Academy Competition (1994), Second Prize at the 2nd Young Composers\u2019 Forum in Krak\u00f3w (1994), Second Prize at the Adam Didur Competition in Sanok (1996), and Second Prize at the 27th International \u2018Florilege Vocal de Tours\u2019 Competition in France (1998). He won the \u2018Fryderyk\u2019 Awards of the Polish Phonographic Academy (2005, 2006), the Award of the town of St Quentin (for the best performance of a contemporary work) at the Concours Europeen de Choeurs et Maitrises de Cathedrales (2006).<br \/>He has received the Commander\u2019s Cross of the Order of Polonia Restituta (1998), the award of the Mayor of Cz\u0119stochowa for outstanding compositional achievements (1995), the award of the Rector of the Music Academy in Warsaw (2005), the Saint Brother Albert Chmielowski Award for outstanding achievements in composition, conducting and organization of musical life (2006), the Gloria Artis Medal of Merit for Culture (2011) and the Award from the Primate of Poland (2011), Fryderyk Award- Artist of the Year (2013).<\/p>\t\t\t\t\t\t\t\t<\/div>\n\t\t\t\t<\/div>\n\t\t\t\t\t<\/div>\n\t\t<\/div>\n\t\t\t\t\t<\/div>\n\t\t<\/section>\n\t\t\t\t<\/div>\n\t\t","protected":false},"excerpt":{"rendered":"<p>Pawe\u0142 \u0141ukaszewski fot. Joanna \u0141ukaszewska Born in Cz\u0119stochowa in 1968, he is a graduate of the Fryderyk Chopin Music Academy in Warsaw, where he studied&hellip;<\/p>\n","protected":false},"author":1,"featured_media":0,"parent":0,"menu_order":0,"comment_status":"closed","ping_status":"closed","template":"","meta":{"footnotes":""},"class_list":["post-3370","page","type-page","status-publish","hentry"],"_links":{"self":[{"href":"https:\/\/wsm.art.pl\/index.php?rest_route=\/wp\/v2\/pages\/3370","targetHints":{"allow":["GET"]}}],"collection":[{"href":"https:\/\/wsm.art.pl\/index.php?rest_route=\/wp\/v2\/pages"}],"about":[{"href":"https:\/\/wsm.art.pl\/index.php?rest_route=\/wp\/v2\/types\/page"}],"author":[{"embeddable":true,"href":"https:\/\/wsm.art.pl\/index.php?rest_route=\/wp\/v2\/users\/1"}],"replies":[{"embeddable":true,"href":"https:\/\/wsm.art.pl\/index.php?rest_route=%2Fwp%2Fv2%2Fcomments&post=3370"}],"version-history":[{"count":8,"href":"https:\/\/wsm.art.pl\/index.php?rest_route=\/wp\/v2\/pages\/3370\/revisions"}],"predecessor-version":[{"id":5186,"href":"https:\/\/wsm.art.pl\/index.php?rest_route=\/wp\/v2\/pages\/3370\/revisions\/5186"}],"wp:attachment":[{"href":"https:\/\/wsm.art.pl\/index.php?rest_route=%2Fwp%2Fv2%2Fmedia&parent=3370"}],"curies":[{"name":"wp","href":"https:\/\/api.w.org\/{rel}","templated":true}]}}