{"id":3355,"date":"2021-05-01T09:49:01","date_gmt":"2021-05-01T09:49:01","guid":{"rendered":"https:\/\/wsm.art.pl\/?page_id=3355"},"modified":"2021-05-06T13:40:05","modified_gmt":"2021-05-06T13:40:05","slug":"aleksander-kosciow-en","status":"publish","type":"page","link":"https:\/\/wsm.art.pl\/?page_id=3355","title":{"rendered":"Aleksander Ko\u015bci\u00f3w EN"},"content":{"rendered":"\t\t<div data-elementor-type=\"wp-page\" data-elementor-id=\"3355\" class=\"elementor elementor-3355\">\n\t\t\t\t\t\t<section class=\"elementor-section elementor-top-section elementor-element elementor-element-24110ddb elementor-section-boxed elementor-section-height-default elementor-section-height-default\" data-id=\"24110ddb\" data-element_type=\"section\">\n\t\t\t\t\t\t<div class=\"elementor-container elementor-column-gap-default\">\n\t\t\t\t\t<div class=\"elementor-column elementor-col-100 elementor-top-column elementor-element elementor-element-54220d03\" data-id=\"54220d03\" data-element_type=\"column\">\n\t\t\t<div class=\"elementor-widget-wrap elementor-element-populated\">\n\t\t\t\t\t\t<div class=\"elementor-element elementor-element-214fb19e elementor-widget elementor-widget-heading\" data-id=\"214fb19e\" data-element_type=\"widget\" data-widget_type=\"heading.default\">\n\t\t\t\t<div class=\"elementor-widget-container\">\n\t\t\t\t\t<h2 class=\"elementor-heading-title elementor-size-default\">Aleksander Ko\u015bci\u00f3w<\/h2>\t\t\t\t<\/div>\n\t\t\t\t<\/div>\n\t\t\t\t\t<\/div>\n\t\t<\/div>\n\t\t\t\t\t<\/div>\n\t\t<\/section>\n\t\t\t\t<section class=\"elementor-section elementor-top-section elementor-element elementor-element-208796d2 elementor-section-boxed elementor-section-height-default elementor-section-height-default\" data-id=\"208796d2\" data-element_type=\"section\">\n\t\t\t\t\t\t<div class=\"elementor-container elementor-column-gap-default\">\n\t\t\t\t\t<div class=\"elementor-column elementor-col-50 elementor-top-column elementor-element elementor-element-2998c263\" data-id=\"2998c263\" data-element_type=\"column\">\n\t\t\t<div class=\"elementor-widget-wrap elementor-element-populated\">\n\t\t\t\t\t\t<div class=\"elementor-element elementor-element-4f2be069 elementor-widget elementor-widget-image\" data-id=\"4f2be069\" data-element_type=\"widget\" data-widget_type=\"image.default\">\n\t\t\t\t<div class=\"elementor-widget-container\">\n\t\t\t\t\t\t\t\t\t\t\t\t\t\t\t<img fetchpriority=\"high\" decoding=\"async\" width=\"480\" height=\"480\" src=\"https:\/\/wsm.art.pl\/wp-content\/uploads\/2021\/04\/Aleksander-Kosciow-fot.-Aleksander-Kosciow.jpg\" class=\"attachment-medium_large size-medium_large wp-image-2458\" alt=\"\" srcset=\"https:\/\/wsm.art.pl\/wp-content\/uploads\/2021\/04\/Aleksander-Kosciow-fot.-Aleksander-Kosciow.jpg 480w, https:\/\/wsm.art.pl\/wp-content\/uploads\/2021\/04\/Aleksander-Kosciow-fot.-Aleksander-Kosciow-300x300.jpg 300w, https:\/\/wsm.art.pl\/wp-content\/uploads\/2021\/04\/Aleksander-Kosciow-fot.-Aleksander-Kosciow-150x150.jpg 150w\" sizes=\"(max-width: 480px) 100vw, 480px\" \/>\t\t\t\t\t\t\t\t\t\t\t\t\t\t\t<\/div>\n\t\t\t\t<\/div>\n\t\t\t\t\t<\/div>\n\t\t<\/div>\n\t\t\t\t<div class=\"elementor-column elementor-col-50 elementor-top-column elementor-element elementor-element-22045959\" data-id=\"22045959\" data-element_type=\"column\">\n\t\t\t<div class=\"elementor-widget-wrap elementor-element-populated\">\n\t\t\t\t\t\t<div class=\"elementor-element elementor-element-20a87065 elementor-widget elementor-widget-text-editor\" data-id=\"20a87065\" data-element_type=\"widget\" data-widget_type=\"text-editor.default\">\n\t\t\t\t<div class=\"elementor-widget-container\">\n\t\t\t\t\t\t\t\t\t<p>Born in 1974, he graduated from the Fryderyk Chopin University of Music in Warsaw (composition with prof. M. Borkowski and viola with prof. B. Sroczy\u0144ski), where he now teaches composition at his own class.<br \/>He also gave lectures abroad (in the USA and Germany as a part of contemporary composition courses and in South Korea as visiting professor at the Keimyung University in 2009-2010 and 2014-2016). Ko\u015bci\u00f3w co-operated with numerous music ensembles and orchestras in Poland and abroad: Ch\u00f3r Polskiego Radia (Polish Radio Choir), Schola Cantorum Gedanensis, ProModern Vocal Sextet, Hybrid Ensemble, London Sinfonietta, Orkest de Ereprijs, and numerous string quartets, like Camerata String Quartet, Wilan\u00f3w String Quartet, DaFo String Quartet, Royal String Quartet, and recently NeoQuartet and Kronos Quartet (a.o. as one of the Fifty for the Future Kronos&#8217; world-wide project). Ko\u015bci\u00f3w&#8217;s essays and texts about music were published in several periodicals, including Strony, Perspektywy and Scontri).<br \/>Since 2016, vice-rector at the Fryderyk Chopin University of Music.<br \/>A 2005 Junior Grant Fulbright scholar, a member of Phonographic Academy, Polish Composers&#8217; Union and Polish Society of Authors and Composers.<\/p>\t\t\t\t\t\t\t\t<\/div>\n\t\t\t\t<\/div>\n\t\t\t\t\t<\/div>\n\t\t<\/div>\n\t\t\t\t\t<\/div>\n\t\t<\/section>\n\t\t\t\t<\/div>\n\t\t","protected":false},"excerpt":{"rendered":"<p>Aleksander Ko\u015bci\u00f3w Born in 1974, he graduated from the Fryderyk Chopin University of Music in Warsaw (composition with prof. M. Borkowski and viola with prof.&hellip;<\/p>\n","protected":false},"author":1,"featured_media":0,"parent":0,"menu_order":0,"comment_status":"closed","ping_status":"closed","template":"","meta":{"footnotes":""},"class_list":["post-3355","page","type-page","status-publish","hentry"],"_links":{"self":[{"href":"https:\/\/wsm.art.pl\/index.php?rest_route=\/wp\/v2\/pages\/3355","targetHints":{"allow":["GET"]}}],"collection":[{"href":"https:\/\/wsm.art.pl\/index.php?rest_route=\/wp\/v2\/pages"}],"about":[{"href":"https:\/\/wsm.art.pl\/index.php?rest_route=\/wp\/v2\/types\/page"}],"author":[{"embeddable":true,"href":"https:\/\/wsm.art.pl\/index.php?rest_route=\/wp\/v2\/users\/1"}],"replies":[{"embeddable":true,"href":"https:\/\/wsm.art.pl\/index.php?rest_route=%2Fwp%2Fv2%2Fcomments&post=3355"}],"version-history":[{"count":8,"href":"https:\/\/wsm.art.pl\/index.php?rest_route=\/wp\/v2\/pages\/3355\/revisions"}],"predecessor-version":[{"id":4210,"href":"https:\/\/wsm.art.pl\/index.php?rest_route=\/wp\/v2\/pages\/3355\/revisions\/4210"}],"wp:attachment":[{"href":"https:\/\/wsm.art.pl\/index.php?rest_route=%2Fwp%2Fv2%2Fmedia&parent=3355"}],"curies":[{"name":"wp","href":"https:\/\/api.w.org\/{rel}","templated":true}]}}