{"id":27,"date":"2021-03-22T12:07:35","date_gmt":"2021-03-22T12:07:35","guid":{"rendered":"https:\/\/wsm2.ptmw.art.pl\/?page_id=27"},"modified":"2022-10-18T01:18:25","modified_gmt":"2022-10-18T01:18:25","slug":"miejsca","status":"publish","type":"page","link":"https:\/\/wsm.art.pl\/?page_id=27","title":{"rendered":"Miejsca2021"},"content":{"rendered":"\t\t<div data-elementor-type=\"wp-page\" data-elementor-id=\"27\" class=\"elementor elementor-27\">\n\t\t\t\t\t\t<section class=\"elementor-section elementor-top-section elementor-element elementor-element-514966d elementor-section-boxed elementor-section-height-default elementor-section-height-default\" data-id=\"514966d\" data-element_type=\"section\">\n\t\t\t\t\t\t<div class=\"elementor-container elementor-column-gap-default\">\n\t\t\t\t\t<div class=\"elementor-column elementor-col-100 elementor-top-column elementor-element elementor-element-77f005a\" data-id=\"77f005a\" data-element_type=\"column\">\n\t\t\t<div class=\"elementor-widget-wrap elementor-element-populated\">\n\t\t\t\t\t\t<div class=\"elementor-element elementor-element-4da3127 elementor-widget elementor-widget-image\" data-id=\"4da3127\" data-element_type=\"widget\" data-widget_type=\"image.default\">\n\t\t\t\t<div class=\"elementor-widget-container\">\n\t\t\t\t\t\t\t\t\t\t\t\t\t\t\t<img decoding=\"async\" width=\"300\" height=\"75\" src=\"https:\/\/wsm.art.pl\/wp-content\/uploads\/2021\/04\/16.04-paski-big-stronka-wsm-04-300x75.png\" class=\"attachment-medium size-medium wp-image-1654\" alt=\"\" srcset=\"https:\/\/wsm.art.pl\/wp-content\/uploads\/2021\/04\/16.04-paski-big-stronka-wsm-04-300x75.png 300w, https:\/\/wsm.art.pl\/wp-content\/uploads\/2021\/04\/16.04-paski-big-stronka-wsm-04-1024x257.png 1024w, https:\/\/wsm.art.pl\/wp-content\/uploads\/2021\/04\/16.04-paski-big-stronka-wsm-04-768x193.png 768w, https:\/\/wsm.art.pl\/wp-content\/uploads\/2021\/04\/16.04-paski-big-stronka-wsm-04-1536x386.png 1536w, https:\/\/wsm.art.pl\/wp-content\/uploads\/2021\/04\/16.04-paski-big-stronka-wsm-04-2048x515.png 2048w\" sizes=\"(max-width: 300px) 100vw, 300px\" \/>\t\t\t\t\t\t\t\t\t\t\t\t\t\t\t<\/div>\n\t\t\t\t<\/div>\n\t\t\t\t\t<\/div>\n\t\t<\/div>\n\t\t\t\t\t<\/div>\n\t\t<\/section>\n\t\t\t\t<section class=\"elementor-section elementor-top-section elementor-element elementor-element-c76f0dd elementor-section-boxed elementor-section-height-default elementor-section-height-default\" data-id=\"c76f0dd\" data-element_type=\"section\">\n\t\t\t\t\t\t<div class=\"elementor-container elementor-column-gap-default\">\n\t\t\t\t\t<div class=\"elementor-column elementor-col-50 elementor-top-column elementor-element elementor-element-9923902\" data-id=\"9923902\" data-element_type=\"column\">\n\t\t\t<div class=\"elementor-widget-wrap elementor-element-populated\">\n\t\t\t\t\t\t<div class=\"elementor-element elementor-element-0c7d786 eael-infobox-icon-bg-shape-none eael-infobox-icon-hover-bg-shape-none elementor-widget elementor-widget-eael-info-box\" data-id=\"0c7d786\" data-element_type=\"widget\" data-widget_type=\"eael-info-box.default\">\n\t\t\t\t<div class=\"elementor-widget-container\">\n\t\t\t\t\t        <div class=\"eael-infobox icon-on-left\">\n\t            <div class=\"infobox-icon eael-icon-only\">\n\n            \n                            <div class=\"infobox-icon-wrap\">\n                                    <\/div>\n            \n            \n        <\/div>\n            <div class=\"infobox-content eael-icon-only\">\n        <div><div class=\"page\" title=\"Page 2\"><div class=\"section\"><div class=\"layoutArea\"><div class=\"column\"><p><span style=\"color: #13497b;\"><a style=\"color: #13497b;\" href=\"https:\/\/chopin.edu.pl\/\">Uniwersytet Muzyczny Fryderyka Chopina<\/a><\/span><\/p><p><span style=\"color: #13497b;\"><a style=\"color: #13497b;\" href=\"https:\/\/www.trojca.waw.pl\/\">Ko\u015bci\u00f3\u0142 Ewangelicko-Augsburski \u015awi\u0119tej Tr\u00f3jcy<\/a><\/span><\/p><p><span style=\"color: #13497b;\"><a style=\"color: #13497b;\" href=\"https:\/\/www.sdk.waw.pl\">S\u0142uz\u0307ewski Dom Kultury<\/a><\/span><\/p><p style=\"text-align: left;\"><span style=\"color: #13497b;\"><a style=\"color: #13497b;\" href=\"https:\/\/promkultury.pl\">PROM Kultury Saska Ke\u0328pa<\/a><\/span><\/p><p style=\"text-align: left;\"><span style=\"color: #13497b;\"><a style=\"color: #13497b;\" href=\"https:\/\/reformowani.org.pl\/\">Ko\u015bci\u00f3\u0142 Ewangelicko-Reformowany<\/a><\/span><\/p><p style=\"text-align: left;\"><span style=\"color: #13497b;\"><a style=\"color: #13497b;\" href=\"http:\/\/www.studianagran.com.pl\/studia\/\">Studio Koncertowe PR im. Witolda Lutos\u0142awskiego<\/a><\/span><\/p><p style=\"text-align: left;\"><span style=\"color: #13497b;\">\u00a0<\/span><\/p><\/div><\/div><\/div><\/div><\/div>        <\/div>\n            <\/div>\n\n\t\t\t\t\t\t<\/div>\n\t\t\t\t<\/div>\n\t\t\t\t\t<\/div>\n\t\t<\/div>\n\t\t\t\t<div class=\"elementor-column elementor-col-50 elementor-top-column elementor-element elementor-element-c1601c3\" data-id=\"c1601c3\" data-element_type=\"column\">\n\t\t\t<div class=\"elementor-widget-wrap elementor-element-populated\">\n\t\t\t\t\t\t<div class=\"elementor-element elementor-element-87d1b61 elementor-align-justify elementor-widget elementor-widget-button\" data-id=\"87d1b61\" data-element_type=\"widget\" data-widget_type=\"button.default\">\n\t\t\t\t<div class=\"elementor-widget-container\">\n\t\t\t\t\t\t\t\t\t<div class=\"elementor-button-wrapper\">\n\t\t\t\t\t<a class=\"elementor-button elementor-button-link elementor-size-sm\" href=\"https:\/\/wsm.art.pl\/?page_id=3996\">\n\t\t\t\t\t\t<span class=\"elementor-button-content-wrapper\">\n\t\t\t\t\t\t\t\t\t<span class=\"elementor-button-text\">WSM 2021<\/span>\n\t\t\t\t\t<\/span>\n\t\t\t\t\t<\/a>\n\t\t\t\t<\/div>\n\t\t\t\t\t\t\t\t<\/div>\n\t\t\t\t<\/div>\n\t\t\t\t<div class=\"elementor-element elementor-element-f78d10c elementor-align-justify elementor-widget elementor-widget-button\" data-id=\"f78d10c\" data-element_type=\"widget\" data-widget_type=\"button.default\">\n\t\t\t\t<div class=\"elementor-widget-container\">\n\t\t\t\t\t\t\t\t\t<div class=\"elementor-button-wrapper\">\n\t\t\t\t\t<a class=\"elementor-button elementor-button-link elementor-size-sm\" href=\"https:\/\/wsm.art.pl\/?page_id=21\">\n\t\t\t\t\t\t<span class=\"elementor-button-content-wrapper\">\n\t\t\t\t\t\t\t\t\t<span class=\"elementor-button-text\">PROGRAM 2021<\/span>\n\t\t\t\t\t<\/span>\n\t\t\t\t\t<\/a>\n\t\t\t\t<\/div>\n\t\t\t\t\t\t\t\t<\/div>\n\t\t\t\t<\/div>\n\t\t\t\t<div class=\"elementor-element elementor-element-a1fc123 elementor-align-justify elementor-widget elementor-widget-button\" data-id=\"a1fc123\" data-element_type=\"widget\" data-widget_type=\"button.default\">\n\t\t\t\t<div class=\"elementor-widget-container\">\n\t\t\t\t\t\t\t\t\t<div class=\"elementor-button-wrapper\">\n\t\t\t\t\t<a class=\"elementor-button elementor-button-link elementor-size-sm\" href=\"https:\/\/wsm.art.pl\/?page_id=23\">\n\t\t\t\t\t\t<span class=\"elementor-button-content-wrapper\">\n\t\t\t\t\t\t\t\t\t<span class=\"elementor-button-text\">KOMPOZYTORZY 2021<\/span>\n\t\t\t\t\t<\/span>\n\t\t\t\t\t<\/a>\n\t\t\t\t<\/div>\n\t\t\t\t\t\t\t\t<\/div>\n\t\t\t\t<\/div>\n\t\t\t\t<div class=\"elementor-element elementor-element-f2a47e8 elementor-align-justify elementor-widget elementor-widget-button\" data-id=\"f2a47e8\" data-element_type=\"widget\" data-widget_type=\"button.default\">\n\t\t\t\t<div class=\"elementor-widget-container\">\n\t\t\t\t\t\t\t\t\t<div class=\"elementor-button-wrapper\">\n\t\t\t\t\t<a class=\"elementor-button elementor-button-link elementor-size-sm\" href=\"https:\/\/wsm.art.pl\/?page_id=25\">\n\t\t\t\t\t\t<span class=\"elementor-button-content-wrapper\">\n\t\t\t\t\t\t\t\t\t<span class=\"elementor-button-text\">WYKONAWCY 2021<\/span>\n\t\t\t\t\t<\/span>\n\t\t\t\t\t<\/a>\n\t\t\t\t<\/div>\n\t\t\t\t\t\t\t\t<\/div>\n\t\t\t\t<\/div>\n\t\t\t\t<div class=\"elementor-element elementor-element-9c789e5 elementor-align-justify elementor-widget elementor-widget-button\" data-id=\"9c789e5\" data-element_type=\"widget\" data-widget_type=\"button.default\">\n\t\t\t\t<div class=\"elementor-widget-container\">\n\t\t\t\t\t\t\t\t\t<div class=\"elementor-button-wrapper\">\n\t\t\t\t\t<a class=\"elementor-button elementor-button-link elementor-size-sm\" href=\"https:\/\/wsm.art.pl\/?page_id=4624\">\n\t\t\t\t\t\t<span class=\"elementor-button-content-wrapper\">\n\t\t\t\t\t\t\t\t\t<span class=\"elementor-button-text\">ENGLISH 2021<\/span>\n\t\t\t\t\t<\/span>\n\t\t\t\t\t<\/a>\n\t\t\t\t<\/div>\n\t\t\t\t\t\t\t\t<\/div>\n\t\t\t\t<\/div>\n\t\t\t\t\t<\/div>\n\t\t<\/div>\n\t\t\t\t\t<\/div>\n\t\t<\/section>\n\t\t\t\t<\/div>\n\t\t","protected":false},"excerpt":{"rendered":"<p>Uniwersytet Muzyczny Fryderyka Chopina Ko\u015bci\u00f3\u0142 Ewangelicko-Augsburski \u015awi\u0119tej Tr\u00f3jcy S\u0142uz\u0307ewski Dom Kultury PROM Kultury Saska Ke\u0328pa Ko\u015bci\u00f3\u0142 Ewangelicko-Reformowany Studio Koncertowe PR im. Witolda Lutos\u0142awskiego \u00a0 WSM&hellip;<\/p>\n","protected":false},"author":1,"featured_media":0,"parent":0,"menu_order":0,"comment_status":"closed","ping_status":"closed","template":"","meta":{"footnotes":""},"class_list":["post-27","page","type-page","status-publish","hentry"],"_links":{"self":[{"href":"https:\/\/wsm.art.pl\/index.php?rest_route=\/wp\/v2\/pages\/27","targetHints":{"allow":["GET"]}}],"collection":[{"href":"https:\/\/wsm.art.pl\/index.php?rest_route=\/wp\/v2\/pages"}],"about":[{"href":"https:\/\/wsm.art.pl\/index.php?rest_route=\/wp\/v2\/types\/page"}],"author":[{"embeddable":true,"href":"https:\/\/wsm.art.pl\/index.php?rest_route=\/wp\/v2\/users\/1"}],"replies":[{"embeddable":true,"href":"https:\/\/wsm.art.pl\/index.php?rest_route=%2Fwp%2Fv2%2Fcomments&post=27"}],"version-history":[{"count":129,"href":"https:\/\/wsm.art.pl\/index.php?rest_route=\/wp\/v2\/pages\/27\/revisions"}],"predecessor-version":[{"id":9218,"href":"https:\/\/wsm.art.pl\/index.php?rest_route=\/wp\/v2\/pages\/27\/revisions\/9218"}],"wp:attachment":[{"href":"https:\/\/wsm.art.pl\/index.php?rest_route=%2Fwp%2Fv2%2Fmedia&parent=27"}],"curies":[{"name":"wp","href":"https:\/\/api.w.org\/{rel}","templated":true}]}}