{"id":23,"date":"2021-03-22T12:07:12","date_gmt":"2021-03-22T12:07:12","guid":{"rendered":"https:\/\/wsm2.ptmw.art.pl\/?page_id=23"},"modified":"2022-10-18T01:17:08","modified_gmt":"2022-10-18T01:17:08","slug":"kompozytorzy","status":"publish","type":"page","link":"https:\/\/wsm.art.pl\/?page_id=23","title":{"rendered":"Kompozytorzy2021"},"content":{"rendered":"\t\t<div data-elementor-type=\"wp-page\" data-elementor-id=\"23\" class=\"elementor elementor-23\">\n\t\t\t\t\t\t<section class=\"elementor-section elementor-top-section elementor-element elementor-element-dda65cd elementor-section-boxed elementor-section-height-default elementor-section-height-default\" data-id=\"dda65cd\" data-element_type=\"section\">\n\t\t\t\t\t\t<div class=\"elementor-container elementor-column-gap-default\">\n\t\t\t\t\t<div class=\"elementor-column elementor-col-100 elementor-top-column elementor-element elementor-element-05cb1e1\" data-id=\"05cb1e1\" data-element_type=\"column\">\n\t\t\t<div class=\"elementor-widget-wrap elementor-element-populated\">\n\t\t\t\t\t\t<div class=\"elementor-element elementor-element-0c4ce3d elementor-widget elementor-widget-image\" data-id=\"0c4ce3d\" data-element_type=\"widget\" data-widget_type=\"image.default\">\n\t\t\t\t<div class=\"elementor-widget-container\">\n\t\t\t\t\t\t\t\t\t\t\t\t\t\t\t<img decoding=\"async\" width=\"300\" height=\"75\" src=\"https:\/\/wsm.art.pl\/wp-content\/uploads\/2021\/04\/16.04-paski-big-stronka-wsm-02-300x75.png\" class=\"attachment-medium size-medium wp-image-1646\" alt=\"\" srcset=\"https:\/\/wsm.art.pl\/wp-content\/uploads\/2021\/04\/16.04-paski-big-stronka-wsm-02-300x75.png 300w, https:\/\/wsm.art.pl\/wp-content\/uploads\/2021\/04\/16.04-paski-big-stronka-wsm-02-1024x257.png 1024w, https:\/\/wsm.art.pl\/wp-content\/uploads\/2021\/04\/16.04-paski-big-stronka-wsm-02-768x193.png 768w, https:\/\/wsm.art.pl\/wp-content\/uploads\/2021\/04\/16.04-paski-big-stronka-wsm-02-1536x386.png 1536w, https:\/\/wsm.art.pl\/wp-content\/uploads\/2021\/04\/16.04-paski-big-stronka-wsm-02-2048x515.png 2048w\" sizes=\"(max-width: 300px) 100vw, 300px\" \/>\t\t\t\t\t\t\t\t\t\t\t\t\t\t\t<\/div>\n\t\t\t\t<\/div>\n\t\t\t\t\t<\/div>\n\t\t<\/div>\n\t\t\t\t\t<\/div>\n\t\t<\/section>\n\t\t\t\t<section class=\"elementor-section elementor-top-section elementor-element elementor-element-51278a0 elementor-section-boxed elementor-section-height-default elementor-section-height-default\" data-id=\"51278a0\" data-element_type=\"section\">\n\t\t\t\t\t\t<div class=\"elementor-container elementor-column-gap-default\">\n\t\t\t\t\t<div class=\"elementor-column elementor-col-50 elementor-top-column elementor-element elementor-element-ef213f6\" data-id=\"ef213f6\" data-element_type=\"column\">\n\t\t\t<div class=\"elementor-widget-wrap elementor-element-populated\">\n\t\t\t\t\t\t<div class=\"elementor-element elementor-element-a88af29 elementor-widget elementor-widget-text-editor\" data-id=\"a88af29\" data-element_type=\"widget\" data-widget_type=\"text-editor.default\">\n\t\t\t\t<div class=\"elementor-widget-container\">\n\t\t\t\t\t\t\t\t\t<p><a href=\"https:\/\/wsm.art.pl\/?page_id=1048\">Zbigniew Bargielski<\/a><br \/><a href=\"https:\/\/wsm.art.pl\/?page_id=1053\">Augustyn Bloch<\/a><br \/><a href=\"https:\/\/wsm.art.pl\/?page_id=3878\">Marian Borkowski<\/a><br \/><a href=\"https:\/\/wsm.art.pl\/?page_id=1059\">S\u0142awomir Czarnecki<\/a><br \/><a href=\"https:\/\/wsm.art.pl\/?page_id=4748\">Josquin Desprez<\/a><br \/><a href=\"https:\/\/wsm.art.pl\/?page_id=1126\">Sz\u00e1bolcs Eszt\u00e9nyi<\/a><br \/><a href=\"https:\/\/wsm.art.pl\/?page_id=4400\" target=\"_blank\" rel=\"noopener\">August Freyer<\/a><br \/><a href=\"https:\/\/wsm.art.pl\/?page_id=1075\">Jan Gaca<\/a><br \/><a href=\"https:\/\/wsm.art.pl\/?page_id=1080\">Carlo Gesualdo da Venosa<\/a><br \/><a href=\"https:\/\/wsm.art.pl\/?page_id=1095\">Andrzej Jakuszew (Andrei Yakushau)<\/a><br \/><a href=\"https:\/\/wsm.art.pl\/?page_id=1090\">Krzysztof Kicior<\/a><br \/><a href=\"https:\/\/wsm.art.pl\/?page_id=1099\">Aleksander Ko\u015bci\u00f3w<\/a><br \/><a href=\"https:\/\/wsm.art.pl\/?page_id=1097\">Hanna Kulenty<\/a><br \/><a href=\"https:\/\/wsm.art.pl\/?page_id=1101\">Juliusz \u0141uciuk<\/a><br \/><a href=\"https:\/\/wsm.art.pl\/?page_id=1104\">Pawe\u0142 \u0141ukaszewski<\/a><br \/><a href=\"https:\/\/wsm.art.pl\/?page_id=1106\">Tadeusz Machl<\/a><br \/><a href=\"https:\/\/wsm.art.pl\/?page_id=1110\">Roman Maciejewski<\/a><br \/><a href=\"https:\/\/wsm.art.pl\/?page_id=4774\">Magdalena Ma\u0142ecka-Wippich &#8211; autorka libretta<\/a><br \/><a href=\"https:\/\/wsm.art.pl\/?page_id=1112\">Maciej Ma\u0142ecki<\/a><br \/><a href=\"https:\/\/wsm.art.pl\/?page_id=1302\">Zbigniew Penherski<\/a><br \/><a href=\"https:\/\/wsm.art.pl\/?page_id=1114\">Marta Ptaszy\u0144ska<\/a><br \/><a href=\"https:\/\/wsm.art.pl\/?page_id=4382\" target=\"_blank\" rel=\"noopener\">Feliks R\u0105czkowski<\/a><br \/><a href=\"https:\/\/wsm.art.pl\/?page_id=1118\">Marian Sawa<\/a><br \/><a href=\"https:\/\/wsm.art.pl\/?page_id=1120\">Edward Sielicki<\/a><br \/><a href=\"https:\/\/wsm.art.pl\/?page_id=1410\">Ma\u0142gorzata Strza\u0142kowska &#8211; pisarka<\/a><br \/><a href=\"https:\/\/wsm.art.pl\/?page_id=1122\">W\u0142adys\u0142aw S\u0142owi\u0144ski<\/a><br \/><a href=\"https:\/\/wsm.art.pl\/?page_id=1124\">Romuald Twardowski<\/a><br \/><a href=\"https:\/\/wsm.art.pl\/?page_id=4757\">Miko\u0142aj Ziele\u0144ski<\/a><\/p>\t\t\t\t\t\t\t\t<\/div>\n\t\t\t\t<\/div>\n\t\t\t\t\t<\/div>\n\t\t<\/div>\n\t\t\t\t<div class=\"elementor-column elementor-col-50 elementor-top-column elementor-element elementor-element-3df460e\" data-id=\"3df460e\" data-element_type=\"column\">\n\t\t\t<div class=\"elementor-widget-wrap elementor-element-populated\">\n\t\t\t\t\t\t<div class=\"elementor-element elementor-element-a206956 elementor-align-justify elementor-widget elementor-widget-button\" data-id=\"a206956\" data-element_type=\"widget\" data-widget_type=\"button.default\">\n\t\t\t\t<div class=\"elementor-widget-container\">\n\t\t\t\t\t\t\t\t\t<div class=\"elementor-button-wrapper\">\n\t\t\t\t\t<a class=\"elementor-button elementor-button-link elementor-size-sm\" href=\"https:\/\/wsm.art.pl\/?page_id=3996\">\n\t\t\t\t\t\t<span class=\"elementor-button-content-wrapper\">\n\t\t\t\t\t\t\t\t\t<span class=\"elementor-button-text\">WSM 2021<\/span>\n\t\t\t\t\t<\/span>\n\t\t\t\t\t<\/a>\n\t\t\t\t<\/div>\n\t\t\t\t\t\t\t\t<\/div>\n\t\t\t\t<\/div>\n\t\t\t\t<div class=\"elementor-element elementor-element-8bcd696 elementor-align-justify elementor-widget elementor-widget-button\" data-id=\"8bcd696\" data-element_type=\"widget\" data-widget_type=\"button.default\">\n\t\t\t\t<div class=\"elementor-widget-container\">\n\t\t\t\t\t\t\t\t\t<div class=\"elementor-button-wrapper\">\n\t\t\t\t\t<a class=\"elementor-button elementor-button-link elementor-size-sm\" href=\"https:\/\/wsm.art.pl\/?page_id=21\">\n\t\t\t\t\t\t<span class=\"elementor-button-content-wrapper\">\n\t\t\t\t\t\t\t\t\t<span class=\"elementor-button-text\">PROGRAM 2021<\/span>\n\t\t\t\t\t<\/span>\n\t\t\t\t\t<\/a>\n\t\t\t\t<\/div>\n\t\t\t\t\t\t\t\t<\/div>\n\t\t\t\t<\/div>\n\t\t\t\t<div class=\"elementor-element elementor-element-6f37d53 elementor-align-justify elementor-widget elementor-widget-button\" data-id=\"6f37d53\" data-element_type=\"widget\" data-widget_type=\"button.default\">\n\t\t\t\t<div class=\"elementor-widget-container\">\n\t\t\t\t\t\t\t\t\t<div class=\"elementor-button-wrapper\">\n\t\t\t\t\t<a class=\"elementor-button elementor-button-link elementor-size-sm\" href=\"https:\/\/wsm.art.pl\/?page_id=25\">\n\t\t\t\t\t\t<span class=\"elementor-button-content-wrapper\">\n\t\t\t\t\t\t\t\t\t<span class=\"elementor-button-text\">WYKONAWCY 2021<\/span>\n\t\t\t\t\t<\/span>\n\t\t\t\t\t<\/a>\n\t\t\t\t<\/div>\n\t\t\t\t\t\t\t\t<\/div>\n\t\t\t\t<\/div>\n\t\t\t\t<div class=\"elementor-element elementor-element-717e18c elementor-align-justify elementor-widget elementor-widget-button\" data-id=\"717e18c\" data-element_type=\"widget\" data-widget_type=\"button.default\">\n\t\t\t\t<div class=\"elementor-widget-container\">\n\t\t\t\t\t\t\t\t\t<div class=\"elementor-button-wrapper\">\n\t\t\t\t\t<a class=\"elementor-button elementor-button-link elementor-size-sm\" href=\"https:\/\/wsm.art.pl\/?page_id=27\">\n\t\t\t\t\t\t<span class=\"elementor-button-content-wrapper\">\n\t\t\t\t\t\t\t\t\t<span class=\"elementor-button-text\">MIEJSCA 2021<\/span>\n\t\t\t\t\t<\/span>\n\t\t\t\t\t<\/a>\n\t\t\t\t<\/div>\n\t\t\t\t\t\t\t\t<\/div>\n\t\t\t\t<\/div>\n\t\t\t\t<div class=\"elementor-element elementor-element-f0ed5aa elementor-align-justify elementor-widget elementor-widget-button\" data-id=\"f0ed5aa\" data-element_type=\"widget\" data-widget_type=\"button.default\">\n\t\t\t\t<div class=\"elementor-widget-container\">\n\t\t\t\t\t\t\t\t\t<div class=\"elementor-button-wrapper\">\n\t\t\t\t\t<a class=\"elementor-button elementor-button-link elementor-size-sm\" href=\"https:\/\/wsm.art.pl\/?page_id=4624\">\n\t\t\t\t\t\t<span class=\"elementor-button-content-wrapper\">\n\t\t\t\t\t\t\t\t\t<span class=\"elementor-button-text\">ENGLISH 2021<\/span>\n\t\t\t\t\t<\/span>\n\t\t\t\t\t<\/a>\n\t\t\t\t<\/div>\n\t\t\t\t\t\t\t\t<\/div>\n\t\t\t\t<\/div>\n\t\t\t\t\t<\/div>\n\t\t<\/div>\n\t\t\t\t\t<\/div>\n\t\t<\/section>\n\t\t\t\t<section class=\"elementor-section elementor-top-section elementor-element elementor-element-07683a2 elementor-section-boxed elementor-section-height-default elementor-section-height-default\" data-id=\"07683a2\" data-element_type=\"section\">\n\t\t\t\t\t\t<div class=\"elementor-container elementor-column-gap-default\">\n\t\t\t\t\t<div class=\"elementor-column elementor-col-100 elementor-top-column elementor-element elementor-element-f82583c\" data-id=\"f82583c\" data-element_type=\"column\">\n\t\t\t<div class=\"elementor-widget-wrap elementor-element-populated\">\n\t\t\t\t\t\t<div class=\"elementor-element elementor-element-f013be1 elementor-widget elementor-widget-text-editor\" data-id=\"f013be1\" data-element_type=\"widget\" data-widget_type=\"text-editor.default\">\n\t\t\t\t<div class=\"elementor-widget-container\">\n\t\t\t\t\t\t\t\t\t<p><a href=\"https:\/\/wsm.art.pl\/?page_id=1048\">Zbigniew Bargielski<\/a><br \/><a href=\"https:\/\/wsm.art.pl\/?page_id=1053\">Augustyn Bloch<\/a><br \/><a href=\"https:\/\/wsm.art.pl\/?page_id=3878\">Marian Borkowski<\/a><br \/><a href=\"https:\/\/wsm.art.pl\/?page_id=1059\">S\u0142awomir Czarnecki<\/a><br \/><a href=\"https:\/\/wsm.art.pl\/?page_id=4748\">Josquin Desprez<\/a><br \/><a href=\"https:\/\/wsm.art.pl\/?page_id=1126\">Sz\u00e1bolcs Eszt\u00e9nyi<\/a><br \/><a href=\"https:\/\/wsm.art.pl\/?page_id=4400\" target=\"_blank\" rel=\"noopener\">August Freyer<\/a><br \/><a href=\"https:\/\/wsm.art.pl\/?page_id=1075\">Jan Gaca<\/a><br \/><a href=\"https:\/\/wsm.art.pl\/?page_id=1080\">Carlo Gesualdo da Venosa<\/a><br \/><a href=\"https:\/\/wsm.art.pl\/?page_id=1095\">Andrzej Jakuszew (Andrei Yakushau)<\/a><br \/><a href=\"https:\/\/wsm.art.pl\/?page_id=1090\">Krzysztof Kicior<\/a><br \/><a href=\"https:\/\/wsm.art.pl\/?page_id=1099\">Aleksander Ko\u015bci\u00f3w<\/a><br \/><a href=\"https:\/\/wsm.art.pl\/?page_id=1097\">Hanna Kulenty<\/a><br \/><a href=\"https:\/\/wsm.art.pl\/?page_id=1101\">Juliusz \u0141uciuk<\/a><br \/><a href=\"https:\/\/wsm.art.pl\/?page_id=1104\">Pawe\u0142 \u0141ukaszewski<\/a><br \/><a href=\"https:\/\/wsm.art.pl\/?page_id=1106\">Tadeusz Machl<\/a><br \/><a href=\"https:\/\/wsm.art.pl\/?page_id=1110\">Roman Maciejewski<\/a><br \/><a href=\"https:\/\/wsm.art.pl\/?page_id=4774\">Magdalena Ma\u0142ecka-Wippich &#8211; autorka libretta<\/a><br \/><a href=\"https:\/\/wsm.art.pl\/?page_id=1112\">Maciej Ma\u0142ecki<\/a><br \/><a href=\"https:\/\/wsm.art.pl\/?page_id=1302\">Zbigniew Penherski<\/a><br \/><a href=\"https:\/\/wsm.art.pl\/?page_id=1114\">Marta Ptaszy\u0144ska<\/a><br \/><a href=\"https:\/\/wsm.art.pl\/?page_id=4382\" target=\"_blank\" rel=\"noopener\">Feliks R\u0105czkowski<\/a><br \/><a href=\"https:\/\/wsm.art.pl\/?page_id=1118\">Marian Sawa<\/a><br \/><a href=\"https:\/\/wsm.art.pl\/?page_id=1120\">Edward Sielicki<\/a><br \/><a href=\"https:\/\/wsm.art.pl\/?page_id=1410\">Ma\u0142gorzata Strza\u0142kowska &#8211; pisarka<\/a><br \/><a href=\"https:\/\/wsm.art.pl\/?page_id=1122\">W\u0142adys\u0142aw S\u0142owi\u0144ski<\/a><br \/><a href=\"https:\/\/wsm.art.pl\/?page_id=1124\">Romuald Twardowski<\/a><br \/><a href=\"https:\/\/wsm.art.pl\/?page_id=4757\">Miko\u0142aj Ziele\u0144ski<\/a><\/p>\t\t\t\t\t\t\t\t<\/div>\n\t\t\t\t<\/div>\n\t\t\t\t\t<\/div>\n\t\t<\/div>\n\t\t\t\t\t<\/div>\n\t\t<\/section>\n\t\t\t\t<\/div>\n\t\t","protected":false},"excerpt":{"rendered":"<p>Zbigniew BargielskiAugustyn BlochMarian BorkowskiS\u0142awomir CzarneckiJosquin DesprezSz\u00e1bolcs Eszt\u00e9nyiAugust FreyerJan GacaCarlo Gesualdo da VenosaAndrzej Jakuszew (Andrei Yakushau)Krzysztof KiciorAleksander Ko\u015bci\u00f3wHanna KulentyJuliusz \u0141uciukPawe\u0142 \u0141ukaszewskiTadeusz MachlRoman MaciejewskiMagdalena Ma\u0142ecka-Wippich &#8211; autorka&hellip;<\/p>\n","protected":false},"author":1,"featured_media":0,"parent":0,"menu_order":0,"comment_status":"closed","ping_status":"closed","template":"","meta":{"footnotes":""},"class_list":["post-23","page","type-page","status-publish","hentry"],"_links":{"self":[{"href":"https:\/\/wsm.art.pl\/index.php?rest_route=\/wp\/v2\/pages\/23","targetHints":{"allow":["GET"]}}],"collection":[{"href":"https:\/\/wsm.art.pl\/index.php?rest_route=\/wp\/v2\/pages"}],"about":[{"href":"https:\/\/wsm.art.pl\/index.php?rest_route=\/wp\/v2\/types\/page"}],"author":[{"embeddable":true,"href":"https:\/\/wsm.art.pl\/index.php?rest_route=\/wp\/v2\/users\/1"}],"replies":[{"embeddable":true,"href":"https:\/\/wsm.art.pl\/index.php?rest_route=%2Fwp%2Fv2%2Fcomments&post=23"}],"version-history":[{"count":132,"href":"https:\/\/wsm.art.pl\/index.php?rest_route=\/wp\/v2\/pages\/23\/revisions"}],"predecessor-version":[{"id":9215,"href":"https:\/\/wsm.art.pl\/index.php?rest_route=\/wp\/v2\/pages\/23\/revisions\/9215"}],"wp:attachment":[{"href":"https:\/\/wsm.art.pl\/index.php?rest_route=%2Fwp%2Fv2%2Fmedia&parent=23"}],"curies":[{"name":"wp","href":"https:\/\/api.w.org\/{rel}","templated":true}]}}