{"id":18428,"date":"2026-03-21T00:30:27","date_gmt":"2026-03-21T00:30:27","guid":{"rendered":"https:\/\/wsm.art.pl\/?page_id=18428"},"modified":"2026-03-29T15:56:32","modified_gmt":"2026-03-29T15:56:32","slug":"arch-2025-wsm-wykonawcy","status":"publish","type":"page","link":"https:\/\/wsm.art.pl\/?page_id=18428","title":{"rendered":"ARCH. 2025 WSM WYKONAWCY"},"content":{"rendered":"\t\t<div data-elementor-type=\"wp-page\" data-elementor-id=\"18428\" class=\"elementor elementor-18428\">\n\t\t\t\t\t\t<section class=\"elementor-section elementor-top-section elementor-element elementor-element-60ef51a elementor-section-boxed elementor-section-height-default elementor-section-height-default\" data-id=\"60ef51a\" data-element_type=\"section\">\n\t\t\t\t\t\t<div class=\"elementor-container elementor-column-gap-default\">\n\t\t\t\t\t<div class=\"elementor-column elementor-col-100 elementor-top-column elementor-element elementor-element-99d8c54\" data-id=\"99d8c54\" data-element_type=\"column\">\n\t\t\t<div class=\"elementor-widget-wrap elementor-element-populated\">\n\t\t\t\t\t\t<div class=\"elementor-element elementor-element-5fbb4c7 elementor-widget elementor-widget-heading\" data-id=\"5fbb4c7\" data-element_type=\"widget\" data-widget_type=\"heading.default\">\n\t\t\t\t<div class=\"elementor-widget-container\">\n\t\t\t\t\t<h2 class=\"elementor-heading-title elementor-size-default\">Wykonawcy 2025<\/h2>\t\t\t\t<\/div>\n\t\t\t\t<\/div>\n\t\t\t\t\t<\/div>\n\t\t<\/div>\n\t\t\t\t\t<\/div>\n\t\t<\/section>\n\t\t\t\t<section class=\"elementor-section elementor-top-section elementor-element elementor-element-07683a2 elementor-section-boxed elementor-section-height-default elementor-section-height-default\" data-id=\"07683a2\" data-element_type=\"section\">\n\t\t\t\t\t\t<div class=\"elementor-container elementor-column-gap-default\">\n\t\t\t\t\t<div class=\"elementor-column elementor-col-100 elementor-top-column elementor-element elementor-element-f82583c\" data-id=\"f82583c\" data-element_type=\"column\">\n\t\t\t<div class=\"elementor-widget-wrap elementor-element-populated\">\n\t\t\t\t\t\t<div class=\"elementor-element elementor-element-f013be1 elementor-widget elementor-widget-text-editor\" data-id=\"f013be1\" data-element_type=\"widget\" data-widget_type=\"text-editor.default\">\n\t\t\t\t<div class=\"elementor-widget-container\">\n\t\t\t\t\t\t\t\t\t<p><a href=\"https:\/\/wsm.art.pl\/?page_id=17330\"><strong>BARAN<\/strong> Klaudiusz<\/a> <br \/><a href=\"https:\/\/wsm.art.pl\/?page_id=17336\"><strong>BILI\u0143SKA<\/strong> Beata<\/a> <br \/><a href=\"https:\/\/wsm.art.pl\/?page_id=17359\"><strong>GRALLA<\/strong> Jan<\/a> <br \/><a href=\"https:\/\/wsm.art.pl\/?page_id=17371\"><strong>JANIAK<\/strong> Rafa\u0142<\/a> <br \/><a href=\"https:\/\/wsm.art.pl\/?page_id=17380\"><strong>KOWALSKI<\/strong> Kamil (wideo)<\/a><br \/><a href=\"https:\/\/wsm.art.pl\/?page_id=17389\"><strong>KRAKOWSKI KWINTET D\u0118TY<\/strong><\/a><br \/><a href=\"https:\/\/wsm.art.pl\/?page_id=17398\"><strong>KRZYSZTOFIK-BUCZY\u0143SKA<\/strong> Anna<\/a> <br \/><a href=\"https:\/\/wsm.art.pl\/?page_id=17409\"><strong>LATECKI<\/strong> Ryszard<\/a><br \/><a href=\"https:\/\/wsm.art.pl\/?page_id=17407\"><strong>LOS<\/strong> Veranika<\/a><br \/><a href=\"https:\/\/wsm.art.pl\/?page_id=17429\"><strong>\u0141AGODZI\u0143SKI<\/strong> J\u0119drzej<\/a><br \/><a href=\"https:\/\/wsm.art.pl\/?page_id=17441\"><strong>ORKIESTRA POLSKIEGO RADIA W WARSZAWIE<\/strong><\/a><br \/><a href=\"https:\/\/wsm.art.pl\/?page_id=17451\"><strong>PA\u0143TA<\/strong> Pawe\u0142<\/a> <br \/><a href=\"https:\/\/wsm.art.pl\/?page_id=17460\"><strong>SMOLI\u0143SKI<\/strong> Rafa\u0142<\/a> <br \/><a href=\"https:\/\/wsm.art.pl\/?page_id=17469\"><strong>SOKO\u0141OWSKI<\/strong> Kuba<\/a> <br \/><a href=\"https:\/\/wsm.art.pl\/?page_id=17478\"><strong>THE WHOOP GROUP<\/strong><\/a><br \/><a href=\"https:\/\/wsm.art.pl\/?page_id=17487\"><strong>WIELECKI<\/strong> Tadeusz<\/a><br \/><a href=\"https:\/\/wsm.art.pl\/?page_id=17493\"><strong>ZEMLER<\/strong> Hubert<\/a><\/p>\t\t\t\t\t\t\t\t<\/div>\n\t\t\t\t<\/div>\n\t\t\t\t\t<\/div>\n\t\t<\/div>\n\t\t\t\t\t<\/div>\n\t\t<\/section>\n\t\t\t\t<\/div>\n\t\t","protected":false},"excerpt":{"rendered":"<p>Wykonawcy 2025 BARAN Klaudiusz BILI\u0143SKA Beata GRALLA Jan JANIAK Rafa\u0142 KOWALSKI Kamil (wideo)KRAKOWSKI KWINTET D\u0118TYKRZYSZTOFIK-BUCZY\u0143SKA Anna LATECKI RyszardLOS Veranika\u0141AGODZI\u0143SKI J\u0119drzejORKIESTRA POLSKIEGO RADIA W WARSZAWIEPA\u0143TA Pawe\u0142&hellip;<\/p>\n","protected":false},"author":8,"featured_media":0,"parent":0,"menu_order":0,"comment_status":"closed","ping_status":"closed","template":"","meta":{"footnotes":""},"class_list":["post-18428","page","type-page","status-publish","hentry"],"_links":{"self":[{"href":"https:\/\/wsm.art.pl\/index.php?rest_route=\/wp\/v2\/pages\/18428","targetHints":{"allow":["GET"]}}],"collection":[{"href":"https:\/\/wsm.art.pl\/index.php?rest_route=\/wp\/v2\/pages"}],"about":[{"href":"https:\/\/wsm.art.pl\/index.php?rest_route=\/wp\/v2\/types\/page"}],"author":[{"embeddable":true,"href":"https:\/\/wsm.art.pl\/index.php?rest_route=\/wp\/v2\/users\/8"}],"replies":[{"embeddable":true,"href":"https:\/\/wsm.art.pl\/index.php?rest_route=%2Fwp%2Fv2%2Fcomments&post=18428"}],"version-history":[{"count":4,"href":"https:\/\/wsm.art.pl\/index.php?rest_route=\/wp\/v2\/pages\/18428\/revisions"}],"predecessor-version":[{"id":18564,"href":"https:\/\/wsm.art.pl\/index.php?rest_route=\/wp\/v2\/pages\/18428\/revisions\/18564"}],"wp:attachment":[{"href":"https:\/\/wsm.art.pl\/index.php?rest_route=%2Fwp%2Fv2%2Fmedia&parent=18428"}],"curies":[{"name":"wp","href":"https:\/\/api.w.org\/{rel}","templated":true}]}}