{"id":18426,"date":"2026-03-21T00:28:33","date_gmt":"2026-03-21T00:28:33","guid":{"rendered":"https:\/\/wsm.art.pl\/?page_id=18426"},"modified":"2026-03-29T15:56:06","modified_gmt":"2026-03-29T15:56:06","slug":"arch-2025-wsm-kompozytorzy","status":"publish","type":"page","link":"https:\/\/wsm.art.pl\/?page_id=18426","title":{"rendered":"ARCH. 2025 WSM KOMPOZYTORZY"},"content":{"rendered":"\t\t<div data-elementor-type=\"wp-page\" data-elementor-id=\"18426\" class=\"elementor elementor-18426\">\n\t\t\t\t\t\t<section class=\"elementor-section elementor-top-section elementor-element elementor-element-60ef51a elementor-section-boxed elementor-section-height-default elementor-section-height-default\" data-id=\"60ef51a\" data-element_type=\"section\">\n\t\t\t\t\t\t<div class=\"elementor-container elementor-column-gap-default\">\n\t\t\t\t\t<div class=\"elementor-column elementor-col-100 elementor-top-column elementor-element elementor-element-99d8c54\" data-id=\"99d8c54\" data-element_type=\"column\">\n\t\t\t<div class=\"elementor-widget-wrap elementor-element-populated\">\n\t\t\t\t\t\t<div class=\"elementor-element elementor-element-5fbb4c7 elementor-widget elementor-widget-heading\" data-id=\"5fbb4c7\" data-element_type=\"widget\" data-widget_type=\"heading.default\">\n\t\t\t\t<div class=\"elementor-widget-container\">\n\t\t\t\t\t<h2 class=\"elementor-heading-title elementor-size-default\">Kompozytorzy 2025<\/h2>\t\t\t\t<\/div>\n\t\t\t\t<\/div>\n\t\t\t\t\t<\/div>\n\t\t<\/div>\n\t\t\t\t\t<\/div>\n\t\t<\/section>\n\t\t\t\t<section class=\"elementor-section elementor-top-section elementor-element elementor-element-07683a2 elementor-section-boxed elementor-section-height-default elementor-section-height-default\" data-id=\"07683a2\" data-element_type=\"section\">\n\t\t\t\t\t\t<div class=\"elementor-container elementor-column-gap-default\">\n\t\t\t\t\t<div class=\"elementor-column elementor-col-100 elementor-top-column elementor-element elementor-element-f82583c\" data-id=\"f82583c\" data-element_type=\"column\">\n\t\t\t<div class=\"elementor-widget-wrap elementor-element-populated\">\n\t\t\t\t\t\t<div class=\"elementor-element elementor-element-f013be1 elementor-widget elementor-widget-text-editor\" data-id=\"f013be1\" data-element_type=\"widget\" data-widget_type=\"text-editor.default\">\n\t\t\t\t<div class=\"elementor-widget-container\">\n\t\t\t\t\t\t\t\t\t<p><a href=\"https:\/\/wsm.art.pl\/?page_id=17030\"><strong>BAGI\u0143SKI<\/strong> Zbigniew (1949-2024)<\/a><br \/><a href=\"https:\/\/wsm.art.pl\/?page_id=17038\"><strong>BARGIELSKI<\/strong> Zbigniew<\/a><br \/><a href=\"https:\/\/wsm.art.pl\/?page_id=17346\"><strong>BILI\u0143SKA<\/strong> Aleksandra (teoria muzyki)<\/a><br \/><a href=\"https:\/\/wsm.art.pl\/?page_id=17043\"><strong>BOBOWIK<\/strong> Magdalena<\/a><br \/><a href=\"https:\/\/wsm.art.pl\/?page_id=17102\"><strong>CHA\u0141UPKA<\/strong> Wojciech<\/a><br \/><a href=\"https:\/\/wsm.art.pl\/?page_id=17109\"><strong>COUPERIN<\/strong> Fran\u00e7ois (1668-1733)<\/a><br \/><a href=\"https:\/\/wsm.art.pl\/?page_id=17119\"><strong>DUMITRESCU<\/strong> Vlad (fotografia)<\/a><br \/><a href=\"https:\/\/wsm.art.pl\/?page_id=17137\"><strong>HERDZIN<\/strong> Krzysztof<\/a><br \/><a href=\"https:\/\/wsm.art.pl\/?page_id=17143\"><strong>HUSZCZA<\/strong> Anna Maria<\/a><br \/><a href=\"https:\/\/wsm.art.pl\/?page_id=17153\"><strong>J\u0118DRZEJEWSKA<\/strong> Anna<\/a><br \/><a href=\"https:\/\/wsm.art.pl\/?page_id=17163\"><strong>KAMIENIAK<\/strong> Tomasz<\/a><br \/><a href=\"https:\/\/wsm.art.pl\/?page_id=17172\"><strong>KISIEL<\/strong> Iwona<\/a><br \/><a href=\"https:\/\/wsm.art.pl\/?page_id=17182\"><strong>KOSTRZEWA<\/strong> Wojciech<\/a><br \/><a href=\"https:\/\/wsm.art.pl\/?page_id=17191\"><strong>KOTO\u0143SKI<\/strong> W\u0142odzimierz (1925-2014)<\/a><br \/><a href=\"https:\/\/wsm.art.pl\/?page_id=17206\"><strong>MA\u0141ECKI<\/strong> Maciej<\/a><br \/><a href=\"https:\/\/wsm.art.pl\/?page_id=17213\"><strong>OLESZKOWICZ<\/strong> Jan<\/a><br \/><a href=\"https:\/\/wsm.art.pl\/?page_id=17219\"><strong>S\u0141OWI\u0143SKI<\/strong> W\u0142adys\u0142aw (1930-2024)<\/a><br \/><a href=\"https:\/\/wsm.art.pl\/?page_id=17234\"><strong>SMOR\u0104GIEWICZ<\/strong> Bartosz<\/a><br \/><a href=\"https:\/\/wsm.art.pl\/?page_id=17241\"><strong>STRADOMSKI<\/strong> Rafa\u0142<\/a><br \/><a href=\"https:\/\/wsm.art.pl\/?page_id=17250\"><strong>SZA\u0141OWSKI<\/strong> Antoni (1907-1973)<\/a><br \/><a href=\"https:\/\/wsm.art.pl\/?page_id=17259\"><strong>VIVALDI<\/strong> Antonio (1678-1741)<\/a> <br \/><a href=\"https:\/\/wsm.art.pl\/?page_id=17305\"><strong>ZEMLINSKY<\/strong> Alexander von (1871-1942)<\/a><br \/><a href=\"https:\/\/wsm.art.pl\/?page_id=17314\"><strong>ZIELI\u0143SKI<\/strong> Maciej<\/a><\/p>\t\t\t\t\t\t\t\t<\/div>\n\t\t\t\t<\/div>\n\t\t\t\t\t<\/div>\n\t\t<\/div>\n\t\t\t\t\t<\/div>\n\t\t<\/section>\n\t\t\t\t<\/div>\n\t\t","protected":false},"excerpt":{"rendered":"<p>Kompozytorzy 2025 BAGI\u0143SKI Zbigniew (1949-2024)BARGIELSKI ZbigniewBILI\u0143SKA Aleksandra (teoria muzyki)BOBOWIK MagdalenaCHA\u0141UPKA WojciechCOUPERIN Fran\u00e7ois (1668-1733)DUMITRESCU Vlad (fotografia)HERDZIN KrzysztofHUSZCZA Anna MariaJ\u0118DRZEJEWSKA AnnaKAMIENIAK TomaszKISIEL IwonaKOSTRZEWA WojciechKOTO\u0143SKI W\u0142odzimierz (1925-2014)MA\u0141ECKI MaciejOLESZKOWICZ&hellip;<\/p>\n","protected":false},"author":8,"featured_media":0,"parent":0,"menu_order":0,"comment_status":"closed","ping_status":"closed","template":"","meta":{"footnotes":""},"class_list":["post-18426","page","type-page","status-publish","hentry"],"_links":{"self":[{"href":"https:\/\/wsm.art.pl\/index.php?rest_route=\/wp\/v2\/pages\/18426","targetHints":{"allow":["GET"]}}],"collection":[{"href":"https:\/\/wsm.art.pl\/index.php?rest_route=\/wp\/v2\/pages"}],"about":[{"href":"https:\/\/wsm.art.pl\/index.php?rest_route=\/wp\/v2\/types\/page"}],"author":[{"embeddable":true,"href":"https:\/\/wsm.art.pl\/index.php?rest_route=\/wp\/v2\/users\/8"}],"replies":[{"embeddable":true,"href":"https:\/\/wsm.art.pl\/index.php?rest_route=%2Fwp%2Fv2%2Fcomments&post=18426"}],"version-history":[{"count":4,"href":"https:\/\/wsm.art.pl\/index.php?rest_route=\/wp\/v2\/pages\/18426\/revisions"}],"predecessor-version":[{"id":18561,"href":"https:\/\/wsm.art.pl\/index.php?rest_route=\/wp\/v2\/pages\/18426\/revisions\/18561"}],"wp:attachment":[{"href":"https:\/\/wsm.art.pl\/index.php?rest_route=%2Fwp%2Fv2%2Fmedia&parent=18426"}],"curies":[{"name":"wp","href":"https:\/\/api.w.org\/{rel}","templated":true}]}}