{"id":17697,"date":"2025-05-31T18:41:24","date_gmt":"2025-05-31T18:41:24","guid":{"rendered":"https:\/\/wsm.art.pl\/?page_id=17697"},"modified":"2025-06-03T15:06:34","modified_gmt":"2025-06-03T15:06:34","slug":"galeria-13-05-2025","status":"publish","type":"page","link":"https:\/\/wsm.art.pl\/?page_id=17697","title":{"rendered":"Galeria 2025 13 maja The Whooper"},"content":{"rendered":"\t\t<div data-elementor-type=\"wp-page\" data-elementor-id=\"17697\" class=\"elementor elementor-17697\">\n\t\t\t\t\t\t<section class=\"elementor-section elementor-top-section elementor-element elementor-element-85e70d8 elementor-section-boxed elementor-section-height-default elementor-section-height-default\" data-id=\"85e70d8\" data-element_type=\"section\">\n\t\t\t\t\t\t<div class=\"elementor-container elementor-column-gap-default\">\n\t\t\t\t\t<div class=\"elementor-column elementor-col-33 elementor-top-column elementor-element elementor-element-8526e47\" data-id=\"8526e47\" data-element_type=\"column\">\n\t\t\t<div class=\"elementor-widget-wrap elementor-element-populated\">\n\t\t\t\t\t\t<div class=\"elementor-element elementor-element-74661e8 elementor-widget elementor-widget-image\" data-id=\"74661e8\" data-element_type=\"widget\" data-widget_type=\"image.default\">\n\t\t\t\t<div class=\"elementor-widget-container\">\n\t\t\t\t\t\t\t\t\t\t\t\t<figure class=\"wp-caption\">\n\t\t\t\t\t\t\t\t\t\t\t<a href=\"https:\/\/wsm.art.pl\/wp-content\/uploads\/2025\/05\/01.-IMG_3034.jpg\" data-elementor-open-lightbox=\"yes\" data-elementor-lightbox-title=\"13.05.2025\" data-e-action-hash=\"#elementor-action%3Aaction%3Dlightbox%26settings%3DeyJpZCI6MTc3OTEsInVybCI6Imh0dHBzOlwvXC93c20uYXJ0LnBsXC93cC1jb250ZW50XC91cGxvYWRzXC8yMDI1XC8wNVwvMDEuLUlNR18zMDM0LmpwZyJ9\">\n\t\t\t\t\t\t\t<img fetchpriority=\"high\" decoding=\"async\" width=\"843\" height=\"562\" src=\"https:\/\/wsm.art.pl\/wp-content\/uploads\/2025\/05\/01.-IMG_3034-1024x683.jpg\" class=\"attachment-large size-large wp-image-17791\" alt=\"\" srcset=\"https:\/\/wsm.art.pl\/wp-content\/uploads\/2025\/05\/01.-IMG_3034-1024x683.jpg 1024w, https:\/\/wsm.art.pl\/wp-content\/uploads\/2025\/05\/01.-IMG_3034-300x200.jpg 300w, https:\/\/wsm.art.pl\/wp-content\/uploads\/2025\/05\/01.-IMG_3034-768x512.jpg 768w, https:\/\/wsm.art.pl\/wp-content\/uploads\/2025\/05\/01.-IMG_3034.jpg 1450w\" sizes=\"(max-width: 843px) 100vw, 843px\" \/>\t\t\t\t\t\t\t\t<\/a>\n\t\t\t\t\t\t\t\t\t\t\t<figcaption class=\"widget-image-caption wp-caption-text\">Pawe\u0142 Pa\u0144ta, Jan Gralla i Szymon Zawodny  fot. Maciej Borowski<\/figcaption>\n\t\t\t\t\t\t\t\t\t\t<\/figure>\n\t\t\t\t\t\t\t\t\t<\/div>\n\t\t\t\t<\/div>\n\t\t\t\t\t<\/div>\n\t\t<\/div>\n\t\t\t\t<div class=\"elementor-column elementor-col-33 elementor-top-column elementor-element elementor-element-02605b6\" data-id=\"02605b6\" data-element_type=\"column\">\n\t\t\t<div class=\"elementor-widget-wrap elementor-element-populated\">\n\t\t\t\t\t\t<div class=\"elementor-element elementor-element-61a16ed elementor-widget elementor-widget-image\" data-id=\"61a16ed\" data-element_type=\"widget\" data-widget_type=\"image.default\">\n\t\t\t\t<div class=\"elementor-widget-container\">\n\t\t\t\t\t\t\t\t\t\t\t\t<figure class=\"wp-caption\">\n\t\t\t\t\t\t\t\t\t\t\t<a href=\"https:\/\/wsm.art.pl\/wp-content\/uploads\/2025\/05\/02.-IMG_3044.jpg\" data-elementor-open-lightbox=\"yes\" data-elementor-lightbox-title=\"13.05.2025\" data-e-action-hash=\"#elementor-action%3Aaction%3Dlightbox%26settings%3DeyJpZCI6MTc3OTIsInVybCI6Imh0dHBzOlwvXC93c20uYXJ0LnBsXC93cC1jb250ZW50XC91cGxvYWRzXC8yMDI1XC8wNVwvMDIuLUlNR18zMDQ0LmpwZyJ9\">\n\t\t\t\t\t\t\t<img decoding=\"async\" width=\"843\" height=\"562\" src=\"https:\/\/wsm.art.pl\/wp-content\/uploads\/2025\/05\/02.-IMG_3044-1024x683.jpg\" class=\"attachment-large size-large wp-image-17792\" alt=\"\" srcset=\"https:\/\/wsm.art.pl\/wp-content\/uploads\/2025\/05\/02.-IMG_3044-1024x683.jpg 1024w, https:\/\/wsm.art.pl\/wp-content\/uploads\/2025\/05\/02.-IMG_3044-300x200.jpg 300w, https:\/\/wsm.art.pl\/wp-content\/uploads\/2025\/05\/02.-IMG_3044-768x512.jpg 768w, https:\/\/wsm.art.pl\/wp-content\/uploads\/2025\/05\/02.-IMG_3044.jpg 1450w\" sizes=\"(max-width: 843px) 100vw, 843px\" \/>\t\t\t\t\t\t\t\t<\/a>\n\t\t\t\t\t\t\t\t\t\t\t<figcaption class=\"widget-image-caption wp-caption-text\">Kuba Soko\u0142owski, Anna Maria Huszcza i Pawe\u0142 Pa\u0144ta fot. Maciej Borowski<\/figcaption>\n\t\t\t\t\t\t\t\t\t\t<\/figure>\n\t\t\t\t\t\t\t\t\t<\/div>\n\t\t\t\t<\/div>\n\t\t\t\t\t<\/div>\n\t\t<\/div>\n\t\t\t\t<div class=\"elementor-column elementor-col-33 elementor-top-column elementor-element elementor-element-21972fa\" data-id=\"21972fa\" data-element_type=\"column\">\n\t\t\t<div class=\"elementor-widget-wrap elementor-element-populated\">\n\t\t\t\t\t\t<div class=\"elementor-element elementor-element-e992186 elementor-widget elementor-widget-image\" data-id=\"e992186\" data-element_type=\"widget\" data-widget_type=\"image.default\">\n\t\t\t\t<div class=\"elementor-widget-container\">\n\t\t\t\t\t\t\t\t\t\t\t\t<figure class=\"wp-caption\">\n\t\t\t\t\t\t\t\t\t\t\t<a href=\"https:\/\/wsm.art.pl\/wp-content\/uploads\/2025\/05\/03.-IMG_3039.jpg\" data-elementor-open-lightbox=\"yes\" data-elementor-lightbox-title=\"13.05.2025\" data-e-action-hash=\"#elementor-action%3Aaction%3Dlightbox%26settings%3DeyJpZCI6MTc3OTMsInVybCI6Imh0dHBzOlwvXC93c20uYXJ0LnBsXC93cC1jb250ZW50XC91cGxvYWRzXC8yMDI1XC8wNVwvMDMuLUlNR18zMDM5LmpwZyJ9\">\n\t\t\t\t\t\t\t<img decoding=\"async\" width=\"843\" height=\"562\" src=\"https:\/\/wsm.art.pl\/wp-content\/uploads\/2025\/05\/03.-IMG_3039-1024x683.jpg\" class=\"attachment-large size-large wp-image-17793\" alt=\"\" srcset=\"https:\/\/wsm.art.pl\/wp-content\/uploads\/2025\/05\/03.-IMG_3039-1024x683.jpg 1024w, https:\/\/wsm.art.pl\/wp-content\/uploads\/2025\/05\/03.-IMG_3039-300x200.jpg 300w, https:\/\/wsm.art.pl\/wp-content\/uploads\/2025\/05\/03.-IMG_3039-768x512.jpg 768w, https:\/\/wsm.art.pl\/wp-content\/uploads\/2025\/05\/03.-IMG_3039.jpg 1500w\" sizes=\"(max-width: 843px) 100vw, 843px\" \/>\t\t\t\t\t\t\t\t<\/a>\n\t\t\t\t\t\t\t\t\t\t\t<figcaption class=\"widget-image-caption wp-caption-text\">Pawe\u0142 Pa\u0144ta, Kwartet saksofonowy THE WHOOP Group i Jan Gralla fot. Maciej Borowski<\/figcaption>\n\t\t\t\t\t\t\t\t\t\t<\/figure>\n\t\t\t\t\t\t\t\t\t<\/div>\n\t\t\t\t<\/div>\n\t\t\t\t\t<\/div>\n\t\t<\/div>\n\t\t\t\t\t<\/div>\n\t\t<\/section>\n\t\t\t\t<section class=\"elementor-section elementor-top-section elementor-element elementor-element-bb494df elementor-section-boxed elementor-section-height-default elementor-section-height-default\" data-id=\"bb494df\" data-element_type=\"section\">\n\t\t\t\t\t\t<div class=\"elementor-container elementor-column-gap-default\">\n\t\t\t\t\t<div class=\"elementor-column elementor-col-33 elementor-top-column elementor-element elementor-element-9066c04\" data-id=\"9066c04\" data-element_type=\"column\">\n\t\t\t<div class=\"elementor-widget-wrap elementor-element-populated\">\n\t\t\t\t\t\t<div class=\"elementor-element elementor-element-629849f elementor-widget elementor-widget-image\" data-id=\"629849f\" data-element_type=\"widget\" data-widget_type=\"image.default\">\n\t\t\t\t<div class=\"elementor-widget-container\">\n\t\t\t\t\t\t\t\t\t\t\t\t<figure class=\"wp-caption\">\n\t\t\t\t\t\t\t\t\t\t\t<a href=\"https:\/\/wsm.art.pl\/wp-content\/uploads\/2025\/05\/04.-IMG_3054.jpg\" data-elementor-open-lightbox=\"yes\" data-elementor-lightbox-title=\"13.05.2025\" data-e-action-hash=\"#elementor-action%3Aaction%3Dlightbox%26settings%3DeyJpZCI6MTc3OTQsInVybCI6Imh0dHBzOlwvXC93c20uYXJ0LnBsXC93cC1jb250ZW50XC91cGxvYWRzXC8yMDI1XC8wNVwvMDQuLUlNR18zMDU0LmpwZyJ9\">\n\t\t\t\t\t\t\t<img loading=\"lazy\" decoding=\"async\" width=\"843\" height=\"562\" src=\"https:\/\/wsm.art.pl\/wp-content\/uploads\/2025\/05\/04.-IMG_3054-1024x683.jpg\" class=\"attachment-large size-large wp-image-17794\" alt=\"\" srcset=\"https:\/\/wsm.art.pl\/wp-content\/uploads\/2025\/05\/04.-IMG_3054-1024x683.jpg 1024w, https:\/\/wsm.art.pl\/wp-content\/uploads\/2025\/05\/04.-IMG_3054-300x200.jpg 300w, https:\/\/wsm.art.pl\/wp-content\/uploads\/2025\/05\/04.-IMG_3054-768x512.jpg 768w, https:\/\/wsm.art.pl\/wp-content\/uploads\/2025\/05\/04.-IMG_3054.jpg 1500w\" sizes=\"(max-width: 843px) 100vw, 843px\" \/>\t\t\t\t\t\t\t\t<\/a>\n\t\t\t\t\t\t\t\t\t\t\t<figcaption class=\"widget-image-caption wp-caption-text\">Mateusz Dobosz, Jakub Muras i Wojciech Kostrzewa fot. Maciej Borowski<\/figcaption>\n\t\t\t\t\t\t\t\t\t\t<\/figure>\n\t\t\t\t\t\t\t\t\t<\/div>\n\t\t\t\t<\/div>\n\t\t\t\t\t<\/div>\n\t\t<\/div>\n\t\t\t\t<div class=\"elementor-column elementor-col-33 elementor-top-column elementor-element elementor-element-ec3fc25\" data-id=\"ec3fc25\" data-element_type=\"column\">\n\t\t\t<div class=\"elementor-widget-wrap elementor-element-populated\">\n\t\t\t\t\t\t<div class=\"elementor-element elementor-element-aeeada4 elementor-widget elementor-widget-image\" data-id=\"aeeada4\" data-element_type=\"widget\" data-widget_type=\"image.default\">\n\t\t\t\t<div class=\"elementor-widget-container\">\n\t\t\t\t\t\t\t\t\t\t\t\t<figure class=\"wp-caption\">\n\t\t\t\t\t\t\t\t\t\t\t<a href=\"https:\/\/wsm.art.pl\/wp-content\/uploads\/2025\/05\/05.-IMG_3063.jpg\" data-elementor-open-lightbox=\"yes\" data-elementor-lightbox-title=\"13.05.2025\" data-e-action-hash=\"#elementor-action%3Aaction%3Dlightbox%26settings%3DeyJpZCI6MTc3OTUsInVybCI6Imh0dHBzOlwvXC93c20uYXJ0LnBsXC93cC1jb250ZW50XC91cGxvYWRzXC8yMDI1XC8wNVwvMDUuLUlNR18zMDYzLmpwZyJ9\">\n\t\t\t\t\t\t\t<img loading=\"lazy\" decoding=\"async\" width=\"843\" height=\"562\" src=\"https:\/\/wsm.art.pl\/wp-content\/uploads\/2025\/05\/05.-IMG_3063-1024x683.jpg\" class=\"attachment-large size-large wp-image-17795\" alt=\"\" srcset=\"https:\/\/wsm.art.pl\/wp-content\/uploads\/2025\/05\/05.-IMG_3063-1024x683.jpg 1024w, https:\/\/wsm.art.pl\/wp-content\/uploads\/2025\/05\/05.-IMG_3063-300x200.jpg 300w, https:\/\/wsm.art.pl\/wp-content\/uploads\/2025\/05\/05.-IMG_3063-768x512.jpg 768w, https:\/\/wsm.art.pl\/wp-content\/uploads\/2025\/05\/05.-IMG_3063.jpg 1450w\" sizes=\"(max-width: 843px) 100vw, 843px\" \/>\t\t\t\t\t\t\t\t<\/a>\n\t\t\t\t\t\t\t\t\t\t\t<figcaption class=\"widget-image-caption wp-caption-text\">Kuba Soko\u0142owski, Pawe\u0142 Pa\u0144ta, Jan Gralla, Maciej Zieli\u0144ski i Kwartet saksofonowy THE WHOOP Group fot. Maciej Borowski<\/figcaption>\n\t\t\t\t\t\t\t\t\t\t<\/figure>\n\t\t\t\t\t\t\t\t\t<\/div>\n\t\t\t\t<\/div>\n\t\t\t\t\t<\/div>\n\t\t<\/div>\n\t\t\t\t<div class=\"elementor-column elementor-col-33 elementor-top-column elementor-element elementor-element-e3620f9\" data-id=\"e3620f9\" data-element_type=\"column\">\n\t\t\t<div class=\"elementor-widget-wrap elementor-element-populated\">\n\t\t\t\t\t\t<div class=\"elementor-element elementor-element-2ed4b6e elementor-widget elementor-widget-image\" data-id=\"2ed4b6e\" data-element_type=\"widget\" data-widget_type=\"image.default\">\n\t\t\t\t<div class=\"elementor-widget-container\">\n\t\t\t\t\t\t\t\t\t\t\t\t<figure class=\"wp-caption\">\n\t\t\t\t\t\t\t\t\t\t\t<a href=\"https:\/\/wsm.art.pl\/wp-content\/uploads\/2025\/05\/06.-IMG_3087.jpg\" data-elementor-open-lightbox=\"yes\" data-elementor-lightbox-title=\"13.05.2025\" data-e-action-hash=\"#elementor-action%3Aaction%3Dlightbox%26settings%3DeyJpZCI6MTc3OTYsInVybCI6Imh0dHBzOlwvXC93c20uYXJ0LnBsXC93cC1jb250ZW50XC91cGxvYWRzXC8yMDI1XC8wNVwvMDYuLUlNR18zMDg3LmpwZyJ9\">\n\t\t\t\t\t\t\t<img loading=\"lazy\" decoding=\"async\" width=\"843\" height=\"562\" src=\"https:\/\/wsm.art.pl\/wp-content\/uploads\/2025\/05\/06.-IMG_3087-1024x683.jpg\" class=\"attachment-large size-large wp-image-17796\" alt=\"\" srcset=\"https:\/\/wsm.art.pl\/wp-content\/uploads\/2025\/05\/06.-IMG_3087-1024x683.jpg 1024w, https:\/\/wsm.art.pl\/wp-content\/uploads\/2025\/05\/06.-IMG_3087-300x200.jpg 300w, https:\/\/wsm.art.pl\/wp-content\/uploads\/2025\/05\/06.-IMG_3087-768x512.jpg 768w, https:\/\/wsm.art.pl\/wp-content\/uploads\/2025\/05\/06.-IMG_3087.jpg 1500w\" sizes=\"(max-width: 843px) 100vw, 843px\" \/>\t\t\t\t\t\t\t\t<\/a>\n\t\t\t\t\t\t\t\t\t\t\t<figcaption class=\"widget-image-caption wp-caption-text\">Pawe\u0142 Pa\u0144ta, Jan Oleszkowicz i Kwartet saksofonowy THE WHOOP Group fot. Maciej Borowski<\/figcaption>\n\t\t\t\t\t\t\t\t\t\t<\/figure>\n\t\t\t\t\t\t\t\t\t<\/div>\n\t\t\t\t<\/div>\n\t\t\t\t\t<\/div>\n\t\t<\/div>\n\t\t\t\t\t<\/div>\n\t\t<\/section>\n\t\t\t\t<section class=\"elementor-section elementor-top-section elementor-element elementor-element-a56cb58 elementor-section-boxed elementor-section-height-default elementor-section-height-default\" data-id=\"a56cb58\" data-element_type=\"section\">\n\t\t\t\t\t\t<div class=\"elementor-container elementor-column-gap-default\">\n\t\t\t\t\t<div class=\"elementor-column elementor-col-33 elementor-top-column elementor-element elementor-element-38382ef\" data-id=\"38382ef\" data-element_type=\"column\">\n\t\t\t<div class=\"elementor-widget-wrap elementor-element-populated\">\n\t\t\t\t\t\t<div class=\"elementor-element elementor-element-350f602 elementor-widget elementor-widget-image\" data-id=\"350f602\" data-element_type=\"widget\" data-widget_type=\"image.default\">\n\t\t\t\t<div class=\"elementor-widget-container\">\n\t\t\t\t\t\t\t\t\t\t\t\t<figure class=\"wp-caption\">\n\t\t\t\t\t\t\t\t\t\t\t<a href=\"https:\/\/wsm.art.pl\/wp-content\/uploads\/2025\/05\/07.-IMG_3090.jpg\" data-elementor-open-lightbox=\"yes\" data-elementor-lightbox-title=\"13.05.2025\" data-e-action-hash=\"#elementor-action%3Aaction%3Dlightbox%26settings%3DeyJpZCI6MTc3OTcsInVybCI6Imh0dHBzOlwvXC93c20uYXJ0LnBsXC93cC1jb250ZW50XC91cGxvYWRzXC8yMDI1XC8wNVwvMDcuLUlNR18zMDkwLmpwZyJ9\">\n\t\t\t\t\t\t\t<img loading=\"lazy\" decoding=\"async\" width=\"843\" height=\"562\" src=\"https:\/\/wsm.art.pl\/wp-content\/uploads\/2025\/05\/07.-IMG_3090-1024x683.jpg\" class=\"attachment-large size-large wp-image-17797\" alt=\"\" srcset=\"https:\/\/wsm.art.pl\/wp-content\/uploads\/2025\/05\/07.-IMG_3090-1024x683.jpg 1024w, https:\/\/wsm.art.pl\/wp-content\/uploads\/2025\/05\/07.-IMG_3090-300x200.jpg 300w, https:\/\/wsm.art.pl\/wp-content\/uploads\/2025\/05\/07.-IMG_3090-768x512.jpg 768w, https:\/\/wsm.art.pl\/wp-content\/uploads\/2025\/05\/07.-IMG_3090.jpg 1500w\" sizes=\"(max-width: 843px) 100vw, 843px\" \/>\t\t\t\t\t\t\t\t<\/a>\n\t\t\t\t\t\t\t\t\t\t\t<figcaption class=\"widget-image-caption wp-caption-text\">Kuba Soko\u0142owski, Pawe\u0142 Pa\u0144ta, Jan Oleszkowicz i Szymon Zawodny fot. Maciej Borowski<\/figcaption>\n\t\t\t\t\t\t\t\t\t\t<\/figure>\n\t\t\t\t\t\t\t\t\t<\/div>\n\t\t\t\t<\/div>\n\t\t\t\t\t<\/div>\n\t\t<\/div>\n\t\t\t\t<div class=\"elementor-column elementor-col-33 elementor-top-column elementor-element elementor-element-9673086\" data-id=\"9673086\" data-element_type=\"column\">\n\t\t\t<div class=\"elementor-widget-wrap elementor-element-populated\">\n\t\t\t\t\t\t<div class=\"elementor-element elementor-element-284f1df elementor-widget elementor-widget-image\" data-id=\"284f1df\" data-element_type=\"widget\" data-widget_type=\"image.default\">\n\t\t\t\t<div class=\"elementor-widget-container\">\n\t\t\t\t\t\t\t\t\t\t\t\t<figure class=\"wp-caption\">\n\t\t\t\t\t\t\t\t\t\t\t<a href=\"https:\/\/wsm.art.pl\/wp-content\/uploads\/2025\/05\/08.-IMG_3110.jpg\" data-elementor-open-lightbox=\"yes\" data-elementor-lightbox-title=\"13.05.2025\" data-e-action-hash=\"#elementor-action%3Aaction%3Dlightbox%26settings%3DeyJpZCI6MTc3OTgsInVybCI6Imh0dHBzOlwvXC93c20uYXJ0LnBsXC93cC1jb250ZW50XC91cGxvYWRzXC8yMDI1XC8wNVwvMDguLUlNR18zMTEwLmpwZyJ9\">\n\t\t\t\t\t\t\t<img loading=\"lazy\" decoding=\"async\" width=\"843\" height=\"562\" src=\"https:\/\/wsm.art.pl\/wp-content\/uploads\/2025\/05\/08.-IMG_3110-1024x683.jpg\" class=\"attachment-large size-large wp-image-17798\" alt=\"\" srcset=\"https:\/\/wsm.art.pl\/wp-content\/uploads\/2025\/05\/08.-IMG_3110-1024x683.jpg 1024w, https:\/\/wsm.art.pl\/wp-content\/uploads\/2025\/05\/08.-IMG_3110-300x200.jpg 300w, https:\/\/wsm.art.pl\/wp-content\/uploads\/2025\/05\/08.-IMG_3110-768x512.jpg 768w, https:\/\/wsm.art.pl\/wp-content\/uploads\/2025\/05\/08.-IMG_3110.jpg 1450w\" sizes=\"(max-width: 843px) 100vw, 843px\" \/>\t\t\t\t\t\t\t\t<\/a>\n\t\t\t\t\t\t\t\t\t\t\t<figcaption class=\"widget-image-caption wp-caption-text\">Kwartet saksofonowy THE WHOOP Group fot. Maciej Borowski<\/figcaption>\n\t\t\t\t\t\t\t\t\t\t<\/figure>\n\t\t\t\t\t\t\t\t\t<\/div>\n\t\t\t\t<\/div>\n\t\t\t\t\t<\/div>\n\t\t<\/div>\n\t\t\t\t<div class=\"elementor-column elementor-col-33 elementor-top-column elementor-element elementor-element-77239d7\" data-id=\"77239d7\" data-element_type=\"column\">\n\t\t\t<div class=\"elementor-widget-wrap elementor-element-populated\">\n\t\t\t\t\t\t<div class=\"elementor-element elementor-element-8634667 elementor-widget elementor-widget-image\" data-id=\"8634667\" data-element_type=\"widget\" data-widget_type=\"image.default\">\n\t\t\t\t<div class=\"elementor-widget-container\">\n\t\t\t\t\t\t\t\t\t\t\t\t<figure class=\"wp-caption\">\n\t\t\t\t\t\t\t\t\t\t\t<a href=\"https:\/\/wsm.art.pl\/wp-content\/uploads\/2025\/05\/09.-IMG_3118.jpg\" data-elementor-open-lightbox=\"yes\" data-elementor-lightbox-title=\"13.05.2025\" data-e-action-hash=\"#elementor-action%3Aaction%3Dlightbox%26settings%3DeyJpZCI6MTc3OTksInVybCI6Imh0dHBzOlwvXC93c20uYXJ0LnBsXC93cC1jb250ZW50XC91cGxvYWRzXC8yMDI1XC8wNVwvMDkuLUlNR18zMTE4LmpwZyJ9\">\n\t\t\t\t\t\t\t<img loading=\"lazy\" decoding=\"async\" width=\"843\" height=\"561\" src=\"https:\/\/wsm.art.pl\/wp-content\/uploads\/2025\/05\/09.-IMG_3118-1024x682.jpg\" class=\"attachment-large size-large wp-image-17799\" alt=\"\" srcset=\"https:\/\/wsm.art.pl\/wp-content\/uploads\/2025\/05\/09.-IMG_3118-1024x682.jpg 1024w, https:\/\/wsm.art.pl\/wp-content\/uploads\/2025\/05\/09.-IMG_3118-300x200.jpg 300w, https:\/\/wsm.art.pl\/wp-content\/uploads\/2025\/05\/09.-IMG_3118-768x512.jpg 768w, https:\/\/wsm.art.pl\/wp-content\/uploads\/2025\/05\/09.-IMG_3118.jpg 1300w\" sizes=\"(max-width: 843px) 100vw, 843px\" \/>\t\t\t\t\t\t\t\t<\/a>\n\t\t\t\t\t\t\t\t\t\t\t<figcaption class=\"widget-image-caption wp-caption-text\">Pawe\u0142 Pa\u0144ta, Iwona Kisiel, Szymon Zawodny i Krzysztof Koszowski  fot. Maciej Borowski<\/figcaption>\n\t\t\t\t\t\t\t\t\t\t<\/figure>\n\t\t\t\t\t\t\t\t\t<\/div>\n\t\t\t\t<\/div>\n\t\t\t\t\t<\/div>\n\t\t<\/div>\n\t\t\t\t\t<\/div>\n\t\t<\/section>\n\t\t\t\t<section class=\"elementor-section elementor-top-section elementor-element elementor-element-39d21e6 elementor-section-boxed elementor-section-height-default elementor-section-height-default\" data-id=\"39d21e6\" data-element_type=\"section\">\n\t\t\t\t\t\t<div class=\"elementor-container elementor-column-gap-default\">\n\t\t\t\t\t<div class=\"elementor-column elementor-col-33 elementor-top-column elementor-element elementor-element-31ad785\" data-id=\"31ad785\" data-element_type=\"column\">\n\t\t\t<div class=\"elementor-widget-wrap elementor-element-populated\">\n\t\t\t\t\t\t<div class=\"elementor-element elementor-element-d32a046 elementor-widget elementor-widget-image\" data-id=\"d32a046\" data-element_type=\"widget\" data-widget_type=\"image.default\">\n\t\t\t\t<div class=\"elementor-widget-container\">\n\t\t\t\t\t\t\t\t\t\t\t\t<figure class=\"wp-caption\">\n\t\t\t\t\t\t\t\t\t\t\t<a href=\"https:\/\/wsm.art.pl\/wp-content\/uploads\/2025\/05\/10.-IMG_3097.jpg\" data-elementor-open-lightbox=\"yes\" data-elementor-lightbox-title=\"13.05.2025\" data-e-action-hash=\"#elementor-action%3Aaction%3Dlightbox%26settings%3DeyJpZCI6MTc4MDAsInVybCI6Imh0dHBzOlwvXC93c20uYXJ0LnBsXC93cC1jb250ZW50XC91cGxvYWRzXC8yMDI1XC8wNVwvMTAuLUlNR18zMDk3LmpwZyJ9\">\n\t\t\t\t\t\t\t<img loading=\"lazy\" decoding=\"async\" width=\"843\" height=\"562\" src=\"https:\/\/wsm.art.pl\/wp-content\/uploads\/2025\/05\/10.-IMG_3097-1024x683.jpg\" class=\"attachment-large size-large wp-image-17800\" alt=\"\" srcset=\"https:\/\/wsm.art.pl\/wp-content\/uploads\/2025\/05\/10.-IMG_3097-1024x683.jpg 1024w, https:\/\/wsm.art.pl\/wp-content\/uploads\/2025\/05\/10.-IMG_3097-300x200.jpg 300w, https:\/\/wsm.art.pl\/wp-content\/uploads\/2025\/05\/10.-IMG_3097-768x512.jpg 768w, https:\/\/wsm.art.pl\/wp-content\/uploads\/2025\/05\/10.-IMG_3097.jpg 1500w\" sizes=\"(max-width: 843px) 100vw, 843px\" \/>\t\t\t\t\t\t\t\t<\/a>\n\t\t\t\t\t\t\t\t\t\t\t<figcaption class=\"widget-image-caption wp-caption-text\">Kuba Soko\u0142owski fot. Maciej Borowski<\/figcaption>\n\t\t\t\t\t\t\t\t\t\t<\/figure>\n\t\t\t\t\t\t\t\t\t<\/div>\n\t\t\t\t<\/div>\n\t\t\t\t\t<\/div>\n\t\t<\/div>\n\t\t\t\t<div class=\"elementor-column elementor-col-33 elementor-top-column elementor-element elementor-element-449f6b3\" data-id=\"449f6b3\" data-element_type=\"column\">\n\t\t\t<div class=\"elementor-widget-wrap elementor-element-populated\">\n\t\t\t\t\t\t<div class=\"elementor-element elementor-element-6016799 elementor-widget elementor-widget-image\" data-id=\"6016799\" data-element_type=\"widget\" data-widget_type=\"image.default\">\n\t\t\t\t<div class=\"elementor-widget-container\">\n\t\t\t\t\t\t\t\t\t\t\t\t<figure class=\"wp-caption\">\n\t\t\t\t\t\t\t\t\t\t\t<a href=\"https:\/\/wsm.art.pl\/wp-content\/uploads\/2025\/05\/IMG_3152.jpg\" data-elementor-open-lightbox=\"yes\" data-elementor-lightbox-title=\"13.05.2025\" data-e-action-hash=\"#elementor-action%3Aaction%3Dlightbox%26settings%3DeyJpZCI6MTc4MDEsInVybCI6Imh0dHBzOlwvXC93c20uYXJ0LnBsXC93cC1jb250ZW50XC91cGxvYWRzXC8yMDI1XC8wNVwvSU1HXzMxNTIuanBnIn0%3D\">\n\t\t\t\t\t\t\t<img loading=\"lazy\" decoding=\"async\" width=\"843\" height=\"562\" src=\"https:\/\/wsm.art.pl\/wp-content\/uploads\/2025\/05\/IMG_3152-1024x683.jpg\" class=\"attachment-large size-large wp-image-17801\" alt=\"\" srcset=\"https:\/\/wsm.art.pl\/wp-content\/uploads\/2025\/05\/IMG_3152-1024x683.jpg 1024w, https:\/\/wsm.art.pl\/wp-content\/uploads\/2025\/05\/IMG_3152-300x200.jpg 300w, https:\/\/wsm.art.pl\/wp-content\/uploads\/2025\/05\/IMG_3152-768x512.jpg 768w, https:\/\/wsm.art.pl\/wp-content\/uploads\/2025\/05\/IMG_3152.jpg 1500w\" sizes=\"(max-width: 843px) 100vw, 843px\" \/>\t\t\t\t\t\t\t\t<\/a>\n\t\t\t\t\t\t\t\t\t\t\t<figcaption class=\"widget-image-caption wp-caption-text\">Pawe\u0142 Pa\u0144ta, Jan Gralla, Bartosz Smor\u0105giewicz i Kwartet saksofonowy THE WHOOP Group Kwartet saksofonowy THE WHOOP Group fot. Maciej Borowski<\/figcaption>\n\t\t\t\t\t\t\t\t\t\t<\/figure>\n\t\t\t\t\t\t\t\t\t<\/div>\n\t\t\t\t<\/div>\n\t\t\t\t\t<\/div>\n\t\t<\/div>\n\t\t\t\t<div class=\"elementor-column elementor-col-33 elementor-top-column elementor-element elementor-element-f48e6a0\" data-id=\"f48e6a0\" data-element_type=\"column\">\n\t\t\t<div class=\"elementor-widget-wrap elementor-element-populated\">\n\t\t\t\t\t\t<div class=\"elementor-element elementor-element-c546ff7 elementor-widget elementor-widget-image\" data-id=\"c546ff7\" data-element_type=\"widget\" data-widget_type=\"image.default\">\n\t\t\t\t<div class=\"elementor-widget-container\">\n\t\t\t\t\t\t\t\t\t\t\t\t<figure class=\"wp-caption\">\n\t\t\t\t\t\t\t\t\t\t\t<a href=\"https:\/\/wsm.art.pl\/wp-content\/uploads\/2025\/05\/IMG20250513210248.jpg\" data-elementor-open-lightbox=\"yes\" data-elementor-lightbox-title=\"13.05.2025\" data-e-action-hash=\"#elementor-action%3Aaction%3Dlightbox%26settings%3DeyJpZCI6MTc4MDIsInVybCI6Imh0dHBzOlwvXC93c20uYXJ0LnBsXC93cC1jb250ZW50XC91cGxvYWRzXC8yMDI1XC8wNVwvSU1HMjAyNTA1MTMyMTAyNDguanBnIn0%3D\">\n\t\t\t\t\t\t\t<img loading=\"lazy\" decoding=\"async\" width=\"843\" height=\"562\" src=\"https:\/\/wsm.art.pl\/wp-content\/uploads\/2025\/05\/IMG20250513210248-1024x683.jpg\" class=\"attachment-large size-large wp-image-17802\" alt=\"\" srcset=\"https:\/\/wsm.art.pl\/wp-content\/uploads\/2025\/05\/IMG20250513210248-1024x683.jpg 1024w, https:\/\/wsm.art.pl\/wp-content\/uploads\/2025\/05\/IMG20250513210248-300x200.jpg 300w, https:\/\/wsm.art.pl\/wp-content\/uploads\/2025\/05\/IMG20250513210248-768x512.jpg 768w, https:\/\/wsm.art.pl\/wp-content\/uploads\/2025\/05\/IMG20250513210248.jpg 1380w\" sizes=\"(max-width: 843px) 100vw, 843px\" \/>\t\t\t\t\t\t\t\t<\/a>\n\t\t\t\t\t\t\t\t\t\t\t<figcaption class=\"widget-image-caption wp-caption-text\">Kwartet saksofonowy THE WHOOP Group, Kuba Soko\u0142owski, Pawe\u0142 Pa\u0144ta, Iwona Kisiel, Maciej Zieli\u0144ski, Jan Gralla i Bartosz Smor\u0105giewicz fot. Maciej Borowski<\/figcaption>\n\t\t\t\t\t\t\t\t\t\t<\/figure>\n\t\t\t\t\t\t\t\t\t<\/div>\n\t\t\t\t<\/div>\n\t\t\t\t\t<\/div>\n\t\t<\/div>\n\t\t\t\t\t<\/div>\n\t\t<\/section>\n\t\t\t\t<\/div>\n\t\t","protected":false},"excerpt":{"rendered":"<p>Pawe\u0142 Pa\u0144ta, Jan Gralla i Szymon Zawodny fot. Maciej Borowski Kuba Soko\u0142owski, Anna Maria Huszcza i Pawe\u0142 Pa\u0144ta fot. Maciej Borowski Pawe\u0142 Pa\u0144ta, Kwartet saksofonowy&hellip;<\/p>\n","protected":false},"author":1,"featured_media":0,"parent":0,"menu_order":0,"comment_status":"closed","ping_status":"closed","template":"","meta":{"footnotes":""},"class_list":["post-17697","page","type-page","status-publish","hentry"],"_links":{"self":[{"href":"https:\/\/wsm.art.pl\/index.php?rest_route=\/wp\/v2\/pages\/17697","targetHints":{"allow":["GET"]}}],"collection":[{"href":"https:\/\/wsm.art.pl\/index.php?rest_route=\/wp\/v2\/pages"}],"about":[{"href":"https:\/\/wsm.art.pl\/index.php?rest_route=\/wp\/v2\/types\/page"}],"author":[{"embeddable":true,"href":"https:\/\/wsm.art.pl\/index.php?rest_route=\/wp\/v2\/users\/1"}],"replies":[{"embeddable":true,"href":"https:\/\/wsm.art.pl\/index.php?rest_route=%2Fwp%2Fv2%2Fcomments&post=17697"}],"version-history":[{"count":28,"href":"https:\/\/wsm.art.pl\/index.php?rest_route=\/wp\/v2\/pages\/17697\/revisions"}],"predecessor-version":[{"id":17983,"href":"https:\/\/wsm.art.pl\/index.php?rest_route=\/wp\/v2\/pages\/17697\/revisions\/17983"}],"wp:attachment":[{"href":"https:\/\/wsm.art.pl\/index.php?rest_route=%2Fwp%2Fv2%2Fmedia&parent=17697"}],"curies":[{"name":"wp","href":"https:\/\/api.w.org\/{rel}","templated":true}]}}