{"id":17478,"date":"2025-04-29T20:25:18","date_gmt":"2025-04-29T20:25:18","guid":{"rendered":"https:\/\/wsm.art.pl\/?page_id=17478"},"modified":"2025-04-29T20:27:31","modified_gmt":"2025-04-29T20:27:31","slug":"2025-the-whoop","status":"publish","type":"page","link":"https:\/\/wsm.art.pl\/?page_id=17478","title":{"rendered":"2025 THE WHOOP GROUP"},"content":{"rendered":"\t\t<div data-elementor-type=\"wp-page\" data-elementor-id=\"17478\" class=\"elementor elementor-17478\">\n\t\t\t\t\t\t<section class=\"elementor-section elementor-top-section elementor-element elementor-element-8b249b1 elementor-section-boxed elementor-section-height-default elementor-section-height-default\" data-id=\"8b249b1\" data-element_type=\"section\">\n\t\t\t\t\t\t<div class=\"elementor-container elementor-column-gap-default\">\n\t\t\t\t\t<div class=\"elementor-column elementor-col-100 elementor-top-column elementor-element elementor-element-1aeb34e\" data-id=\"1aeb34e\" data-element_type=\"column\">\n\t\t\t<div class=\"elementor-widget-wrap elementor-element-populated\">\n\t\t\t\t\t\t<div class=\"elementor-element elementor-element-90cdfe6 elementor-widget elementor-widget-heading\" data-id=\"90cdfe6\" data-element_type=\"widget\" data-widget_type=\"heading.default\">\n\t\t\t\t<div class=\"elementor-widget-container\">\n\t\t\t\t\t<h2 class=\"elementor-heading-title elementor-size-default\">The WHOOP Group<\/h2>\t\t\t\t<\/div>\n\t\t\t\t<\/div>\n\t\t\t\t\t<\/div>\n\t\t<\/div>\n\t\t\t\t\t<\/div>\n\t\t<\/section>\n\t\t\t\t<section class=\"elementor-section elementor-top-section elementor-element elementor-element-208796d2 elementor-section-boxed elementor-section-height-default elementor-section-height-default\" data-id=\"208796d2\" data-element_type=\"section\">\n\t\t\t\t\t\t<div class=\"elementor-container elementor-column-gap-default\">\n\t\t\t\t\t<div class=\"elementor-column elementor-col-50 elementor-top-column elementor-element elementor-element-2998c263\" data-id=\"2998c263\" data-element_type=\"column\">\n\t\t\t<div class=\"elementor-widget-wrap elementor-element-populated\">\n\t\t\t\t\t\t<div class=\"elementor-element elementor-element-4f2be069 elementor-widget elementor-widget-image\" data-id=\"4f2be069\" data-element_type=\"widget\" data-widget_type=\"image.default\">\n\t\t\t\t<div class=\"elementor-widget-container\">\n\t\t\t\t\t\t\t\t\t\t\t\t<figure class=\"wp-caption\">\n\t\t\t\t\t\t\t\t\t\t<img fetchpriority=\"high\" decoding=\"async\" width=\"768\" height=\"1036\" src=\"https:\/\/wsm.art.pl\/wp-content\/uploads\/2025\/04\/The-Whoop-Group-fot.-Agnieszka-Dudziak-small-768x1036.jpg\" class=\"attachment-medium_large size-medium_large wp-image-17480\" alt=\"\" srcset=\"https:\/\/wsm.art.pl\/wp-content\/uploads\/2025\/04\/The-Whoop-Group-fot.-Agnieszka-Dudziak-small-768x1036.jpg 768w, https:\/\/wsm.art.pl\/wp-content\/uploads\/2025\/04\/The-Whoop-Group-fot.-Agnieszka-Dudziak-small-223x300.jpg 223w, https:\/\/wsm.art.pl\/wp-content\/uploads\/2025\/04\/The-Whoop-Group-fot.-Agnieszka-Dudziak-small-759x1024.jpg 759w, https:\/\/wsm.art.pl\/wp-content\/uploads\/2025\/04\/The-Whoop-Group-fot.-Agnieszka-Dudziak-small-1139x1536.jpg 1139w, https:\/\/wsm.art.pl\/wp-content\/uploads\/2025\/04\/The-Whoop-Group-fot.-Agnieszka-Dudziak-small.jpg 1335w\" sizes=\"(max-width: 768px) 100vw, 768px\" \/>\t\t\t\t\t\t\t\t\t\t\t<figcaption class=\"widget-image-caption wp-caption-text\">fot. Agnieszka Dudziak<\/figcaption>\n\t\t\t\t\t\t\t\t\t\t<\/figure>\n\t\t\t\t\t\t\t\t\t<\/div>\n\t\t\t\t<\/div>\n\t\t\t\t\t<\/div>\n\t\t<\/div>\n\t\t\t\t<div class=\"elementor-column elementor-col-50 elementor-top-column elementor-element elementor-element-22045959\" data-id=\"22045959\" data-element_type=\"column\">\n\t\t\t<div class=\"elementor-widget-wrap elementor-element-populated\">\n\t\t\t\t\t\t<div class=\"elementor-element elementor-element-20a87065 elementor-widget elementor-widget-text-editor\" data-id=\"20a87065\" data-element_type=\"widget\" data-widget_type=\"text-editor.default\">\n\t\t\t\t<div class=\"elementor-widget-container\">\n\t\t\t\t\t\t\t\t\t<p class=\"western\" style=\"text-align: left;\" align=\"justify\"><span style=\"color: #000000;\"><span style=\"font-family: Arial, sans-serif;\"><span style=\"font-size: medium;\">The WHOOP Group<\/span><\/span><\/span><span style=\"color: #000000;\"><span style=\"font-family: Arial, sans-serif;\"><span style=\"font-size: medium;\"> (Jakub Muras \u2013 saksofon sopranowy, Mateusz Dobosz &#8211; saksofon altowy, Krzysztof Koszowski \u2013 saksofon tenorowy, Szymon Zawodny \u2013 saksofon barytonowy) to najbardziej rozpoznawalny polski kwartet saksofonowy, w sk\u0142ad kt\u00f3rego wchodz\u0105 najwybitniejsi polscy saksofoni\u015bci.<\/span><\/span><\/span><\/p><p class=\"western\" style=\"text-align: left;\" align=\"justify\"><span style=\"font-family: Arial, sans-serif;\"><span style=\"font-size: medium;\">Zesp\u00f3\u0142 aktywnie koncertuje w kraju oraz za granic\u0105, cz\u0119sto wyst\u0119puj\u0105c w towarzystwie orkiestr symfonicznych, kameralnych oraz big band\u00f3w. Muzycy kwartetu \u0142\u0105cz\u0105 wirtuozeri\u0119 i \u017cywio\u0142owo\u015b\u0107 z muzykalno\u015bci\u0105 i perfekcj\u0105, rozwijaj\u0105 si\u0119 w b\u0142yskawicznym tempie oraz ciesz\u0105 wyj\u0105tkowym uznaniem publiczno\u015bci na ca\u0142ym \u015bwiecie.<\/span><\/span><\/p><p class=\"western\" style=\"text-align: left;\" align=\"justify\"><span style=\"color: #000000;\"><span style=\"font-family: Arial, sans-serif;\"><span style=\"font-size: medium;\">Specjalizuje si\u0119 w muzyce klasycznej, kt\u00f3r\u0105 wykonuje w autorskich aran\u017cacjach, lecz doskonale odnajduje si\u0119 tak\u017ce w innych gatunkach \u2013 muzyce jazzowej, rozrywkowej, a nawet filmowej. Ponadto muzycy tworz\u0105 w\u0142asne kompozycje, kt\u00f3re nierzadko s\u0105 syntez\u0105 wszystkich wykonywanych przez zesp\u00f3\u0142 gatunk\u00f3w muzycznych. Za debiutanck\u0105 p\u0142yt\u0119 <\/span><\/span><\/span><span style=\"color: #000000;\"><span style=\"font-family: Arial, sans-serif;\"><span style=\"font-size: medium;\"><i>Crimes<\/i><\/span><\/span><\/span><span style=\"color: #000000;\"><span style=\"font-family: Arial, sans-serif;\"><span style=\"font-size: medium;\"> (2018) The WHOOP Group zostali nominowani do nagrody Koryfeusz Muzyki Polskiej w kategorii Odkrycie Roku, a p\u0142yta <\/span><\/span><\/span><span style=\"color: #000000;\"><span style=\"font-family: Arial, sans-serif;\"><span style=\"font-size: medium;\"><i>Debut<\/i><\/span><\/span><\/span><span style=\"color: #000000;\"><span style=\"font-family: Arial, sans-serif;\"><span style=\"font-size: medium;\"> zespo\u0142u Warsaw Saxophone Orchestra, na kt\u00f3rej wykonali solow\u0105 parti\u0119 <\/span><\/span><\/span><span style=\"color: #000000;\"><span style=\"font-family: Arial, sans-serif;\"><span style=\"font-size: medium;\"><i>B\u0142\u0119kitnej Rapsodii<\/i><\/span><\/span><\/span><span style=\"color: #000000;\"><span style=\"font-family: Arial, sans-serif;\"><span style=\"font-size: medium;\"> Georga Gershwina otrzyma\u0142a w 2023 roku FRYDERYKA w kategorii Muzyka orkiestrowa.<\/span><\/span><\/span><\/p><p class=\"western\" style=\"text-align: left;\" align=\"justify\"><span style=\"color: #000000;\"><span style=\"font-family: Arial, sans-serif;\"><span style=\"font-size: medium;\">Zesp\u00f3\u0142 wyst\u0119powa\u0142 mi\u0119dzy innymi w Japonii, Portugalii i Hiszpanii, ale tak\u017ce na takich festiwalach jak <\/span><\/span><\/span><span style=\"color: #000000;\"><span style=\"font-family: Arial, sans-serif;\"><span style=\"font-size: medium;\">Un Violon sur le Sable (Francja), Christopher Summer Music Festival (Litwa), Swaledale Festival (Anglia), Musik in den Hausern (Niemcy) czy La Folle Journ\u00e9e \u2013 Szalone Dni Muzyki<\/span><\/span><\/span><i> <\/i><span style=\"color: #000000;\"><span style=\"font-family: Arial, sans-serif;\"><span style=\"font-size: medium;\">w Warszawie.<\/span><\/span><\/span><\/p><p class=\"western\" style=\"text-align: left;\"><span style=\"font-family: Arial, sans-serif;\"><span style=\"font-size: medium;\"><i>The WHOOP Group<\/i><\/span><\/span><span style=\"font-family: Arial, sans-serif;\"><span style=\"font-size: medium;\"><i> to czterej niezwykle kreatywni wirtuozi saksofonu!<\/i><\/span><\/span><span style=\"color: #011029;\"><span style=\"font-family: Arial, sans-serif;\"><span style=\"font-size: medium;\"><br \/><\/span><\/span><\/span><em><span style=\"font-family: Arial, sans-serif;\"><span style=\"font-size: medium;\">(Jan A.P. Kaczmarek &#8211; kompozytor, laureat Oscara)<\/span><\/span><\/em><\/p>\t\t\t\t\t\t\t\t<\/div>\n\t\t\t\t<\/div>\n\t\t\t\t\t<\/div>\n\t\t<\/div>\n\t\t\t\t\t<\/div>\n\t\t<\/section>\n\t\t\t\t<\/div>\n\t\t","protected":false},"excerpt":{"rendered":"<p>The WHOOP Group fot. Agnieszka Dudziak The WHOOP Group (Jakub Muras \u2013 saksofon sopranowy, Mateusz Dobosz &#8211; saksofon altowy, Krzysztof Koszowski \u2013 saksofon tenorowy, Szymon&hellip;<\/p>\n","protected":false},"author":1,"featured_media":0,"parent":0,"menu_order":0,"comment_status":"closed","ping_status":"closed","template":"","meta":{"footnotes":""},"class_list":["post-17478","page","type-page","status-publish","hentry"],"_links":{"self":[{"href":"https:\/\/wsm.art.pl\/index.php?rest_route=\/wp\/v2\/pages\/17478","targetHints":{"allow":["GET"]}}],"collection":[{"href":"https:\/\/wsm.art.pl\/index.php?rest_route=\/wp\/v2\/pages"}],"about":[{"href":"https:\/\/wsm.art.pl\/index.php?rest_route=\/wp\/v2\/types\/page"}],"author":[{"embeddable":true,"href":"https:\/\/wsm.art.pl\/index.php?rest_route=\/wp\/v2\/users\/1"}],"replies":[{"embeddable":true,"href":"https:\/\/wsm.art.pl\/index.php?rest_route=%2Fwp%2Fv2%2Fcomments&post=17478"}],"version-history":[{"count":4,"href":"https:\/\/wsm.art.pl\/index.php?rest_route=\/wp\/v2\/pages\/17478\/revisions"}],"predecessor-version":[{"id":17483,"href":"https:\/\/wsm.art.pl\/index.php?rest_route=\/wp\/v2\/pages\/17478\/revisions\/17483"}],"wp:attachment":[{"href":"https:\/\/wsm.art.pl\/index.php?rest_route=%2Fwp%2Fv2%2Fmedia&parent=17478"}],"curies":[{"name":"wp","href":"https:\/\/api.w.org\/{rel}","templated":true}]}}