{"id":16259,"date":"2024-08-02T11:23:13","date_gmt":"2024-08-02T11:23:13","guid":{"rendered":"https:\/\/wsm.art.pl\/?page_id=16259"},"modified":"2025-06-03T15:38:51","modified_gmt":"2025-06-03T15:38:51","slug":"galeria_19-05-2024","status":"publish","type":"page","link":"https:\/\/wsm.art.pl\/?page_id=16259","title":{"rendered":"Galeria 2024 19 maja ch\u00f3r VRC"},"content":{"rendered":"\t\t<div data-elementor-type=\"wp-page\" data-elementor-id=\"16259\" class=\"elementor elementor-16259\">\n\t\t\t\t\t\t<section class=\"elementor-section elementor-top-section elementor-element elementor-element-85e70d8 elementor-section-boxed elementor-section-height-default elementor-section-height-default\" data-id=\"85e70d8\" data-element_type=\"section\">\n\t\t\t\t\t\t<div class=\"elementor-container elementor-column-gap-default\">\n\t\t\t\t\t<div class=\"elementor-column elementor-col-33 elementor-top-column elementor-element elementor-element-8526e47\" data-id=\"8526e47\" data-element_type=\"column\">\n\t\t\t<div class=\"elementor-widget-wrap elementor-element-populated\">\n\t\t\t\t\t\t<div class=\"elementor-element elementor-element-74661e8 elementor-widget elementor-widget-image\" data-id=\"74661e8\" data-element_type=\"widget\" data-widget_type=\"image.default\">\n\t\t\t\t<div class=\"elementor-widget-container\">\n\t\t\t\t\t\t\t\t\t\t\t\t<figure class=\"wp-caption\">\n\t\t\t\t\t\t\t\t\t\t\t<a href=\"https:\/\/wsm.art.pl\/wp-content\/uploads\/2024\/08\/03-IMG_8229.jpg\" data-elementor-open-lightbox=\"yes\" data-elementor-lightbox-title=\"19.05.2024\" data-e-action-hash=\"#elementor-action%3Aaction%3Dlightbox%26settings%3DeyJpZCI6MTY0NDMsInVybCI6Imh0dHBzOlwvXC93c20uYXJ0LnBsXC93cC1jb250ZW50XC91cGxvYWRzXC8yMDI0XC8wOFwvMDMtSU1HXzgyMjkuanBnIn0%3D\">\n\t\t\t\t\t\t\t<img fetchpriority=\"high\" decoding=\"async\" width=\"843\" height=\"561\" src=\"https:\/\/wsm.art.pl\/wp-content\/uploads\/2024\/08\/03-IMG_8229-1024x682.jpg\" class=\"attachment-large size-large wp-image-16443\" alt=\"\" srcset=\"https:\/\/wsm.art.pl\/wp-content\/uploads\/2024\/08\/03-IMG_8229-1024x682.jpg 1024w, https:\/\/wsm.art.pl\/wp-content\/uploads\/2024\/08\/03-IMG_8229-300x200.jpg 300w, https:\/\/wsm.art.pl\/wp-content\/uploads\/2024\/08\/03-IMG_8229-768x512.jpg 768w, https:\/\/wsm.art.pl\/wp-content\/uploads\/2024\/08\/03-IMG_8229.jpg 1400w\" sizes=\"(max-width: 843px) 100vw, 843px\" \/>\t\t\t\t\t\t\t\t<\/a>\n\t\t\t\t\t\t\t\t\t\t\t<figcaption class=\"widget-image-caption wp-caption-text\">Ch\u00f3r VRC fot. Maciej Borowski<\/figcaption>\n\t\t\t\t\t\t\t\t\t\t<\/figure>\n\t\t\t\t\t\t\t\t\t<\/div>\n\t\t\t\t<\/div>\n\t\t\t\t\t<\/div>\n\t\t<\/div>\n\t\t\t\t<div class=\"elementor-column elementor-col-33 elementor-top-column elementor-element elementor-element-02605b6\" data-id=\"02605b6\" data-element_type=\"column\">\n\t\t\t<div class=\"elementor-widget-wrap elementor-element-populated\">\n\t\t\t\t\t\t<div class=\"elementor-element elementor-element-61a16ed elementor-widget elementor-widget-image\" data-id=\"61a16ed\" data-element_type=\"widget\" data-widget_type=\"image.default\">\n\t\t\t\t<div class=\"elementor-widget-container\">\n\t\t\t\t\t\t\t\t\t\t\t\t<figure class=\"wp-caption\">\n\t\t\t\t\t\t\t\t\t\t\t<a href=\"https:\/\/wsm.art.pl\/wp-content\/uploads\/2024\/08\/10-IMG_8234.jpg\" data-elementor-open-lightbox=\"yes\" data-elementor-lightbox-title=\"19.05.2024\" data-e-action-hash=\"#elementor-action%3Aaction%3Dlightbox%26settings%3DeyJpZCI6MTY0NDksInVybCI6Imh0dHBzOlwvXC93c20uYXJ0LnBsXC93cC1jb250ZW50XC91cGxvYWRzXC8yMDI0XC8wOFwvMTAtSU1HXzgyMzQuanBnIn0%3D\">\n\t\t\t\t\t\t\t<img decoding=\"async\" width=\"843\" height=\"561\" src=\"https:\/\/wsm.art.pl\/wp-content\/uploads\/2024\/08\/10-IMG_8234-1024x682.jpg\" class=\"attachment-large size-large wp-image-16449\" alt=\"\" srcset=\"https:\/\/wsm.art.pl\/wp-content\/uploads\/2024\/08\/10-IMG_8234-1024x682.jpg 1024w, https:\/\/wsm.art.pl\/wp-content\/uploads\/2024\/08\/10-IMG_8234-300x200.jpg 300w, https:\/\/wsm.art.pl\/wp-content\/uploads\/2024\/08\/10-IMG_8234-768x512.jpg 768w, https:\/\/wsm.art.pl\/wp-content\/uploads\/2024\/08\/10-IMG_8234.jpg 1400w\" sizes=\"(max-width: 843px) 100vw, 843px\" \/>\t\t\t\t\t\t\t\t<\/a>\n\t\t\t\t\t\t\t\t\t\t\t<figcaption class=\"widget-image-caption wp-caption-text\">Ch\u00f3r VRC fot. Maciej Borowski<\/figcaption>\n\t\t\t\t\t\t\t\t\t\t<\/figure>\n\t\t\t\t\t\t\t\t\t<\/div>\n\t\t\t\t<\/div>\n\t\t\t\t\t<\/div>\n\t\t<\/div>\n\t\t\t\t<div class=\"elementor-column elementor-col-33 elementor-top-column elementor-element elementor-element-21972fa\" data-id=\"21972fa\" data-element_type=\"column\">\n\t\t\t<div class=\"elementor-widget-wrap elementor-element-populated\">\n\t\t\t\t\t\t<div class=\"elementor-element elementor-element-e992186 elementor-widget elementor-widget-image\" data-id=\"e992186\" data-element_type=\"widget\" data-widget_type=\"image.default\">\n\t\t\t\t<div class=\"elementor-widget-container\">\n\t\t\t\t\t\t\t\t\t\t\t\t<figure class=\"wp-caption\">\n\t\t\t\t\t\t\t\t\t\t\t<a href=\"https:\/\/wsm.art.pl\/wp-content\/uploads\/2024\/08\/pop-08-IMG_8293.jpg\" data-elementor-open-lightbox=\"yes\" data-elementor-lightbox-title=\"19.05.2024\" data-e-action-hash=\"#elementor-action%3Aaction%3Dlightbox%26settings%3DeyJpZCI6MTY1NjQsInVybCI6Imh0dHBzOlwvXC93c20uYXJ0LnBsXC93cC1jb250ZW50XC91cGxvYWRzXC8yMDI0XC8wOFwvcG9wLTA4LUlNR184MjkzLmpwZyJ9\">\n\t\t\t\t\t\t\t<img decoding=\"async\" width=\"843\" height=\"561\" src=\"https:\/\/wsm.art.pl\/wp-content\/uploads\/2024\/08\/pop-08-IMG_8293-1024x682.jpg\" class=\"attachment-large size-large wp-image-16564\" alt=\"\" srcset=\"https:\/\/wsm.art.pl\/wp-content\/uploads\/2024\/08\/pop-08-IMG_8293-1024x682.jpg 1024w, https:\/\/wsm.art.pl\/wp-content\/uploads\/2024\/08\/pop-08-IMG_8293-300x200.jpg 300w, https:\/\/wsm.art.pl\/wp-content\/uploads\/2024\/08\/pop-08-IMG_8293-768x511.jpg 768w, https:\/\/wsm.art.pl\/wp-content\/uploads\/2024\/08\/pop-08-IMG_8293.jpg 1500w\" sizes=\"(max-width: 843px) 100vw, 843px\" \/>\t\t\t\t\t\t\t\t<\/a>\n\t\t\t\t\t\t\t\t\t\t\t<figcaption class=\"widget-image-caption wp-caption-text\">Rafa\u0142 Stradomski i Joanna Maluga fot. Maciej Borowski<\/figcaption>\n\t\t\t\t\t\t\t\t\t\t<\/figure>\n\t\t\t\t\t\t\t\t\t<\/div>\n\t\t\t\t<\/div>\n\t\t\t\t\t<\/div>\n\t\t<\/div>\n\t\t\t\t\t<\/div>\n\t\t<\/section>\n\t\t\t\t<section class=\"elementor-section elementor-top-section elementor-element elementor-element-bb494df elementor-section-boxed elementor-section-height-default elementor-section-height-default\" data-id=\"bb494df\" data-element_type=\"section\">\n\t\t\t\t\t\t<div class=\"elementor-container elementor-column-gap-default\">\n\t\t\t\t\t<div class=\"elementor-column elementor-col-33 elementor-top-column elementor-element elementor-element-9066c04\" data-id=\"9066c04\" data-element_type=\"column\">\n\t\t\t<div class=\"elementor-widget-wrap elementor-element-populated\">\n\t\t\t\t\t\t<div class=\"elementor-element elementor-element-629849f elementor-widget elementor-widget-image\" data-id=\"629849f\" data-element_type=\"widget\" data-widget_type=\"image.default\">\n\t\t\t\t<div class=\"elementor-widget-container\">\n\t\t\t\t\t\t\t\t\t\t\t\t<figure class=\"wp-caption\">\n\t\t\t\t\t\t\t\t\t\t\t<a href=\"https:\/\/wsm.art.pl\/wp-content\/uploads\/2024\/08\/07-IMG_8224.jpg\" data-elementor-open-lightbox=\"yes\" data-elementor-lightbox-title=\"19.05.2024\" data-e-action-hash=\"#elementor-action%3Aaction%3Dlightbox%26settings%3DeyJpZCI6MTY0NDYsInVybCI6Imh0dHBzOlwvXC93c20uYXJ0LnBsXC93cC1jb250ZW50XC91cGxvYWRzXC8yMDI0XC8wOFwvMDctSU1HXzgyMjQuanBnIn0%3D\">\n\t\t\t\t\t\t\t<img loading=\"lazy\" decoding=\"async\" width=\"843\" height=\"561\" src=\"https:\/\/wsm.art.pl\/wp-content\/uploads\/2024\/08\/07-IMG_8224-1024x682.jpg\" class=\"attachment-large size-large wp-image-16446\" alt=\"\" srcset=\"https:\/\/wsm.art.pl\/wp-content\/uploads\/2024\/08\/07-IMG_8224-1024x682.jpg 1024w, https:\/\/wsm.art.pl\/wp-content\/uploads\/2024\/08\/07-IMG_8224-300x200.jpg 300w, https:\/\/wsm.art.pl\/wp-content\/uploads\/2024\/08\/07-IMG_8224-768x512.jpg 768w, https:\/\/wsm.art.pl\/wp-content\/uploads\/2024\/08\/07-IMG_8224.jpg 1400w\" sizes=\"(max-width: 843px) 100vw, 843px\" \/>\t\t\t\t\t\t\t\t<\/a>\n\t\t\t\t\t\t\t\t\t\t\t<figcaption class=\"widget-image-caption wp-caption-text\">Ch\u00f3r VRC fot. Maciej Borowski<\/figcaption>\n\t\t\t\t\t\t\t\t\t\t<\/figure>\n\t\t\t\t\t\t\t\t\t<\/div>\n\t\t\t\t<\/div>\n\t\t\t\t\t<\/div>\n\t\t<\/div>\n\t\t\t\t<div class=\"elementor-column elementor-col-33 elementor-top-column elementor-element elementor-element-ec3fc25\" data-id=\"ec3fc25\" data-element_type=\"column\">\n\t\t\t<div class=\"elementor-widget-wrap elementor-element-populated\">\n\t\t\t\t\t\t<div class=\"elementor-element elementor-element-aeeada4 elementor-widget elementor-widget-image\" data-id=\"aeeada4\" data-element_type=\"widget\" data-widget_type=\"image.default\">\n\t\t\t\t<div class=\"elementor-widget-container\">\n\t\t\t\t\t\t\t\t\t\t\t\t<figure class=\"wp-caption\">\n\t\t\t\t\t\t\t\t\t\t\t<a href=\"https:\/\/wsm.art.pl\/wp-content\/uploads\/2024\/08\/06-IMG_8220.jpg\" data-elementor-open-lightbox=\"yes\" data-elementor-lightbox-title=\"19.05.2024\" data-e-action-hash=\"#elementor-action%3Aaction%3Dlightbox%26settings%3DeyJpZCI6MTY0NDUsInVybCI6Imh0dHBzOlwvXC93c20uYXJ0LnBsXC93cC1jb250ZW50XC91cGxvYWRzXC8yMDI0XC8wOFwvMDYtSU1HXzgyMjAuanBnIn0%3D\">\n\t\t\t\t\t\t\t<img loading=\"lazy\" decoding=\"async\" width=\"843\" height=\"561\" src=\"https:\/\/wsm.art.pl\/wp-content\/uploads\/2024\/08\/06-IMG_8220-1024x682.jpg\" class=\"attachment-large size-large wp-image-16445\" alt=\"\" srcset=\"https:\/\/wsm.art.pl\/wp-content\/uploads\/2024\/08\/06-IMG_8220-1024x682.jpg 1024w, https:\/\/wsm.art.pl\/wp-content\/uploads\/2024\/08\/06-IMG_8220-300x200.jpg 300w, https:\/\/wsm.art.pl\/wp-content\/uploads\/2024\/08\/06-IMG_8220-768x512.jpg 768w, https:\/\/wsm.art.pl\/wp-content\/uploads\/2024\/08\/06-IMG_8220.jpg 1400w\" sizes=\"(max-width: 843px) 100vw, 843px\" \/>\t\t\t\t\t\t\t\t<\/a>\n\t\t\t\t\t\t\t\t\t\t\t<figcaption class=\"widget-image-caption wp-caption-text\">Ch\u00f3r VRC fot. Maciej Borowski<\/figcaption>\n\t\t\t\t\t\t\t\t\t\t<\/figure>\n\t\t\t\t\t\t\t\t\t<\/div>\n\t\t\t\t<\/div>\n\t\t\t\t\t<\/div>\n\t\t<\/div>\n\t\t\t\t<div class=\"elementor-column elementor-col-33 elementor-top-column elementor-element elementor-element-e3620f9\" data-id=\"e3620f9\" data-element_type=\"column\">\n\t\t\t<div class=\"elementor-widget-wrap elementor-element-populated\">\n\t\t\t\t\t\t<div class=\"elementor-element elementor-element-2ed4b6e elementor-widget elementor-widget-image\" data-id=\"2ed4b6e\" data-element_type=\"widget\" data-widget_type=\"image.default\">\n\t\t\t\t<div class=\"elementor-widget-container\">\n\t\t\t\t\t\t\t\t\t\t\t\t<figure class=\"wp-caption\">\n\t\t\t\t\t\t\t\t\t\t\t<a href=\"https:\/\/wsm.art.pl\/wp-content\/uploads\/2024\/08\/11-IMG_8243.jpg\" data-elementor-open-lightbox=\"yes\" data-elementor-lightbox-title=\"19.05.2024\" data-e-action-hash=\"#elementor-action%3Aaction%3Dlightbox%26settings%3DeyJpZCI6MTY0NTAsInVybCI6Imh0dHBzOlwvXC93c20uYXJ0LnBsXC93cC1jb250ZW50XC91cGxvYWRzXC8yMDI0XC8wOFwvMTEtSU1HXzgyNDMuanBnIn0%3D\">\n\t\t\t\t\t\t\t<img loading=\"lazy\" decoding=\"async\" width=\"843\" height=\"561\" src=\"https:\/\/wsm.art.pl\/wp-content\/uploads\/2024\/08\/11-IMG_8243-1024x682.jpg\" class=\"attachment-large size-large wp-image-16450\" alt=\"\" srcset=\"https:\/\/wsm.art.pl\/wp-content\/uploads\/2024\/08\/11-IMG_8243-1024x682.jpg 1024w, https:\/\/wsm.art.pl\/wp-content\/uploads\/2024\/08\/11-IMG_8243-300x200.jpg 300w, https:\/\/wsm.art.pl\/wp-content\/uploads\/2024\/08\/11-IMG_8243-768x512.jpg 768w, https:\/\/wsm.art.pl\/wp-content\/uploads\/2024\/08\/11-IMG_8243.jpg 1400w\" sizes=\"(max-width: 843px) 100vw, 843px\" \/>\t\t\t\t\t\t\t\t<\/a>\n\t\t\t\t\t\t\t\t\t\t\t<figcaption class=\"widget-image-caption wp-caption-text\">Ch\u00f3r VRC fot. Maciej Borowski<\/figcaption>\n\t\t\t\t\t\t\t\t\t\t<\/figure>\n\t\t\t\t\t\t\t\t\t<\/div>\n\t\t\t\t<\/div>\n\t\t\t\t\t<\/div>\n\t\t<\/div>\n\t\t\t\t\t<\/div>\n\t\t<\/section>\n\t\t\t\t<section class=\"elementor-section elementor-top-section elementor-element elementor-element-a56cb58 elementor-section-boxed elementor-section-height-default elementor-section-height-default\" data-id=\"a56cb58\" data-element_type=\"section\">\n\t\t\t\t\t\t<div class=\"elementor-container elementor-column-gap-default\">\n\t\t\t\t\t<div class=\"elementor-column elementor-col-33 elementor-top-column elementor-element elementor-element-38382ef\" data-id=\"38382ef\" data-element_type=\"column\">\n\t\t\t<div class=\"elementor-widget-wrap elementor-element-populated\">\n\t\t\t\t\t\t<div class=\"elementor-element elementor-element-350f602 elementor-widget elementor-widget-image\" data-id=\"350f602\" data-element_type=\"widget\" data-widget_type=\"image.default\">\n\t\t\t\t<div class=\"elementor-widget-container\">\n\t\t\t\t\t\t\t\t\t\t\t\t<figure class=\"wp-caption\">\n\t\t\t\t\t\t\t\t\t\t\t<a href=\"https:\/\/wsm.art.pl\/wp-content\/uploads\/2024\/08\/04-IMG_8253.jpg\" data-elementor-open-lightbox=\"yes\" data-elementor-lightbox-title=\"19.05.2024\" data-e-action-hash=\"#elementor-action%3Aaction%3Dlightbox%26settings%3DeyJpZCI6MTY0NDQsInVybCI6Imh0dHBzOlwvXC93c20uYXJ0LnBsXC93cC1jb250ZW50XC91cGxvYWRzXC8yMDI0XC8wOFwvMDQtSU1HXzgyNTMuanBnIn0%3D\">\n\t\t\t\t\t\t\t<img loading=\"lazy\" decoding=\"async\" width=\"843\" height=\"561\" src=\"https:\/\/wsm.art.pl\/wp-content\/uploads\/2024\/08\/04-IMG_8253-1024x682.jpg\" class=\"attachment-large size-large wp-image-16444\" alt=\"\" srcset=\"https:\/\/wsm.art.pl\/wp-content\/uploads\/2024\/08\/04-IMG_8253-1024x682.jpg 1024w, https:\/\/wsm.art.pl\/wp-content\/uploads\/2024\/08\/04-IMG_8253-300x200.jpg 300w, https:\/\/wsm.art.pl\/wp-content\/uploads\/2024\/08\/04-IMG_8253-768x512.jpg 768w, https:\/\/wsm.art.pl\/wp-content\/uploads\/2024\/08\/04-IMG_8253.jpg 1400w\" sizes=\"(max-width: 843px) 100vw, 843px\" \/>\t\t\t\t\t\t\t\t<\/a>\n\t\t\t\t\t\t\t\t\t\t\t<figcaption class=\"widget-image-caption wp-caption-text\">S\u0142awomir Czarnecki fot. Maciej Borowski<\/figcaption>\n\t\t\t\t\t\t\t\t\t\t<\/figure>\n\t\t\t\t\t\t\t\t\t<\/div>\n\t\t\t\t<\/div>\n\t\t\t\t\t<\/div>\n\t\t<\/div>\n\t\t\t\t<div class=\"elementor-column elementor-col-33 elementor-top-column elementor-element elementor-element-9673086\" data-id=\"9673086\" data-element_type=\"column\">\n\t\t\t<div class=\"elementor-widget-wrap elementor-element-populated\">\n\t\t\t\t\t\t<div class=\"elementor-element elementor-element-284f1df elementor-widget elementor-widget-image\" data-id=\"284f1df\" data-element_type=\"widget\" data-widget_type=\"image.default\">\n\t\t\t\t<div class=\"elementor-widget-container\">\n\t\t\t\t\t\t\t\t\t\t\t\t<figure class=\"wp-caption\">\n\t\t\t\t\t\t\t\t\t\t\t<a href=\"https:\/\/wsm.art.pl\/wp-content\/uploads\/2024\/08\/13-IMG_8266.jpg\" data-elementor-open-lightbox=\"yes\" data-elementor-lightbox-title=\"19.05.2024\" data-e-action-hash=\"#elementor-action%3Aaction%3Dlightbox%26settings%3DeyJpZCI6MTY0NTIsInVybCI6Imh0dHBzOlwvXC93c20uYXJ0LnBsXC93cC1jb250ZW50XC91cGxvYWRzXC8yMDI0XC8wOFwvMTMtSU1HXzgyNjYuanBnIn0%3D\">\n\t\t\t\t\t\t\t<img loading=\"lazy\" decoding=\"async\" width=\"843\" height=\"562\" src=\"https:\/\/wsm.art.pl\/wp-content\/uploads\/2024\/08\/13-IMG_8266-1024x683.jpg\" class=\"attachment-large size-large wp-image-16452\" alt=\"\" srcset=\"https:\/\/wsm.art.pl\/wp-content\/uploads\/2024\/08\/13-IMG_8266-1024x683.jpg 1024w, https:\/\/wsm.art.pl\/wp-content\/uploads\/2024\/08\/13-IMG_8266-300x200.jpg 300w, https:\/\/wsm.art.pl\/wp-content\/uploads\/2024\/08\/13-IMG_8266-768x512.jpg 768w, https:\/\/wsm.art.pl\/wp-content\/uploads\/2024\/08\/13-IMG_8266.jpg 1350w\" sizes=\"(max-width: 843px) 100vw, 843px\" \/>\t\t\t\t\t\t\t\t<\/a>\n\t\t\t\t\t\t\t\t\t\t\t<figcaption class=\"widget-image-caption wp-caption-text\">Marta Dziewanowska-Pachowska i Ch\u00f3r VRC fot. Maciej Borowski<\/figcaption>\n\t\t\t\t\t\t\t\t\t\t<\/figure>\n\t\t\t\t\t\t\t\t\t<\/div>\n\t\t\t\t<\/div>\n\t\t\t\t\t<\/div>\n\t\t<\/div>\n\t\t\t\t<div class=\"elementor-column elementor-col-33 elementor-top-column elementor-element elementor-element-77239d7\" data-id=\"77239d7\" data-element_type=\"column\">\n\t\t\t<div class=\"elementor-widget-wrap elementor-element-populated\">\n\t\t\t\t\t\t<div class=\"elementor-element elementor-element-8634667 elementor-widget elementor-widget-image\" data-id=\"8634667\" data-element_type=\"widget\" data-widget_type=\"image.default\">\n\t\t\t\t<div class=\"elementor-widget-container\">\n\t\t\t\t\t\t\t\t\t\t\t\t<figure class=\"wp-caption\">\n\t\t\t\t\t\t\t\t\t\t\t<a href=\"https:\/\/wsm.art.pl\/wp-content\/uploads\/2024\/08\/12-IMG_8277.jpg\" data-elementor-open-lightbox=\"yes\" data-elementor-lightbox-title=\"19.05.2024\" data-e-action-hash=\"#elementor-action%3Aaction%3Dlightbox%26settings%3DeyJpZCI6MTY0NTEsInVybCI6Imh0dHBzOlwvXC93c20uYXJ0LnBsXC93cC1jb250ZW50XC91cGxvYWRzXC8yMDI0XC8wOFwvMTItSU1HXzgyNzcuanBnIn0%3D\">\n\t\t\t\t\t\t\t<img loading=\"lazy\" decoding=\"async\" width=\"843\" height=\"562\" src=\"https:\/\/wsm.art.pl\/wp-content\/uploads\/2024\/08\/12-IMG_8277-1024x683.jpg\" class=\"attachment-large size-large wp-image-16451\" alt=\"\" srcset=\"https:\/\/wsm.art.pl\/wp-content\/uploads\/2024\/08\/12-IMG_8277-1024x683.jpg 1024w, https:\/\/wsm.art.pl\/wp-content\/uploads\/2024\/08\/12-IMG_8277-300x200.jpg 300w, https:\/\/wsm.art.pl\/wp-content\/uploads\/2024\/08\/12-IMG_8277-768x512.jpg 768w, https:\/\/wsm.art.pl\/wp-content\/uploads\/2024\/08\/12-IMG_8277.jpg 1350w\" sizes=\"(max-width: 843px) 100vw, 843px\" \/>\t\t\t\t\t\t\t\t<\/a>\n\t\t\t\t\t\t\t\t\t\t\t<figcaption class=\"widget-image-caption wp-caption-text\">Publiczno\u015b\u0107 fot. Maciej Borowski<\/figcaption>\n\t\t\t\t\t\t\t\t\t\t<\/figure>\n\t\t\t\t\t\t\t\t\t<\/div>\n\t\t\t\t<\/div>\n\t\t\t\t\t<\/div>\n\t\t<\/div>\n\t\t\t\t\t<\/div>\n\t\t<\/section>\n\t\t\t\t<section class=\"elementor-section elementor-top-section elementor-element elementor-element-39d21e6 elementor-section-boxed elementor-section-height-default elementor-section-height-default\" data-id=\"39d21e6\" data-element_type=\"section\">\n\t\t\t\t\t\t<div class=\"elementor-container elementor-column-gap-default\">\n\t\t\t\t\t<div class=\"elementor-column elementor-col-33 elementor-top-column elementor-element elementor-element-31ad785\" data-id=\"31ad785\" data-element_type=\"column\">\n\t\t\t<div class=\"elementor-widget-wrap elementor-element-populated\">\n\t\t\t\t\t\t<div class=\"elementor-element elementor-element-d32a046 elementor-widget elementor-widget-image\" data-id=\"d32a046\" data-element_type=\"widget\" data-widget_type=\"image.default\">\n\t\t\t\t<div class=\"elementor-widget-container\">\n\t\t\t\t\t\t\t\t\t\t\t\t<figure class=\"wp-caption\">\n\t\t\t\t\t\t\t\t\t\t\t<a href=\"https:\/\/wsm.art.pl\/wp-content\/uploads\/2024\/08\/09-IMG_8215.jpg\" data-elementor-open-lightbox=\"yes\" data-elementor-lightbox-title=\"19.05.2024\" data-e-action-hash=\"#elementor-action%3Aaction%3Dlightbox%26settings%3DeyJpZCI6MTY0NDgsInVybCI6Imh0dHBzOlwvXC93c20uYXJ0LnBsXC93cC1jb250ZW50XC91cGxvYWRzXC8yMDI0XC8wOFwvMDktSU1HXzgyMTUuanBnIn0%3D\">\n\t\t\t\t\t\t\t<img loading=\"lazy\" decoding=\"async\" width=\"843\" height=\"561\" src=\"https:\/\/wsm.art.pl\/wp-content\/uploads\/2024\/08\/09-IMG_8215-1024x682.jpg\" class=\"attachment-large size-large wp-image-16448\" alt=\"\" srcset=\"https:\/\/wsm.art.pl\/wp-content\/uploads\/2024\/08\/09-IMG_8215-1024x682.jpg 1024w, https:\/\/wsm.art.pl\/wp-content\/uploads\/2024\/08\/09-IMG_8215-300x200.jpg 300w, https:\/\/wsm.art.pl\/wp-content\/uploads\/2024\/08\/09-IMG_8215-768x512.jpg 768w, https:\/\/wsm.art.pl\/wp-content\/uploads\/2024\/08\/09-IMG_8215.jpg 1400w\" sizes=\"(max-width: 843px) 100vw, 843px\" \/>\t\t\t\t\t\t\t\t<\/a>\n\t\t\t\t\t\t\t\t\t\t\t<figcaption class=\"widget-image-caption wp-caption-text\">Ch\u00f3r VRC fot. Maciej Borowski<\/figcaption>\n\t\t\t\t\t\t\t\t\t\t<\/figure>\n\t\t\t\t\t\t\t\t\t<\/div>\n\t\t\t\t<\/div>\n\t\t\t\t\t<\/div>\n\t\t<\/div>\n\t\t\t\t<div class=\"elementor-column elementor-col-33 elementor-top-column elementor-element elementor-element-449f6b3\" data-id=\"449f6b3\" data-element_type=\"column\">\n\t\t\t<div class=\"elementor-widget-wrap elementor-element-populated\">\n\t\t\t\t\t\t<div class=\"elementor-element elementor-element-6016799 elementor-widget elementor-widget-image\" data-id=\"6016799\" data-element_type=\"widget\" data-widget_type=\"image.default\">\n\t\t\t\t<div class=\"elementor-widget-container\">\n\t\t\t\t\t\t\t\t\t\t\t\t<figure class=\"wp-caption\">\n\t\t\t\t\t\t\t\t\t\t\t<a href=\"https:\/\/wsm.art.pl\/wp-content\/uploads\/2024\/08\/14-IMG_8283.jpg\" data-elementor-open-lightbox=\"yes\" data-elementor-lightbox-title=\"19.05.2024\" data-e-action-hash=\"#elementor-action%3Aaction%3Dlightbox%26settings%3DeyJpZCI6MTY0NTMsInVybCI6Imh0dHBzOlwvXC93c20uYXJ0LnBsXC93cC1jb250ZW50XC91cGxvYWRzXC8yMDI0XC8wOFwvMTQtSU1HXzgyODMuanBnIn0%3D\">\n\t\t\t\t\t\t\t<img loading=\"lazy\" decoding=\"async\" width=\"843\" height=\"561\" src=\"https:\/\/wsm.art.pl\/wp-content\/uploads\/2024\/08\/14-IMG_8283-1024x682.jpg\" class=\"attachment-large size-large wp-image-16453\" alt=\"\" srcset=\"https:\/\/wsm.art.pl\/wp-content\/uploads\/2024\/08\/14-IMG_8283-1024x682.jpg 1024w, https:\/\/wsm.art.pl\/wp-content\/uploads\/2024\/08\/14-IMG_8283-300x200.jpg 300w, https:\/\/wsm.art.pl\/wp-content\/uploads\/2024\/08\/14-IMG_8283-768x512.jpg 768w, https:\/\/wsm.art.pl\/wp-content\/uploads\/2024\/08\/14-IMG_8283.jpg 1300w\" sizes=\"(max-width: 843px) 100vw, 843px\" \/>\t\t\t\t\t\t\t\t<\/a>\n\t\t\t\t\t\t\t\t\t\t\t<figcaption class=\"widget-image-caption wp-caption-text\">Ch\u00f3r VRC fot. Maciej Borowski<\/figcaption>\n\t\t\t\t\t\t\t\t\t\t<\/figure>\n\t\t\t\t\t\t\t\t\t<\/div>\n\t\t\t\t<\/div>\n\t\t\t\t\t<\/div>\n\t\t<\/div>\n\t\t\t\t<div class=\"elementor-column elementor-col-33 elementor-top-column elementor-element elementor-element-f48e6a0\" data-id=\"f48e6a0\" data-element_type=\"column\">\n\t\t\t<div class=\"elementor-widget-wrap elementor-element-populated\">\n\t\t\t\t\t\t<div class=\"elementor-element elementor-element-c546ff7 elementor-widget elementor-widget-image\" data-id=\"c546ff7\" data-element_type=\"widget\" data-widget_type=\"image.default\">\n\t\t\t\t<div class=\"elementor-widget-container\">\n\t\t\t\t\t\t\t\t\t\t\t\t<figure class=\"wp-caption\">\n\t\t\t\t\t\t\t\t\t\t\t<a href=\"https:\/\/wsm.art.pl\/wp-content\/uploads\/2024\/08\/pop-15-IMG_8320.jpg\" data-elementor-open-lightbox=\"yes\" data-elementor-lightbox-title=\"19.05.2024\" data-e-action-hash=\"#elementor-action%3Aaction%3Dlightbox%26settings%3DeyJpZCI6MTY1NjUsInVybCI6Imh0dHBzOlwvXC93c20uYXJ0LnBsXC93cC1jb250ZW50XC91cGxvYWRzXC8yMDI0XC8wOFwvcG9wLTE1LUlNR184MzIwLmpwZyJ9\">\n\t\t\t\t\t\t\t<img loading=\"lazy\" decoding=\"async\" width=\"843\" height=\"561\" src=\"https:\/\/wsm.art.pl\/wp-content\/uploads\/2024\/08\/pop-15-IMG_8320-1024x682.jpg\" class=\"attachment-large size-large wp-image-16565\" alt=\"\" srcset=\"https:\/\/wsm.art.pl\/wp-content\/uploads\/2024\/08\/pop-15-IMG_8320-1024x682.jpg 1024w, https:\/\/wsm.art.pl\/wp-content\/uploads\/2024\/08\/pop-15-IMG_8320-300x200.jpg 300w, https:\/\/wsm.art.pl\/wp-content\/uploads\/2024\/08\/pop-15-IMG_8320-768x512.jpg 768w, https:\/\/wsm.art.pl\/wp-content\/uploads\/2024\/08\/pop-15-IMG_8320.jpg 1400w\" sizes=\"(max-width: 843px) 100vw, 843px\" \/>\t\t\t\t\t\t\t\t<\/a>\n\t\t\t\t\t\t\t\t\t\t\t<figcaption class=\"widget-image-caption wp-caption-text\">Joanna Maluga i Adam S\u0142awi\u0144ski fot. Maciej Borowski<\/figcaption>\n\t\t\t\t\t\t\t\t\t\t<\/figure>\n\t\t\t\t\t\t\t\t\t<\/div>\n\t\t\t\t<\/div>\n\t\t\t\t\t<\/div>\n\t\t<\/div>\n\t\t\t\t\t<\/div>\n\t\t<\/section>\n\t\t\t\t<\/div>\n\t\t","protected":false},"excerpt":{"rendered":"<p>Ch\u00f3r VRC fot. Maciej Borowski Ch\u00f3r VRC fot. Maciej Borowski Rafa\u0142 Stradomski i Joanna Maluga fot. Maciej Borowski Ch\u00f3r VRC fot. Maciej Borowski Ch\u00f3r VRC&hellip;<\/p>\n","protected":false},"author":1,"featured_media":0,"parent":0,"menu_order":0,"comment_status":"closed","ping_status":"closed","template":"","meta":{"footnotes":""},"class_list":["post-16259","page","type-page","status-publish","hentry"],"_links":{"self":[{"href":"https:\/\/wsm.art.pl\/index.php?rest_route=\/wp\/v2\/pages\/16259","targetHints":{"allow":["GET"]}}],"collection":[{"href":"https:\/\/wsm.art.pl\/index.php?rest_route=\/wp\/v2\/pages"}],"about":[{"href":"https:\/\/wsm.art.pl\/index.php?rest_route=\/wp\/v2\/types\/page"}],"author":[{"embeddable":true,"href":"https:\/\/wsm.art.pl\/index.php?rest_route=\/wp\/v2\/users\/1"}],"replies":[{"embeddable":true,"href":"https:\/\/wsm.art.pl\/index.php?rest_route=%2Fwp%2Fv2%2Fcomments&post=16259"}],"version-history":[{"count":22,"href":"https:\/\/wsm.art.pl\/index.php?rest_route=\/wp\/v2\/pages\/16259\/revisions"}],"predecessor-version":[{"id":18019,"href":"https:\/\/wsm.art.pl\/index.php?rest_route=\/wp\/v2\/pages\/16259\/revisions\/18019"}],"wp:attachment":[{"href":"https:\/\/wsm.art.pl\/index.php?rest_route=%2Fwp%2Fv2%2Fmedia&parent=16259"}],"curies":[{"name":"wp","href":"https:\/\/api.w.org\/{rel}","templated":true}]}}