{"id":16253,"date":"2024-08-02T11:18:20","date_gmt":"2024-08-02T11:18:20","guid":{"rendered":"https:\/\/wsm.art.pl\/?page_id=16253"},"modified":"2025-06-03T15:31:33","modified_gmt":"2025-06-03T15:31:33","slug":"galeria_13-05-2024","status":"publish","type":"page","link":"https:\/\/wsm.art.pl\/?page_id=16253","title":{"rendered":"Galeria 2024 13 maja D\u0142ugosze"},"content":{"rendered":"\t\t<div data-elementor-type=\"wp-page\" data-elementor-id=\"16253\" class=\"elementor elementor-16253\">\n\t\t\t\t\t\t<section class=\"elementor-section elementor-top-section elementor-element elementor-element-85e70d8 elementor-section-boxed elementor-section-height-default elementor-section-height-default\" data-id=\"85e70d8\" data-element_type=\"section\">\n\t\t\t\t\t\t<div class=\"elementor-container elementor-column-gap-default\">\n\t\t\t\t\t<div class=\"elementor-column elementor-col-33 elementor-top-column elementor-element elementor-element-8526e47\" data-id=\"8526e47\" data-element_type=\"column\">\n\t\t\t<div class=\"elementor-widget-wrap elementor-element-populated\">\n\t\t\t\t\t\t<div class=\"elementor-element elementor-element-74661e8 elementor-widget elementor-widget-image\" data-id=\"74661e8\" data-element_type=\"widget\" data-widget_type=\"image.default\">\n\t\t\t\t<div class=\"elementor-widget-container\">\n\t\t\t\t\t\t\t\t\t\t\t\t<figure class=\"wp-caption\">\n\t\t\t\t\t\t\t\t\t\t\t<a href=\"https:\/\/wsm.art.pl\/wp-content\/uploads\/2024\/08\/01IMG_7527.jpg\" data-elementor-open-lightbox=\"yes\" data-elementor-lightbox-title=\"13.05.2024\" data-e-action-hash=\"#elementor-action%3Aaction%3Dlightbox%26settings%3DeyJpZCI6MTYzOTQsInVybCI6Imh0dHBzOlwvXC93c20uYXJ0LnBsXC93cC1jb250ZW50XC91cGxvYWRzXC8yMDI0XC8wOFwvMDFJTUdfNzUyNy5qcGcifQ%3D%3D\">\n\t\t\t\t\t\t\t<img fetchpriority=\"high\" decoding=\"async\" width=\"843\" height=\"562\" src=\"https:\/\/wsm.art.pl\/wp-content\/uploads\/2024\/08\/01IMG_7527-1024x683.jpg\" class=\"attachment-large size-large wp-image-16394\" alt=\"\" srcset=\"https:\/\/wsm.art.pl\/wp-content\/uploads\/2024\/08\/01IMG_7527-1024x683.jpg 1024w, https:\/\/wsm.art.pl\/wp-content\/uploads\/2024\/08\/01IMG_7527-300x200.jpg 300w, https:\/\/wsm.art.pl\/wp-content\/uploads\/2024\/08\/01IMG_7527-768x512.jpg 768w, https:\/\/wsm.art.pl\/wp-content\/uploads\/2024\/08\/01IMG_7527-1536x1024.jpg 1536w, https:\/\/wsm.art.pl\/wp-content\/uploads\/2024\/08\/01IMG_7527.jpg 1600w\" sizes=\"(max-width: 843px) 100vw, 843px\" \/>\t\t\t\t\t\t\t\t<\/a>\n\t\t\t\t\t\t\t\t\t\t\t<figcaption class=\"widget-image-caption wp-caption-text\">Andrzej Jungiewicz, Agata Kielar-D\u0142ugosz i \u0141ukasz D\u0142ugosz fot. Maciej Borowski<\/figcaption>\n\t\t\t\t\t\t\t\t\t\t<\/figure>\n\t\t\t\t\t\t\t\t\t<\/div>\n\t\t\t\t<\/div>\n\t\t\t\t\t<\/div>\n\t\t<\/div>\n\t\t\t\t<div class=\"elementor-column elementor-col-33 elementor-top-column elementor-element elementor-element-02605b6\" data-id=\"02605b6\" data-element_type=\"column\">\n\t\t\t<div class=\"elementor-widget-wrap elementor-element-populated\">\n\t\t\t\t\t\t<div class=\"elementor-element elementor-element-61a16ed elementor-widget elementor-widget-image\" data-id=\"61a16ed\" data-element_type=\"widget\" data-widget_type=\"image.default\">\n\t\t\t\t<div class=\"elementor-widget-container\">\n\t\t\t\t\t\t\t\t\t\t\t\t<figure class=\"wp-caption\">\n\t\t\t\t\t\t\t\t\t\t\t<a href=\"https:\/\/wsm.art.pl\/wp-content\/uploads\/2024\/08\/06IMG_7497.jpg\" data-elementor-open-lightbox=\"yes\" data-elementor-lightbox-title=\"13.05.2024\" data-e-action-hash=\"#elementor-action%3Aaction%3Dlightbox%26settings%3DeyJpZCI6MTYzOTksInVybCI6Imh0dHBzOlwvXC93c20uYXJ0LnBsXC93cC1jb250ZW50XC91cGxvYWRzXC8yMDI0XC8wOFwvMDZJTUdfNzQ5Ny5qcGcifQ%3D%3D\">\n\t\t\t\t\t\t\t<img decoding=\"async\" width=\"843\" height=\"562\" src=\"https:\/\/wsm.art.pl\/wp-content\/uploads\/2024\/08\/06IMG_7497-1024x683.jpg\" class=\"attachment-large size-large wp-image-16399\" alt=\"\" srcset=\"https:\/\/wsm.art.pl\/wp-content\/uploads\/2024\/08\/06IMG_7497-1024x683.jpg 1024w, https:\/\/wsm.art.pl\/wp-content\/uploads\/2024\/08\/06IMG_7497-300x200.jpg 300w, https:\/\/wsm.art.pl\/wp-content\/uploads\/2024\/08\/06IMG_7497-768x512.jpg 768w, https:\/\/wsm.art.pl\/wp-content\/uploads\/2024\/08\/06IMG_7497-1536x1024.jpg 1536w, https:\/\/wsm.art.pl\/wp-content\/uploads\/2024\/08\/06IMG_7497.jpg 1600w\" sizes=\"(max-width: 843px) 100vw, 843px\" \/>\t\t\t\t\t\t\t\t<\/a>\n\t\t\t\t\t\t\t\t\t\t\t<figcaption class=\"widget-image-caption wp-caption-text\">Andrzej Jungiewicz, Agata Kielar-D\u0142ugosz i \u0141ukasz D\u0142ugosz fot. Maciej Borowski<\/figcaption>\n\t\t\t\t\t\t\t\t\t\t<\/figure>\n\t\t\t\t\t\t\t\t\t<\/div>\n\t\t\t\t<\/div>\n\t\t\t\t\t<\/div>\n\t\t<\/div>\n\t\t\t\t<div class=\"elementor-column elementor-col-33 elementor-top-column elementor-element elementor-element-21972fa\" data-id=\"21972fa\" data-element_type=\"column\">\n\t\t\t<div class=\"elementor-widget-wrap elementor-element-populated\">\n\t\t\t\t\t\t<div class=\"elementor-element elementor-element-e992186 elementor-widget elementor-widget-image\" data-id=\"e992186\" data-element_type=\"widget\" data-widget_type=\"image.default\">\n\t\t\t\t<div class=\"elementor-widget-container\">\n\t\t\t\t\t\t\t\t\t\t\t\t<figure class=\"wp-caption\">\n\t\t\t\t\t\t\t\t\t\t\t<a href=\"https:\/\/wsm.art.pl\/wp-content\/uploads\/2024\/08\/07IMG_7488.jpg\" data-elementor-open-lightbox=\"yes\" data-elementor-lightbox-title=\"13.05.2024\" data-e-action-hash=\"#elementor-action%3Aaction%3Dlightbox%26settings%3DeyJpZCI6MTY0MDAsInVybCI6Imh0dHBzOlwvXC93c20uYXJ0LnBsXC93cC1jb250ZW50XC91cGxvYWRzXC8yMDI0XC8wOFwvMDdJTUdfNzQ4OC5qcGcifQ%3D%3D\">\n\t\t\t\t\t\t\t<img decoding=\"async\" width=\"843\" height=\"562\" src=\"https:\/\/wsm.art.pl\/wp-content\/uploads\/2024\/08\/07IMG_7488-1024x683.jpg\" class=\"attachment-large size-large wp-image-16400\" alt=\"\" srcset=\"https:\/\/wsm.art.pl\/wp-content\/uploads\/2024\/08\/07IMG_7488-1024x683.jpg 1024w, https:\/\/wsm.art.pl\/wp-content\/uploads\/2024\/08\/07IMG_7488-300x200.jpg 300w, https:\/\/wsm.art.pl\/wp-content\/uploads\/2024\/08\/07IMG_7488-768x512.jpg 768w, https:\/\/wsm.art.pl\/wp-content\/uploads\/2024\/08\/07IMG_7488-1536x1024.jpg 1536w, https:\/\/wsm.art.pl\/wp-content\/uploads\/2024\/08\/07IMG_7488.jpg 1600w\" sizes=\"(max-width: 843px) 100vw, 843px\" \/>\t\t\t\t\t\t\t\t<\/a>\n\t\t\t\t\t\t\t\t\t\t\t<figcaption class=\"widget-image-caption wp-caption-text\">Iwona Kisiel, Agata Kielar-D\u0142ugosz i \u0141ukasz D\u0142ugosz fot. Maciej Borowski<\/figcaption>\n\t\t\t\t\t\t\t\t\t\t<\/figure>\n\t\t\t\t\t\t\t\t\t<\/div>\n\t\t\t\t<\/div>\n\t\t\t\t\t<\/div>\n\t\t<\/div>\n\t\t\t\t\t<\/div>\n\t\t<\/section>\n\t\t\t\t<section class=\"elementor-section elementor-top-section elementor-element elementor-element-bb494df elementor-section-boxed elementor-section-height-default elementor-section-height-default\" data-id=\"bb494df\" data-element_type=\"section\">\n\t\t\t\t\t\t<div class=\"elementor-container elementor-column-gap-default\">\n\t\t\t\t\t<div class=\"elementor-column elementor-col-33 elementor-top-column elementor-element elementor-element-9066c04\" data-id=\"9066c04\" data-element_type=\"column\">\n\t\t\t<div class=\"elementor-widget-wrap elementor-element-populated\">\n\t\t\t\t\t\t<div class=\"elementor-element elementor-element-629849f elementor-widget elementor-widget-image\" data-id=\"629849f\" data-element_type=\"widget\" data-widget_type=\"image.default\">\n\t\t\t\t<div class=\"elementor-widget-container\">\n\t\t\t\t\t\t\t\t\t\t\t\t<figure class=\"wp-caption\">\n\t\t\t\t\t\t\t\t\t\t\t<a href=\"https:\/\/wsm.art.pl\/wp-content\/uploads\/2024\/08\/pop1-08IMG_7535.jpg\" data-elementor-open-lightbox=\"yes\" data-elementor-lightbox-title=\"13.05.2024\" data-e-action-hash=\"#elementor-action%3Aaction%3Dlightbox%26settings%3DeyJpZCI6MTY0NTksInVybCI6Imh0dHBzOlwvXC93c20uYXJ0LnBsXC93cC1jb250ZW50XC91cGxvYWRzXC8yMDI0XC8wOFwvcG9wMS0wOElNR183NTM1LmpwZyJ9\">\n\t\t\t\t\t\t\t<img loading=\"lazy\" decoding=\"async\" width=\"843\" height=\"562\" src=\"https:\/\/wsm.art.pl\/wp-content\/uploads\/2024\/08\/pop1-08IMG_7535-1024x683.jpg\" class=\"attachment-large size-large wp-image-16459\" alt=\"\" srcset=\"https:\/\/wsm.art.pl\/wp-content\/uploads\/2024\/08\/pop1-08IMG_7535-1024x683.jpg 1024w, https:\/\/wsm.art.pl\/wp-content\/uploads\/2024\/08\/pop1-08IMG_7535-300x200.jpg 300w, https:\/\/wsm.art.pl\/wp-content\/uploads\/2024\/08\/pop1-08IMG_7535-768x512.jpg 768w, https:\/\/wsm.art.pl\/wp-content\/uploads\/2024\/08\/pop1-08IMG_7535.jpg 1536w\" sizes=\"(max-width: 843px) 100vw, 843px\" \/>\t\t\t\t\t\t\t\t<\/a>\n\t\t\t\t\t\t\t\t\t\t\t<figcaption class=\"widget-image-caption wp-caption-text\">Agata Kielar-D\u0142ugosz i \u0141ukasz D\u0142ugosz fot. Maciej Borowski<\/figcaption>\n\t\t\t\t\t\t\t\t\t\t<\/figure>\n\t\t\t\t\t\t\t\t\t<\/div>\n\t\t\t\t<\/div>\n\t\t\t\t\t<\/div>\n\t\t<\/div>\n\t\t\t\t<div class=\"elementor-column elementor-col-33 elementor-top-column elementor-element elementor-element-ec3fc25\" data-id=\"ec3fc25\" data-element_type=\"column\">\n\t\t\t<div class=\"elementor-widget-wrap elementor-element-populated\">\n\t\t\t\t\t\t<div class=\"elementor-element elementor-element-aeeada4 elementor-widget elementor-widget-image\" data-id=\"aeeada4\" data-element_type=\"widget\" data-widget_type=\"image.default\">\n\t\t\t\t<div class=\"elementor-widget-container\">\n\t\t\t\t\t\t\t\t\t\t\t\t<figure class=\"wp-caption\">\n\t\t\t\t\t\t\t\t\t\t\t<a href=\"https:\/\/wsm.art.pl\/wp-content\/uploads\/2024\/08\/03IMG_7467.jpg\" data-elementor-open-lightbox=\"yes\" data-elementor-lightbox-title=\"13.05.2024\" data-e-action-hash=\"#elementor-action%3Aaction%3Dlightbox%26settings%3DeyJpZCI6MTYzOTYsInVybCI6Imh0dHBzOlwvXC93c20uYXJ0LnBsXC93cC1jb250ZW50XC91cGxvYWRzXC8yMDI0XC8wOFwvMDNJTUdfNzQ2Ny5qcGcifQ%3D%3D\">\n\t\t\t\t\t\t\t<img loading=\"lazy\" decoding=\"async\" width=\"843\" height=\"562\" src=\"https:\/\/wsm.art.pl\/wp-content\/uploads\/2024\/08\/03IMG_7467-1024x683.jpg\" class=\"attachment-large size-large wp-image-16396\" alt=\"\" srcset=\"https:\/\/wsm.art.pl\/wp-content\/uploads\/2024\/08\/03IMG_7467-1024x683.jpg 1024w, https:\/\/wsm.art.pl\/wp-content\/uploads\/2024\/08\/03IMG_7467-300x200.jpg 300w, https:\/\/wsm.art.pl\/wp-content\/uploads\/2024\/08\/03IMG_7467-768x512.jpg 768w, https:\/\/wsm.art.pl\/wp-content\/uploads\/2024\/08\/03IMG_7467-1536x1024.jpg 1536w, https:\/\/wsm.art.pl\/wp-content\/uploads\/2024\/08\/03IMG_7467.jpg 1600w\" sizes=\"(max-width: 843px) 100vw, 843px\" \/>\t\t\t\t\t\t\t\t<\/a>\n\t\t\t\t\t\t\t\t\t\t\t<figcaption class=\"widget-image-caption wp-caption-text\">Piotr Moss, Agata Kielar-D\u0142ugosz i \u0141ukasz D\u0142ugosz fot. Maciej Borowski<\/figcaption>\n\t\t\t\t\t\t\t\t\t\t<\/figure>\n\t\t\t\t\t\t\t\t\t<\/div>\n\t\t\t\t<\/div>\n\t\t\t\t\t<\/div>\n\t\t<\/div>\n\t\t\t\t<div class=\"elementor-column elementor-col-33 elementor-top-column elementor-element elementor-element-e3620f9\" data-id=\"e3620f9\" data-element_type=\"column\">\n\t\t\t<div class=\"elementor-widget-wrap elementor-element-populated\">\n\t\t\t\t\t\t<div class=\"elementor-element elementor-element-2ed4b6e elementor-widget elementor-widget-image\" data-id=\"2ed4b6e\" data-element_type=\"widget\" data-widget_type=\"image.default\">\n\t\t\t\t<div class=\"elementor-widget-container\">\n\t\t\t\t\t\t\t\t\t\t\t\t<figure class=\"wp-caption\">\n\t\t\t\t\t\t\t\t\t\t\t<a href=\"https:\/\/wsm.art.pl\/wp-content\/uploads\/2024\/08\/04IMG_7521.jpg\" data-elementor-open-lightbox=\"yes\" data-elementor-lightbox-title=\"13.05.2024\" data-e-action-hash=\"#elementor-action%3Aaction%3Dlightbox%26settings%3DeyJpZCI6MTYzOTcsInVybCI6Imh0dHBzOlwvXC93c20uYXJ0LnBsXC93cC1jb250ZW50XC91cGxvYWRzXC8yMDI0XC8wOFwvMDRJTUdfNzUyMS5qcGcifQ%3D%3D\">\n\t\t\t\t\t\t\t<img loading=\"lazy\" decoding=\"async\" width=\"843\" height=\"562\" src=\"https:\/\/wsm.art.pl\/wp-content\/uploads\/2024\/08\/04IMG_7521-1024x683.jpg\" class=\"attachment-large size-large wp-image-16397\" alt=\"\" srcset=\"https:\/\/wsm.art.pl\/wp-content\/uploads\/2024\/08\/04IMG_7521-1024x683.jpg 1024w, https:\/\/wsm.art.pl\/wp-content\/uploads\/2024\/08\/04IMG_7521-300x200.jpg 300w, https:\/\/wsm.art.pl\/wp-content\/uploads\/2024\/08\/04IMG_7521-768x512.jpg 768w, https:\/\/wsm.art.pl\/wp-content\/uploads\/2024\/08\/04IMG_7521-1536x1024.jpg 1536w, https:\/\/wsm.art.pl\/wp-content\/uploads\/2024\/08\/04IMG_7521.jpg 1600w\" sizes=\"(max-width: 843px) 100vw, 843px\" \/>\t\t\t\t\t\t\t\t<\/a>\n\t\t\t\t\t\t\t\t\t\t\t<figcaption class=\"widget-image-caption wp-caption-text\">Andrzej Jungiewicz fot. Maciej Borowski<\/figcaption>\n\t\t\t\t\t\t\t\t\t\t<\/figure>\n\t\t\t\t\t\t\t\t\t<\/div>\n\t\t\t\t<\/div>\n\t\t\t\t\t<\/div>\n\t\t<\/div>\n\t\t\t\t\t<\/div>\n\t\t<\/section>\n\t\t\t\t<section class=\"elementor-section elementor-top-section elementor-element elementor-element-a56cb58 elementor-section-boxed elementor-section-height-default elementor-section-height-default\" data-id=\"a56cb58\" data-element_type=\"section\">\n\t\t\t\t\t\t<div class=\"elementor-container elementor-column-gap-default\">\n\t\t\t\t\t<div class=\"elementor-column elementor-col-33 elementor-top-column elementor-element elementor-element-38382ef\" data-id=\"38382ef\" data-element_type=\"column\">\n\t\t\t<div class=\"elementor-widget-wrap elementor-element-populated\">\n\t\t\t\t\t\t<div class=\"elementor-element elementor-element-350f602 elementor-widget elementor-widget-image\" data-id=\"350f602\" data-element_type=\"widget\" data-widget_type=\"image.default\">\n\t\t\t\t<div class=\"elementor-widget-container\">\n\t\t\t\t\t\t\t\t\t\t\t\t<figure class=\"wp-caption\">\n\t\t\t\t\t\t\t\t\t\t\t<a href=\"https:\/\/wsm.art.pl\/wp-content\/uploads\/2024\/08\/05IMG_7496.jpg\" data-elementor-open-lightbox=\"yes\" data-elementor-lightbox-title=\"13.05.2024\" data-e-action-hash=\"#elementor-action%3Aaction%3Dlightbox%26settings%3DeyJpZCI6MTYzOTgsInVybCI6Imh0dHBzOlwvXC93c20uYXJ0LnBsXC93cC1jb250ZW50XC91cGxvYWRzXC8yMDI0XC8wOFwvMDVJTUdfNzQ5Ni5qcGcifQ%3D%3D\">\n\t\t\t\t\t\t\t<img loading=\"lazy\" decoding=\"async\" width=\"843\" height=\"562\" src=\"https:\/\/wsm.art.pl\/wp-content\/uploads\/2024\/08\/05IMG_7496-1024x683.jpg\" class=\"attachment-large size-large wp-image-16398\" alt=\"\" srcset=\"https:\/\/wsm.art.pl\/wp-content\/uploads\/2024\/08\/05IMG_7496-1024x683.jpg 1024w, https:\/\/wsm.art.pl\/wp-content\/uploads\/2024\/08\/05IMG_7496-300x200.jpg 300w, https:\/\/wsm.art.pl\/wp-content\/uploads\/2024\/08\/05IMG_7496-768x512.jpg 768w, https:\/\/wsm.art.pl\/wp-content\/uploads\/2024\/08\/05IMG_7496-1536x1024.jpg 1536w, https:\/\/wsm.art.pl\/wp-content\/uploads\/2024\/08\/05IMG_7496.jpg 1600w\" sizes=\"(max-width: 843px) 100vw, 843px\" \/>\t\t\t\t\t\t\t\t<\/a>\n\t\t\t\t\t\t\t\t\t\t\t<figcaption class=\"widget-image-caption wp-caption-text\">Andrzej Jungiewicz, \u0141ukasz D\u0142ugosz i Agata Kielar-D\u0142ugosz fot. Maciej Borowski<\/figcaption>\n\t\t\t\t\t\t\t\t\t\t<\/figure>\n\t\t\t\t\t\t\t\t\t<\/div>\n\t\t\t\t<\/div>\n\t\t\t\t\t<\/div>\n\t\t<\/div>\n\t\t\t\t<div class=\"elementor-column elementor-col-33 elementor-top-column elementor-element elementor-element-9673086\" data-id=\"9673086\" data-element_type=\"column\">\n\t\t\t<div class=\"elementor-widget-wrap elementor-element-populated\">\n\t\t\t\t\t\t<div class=\"elementor-element elementor-element-284f1df elementor-widget elementor-widget-image\" data-id=\"284f1df\" data-element_type=\"widget\" data-widget_type=\"image.default\">\n\t\t\t\t<div class=\"elementor-widget-container\">\n\t\t\t\t\t\t\t\t\t\t\t\t<figure class=\"wp-caption\">\n\t\t\t\t\t\t\t\t\t\t\t<a href=\"https:\/\/wsm.art.pl\/wp-content\/uploads\/2024\/08\/02IMG_7452.jpg\" data-elementor-open-lightbox=\"yes\" data-elementor-lightbox-title=\"13.05.2024\" data-e-action-hash=\"#elementor-action%3Aaction%3Dlightbox%26settings%3DeyJpZCI6MTYzOTUsInVybCI6Imh0dHBzOlwvXC93c20uYXJ0LnBsXC93cC1jb250ZW50XC91cGxvYWRzXC8yMDI0XC8wOFwvMDJJTUdfNzQ1Mi5qcGcifQ%3D%3D\">\n\t\t\t\t\t\t\t<img loading=\"lazy\" decoding=\"async\" width=\"843\" height=\"562\" src=\"https:\/\/wsm.art.pl\/wp-content\/uploads\/2024\/08\/02IMG_7452-1024x683.jpg\" class=\"attachment-large size-large wp-image-16395\" alt=\"\" srcset=\"https:\/\/wsm.art.pl\/wp-content\/uploads\/2024\/08\/02IMG_7452-1024x683.jpg 1024w, https:\/\/wsm.art.pl\/wp-content\/uploads\/2024\/08\/02IMG_7452-300x200.jpg 300w, https:\/\/wsm.art.pl\/wp-content\/uploads\/2024\/08\/02IMG_7452-768x512.jpg 768w, https:\/\/wsm.art.pl\/wp-content\/uploads\/2024\/08\/02IMG_7452-1536x1024.jpg 1536w, https:\/\/wsm.art.pl\/wp-content\/uploads\/2024\/08\/02IMG_7452.jpg 1600w\" sizes=\"(max-width: 843px) 100vw, 843px\" \/>\t\t\t\t\t\t\t\t<\/a>\n\t\t\t\t\t\t\t\t\t\t\t<figcaption class=\"widget-image-caption wp-caption-text\">Agata Kielar-D\u0142ugosz i \u0141ukasz D\u0142ugosz fot. Maciej Borowski<\/figcaption>\n\t\t\t\t\t\t\t\t\t\t<\/figure>\n\t\t\t\t\t\t\t\t\t<\/div>\n\t\t\t\t<\/div>\n\t\t\t\t\t<\/div>\n\t\t<\/div>\n\t\t\t\t<div class=\"elementor-column elementor-col-33 elementor-top-column elementor-element elementor-element-77239d7\" data-id=\"77239d7\" data-element_type=\"column\">\n\t\t\t<div class=\"elementor-widget-wrap elementor-element-populated\">\n\t\t\t\t\t\t<div class=\"elementor-element elementor-element-8634667 elementor-widget elementor-widget-image\" data-id=\"8634667\" data-element_type=\"widget\" data-widget_type=\"image.default\">\n\t\t\t\t<div class=\"elementor-widget-container\">\n\t\t\t\t\t\t\t\t\t\t\t\t<figure class=\"wp-caption\">\n\t\t\t\t\t\t\t\t\t\t\t<a href=\"https:\/\/wsm.art.pl\/wp-content\/uploads\/2024\/08\/09IMG_7544.jpg\" data-elementor-open-lightbox=\"yes\" data-elementor-lightbox-title=\"13.05.2024\" data-e-action-hash=\"#elementor-action%3Aaction%3Dlightbox%26settings%3DeyJpZCI6MTY0MDIsInVybCI6Imh0dHBzOlwvXC93c20uYXJ0LnBsXC93cC1jb250ZW50XC91cGxvYWRzXC8yMDI0XC8wOFwvMDlJTUdfNzU0NC5qcGcifQ%3D%3D\">\n\t\t\t\t\t\t\t<img loading=\"lazy\" decoding=\"async\" width=\"843\" height=\"562\" src=\"https:\/\/wsm.art.pl\/wp-content\/uploads\/2024\/08\/09IMG_7544-1024x683.jpg\" class=\"attachment-large size-large wp-image-16402\" alt=\"\" srcset=\"https:\/\/wsm.art.pl\/wp-content\/uploads\/2024\/08\/09IMG_7544-1024x683.jpg 1024w, https:\/\/wsm.art.pl\/wp-content\/uploads\/2024\/08\/09IMG_7544-300x200.jpg 300w, https:\/\/wsm.art.pl\/wp-content\/uploads\/2024\/08\/09IMG_7544-768x512.jpg 768w, https:\/\/wsm.art.pl\/wp-content\/uploads\/2024\/08\/09IMG_7544-1536x1024.jpg 1536w, https:\/\/wsm.art.pl\/wp-content\/uploads\/2024\/08\/09IMG_7544.jpg 1600w\" sizes=\"(max-width: 843px) 100vw, 843px\" \/>\t\t\t\t\t\t\t\t<\/a>\n\t\t\t\t\t\t\t\t\t\t\t<figcaption class=\"widget-image-caption wp-caption-text\">Jaros\u0142aw Siwi\u0144ski, Andrzej Jungiewicz, Agata Kielar-D\u0142ugosz i \u0141ukasz D\u0142ugosz fot. Maciej Borowski<\/figcaption>\n\t\t\t\t\t\t\t\t\t\t<\/figure>\n\t\t\t\t\t\t\t\t\t<\/div>\n\t\t\t\t<\/div>\n\t\t\t\t\t<\/div>\n\t\t<\/div>\n\t\t\t\t\t<\/div>\n\t\t<\/section>\n\t\t\t\t<section class=\"elementor-section elementor-top-section elementor-element elementor-element-39d21e6 elementor-section-boxed elementor-section-height-default elementor-section-height-default\" data-id=\"39d21e6\" data-element_type=\"section\">\n\t\t\t\t\t\t<div class=\"elementor-container elementor-column-gap-default\">\n\t\t\t\t\t<div class=\"elementor-column elementor-col-33 elementor-top-column elementor-element elementor-element-31ad785\" data-id=\"31ad785\" data-element_type=\"column\">\n\t\t\t<div class=\"elementor-widget-wrap elementor-element-populated\">\n\t\t\t\t\t\t<div class=\"elementor-element elementor-element-d32a046 elementor-widget elementor-widget-image\" data-id=\"d32a046\" data-element_type=\"widget\" data-widget_type=\"image.default\">\n\t\t\t\t<div class=\"elementor-widget-container\">\n\t\t\t\t\t\t\t\t\t\t\t\t<figure class=\"wp-caption\">\n\t\t\t\t\t\t\t\t\t\t\t<a href=\"https:\/\/wsm.art.pl\/wp-content\/uploads\/2024\/08\/pop3-11IMG_7583.jpg\" data-elementor-open-lightbox=\"yes\" data-elementor-lightbox-title=\"13.05.2024\" data-e-action-hash=\"#elementor-action%3Aaction%3Dlightbox%26settings%3DeyJpZCI6MTY0NjEsInVybCI6Imh0dHBzOlwvXC93c20uYXJ0LnBsXC93cC1jb250ZW50XC91cGxvYWRzXC8yMDI0XC8wOFwvcG9wMy0xMUlNR183NTgzLmpwZyJ9\">\n\t\t\t\t\t\t\t<img loading=\"lazy\" decoding=\"async\" width=\"843\" height=\"562\" src=\"https:\/\/wsm.art.pl\/wp-content\/uploads\/2024\/08\/pop3-11IMG_7583-1024x683.jpg\" class=\"attachment-large size-large wp-image-16461\" alt=\"\" srcset=\"https:\/\/wsm.art.pl\/wp-content\/uploads\/2024\/08\/pop3-11IMG_7583-1024x683.jpg 1024w, https:\/\/wsm.art.pl\/wp-content\/uploads\/2024\/08\/pop3-11IMG_7583-300x200.jpg 300w, https:\/\/wsm.art.pl\/wp-content\/uploads\/2024\/08\/pop3-11IMG_7583-768x512.jpg 768w, https:\/\/wsm.art.pl\/wp-content\/uploads\/2024\/08\/pop3-11IMG_7583-1536x1024.jpg 1536w, https:\/\/wsm.art.pl\/wp-content\/uploads\/2024\/08\/pop3-11IMG_7583.jpg 1575w\" sizes=\"(max-width: 843px) 100vw, 843px\" \/>\t\t\t\t\t\t\t\t<\/a>\n\t\t\t\t\t\t\t\t\t\t\t<figcaption class=\"widget-image-caption wp-caption-text\">Iwona Kisiel, Agata Kielar-D\u0142ugosz, Adam S\u0142awi\u0144ski i Krystyna Kisielewska-S\u0142awi\u0144ska fot. Maciej Borowski<\/figcaption>\n\t\t\t\t\t\t\t\t\t\t<\/figure>\n\t\t\t\t\t\t\t\t\t<\/div>\n\t\t\t\t<\/div>\n\t\t\t\t\t<\/div>\n\t\t<\/div>\n\t\t\t\t<div class=\"elementor-column elementor-col-33 elementor-top-column elementor-element elementor-element-449f6b3\" data-id=\"449f6b3\" data-element_type=\"column\">\n\t\t\t<div class=\"elementor-widget-wrap elementor-element-populated\">\n\t\t\t\t\t\t<div class=\"elementor-element elementor-element-6016799 elementor-widget elementor-widget-image\" data-id=\"6016799\" data-element_type=\"widget\" data-widget_type=\"image.default\">\n\t\t\t\t<div class=\"elementor-widget-container\">\n\t\t\t\t\t\t\t\t\t\t\t\t<figure class=\"wp-caption\">\n\t\t\t\t\t\t\t\t\t\t\t<a href=\"https:\/\/wsm.art.pl\/wp-content\/uploads\/2024\/08\/10IMG_7560.jpg\" data-elementor-open-lightbox=\"yes\" data-elementor-lightbox-title=\"13.05.2024\" data-e-action-hash=\"#elementor-action%3Aaction%3Dlightbox%26settings%3DeyJpZCI6MTY0MDMsInVybCI6Imh0dHBzOlwvXC93c20uYXJ0LnBsXC93cC1jb250ZW50XC91cGxvYWRzXC8yMDI0XC8wOFwvMTBJTUdfNzU2MC5qcGcifQ%3D%3D\">\n\t\t\t\t\t\t\t<img loading=\"lazy\" decoding=\"async\" width=\"843\" height=\"562\" src=\"https:\/\/wsm.art.pl\/wp-content\/uploads\/2024\/08\/10IMG_7560-1024x683.jpg\" class=\"attachment-large size-large wp-image-16403\" alt=\"\" srcset=\"https:\/\/wsm.art.pl\/wp-content\/uploads\/2024\/08\/10IMG_7560-1024x683.jpg 1024w, https:\/\/wsm.art.pl\/wp-content\/uploads\/2024\/08\/10IMG_7560-300x200.jpg 300w, https:\/\/wsm.art.pl\/wp-content\/uploads\/2024\/08\/10IMG_7560-768x512.jpg 768w, https:\/\/wsm.art.pl\/wp-content\/uploads\/2024\/08\/10IMG_7560-1536x1024.jpg 1536w, https:\/\/wsm.art.pl\/wp-content\/uploads\/2024\/08\/10IMG_7560.jpg 1600w\" sizes=\"(max-width: 843px) 100vw, 843px\" \/>\t\t\t\t\t\t\t\t<\/a>\n\t\t\t\t\t\t\t\t\t\t\t<figcaption class=\"widget-image-caption wp-caption-text\">Adam S\u0142awi\u0144ski i \u0141ukasz D\u0142ugosz fot. Maciej Borowski<\/figcaption>\n\t\t\t\t\t\t\t\t\t\t<\/figure>\n\t\t\t\t\t\t\t\t\t<\/div>\n\t\t\t\t<\/div>\n\t\t\t\t\t<\/div>\n\t\t<\/div>\n\t\t\t\t<div class=\"elementor-column elementor-col-33 elementor-top-column elementor-element elementor-element-f48e6a0\" data-id=\"f48e6a0\" data-element_type=\"column\">\n\t\t\t<div class=\"elementor-widget-wrap elementor-element-populated\">\n\t\t\t\t\t\t<div class=\"elementor-element elementor-element-c546ff7 elementor-widget elementor-widget-image\" data-id=\"c546ff7\" data-element_type=\"widget\" data-widget_type=\"image.default\">\n\t\t\t\t<div class=\"elementor-widget-container\">\n\t\t\t\t\t\t\t\t\t\t\t\t<figure class=\"wp-caption\">\n\t\t\t\t\t\t\t\t\t\t\t<a href=\"https:\/\/wsm.art.pl\/wp-content\/uploads\/2024\/08\/pop2-12IMG_7590.jpg\" data-elementor-open-lightbox=\"yes\" data-elementor-lightbox-title=\"13.05.2024\" data-e-action-hash=\"#elementor-action%3Aaction%3Dlightbox%26settings%3DeyJpZCI6MTY0NjAsInVybCI6Imh0dHBzOlwvXC93c20uYXJ0LnBsXC93cC1jb250ZW50XC91cGxvYWRzXC8yMDI0XC8wOFwvcG9wMi0xMklNR183NTkwLmpwZyJ9\">\n\t\t\t\t\t\t\t<img loading=\"lazy\" decoding=\"async\" width=\"843\" height=\"562\" src=\"https:\/\/wsm.art.pl\/wp-content\/uploads\/2024\/08\/pop2-12IMG_7590-1024x683.jpg\" class=\"attachment-large size-large wp-image-16460\" alt=\"\" srcset=\"https:\/\/wsm.art.pl\/wp-content\/uploads\/2024\/08\/pop2-12IMG_7590-1024x683.jpg 1024w, https:\/\/wsm.art.pl\/wp-content\/uploads\/2024\/08\/pop2-12IMG_7590-300x200.jpg 300w, https:\/\/wsm.art.pl\/wp-content\/uploads\/2024\/08\/pop2-12IMG_7590-768x512.jpg 768w, https:\/\/wsm.art.pl\/wp-content\/uploads\/2024\/08\/pop2-12IMG_7590-1536x1024.jpg 1536w, https:\/\/wsm.art.pl\/wp-content\/uploads\/2024\/08\/pop2-12IMG_7590.jpg 1569w\" sizes=\"(max-width: 843px) 100vw, 843px\" \/>\t\t\t\t\t\t\t\t<\/a>\n\t\t\t\t\t\t\t\t\t\t\t<figcaption class=\"widget-image-caption wp-caption-text\">Iwona Kisiel, \u0141ukasz D\u0142ugosz, Agata Kielar-D\u0142ugosz, Jaros\u0142aw Siwi\u0144ski i Andrzej Jungiewicz fot. Maciej Borowski<\/figcaption>\n\t\t\t\t\t\t\t\t\t\t<\/figure>\n\t\t\t\t\t\t\t\t\t<\/div>\n\t\t\t\t<\/div>\n\t\t\t\t\t<\/div>\n\t\t<\/div>\n\t\t\t\t\t<\/div>\n\t\t<\/section>\n\t\t\t\t<\/div>\n\t\t","protected":false},"excerpt":{"rendered":"<p>Andrzej Jungiewicz, Agata Kielar-D\u0142ugosz i \u0141ukasz D\u0142ugosz fot. Maciej Borowski Andrzej Jungiewicz, Agata Kielar-D\u0142ugosz i \u0141ukasz D\u0142ugosz fot. Maciej Borowski Iwona Kisiel, Agata Kielar-D\u0142ugosz i&hellip;<\/p>\n","protected":false},"author":1,"featured_media":0,"parent":0,"menu_order":0,"comment_status":"closed","ping_status":"closed","template":"","meta":{"footnotes":""},"class_list":["post-16253","page","type-page","status-publish","hentry"],"_links":{"self":[{"href":"https:\/\/wsm.art.pl\/index.php?rest_route=\/wp\/v2\/pages\/16253","targetHints":{"allow":["GET"]}}],"collection":[{"href":"https:\/\/wsm.art.pl\/index.php?rest_route=\/wp\/v2\/pages"}],"about":[{"href":"https:\/\/wsm.art.pl\/index.php?rest_route=\/wp\/v2\/types\/page"}],"author":[{"embeddable":true,"href":"https:\/\/wsm.art.pl\/index.php?rest_route=\/wp\/v2\/users\/1"}],"replies":[{"embeddable":true,"href":"https:\/\/wsm.art.pl\/index.php?rest_route=%2Fwp%2Fv2%2Fcomments&post=16253"}],"version-history":[{"count":20,"href":"https:\/\/wsm.art.pl\/index.php?rest_route=\/wp\/v2\/pages\/16253\/revisions"}],"predecessor-version":[{"id":18010,"href":"https:\/\/wsm.art.pl\/index.php?rest_route=\/wp\/v2\/pages\/16253\/revisions\/18010"}],"wp:attachment":[{"href":"https:\/\/wsm.art.pl\/index.php?rest_route=%2Fwp%2Fv2%2Fmedia&parent=16253"}],"curies":[{"name":"wp","href":"https:\/\/api.w.org\/{rel}","templated":true}]}}