{"id":14570,"date":"2024-04-12T21:31:23","date_gmt":"2024-04-12T21:31:23","guid":{"rendered":"https:\/\/wsm.art.pl\/?page_id=14570"},"modified":"2024-04-12T21:47:04","modified_gmt":"2024-04-12T21:47:04","slug":"2024-w-ociepka","status":"publish","type":"page","link":"https:\/\/wsm.art.pl\/?page_id=14570","title":{"rendered":"2024 w. OCIEPKA Grzegorz"},"content":{"rendered":"\t\t<div data-elementor-type=\"wp-page\" data-elementor-id=\"14570\" class=\"elementor elementor-14570\">\n\t\t\t\t\t\t<section class=\"elementor-section elementor-top-section elementor-element elementor-element-8b249b1 elementor-section-boxed elementor-section-height-default elementor-section-height-default\" data-id=\"8b249b1\" data-element_type=\"section\">\n\t\t\t\t\t\t<div class=\"elementor-container elementor-column-gap-default\">\n\t\t\t\t\t<div class=\"elementor-column elementor-col-100 elementor-top-column elementor-element elementor-element-1aeb34e\" data-id=\"1aeb34e\" data-element_type=\"column\">\n\t\t\t<div class=\"elementor-widget-wrap elementor-element-populated\">\n\t\t\t\t\t\t<div class=\"elementor-element elementor-element-90cdfe6 elementor-widget elementor-widget-heading\" data-id=\"90cdfe6\" data-element_type=\"widget\" data-widget_type=\"heading.default\">\n\t\t\t\t<div class=\"elementor-widget-container\">\n\t\t\t\t\t<h2 class=\"elementor-heading-title elementor-size-default\">Grzegorz Ociepka<\/h2>\t\t\t\t<\/div>\n\t\t\t\t<\/div>\n\t\t\t\t\t<\/div>\n\t\t<\/div>\n\t\t\t\t\t<\/div>\n\t\t<\/section>\n\t\t\t\t<section class=\"elementor-section elementor-top-section elementor-element elementor-element-208796d2 elementor-section-boxed elementor-section-height-default elementor-section-height-default\" data-id=\"208796d2\" data-element_type=\"section\">\n\t\t\t\t\t\t<div class=\"elementor-container elementor-column-gap-default\">\n\t\t\t\t\t<div class=\"elementor-column elementor-col-50 elementor-top-column elementor-element elementor-element-2998c263\" data-id=\"2998c263\" data-element_type=\"column\">\n\t\t\t<div class=\"elementor-widget-wrap elementor-element-populated\">\n\t\t\t\t\t\t<div class=\"elementor-element elementor-element-4f2be069 elementor-widget elementor-widget-image\" data-id=\"4f2be069\" data-element_type=\"widget\" data-widget_type=\"image.default\">\n\t\t\t\t<div class=\"elementor-widget-container\">\n\t\t\t\t\t\t\t\t\t\t\t\t<figure class=\"wp-caption\">\n\t\t\t\t\t\t\t\t\t\t<img fetchpriority=\"high\" decoding=\"async\" width=\"768\" height=\"1441\" src=\"https:\/\/wsm.art.pl\/wp-content\/uploads\/2024\/04\/Grzegorz-Ociepka-768x1441.jpg\" class=\"attachment-medium_large size-medium_large wp-image-14573\" alt=\"\" srcset=\"https:\/\/wsm.art.pl\/wp-content\/uploads\/2024\/04\/Grzegorz-Ociepka-768x1441.jpg 768w, https:\/\/wsm.art.pl\/wp-content\/uploads\/2024\/04\/Grzegorz-Ociepka-160x300.jpg 160w, https:\/\/wsm.art.pl\/wp-content\/uploads\/2024\/04\/Grzegorz-Ociepka-546x1024.jpg 546w, https:\/\/wsm.art.pl\/wp-content\/uploads\/2024\/04\/Grzegorz-Ociepka.jpg 775w\" sizes=\"(max-width: 768px) 100vw, 768px\" \/>\t\t\t\t\t\t\t\t\t\t\t<figcaption class=\"widget-image-caption wp-caption-text\">archiwum artysty<\/figcaption>\n\t\t\t\t\t\t\t\t\t\t<\/figure>\n\t\t\t\t\t\t\t\t\t<\/div>\n\t\t\t\t<\/div>\n\t\t\t\t\t<\/div>\n\t\t<\/div>\n\t\t\t\t<div class=\"elementor-column elementor-col-50 elementor-top-column elementor-element elementor-element-22045959\" data-id=\"22045959\" data-element_type=\"column\">\n\t\t\t<div class=\"elementor-widget-wrap elementor-element-populated\">\n\t\t\t\t\t\t<div class=\"elementor-element elementor-element-20a87065 elementor-widget elementor-widget-text-editor\" data-id=\"20a87065\" data-element_type=\"widget\" data-widget_type=\"text-editor.default\">\n\t\t\t\t<div class=\"elementor-widget-container\">\n\t\t\t\t\t\t\t\t\t<p>Urodzi\u0142 si\u0119 6 stycznia 1961 roku w Bytomiu. Absolwent Studium Aktorskiego Teatr\u00f3w Lalkowych w B\u0119dzinie. W 2023 roku zosta\u0142 laureatem Medalu Zas\u0142u\u017cony Kulturze Gloria Artis w dziedzinie teatru.<br \/><br \/>W latach 1982\u20132012 wyst\u0119powa\u0142 na scenach czterech teatr\u00f3w: Teatr Dzieci Zag\u0142\u0119bia w B\u0119dzinie, Teatr Guliwer w Warszawie, Teatr Animacji w Jeleniej G\u00f3rze, Teatr Animacji w Poznaniu. Na deskach tych teatr\u00f3w zagra\u0142 wiele r\u00f3l <br \/>w kilkudziesi\u0119ciu spektaklach. Debiut sceniczny to Kowal w spektaklu <em>Cucurbita Story<\/em> Juliusza Wolskiego. Kolejne role to mi\u0119dzy innymi: \u015awi\u0119ty Piotr w spektaklu <br \/><em>O ch\u0142opie, co wszystkich zwodzi\u0142<\/em> Leona Moszczy\u0144skiego; Cz\u0142owiek na ksi\u0119\u017cycu <br \/>w <em>Machinie teatralnej<\/em> Maurice Yendt\u2019a; Feuerbach w spektaklu <em>Ja Feuerbach<\/em> Tankred Dorst\u2019a, Ojciec w spektaklu <em>Dziadek do orzech\u00f3w<\/em> Ernsta Theodora Amadeusa Hoffmann\u2019a; Kaliban w spektaklu <em>Burza<\/em> Williama Shakespeare; Ojciec w spektaklu <em>Bestia i Pi\u0119kna<\/em> Stanis\u0142awa Grochowiaka; Profesor w spektaklu <em>Nieobecny &#8211; kilka scen z \u017cycia rodzic\u00f3w<\/em> Krystyny Cho\u0142oniewskiej; Medyk w spektaklu <em>Don Kichot. Hipoteza<\/em> S\u0142awomira Animuckiego; Staruszek w spektaklu <em>Bajka o szcz\u0119\u015bciu<\/em> Izabeli Deg\u00f3rskiej: Kubu\u015b Puchatek w spektaklu <em>Kubu\u015b Puchatek<\/em> Alan Alexander Milne <br \/>i wiele innych.<br \/><br \/>R\u00f3wnolegle w latach 1991\u201399 realizowa\u0142 spektakle impresaryjne dla m\u0142odzie\u017cy. Przyk\u0142adem mo\u017ce by\u0107 wci\u0105\u017c wystawiany i aktualny spektakl <em>Ma\u0142y Ksi\u0105\u017c\u0119<\/em>, kt\u00f3rego adaptacja oparta zosta\u0142a na opowiadaniu Antoine de Saint-Exup\u00e9ry, o tym samym tytule. W 1999 roku wsp\u00f3lnie z \u017con\u0105 Mari\u0105 Ociepka za\u0142o\u017cyli Teatr Promyk, kt\u00f3ry prowadzili do ko\u0144ca 2023 roku. Od 2024 roku swoje autorskie spektakle wci\u0105\u017c wystawia jako niezale\u017cny artysta. Adresowane s\u0105 g\u0142\u00f3wnie do najm\u0142odszych widz\u00f3w. Zagra\u0142 tak\u017ce w telewizyjnej realizacji spektaklu <em>Pier\u015bcie\u0144 i R\u00f3\u017ca<\/em> Wiliama Makepeace Thackeray. W filmie <em>Wiecz\u00f3r Trzeciego Kr\u00f3la<\/em> wyre\u017cyserowanym przez Jerzego Moszkowicza wcieli\u0142 si\u0119 w rol\u0119 samochodziarza.<br \/><br \/>Jest autorem wielu scenariuszy przedstawie\u0144 dla dzieci, na przyk\u0142ad <em>Recepta <br \/>na odwag\u0119<\/em>, <em>Witaminowa przygoda<\/em>, <em>Tajemnica le\u015bnych przyjaci\u00f3\u0142<\/em>, czy <em>O Z\u0142otym Dzwonku \u015awi\u0119tego Miko\u0142aja<\/em>. Wyre\u017cyserowa\u0142 <em>Bajk\u0119 o szcz\u0119\u015bciu<\/em> Izabeli Deg\u00f3rskiej, czy te\u017c <em>Tymoteusza Rymcimcim<\/em> Jana Wilkowskiego. Najnowszy spektakl, kt\u00f3ry zrealizowa\u0142 i r\u00f3wnie\u017c wcieli\u0142 si\u0119 w nim w jedn\u0105 z g\u0142\u00f3wnych r\u00f3l, nosi tytu\u0142 <em>M\u0105dre rady nie od parady<\/em>.<br \/><br \/>W ramach 59. Festiwalu Warszawska Jesie\u0144, w 2016 roku wyre\u017cyserowa\u0142 mikrooper\u0119 <em>Milcz\u0105ca rybka<\/em>, skomponowan\u0105 przez Jaros\u0142awa Siwi\u0144skiego do libretta Ma\u0142gorzaty Ko\u0142cz. W swoim dorobku ma tak\u017ce re\u017cyseri\u0119 koncertu <em>Aforyzjada<\/em>, kt\u00f3rego premiera odby\u0142a si\u0119 12 maja 2019 roku podczas 33. Warszawskich Spotka\u0144 Muzycznych. Wzi\u0105\u0142 udzia\u0142 w wielu r\u00f3\u017cnych projektach artystycznych, nie tylko teatralnych, ale i muzycznych, m.in. <em>Wariacje i odmie\u0144ce<\/em> Jaros\u0142awa Siwi\u0144skiego, <em>Upi\u00f3r w orkiestrze<\/em> Marcina Sompoli\u0144skiego, czy te\u017c koncerty Orkiestry Symfonicznej Filharmonii Kaliskiej pod batut\u0105 Adama Klocka pt. <em>Przewodnik po orkiestrze Benjamina Brittena<\/em>.<br \/><br \/>Prowadzi zaj\u0119cia warsztatowe dla dzieci, m\u0142odzie\u017cy, nauczycieli i instruktor\u00f3w teatralnych. Wsp\u00f3\u0142pracuje z r\u00f3\u017cnymi instytucjami kulturalnymi jak Og\u00f3lnopolski O\u015brodek Centrum Sztuki Dziecka czy Polskie Towarzystwo Muzyki Wsp\u00f3\u0142czesnej. Wykorzystuj\u0105c swoje do\u015bwiadczenie i wiedz\u0119 uczestniczy jako juror w komisjach artystycznych wielu konkurs\u00f3w recytatorskich i przegl\u0105d\u00f3w teatralnych r\u00f3\u017cnych szczebli.<\/p>\t\t\t\t\t\t\t\t<\/div>\n\t\t\t\t<\/div>\n\t\t\t\t\t<\/div>\n\t\t<\/div>\n\t\t\t\t\t<\/div>\n\t\t<\/section>\n\t\t\t\t<\/div>\n\t\t","protected":false},"excerpt":{"rendered":"<p>Grzegorz Ociepka archiwum artysty Urodzi\u0142 si\u0119 6 stycznia 1961 roku w Bytomiu. Absolwent Studium Aktorskiego Teatr\u00f3w Lalkowych w B\u0119dzinie. W 2023 roku zosta\u0142 laureatem Medalu&hellip;<\/p>\n","protected":false},"author":1,"featured_media":0,"parent":0,"menu_order":0,"comment_status":"closed","ping_status":"closed","template":"","meta":{"footnotes":""},"class_list":["post-14570","page","type-page","status-publish","hentry"],"_links":{"self":[{"href":"https:\/\/wsm.art.pl\/index.php?rest_route=\/wp\/v2\/pages\/14570","targetHints":{"allow":["GET"]}}],"collection":[{"href":"https:\/\/wsm.art.pl\/index.php?rest_route=\/wp\/v2\/pages"}],"about":[{"href":"https:\/\/wsm.art.pl\/index.php?rest_route=\/wp\/v2\/types\/page"}],"author":[{"embeddable":true,"href":"https:\/\/wsm.art.pl\/index.php?rest_route=\/wp\/v2\/users\/1"}],"replies":[{"embeddable":true,"href":"https:\/\/wsm.art.pl\/index.php?rest_route=%2Fwp%2Fv2%2Fcomments&post=14570"}],"version-history":[{"count":7,"href":"https:\/\/wsm.art.pl\/index.php?rest_route=\/wp\/v2\/pages\/14570\/revisions"}],"predecessor-version":[{"id":14586,"href":"https:\/\/wsm.art.pl\/index.php?rest_route=\/wp\/v2\/pages\/14570\/revisions\/14586"}],"wp:attachment":[{"href":"https:\/\/wsm.art.pl\/index.php?rest_route=%2Fwp%2Fv2%2Fmedia&parent=14570"}],"curies":[{"name":"wp","href":"https:\/\/api.w.org\/{rel}","templated":true}]}}