{"id":14145,"date":"2024-04-01T23:14:40","date_gmt":"2024-04-01T23:14:40","guid":{"rendered":"https:\/\/wsm.art.pl\/?page_id=14145"},"modified":"2024-04-06T13:53:28","modified_gmt":"2024-04-06T13:53:28","slug":"2024-subissati","status":"publish","type":"page","link":"https:\/\/wsm.art.pl\/?page_id=14145","title":{"rendered":"2024 SUBISSATI Alebrando"},"content":{"rendered":"\t\t<div data-elementor-type=\"wp-page\" data-elementor-id=\"14145\" class=\"elementor elementor-14145\">\n\t\t\t\t\t\t<section class=\"elementor-section elementor-top-section elementor-element elementor-element-8b249b1 elementor-section-boxed elementor-section-height-default elementor-section-height-default\" data-id=\"8b249b1\" data-element_type=\"section\">\n\t\t\t\t\t\t<div class=\"elementor-container elementor-column-gap-default\">\n\t\t\t\t\t<div class=\"elementor-column elementor-col-100 elementor-top-column elementor-element elementor-element-1aeb34e\" data-id=\"1aeb34e\" data-element_type=\"column\">\n\t\t\t<div class=\"elementor-widget-wrap elementor-element-populated\">\n\t\t\t\t\t\t<div class=\"elementor-element elementor-element-90cdfe6 elementor-widget elementor-widget-heading\" data-id=\"90cdfe6\" data-element_type=\"widget\" data-widget_type=\"heading.default\">\n\t\t\t\t<div class=\"elementor-widget-container\">\n\t\t\t\t\t<h2 class=\"elementor-heading-title elementor-size-default\">Alebrando Subissati (1606 - 1677)<\/h2>\t\t\t\t<\/div>\n\t\t\t\t<\/div>\n\t\t\t\t\t<\/div>\n\t\t<\/div>\n\t\t\t\t\t<\/div>\n\t\t<\/section>\n\t\t\t\t<section class=\"elementor-section elementor-top-section elementor-element elementor-element-208796d2 elementor-section-boxed elementor-section-height-default elementor-section-height-default\" data-id=\"208796d2\" data-element_type=\"section\">\n\t\t\t\t\t\t<div class=\"elementor-container elementor-column-gap-default\">\n\t\t\t\t\t<div class=\"elementor-column elementor-col-50 elementor-top-column elementor-element elementor-element-2998c263\" data-id=\"2998c263\" data-element_type=\"column\">\n\t\t\t<div class=\"elementor-widget-wrap elementor-element-populated\">\n\t\t\t\t\t\t<div class=\"elementor-element elementor-element-4f2be069 elementor-widget elementor-widget-image\" data-id=\"4f2be069\" data-element_type=\"widget\" data-widget_type=\"image.default\">\n\t\t\t\t<div class=\"elementor-widget-container\">\n\t\t\t\t\t\t\t\t\t\t\t\t<figure class=\"wp-caption\">\n\t\t\t\t\t\t\t\t\t\t<img fetchpriority=\"high\" decoding=\"async\" width=\"768\" height=\"768\" src=\"https:\/\/wsm.art.pl\/wp-content\/uploads\/2024\/04\/Pieter-Gerritsz-van-Roestraten-painting-Still-life-with-musical-instruments-768x768.jpeg\" class=\"attachment-medium_large size-medium_large wp-image-14148\" alt=\"\" srcset=\"https:\/\/wsm.art.pl\/wp-content\/uploads\/2024\/04\/Pieter-Gerritsz-van-Roestraten-painting-Still-life-with-musical-instruments-768x768.jpeg 768w, https:\/\/wsm.art.pl\/wp-content\/uploads\/2024\/04\/Pieter-Gerritsz-van-Roestraten-painting-Still-life-with-musical-instruments-300x300.jpeg 300w, https:\/\/wsm.art.pl\/wp-content\/uploads\/2024\/04\/Pieter-Gerritsz-van-Roestraten-painting-Still-life-with-musical-instruments-150x150.jpeg 150w, https:\/\/wsm.art.pl\/wp-content\/uploads\/2024\/04\/Pieter-Gerritsz-van-Roestraten-painting-Still-life-with-musical-instruments.jpeg 904w\" sizes=\"(max-width: 768px) 100vw, 768px\" \/>\t\t\t\t\t\t\t\t\t\t\t<figcaption class=\"widget-image-caption wp-caption-text\">Pieter Gerritsz van Roestraten \u2013 \u201eMartwa natura z instrumentami muzycznymi\u201d \/ https:\/\/laforzadellestelle.org\/historically-informed-performance\/<\/figcaption>\n\t\t\t\t\t\t\t\t\t\t<\/figure>\n\t\t\t\t\t\t\t\t\t<\/div>\n\t\t\t\t<\/div>\n\t\t\t\t\t<\/div>\n\t\t<\/div>\n\t\t\t\t<div class=\"elementor-column elementor-col-50 elementor-top-column elementor-element elementor-element-22045959\" data-id=\"22045959\" data-element_type=\"column\">\n\t\t\t<div class=\"elementor-widget-wrap elementor-element-populated\">\n\t\t\t\t\t\t<div class=\"elementor-element elementor-element-20a87065 elementor-widget elementor-widget-text-editor\" data-id=\"20a87065\" data-element_type=\"widget\" data-widget_type=\"text-editor.default\">\n\t\t\t\t<div class=\"elementor-widget-container\">\n\t\t\t\t\t\t\t\t\t<p>Ur. 30 kwietnia 1606, zm. 20 sierpnia 1677 w Fossombrone; w\u0142oski skrzypek zwany signor Aldobrando del violino. W 1640 koncertowa\u0142 w Rzymie w pa\u0142acu Pietro Della Valle. Ok. 1645 przyj\u0119to go do kapeli kr\u00f3lewskiej Jana Kazimierza w Warszawie w charakterze skrzypka wirtuoza i pedagoga. <br \/>Wys\u0142any w IX 1654 wraz z dwoma uczniami w delegacj\u0119 do W\u0142och nie wr\u00f3ci\u0142 ju\u017c do Warszawy z uwagi na wojn\u0119 polsko-szwedzk\u0105. Osiad\u0142 w Fossombrone, w V 1665 dyrygowa\u0142 zespo\u0142em muzyk\u00f3w rodzinnego miasta w sanktuarium w Loreto. <br \/>Z inskrypcji p\u0142yty nagrobkowej wynika, \u017ce Subissati by\u0142 muzykiem cesarskim Leopolda I, Jana Kazimierza i kr\u00f3lowej Krystyny Szwedzkiej.<br \/>Jego <em>Il primo libro delle sonate di violino<\/em> z 1675 (r\u0119kopis w Biblioteca Passionei w Fossombrone) zawiera 19 sonat (2 niekompletne) na skrzypce solo z basso continuo; 10 z nich to zdyminuowane wersje antyfon G.F. Aneria z <em>Antiphonae (\u2026) binis, ternis 8 quaternis vocibus<\/em>, Rzym 1613. Zagin\u0119\u0142y: sonata na skrzypce solo i 2 arie na 2 skrzypiec z basso continuo wymienione w inwentarzu kapeli krakowskich karmelit\u00f3w na Piasku.<br \/><br \/><em>www.polskabibliotekamuzyczna.pl<\/em><\/p>\t\t\t\t\t\t\t\t<\/div>\n\t\t\t\t<\/div>\n\t\t\t\t\t<\/div>\n\t\t<\/div>\n\t\t\t\t\t<\/div>\n\t\t<\/section>\n\t\t\t\t<\/div>\n\t\t","protected":false},"excerpt":{"rendered":"<p>Alebrando Subissati (1606 &#8211; 1677) Pieter Gerritsz van Roestraten \u2013 \u201eMartwa natura z instrumentami muzycznymi\u201d \/ https:\/\/laforzadellestelle.org\/historically-informed-performance\/ Ur. 30 kwietnia 1606, zm. 20 sierpnia 1677&hellip;<\/p>\n","protected":false},"author":1,"featured_media":0,"parent":0,"menu_order":0,"comment_status":"closed","ping_status":"closed","template":"","meta":{"footnotes":""},"class_list":["post-14145","page","type-page","status-publish","hentry"],"_links":{"self":[{"href":"https:\/\/wsm.art.pl\/index.php?rest_route=\/wp\/v2\/pages\/14145","targetHints":{"allow":["GET"]}}],"collection":[{"href":"https:\/\/wsm.art.pl\/index.php?rest_route=\/wp\/v2\/pages"}],"about":[{"href":"https:\/\/wsm.art.pl\/index.php?rest_route=\/wp\/v2\/types\/page"}],"author":[{"embeddable":true,"href":"https:\/\/wsm.art.pl\/index.php?rest_route=\/wp\/v2\/users\/1"}],"replies":[{"embeddable":true,"href":"https:\/\/wsm.art.pl\/index.php?rest_route=%2Fwp%2Fv2%2Fcomments&post=14145"}],"version-history":[{"count":7,"href":"https:\/\/wsm.art.pl\/index.php?rest_route=\/wp\/v2\/pages\/14145\/revisions"}],"predecessor-version":[{"id":14408,"href":"https:\/\/wsm.art.pl\/index.php?rest_route=\/wp\/v2\/pages\/14145\/revisions\/14408"}],"wp:attachment":[{"href":"https:\/\/wsm.art.pl\/index.php?rest_route=%2Fwp%2Fv2%2Fmedia&parent=14145"}],"curies":[{"name":"wp","href":"https:\/\/api.w.org\/{rel}","templated":true}]}}