{"id":13698,"date":"2024-03-21T17:29:49","date_gmt":"2024-03-21T17:29:49","guid":{"rendered":"https:\/\/wsm.art.pl\/?page_id=13698"},"modified":"2026-04-07T00:59:02","modified_gmt":"2026-04-07T00:59:02","slug":"wykonawcy-2024","status":"publish","type":"page","link":"https:\/\/wsm.art.pl\/?page_id=13698","title":{"rendered":"2024 WYKONAWCY"},"content":{"rendered":"\t\t<div data-elementor-type=\"wp-page\" data-elementor-id=\"13698\" class=\"elementor elementor-13698\">\n\t\t\t\t\t\t<section class=\"elementor-section elementor-top-section elementor-element elementor-element-60ef51a elementor-section-boxed elementor-section-height-default elementor-section-height-default\" data-id=\"60ef51a\" data-element_type=\"section\">\n\t\t\t\t\t\t<div class=\"elementor-container elementor-column-gap-default\">\n\t\t\t\t\t<div class=\"elementor-column elementor-col-100 elementor-top-column elementor-element elementor-element-99d8c54\" data-id=\"99d8c54\" data-element_type=\"column\">\n\t\t\t<div class=\"elementor-widget-wrap elementor-element-populated\">\n\t\t\t\t\t\t<div class=\"elementor-element elementor-element-5fbb4c7 elementor-widget elementor-widget-heading\" data-id=\"5fbb4c7\" data-element_type=\"widget\" data-widget_type=\"heading.default\">\n\t\t\t\t<div class=\"elementor-widget-container\">\n\t\t\t\t\t<h2 class=\"elementor-heading-title elementor-size-default\">Wykonawcy 2026<\/h2>\t\t\t\t<\/div>\n\t\t\t\t<\/div>\n\t\t\t\t\t<\/div>\n\t\t<\/div>\n\t\t\t\t\t<\/div>\n\t\t<\/section>\n\t\t\t\t<section class=\"elementor-section elementor-top-section elementor-element elementor-element-07683a2 elementor-section-boxed elementor-section-height-default elementor-section-height-default\" data-id=\"07683a2\" data-element_type=\"section\">\n\t\t\t\t\t\t<div class=\"elementor-container elementor-column-gap-default\">\n\t\t\t\t\t<div class=\"elementor-column elementor-col-100 elementor-top-column elementor-element elementor-element-f82583c\" data-id=\"f82583c\" data-element_type=\"column\">\n\t\t\t<div class=\"elementor-widget-wrap elementor-element-populated\">\n\t\t\t\t\t\t<div class=\"elementor-element elementor-element-f013be1 elementor-widget elementor-widget-text-editor\" data-id=\"f013be1\" data-element_type=\"widget\" data-widget_type=\"text-editor.default\">\n\t\t\t\t<div class=\"elementor-widget-container\">\n\t\t\t\t\t\t\t\t\t<p>CAMERATA VISTULA<br \/>D\u0141UGOSZ \u0141ukasz<br \/>ENSEMBLE VIA NOVA<br \/>KOTNOWSKA Jadwiga<br \/>KWARTLUDIUM<br \/>MOCARSKI Mariusz<br \/>PAPROCKI Julian<br \/>RADZIWONOWICZ Tomasz<br \/>SINFONIA VIVA<br \/>SMOCZY\u0143SKI Mateusz<br \/>STANKIEWICZ Mateusz<br \/>STAWARZ Lilianna<br \/>\u015aLIWA Anna<br \/>TOPOROWSKI Marek<br \/>WR\u00d3BEL Anna<\/p>\t\t\t\t\t\t\t\t<\/div>\n\t\t\t\t<\/div>\n\t\t\t\t\t<\/div>\n\t\t<\/div>\n\t\t\t\t\t<\/div>\n\t\t<\/section>\n\t\t\t\t<\/div>\n\t\t","protected":false},"excerpt":{"rendered":"<p>Wykonawcy 2026 CAMERATA VISTULAD\u0141UGOSZ \u0141ukaszENSEMBLE VIA NOVAKOTNOWSKA JadwigaKWARTLUDIUMMOCARSKI MariuszPAPROCKI JulianRADZIWONOWICZ TomaszSINFONIA VIVASMOCZY\u0143SKI MateuszSTANKIEWICZ MateuszSTAWARZ Lilianna\u015aLIWA AnnaTOPOROWSKI MarekWR\u00d3BEL Anna<\/p>\n","protected":false},"author":1,"featured_media":0,"parent":0,"menu_order":0,"comment_status":"closed","ping_status":"closed","template":"","meta":{"footnotes":""},"class_list":["post-13698","page","type-page","status-publish","hentry"],"_links":{"self":[{"href":"https:\/\/wsm.art.pl\/index.php?rest_route=\/wp\/v2\/pages\/13698","targetHints":{"allow":["GET"]}}],"collection":[{"href":"https:\/\/wsm.art.pl\/index.php?rest_route=\/wp\/v2\/pages"}],"about":[{"href":"https:\/\/wsm.art.pl\/index.php?rest_route=\/wp\/v2\/types\/page"}],"author":[{"embeddable":true,"href":"https:\/\/wsm.art.pl\/index.php?rest_route=\/wp\/v2\/users\/1"}],"replies":[{"embeddable":true,"href":"https:\/\/wsm.art.pl\/index.php?rest_route=%2Fwp%2Fv2%2Fcomments&post=13698"}],"version-history":[{"count":157,"href":"https:\/\/wsm.art.pl\/index.php?rest_route=\/wp\/v2\/pages\/13698\/revisions"}],"predecessor-version":[{"id":18806,"href":"https:\/\/wsm.art.pl\/index.php?rest_route=\/wp\/v2\/pages\/13698\/revisions\/18806"}],"wp:attachment":[{"href":"https:\/\/wsm.art.pl\/index.php?rest_route=%2Fwp%2Fv2%2Fmedia&parent=13698"}],"curies":[{"name":"wp","href":"https:\/\/api.w.org\/{rel}","templated":true}]}}