{"id":13687,"date":"2024-03-15T23:31:30","date_gmt":"2024-03-15T23:31:30","guid":{"rendered":"https:\/\/wsm.art.pl\/?page_id=13687"},"modified":"2026-04-10T23:47:01","modified_gmt":"2026-04-10T23:47:01","slug":"2024-kompozytorzy","status":"publish","type":"page","link":"https:\/\/wsm.art.pl\/?page_id=13687","title":{"rendered":"2024 KOMPOZYTORZY"},"content":{"rendered":"\t\t<div data-elementor-type=\"wp-page\" data-elementor-id=\"13687\" class=\"elementor elementor-13687\">\n\t\t\t\t\t\t<section class=\"elementor-section elementor-top-section elementor-element elementor-element-60ef51a elementor-section-boxed elementor-section-height-default elementor-section-height-default\" data-id=\"60ef51a\" data-element_type=\"section\">\n\t\t\t\t\t\t<div class=\"elementor-container elementor-column-gap-default\">\n\t\t\t\t\t<div class=\"elementor-column elementor-col-100 elementor-top-column elementor-element elementor-element-99d8c54\" data-id=\"99d8c54\" data-element_type=\"column\">\n\t\t\t<div class=\"elementor-widget-wrap elementor-element-populated\">\n\t\t\t\t\t\t<div class=\"elementor-element elementor-element-5fbb4c7 elementor-widget elementor-widget-heading\" data-id=\"5fbb4c7\" data-element_type=\"widget\" data-widget_type=\"heading.default\">\n\t\t\t\t<div class=\"elementor-widget-container\">\n\t\t\t\t\t<h2 class=\"elementor-heading-title elementor-size-default\">Kompozytorzy 2026<\/h2>\t\t\t\t<\/div>\n\t\t\t\t<\/div>\n\t\t\t\t\t<\/div>\n\t\t<\/div>\n\t\t\t\t\t<\/div>\n\t\t<\/section>\n\t\t\t\t<section class=\"elementor-section elementor-top-section elementor-element elementor-element-07683a2 elementor-section-boxed elementor-section-height-default elementor-section-height-default\" data-id=\"07683a2\" data-element_type=\"section\">\n\t\t\t\t\t\t<div class=\"elementor-container elementor-column-gap-default\">\n\t\t\t\t\t<div class=\"elementor-column elementor-col-100 elementor-top-column elementor-element elementor-element-f82583c\" data-id=\"f82583c\" data-element_type=\"column\">\n\t\t\t<div class=\"elementor-widget-wrap elementor-element-populated\">\n\t\t\t\t\t\t<div class=\"elementor-element elementor-element-f013be1 elementor-widget elementor-widget-text-editor\" data-id=\"f013be1\" data-element_type=\"widget\" data-widget_type=\"text-editor.default\">\n\t\t\t\t<div class=\"elementor-widget-container\">\n\t\t\t\t\t\t\t\t\t<p>BAGI\u0143SKI Zbigniew (1949-2024)<br \/>BILI\u0143SKA Aleksandra (teoria muzyki)<br \/>B\u0141A\u017bEJCZYK Wojciech<br \/>BOROWSKI Ryszard<br \/>BUCZY\u0143SKI Pawe\u0142 (1953-2015)<br \/>CARA Marco (XV-XVI w.)<br \/>CORELLI Arcangelo (1653 \u2013 1713)<br \/>CZARNECKI S\u0142awomir<br \/>CZY\u017b Henryk (1923-2003)<br \/>DOBROWOLSKI Andrzej (1921-1990)<br \/>DOBRZY\u0143SKI Ignacy Feliks (1807-1867)<br \/>DOMAGA\u0141A Jacek<br \/>DONJON Johannes (1839-1912)<br \/>FAUR\u00c9 Gabriel<br \/>GRYKA Aleksandra<br \/>HETTNE Jenny<br \/>HILDEBRANDT Johannes<br \/>KARA\u0141OW Andrzej<br \/>KILAR Wojciech (1932-2013)<br \/>KOMOROWSKI Piotr<br \/>KORNOWICZ Jerzy<br \/>KOSECKA Martyna<br \/>KOWALCZUK Marta<br \/>KRAUZE Zygmunt<br \/>LIGETI Gy\u00f6rgy (1923-2006)<br \/>\u0141OPACKI Marcin<br \/>\u0141UKASZEWSKI Pawe\u0142<br \/>MAJKUSIAK Miko\u0142aj<br \/>MARCZUK Julia<br \/>MATUSZEWSKI Filip<br \/>MILENKO Kirsten<br \/>MILLANDRE Louise Toussaint (XVII w.)<br \/>MOFAKHAM Idin Samimi<br \/>MOSS Piotr<br \/>PAPROCKI Julian<br \/>POKRZYWI\u0143SKA Maria<br \/>RADZIWONOWICZ Tomasz<br \/>RYDZEWSKA \u017baneta<br \/>SIWI\u0143SKI Jaros\u0142aw<br \/>S\u0141OWI\u0143SKI W\u0142adys\u0142aw<br \/>SMOCZY\u0143SKI Mateusz<br \/>SZWAJGIER Krzysztof <br \/>SZYMANOWSKI Karol (1882-1937)<br \/>\u015aMIGASIEWICZ Mateusz<br \/>\u015aWIDNICKA Iwona (teoria muzyki)<br \/>TOPOROWSKI Marek<br \/>VIVALDI Antonio (1678-1741)<br \/>WIELECKI Tadeusz<br \/>WOJCIECHOWSKI S\u0142awomir<br \/>WR\u00d3BEL Piotr<br \/>ZAPF Helmut<br \/>ZHU Tianwei<\/p>\t\t\t\t\t\t\t\t<\/div>\n\t\t\t\t<\/div>\n\t\t\t\t\t<\/div>\n\t\t<\/div>\n\t\t\t\t\t<\/div>\n\t\t<\/section>\n\t\t\t\t<\/div>\n\t\t","protected":false},"excerpt":{"rendered":"<p>Kompozytorzy 2026 BAGI\u0143SKI Zbigniew (1949-2024)BILI\u0143SKA Aleksandra (teoria muzyki)B\u0141A\u017bEJCZYK WojciechBOROWSKI RyszardBUCZY\u0143SKI Pawe\u0142 (1953-2015)CARA Marco (XV-XVI w.)CORELLI Arcangelo (1653 \u2013 1713)CZARNECKI S\u0142awomirCZY\u017b Henryk (1923-2003)DOBROWOLSKI Andrzej (1921-1990)DOBRZY\u0143SKI Ignacy&hellip;<\/p>\n","protected":false},"author":1,"featured_media":0,"parent":0,"menu_order":0,"comment_status":"closed","ping_status":"closed","template":"","meta":{"footnotes":""},"class_list":["post-13687","page","type-page","status-publish","hentry"],"_links":{"self":[{"href":"https:\/\/wsm.art.pl\/index.php?rest_route=\/wp\/v2\/pages\/13687","targetHints":{"allow":["GET"]}}],"collection":[{"href":"https:\/\/wsm.art.pl\/index.php?rest_route=\/wp\/v2\/pages"}],"about":[{"href":"https:\/\/wsm.art.pl\/index.php?rest_route=\/wp\/v2\/types\/page"}],"author":[{"embeddable":true,"href":"https:\/\/wsm.art.pl\/index.php?rest_route=\/wp\/v2\/users\/1"}],"replies":[{"embeddable":true,"href":"https:\/\/wsm.art.pl\/index.php?rest_route=%2Fwp%2Fv2%2Fcomments&post=13687"}],"version-history":[{"count":267,"href":"https:\/\/wsm.art.pl\/index.php?rest_route=\/wp\/v2\/pages\/13687\/revisions"}],"predecessor-version":[{"id":19129,"href":"https:\/\/wsm.art.pl\/index.php?rest_route=\/wp\/v2\/pages\/13687\/revisions\/19129"}],"wp:attachment":[{"href":"https:\/\/wsm.art.pl\/index.php?rest_route=%2Fwp%2Fv2%2Fmedia&parent=13687"}],"curies":[{"name":"wp","href":"https:\/\/api.w.org\/{rel}","templated":true}]}}