{"id":11885,"date":"2023-05-22T12:05:50","date_gmt":"2023-05-22T12:05:50","guid":{"rendered":"https:\/\/wsm.art.pl\/?page_id=11885"},"modified":"2023-06-02T17:30:56","modified_gmt":"2023-06-02T17:30:56","slug":"galeria-2023-18-maja-pejzaze","status":"publish","type":"page","link":"https:\/\/wsm.art.pl\/?page_id=11885","title":{"rendered":"Galeria 2023 18 maja Pejza\u017ce polsko-\u017cydowskie"},"content":{"rendered":"\t\t<div data-elementor-type=\"wp-page\" data-elementor-id=\"11885\" class=\"elementor elementor-11885\">\n\t\t\t\t\t\t<section class=\"elementor-section elementor-top-section elementor-element elementor-element-85e70d8 elementor-section-boxed elementor-section-height-default elementor-section-height-default\" data-id=\"85e70d8\" data-element_type=\"section\">\n\t\t\t\t\t\t<div class=\"elementor-container elementor-column-gap-default\">\n\t\t\t\t\t<div class=\"elementor-column elementor-col-33 elementor-top-column elementor-element elementor-element-8526e47\" data-id=\"8526e47\" data-element_type=\"column\">\n\t\t\t<div class=\"elementor-widget-wrap elementor-element-populated\">\n\t\t\t\t\t\t<div class=\"elementor-element elementor-element-74661e8 elementor-widget elementor-widget-image\" data-id=\"74661e8\" data-element_type=\"widget\" data-widget_type=\"image.default\">\n\t\t\t\t<div class=\"elementor-widget-container\">\n\t\t\t\t\t\t\t\t\t\t\t\t<figure class=\"wp-caption\">\n\t\t\t\t\t\t\t\t\t\t\t<a href=\"https:\/\/wsm.art.pl\/wp-content\/uploads\/2023\/05\/1s-f-IMG_5759.jpg\" data-elementor-open-lightbox=\"yes\" data-elementor-lightbox-title=\"18.05.2023\" data-e-action-hash=\"#elementor-action%3Aaction%3Dlightbox%26settings%3DeyJpZCI6MTE4NzIsInVybCI6Imh0dHBzOlwvXC93c20uYXJ0LnBsXC93cC1jb250ZW50XC91cGxvYWRzXC8yMDIzXC8wNVwvMXMtZi1JTUdfNTc1OS5qcGcifQ%3D%3D\">\n\t\t\t\t\t\t\t<img fetchpriority=\"high\" decoding=\"async\" width=\"843\" height=\"562\" src=\"https:\/\/wsm.art.pl\/wp-content\/uploads\/2023\/05\/1s-f-IMG_5759-1024x683.jpg\" class=\"attachment-large size-large wp-image-11872\" alt=\"\" srcset=\"https:\/\/wsm.art.pl\/wp-content\/uploads\/2023\/05\/1s-f-IMG_5759-1024x683.jpg 1024w, https:\/\/wsm.art.pl\/wp-content\/uploads\/2023\/05\/1s-f-IMG_5759-300x200.jpg 300w, https:\/\/wsm.art.pl\/wp-content\/uploads\/2023\/05\/1s-f-IMG_5759-768x512.jpg 768w, https:\/\/wsm.art.pl\/wp-content\/uploads\/2023\/05\/1s-f-IMG_5759.jpg 1300w\" sizes=\"(max-width: 843px) 100vw, 843px\" \/>\t\t\t\t\t\t\t\t<\/a>\n\t\t\t\t\t\t\t\t\t\t\t<figcaption class=\"widget-image-caption wp-caption-text\">Joanna Oko\u0144 fot. Maciej Borowski<\/figcaption>\n\t\t\t\t\t\t\t\t\t\t<\/figure>\n\t\t\t\t\t\t\t\t\t<\/div>\n\t\t\t\t<\/div>\n\t\t\t\t\t<\/div>\n\t\t<\/div>\n\t\t\t\t<div class=\"elementor-column elementor-col-33 elementor-top-column elementor-element elementor-element-02605b6\" data-id=\"02605b6\" data-element_type=\"column\">\n\t\t\t<div class=\"elementor-widget-wrap elementor-element-populated\">\n\t\t\t\t\t\t<div class=\"elementor-element elementor-element-61a16ed elementor-widget elementor-widget-image\" data-id=\"61a16ed\" data-element_type=\"widget\" data-widget_type=\"image.default\">\n\t\t\t\t<div class=\"elementor-widget-container\">\n\t\t\t\t\t\t\t\t\t\t\t\t<figure class=\"wp-caption\">\n\t\t\t\t\t\t\t\t\t\t\t<a href=\"https:\/\/wsm.art.pl\/wp-content\/uploads\/2023\/05\/2s-IMG_5784.jpg\" data-elementor-open-lightbox=\"yes\" data-elementor-lightbox-title=\"18.05.2023\" data-e-action-hash=\"#elementor-action%3Aaction%3Dlightbox%26settings%3DeyJpZCI6MTE4NzMsInVybCI6Imh0dHBzOlwvXC93c20uYXJ0LnBsXC93cC1jb250ZW50XC91cGxvYWRzXC8yMDIzXC8wNVwvMnMtSU1HXzU3ODQuanBnIn0%3D\">\n\t\t\t\t\t\t\t<img decoding=\"async\" width=\"843\" height=\"562\" src=\"https:\/\/wsm.art.pl\/wp-content\/uploads\/2023\/05\/2s-IMG_5784-1024x683.jpg\" class=\"attachment-large size-large wp-image-11873\" alt=\"\" srcset=\"https:\/\/wsm.art.pl\/wp-content\/uploads\/2023\/05\/2s-IMG_5784-1024x683.jpg 1024w, https:\/\/wsm.art.pl\/wp-content\/uploads\/2023\/05\/2s-IMG_5784-300x200.jpg 300w, https:\/\/wsm.art.pl\/wp-content\/uploads\/2023\/05\/2s-IMG_5784-768x512.jpg 768w, https:\/\/wsm.art.pl\/wp-content\/uploads\/2023\/05\/2s-IMG_5784.jpg 1300w\" sizes=\"(max-width: 843px) 100vw, 843px\" \/>\t\t\t\t\t\t\t\t<\/a>\n\t\t\t\t\t\t\t\t\t\t\t<figcaption class=\"widget-image-caption wp-caption-text\">fot. Maciej Borowski<\/figcaption>\n\t\t\t\t\t\t\t\t\t\t<\/figure>\n\t\t\t\t\t\t\t\t\t<\/div>\n\t\t\t\t<\/div>\n\t\t\t\t\t<\/div>\n\t\t<\/div>\n\t\t\t\t<div class=\"elementor-column elementor-col-33 elementor-top-column elementor-element elementor-element-21972fa\" data-id=\"21972fa\" data-element_type=\"column\">\n\t\t\t<div class=\"elementor-widget-wrap elementor-element-populated\">\n\t\t\t\t\t\t<div class=\"elementor-element elementor-element-e992186 elementor-widget elementor-widget-image\" data-id=\"e992186\" data-element_type=\"widget\" data-widget_type=\"image.default\">\n\t\t\t\t<div class=\"elementor-widget-container\">\n\t\t\t\t\t\t\t\t\t\t\t\t<figure class=\"wp-caption\">\n\t\t\t\t\t\t\t\t\t\t\t<a href=\"https:\/\/wsm.art.pl\/wp-content\/uploads\/2023\/05\/3s-IMG_5720.jpg\" data-elementor-open-lightbox=\"yes\" data-elementor-lightbox-title=\"18.05.2023\" data-e-action-hash=\"#elementor-action%3Aaction%3Dlightbox%26settings%3DeyJpZCI6MTE4NzQsInVybCI6Imh0dHBzOlwvXC93c20uYXJ0LnBsXC93cC1jb250ZW50XC91cGxvYWRzXC8yMDIzXC8wNVwvM3MtSU1HXzU3MjAuanBnIn0%3D\">\n\t\t\t\t\t\t\t<img decoding=\"async\" width=\"843\" height=\"562\" src=\"https:\/\/wsm.art.pl\/wp-content\/uploads\/2023\/05\/3s-IMG_5720-1024x683.jpg\" class=\"attachment-large size-large wp-image-11874\" alt=\"\" srcset=\"https:\/\/wsm.art.pl\/wp-content\/uploads\/2023\/05\/3s-IMG_5720-1024x683.jpg 1024w, https:\/\/wsm.art.pl\/wp-content\/uploads\/2023\/05\/3s-IMG_5720-300x200.jpg 300w, https:\/\/wsm.art.pl\/wp-content\/uploads\/2023\/05\/3s-IMG_5720-768x512.jpg 768w, https:\/\/wsm.art.pl\/wp-content\/uploads\/2023\/05\/3s-IMG_5720.jpg 1300w\" sizes=\"(max-width: 843px) 100vw, 843px\" \/>\t\t\t\t\t\t\t\t<\/a>\n\t\t\t\t\t\t\t\t\t\t\t<figcaption class=\"widget-image-caption wp-caption-text\">Joanna Oko\u0144 i Katarzyna Glensk fot. Maciej Borowski<\/figcaption>\n\t\t\t\t\t\t\t\t\t\t<\/figure>\n\t\t\t\t\t\t\t\t\t<\/div>\n\t\t\t\t<\/div>\n\t\t\t\t\t<\/div>\n\t\t<\/div>\n\t\t\t\t\t<\/div>\n\t\t<\/section>\n\t\t\t\t<section class=\"elementor-section elementor-top-section elementor-element elementor-element-bb494df elementor-section-boxed elementor-section-height-default elementor-section-height-default\" data-id=\"bb494df\" data-element_type=\"section\">\n\t\t\t\t\t\t<div class=\"elementor-container elementor-column-gap-default\">\n\t\t\t\t\t<div class=\"elementor-column elementor-col-33 elementor-top-column elementor-element elementor-element-9066c04\" data-id=\"9066c04\" data-element_type=\"column\">\n\t\t\t<div class=\"elementor-widget-wrap elementor-element-populated\">\n\t\t\t\t\t\t<div class=\"elementor-element elementor-element-629849f elementor-widget elementor-widget-image\" data-id=\"629849f\" data-element_type=\"widget\" data-widget_type=\"image.default\">\n\t\t\t\t<div class=\"elementor-widget-container\">\n\t\t\t\t\t\t\t\t\t\t\t\t<figure class=\"wp-caption\">\n\t\t\t\t\t\t\t\t\t\t\t<a href=\"https:\/\/wsm.art.pl\/wp-content\/uploads\/2023\/05\/5s-IMG_5726.jpg\" data-elementor-open-lightbox=\"yes\" data-elementor-lightbox-title=\"18.05.2023\" data-e-action-hash=\"#elementor-action%3Aaction%3Dlightbox%26settings%3DeyJpZCI6MTE4NzYsInVybCI6Imh0dHBzOlwvXC93c20uYXJ0LnBsXC93cC1jb250ZW50XC91cGxvYWRzXC8yMDIzXC8wNVwvNXMtSU1HXzU3MjYuanBnIn0%3D\">\n\t\t\t\t\t\t\t<img loading=\"lazy\" decoding=\"async\" width=\"683\" height=\"1024\" src=\"https:\/\/wsm.art.pl\/wp-content\/uploads\/2023\/05\/5s-IMG_5726-683x1024.jpg\" class=\"attachment-large size-large wp-image-11876\" alt=\"\" srcset=\"https:\/\/wsm.art.pl\/wp-content\/uploads\/2023\/05\/5s-IMG_5726-683x1024.jpg 683w, https:\/\/wsm.art.pl\/wp-content\/uploads\/2023\/05\/5s-IMG_5726-200x300.jpg 200w, https:\/\/wsm.art.pl\/wp-content\/uploads\/2023\/05\/5s-IMG_5726-768x1152.jpg 768w, https:\/\/wsm.art.pl\/wp-content\/uploads\/2023\/05\/5s-IMG_5726.jpg 867w\" sizes=\"(max-width: 683px) 100vw, 683px\" \/>\t\t\t\t\t\t\t\t<\/a>\n\t\t\t\t\t\t\t\t\t\t\t<figcaption class=\"widget-image-caption wp-caption-text\">Joanna Oko\u0144 fot. Maciej Borowski<\/figcaption>\n\t\t\t\t\t\t\t\t\t\t<\/figure>\n\t\t\t\t\t\t\t\t\t<\/div>\n\t\t\t\t<\/div>\n\t\t\t\t\t<\/div>\n\t\t<\/div>\n\t\t\t\t<div class=\"elementor-column elementor-col-33 elementor-top-column elementor-element elementor-element-ec3fc25\" data-id=\"ec3fc25\" data-element_type=\"column\">\n\t\t\t<div class=\"elementor-widget-wrap elementor-element-populated\">\n\t\t\t\t\t\t<div class=\"elementor-element elementor-element-aeeada4 elementor-widget elementor-widget-image\" data-id=\"aeeada4\" data-element_type=\"widget\" data-widget_type=\"image.default\">\n\t\t\t\t<div class=\"elementor-widget-container\">\n\t\t\t\t\t\t\t\t\t\t\t\t<figure class=\"wp-caption\">\n\t\t\t\t\t\t\t\t\t\t\t<a href=\"https:\/\/wsm.art.pl\/wp-content\/uploads\/2023\/05\/4s-IMG_5728.jpg\" data-elementor-open-lightbox=\"yes\" data-elementor-lightbox-title=\"18.05.2023\" data-e-action-hash=\"#elementor-action%3Aaction%3Dlightbox%26settings%3DeyJpZCI6MTE4NzUsInVybCI6Imh0dHBzOlwvXC93c20uYXJ0LnBsXC93cC1jb250ZW50XC91cGxvYWRzXC8yMDIzXC8wNVwvNHMtSU1HXzU3MjguanBnIn0%3D\">\n\t\t\t\t\t\t\t<img loading=\"lazy\" decoding=\"async\" width=\"683\" height=\"1024\" src=\"https:\/\/wsm.art.pl\/wp-content\/uploads\/2023\/05\/4s-IMG_5728-683x1024.jpg\" class=\"attachment-large size-large wp-image-11875\" alt=\"\" srcset=\"https:\/\/wsm.art.pl\/wp-content\/uploads\/2023\/05\/4s-IMG_5728-683x1024.jpg 683w, https:\/\/wsm.art.pl\/wp-content\/uploads\/2023\/05\/4s-IMG_5728-200x300.jpg 200w, https:\/\/wsm.art.pl\/wp-content\/uploads\/2023\/05\/4s-IMG_5728-768x1152.jpg 768w, https:\/\/wsm.art.pl\/wp-content\/uploads\/2023\/05\/4s-IMG_5728.jpg 867w\" sizes=\"(max-width: 683px) 100vw, 683px\" \/>\t\t\t\t\t\t\t\t<\/a>\n\t\t\t\t\t\t\t\t\t\t\t<figcaption class=\"widget-image-caption wp-caption-text\">Katarzyna Glensk fot. Maciej Borowski<\/figcaption>\n\t\t\t\t\t\t\t\t\t\t<\/figure>\n\t\t\t\t\t\t\t\t\t<\/div>\n\t\t\t\t<\/div>\n\t\t\t\t\t<\/div>\n\t\t<\/div>\n\t\t\t\t<div class=\"elementor-column elementor-col-33 elementor-top-column elementor-element elementor-element-e3620f9\" data-id=\"e3620f9\" data-element_type=\"column\">\n\t\t\t<div class=\"elementor-widget-wrap elementor-element-populated\">\n\t\t\t\t\t\t<div class=\"elementor-element elementor-element-2ed4b6e elementor-widget elementor-widget-image\" data-id=\"2ed4b6e\" data-element_type=\"widget\" data-widget_type=\"image.default\">\n\t\t\t\t<div class=\"elementor-widget-container\">\n\t\t\t\t\t\t\t\t\t\t\t\t<figure class=\"wp-caption\">\n\t\t\t\t\t\t\t\t\t\t\t<a href=\"https:\/\/wsm.art.pl\/wp-content\/uploads\/2023\/05\/6s-f-IMG_5780.jpg\" data-elementor-open-lightbox=\"yes\" data-elementor-lightbox-title=\"18.05.2023\" data-e-action-hash=\"#elementor-action%3Aaction%3Dlightbox%26settings%3DeyJpZCI6MTE4NzcsInVybCI6Imh0dHBzOlwvXC93c20uYXJ0LnBsXC93cC1jb250ZW50XC91cGxvYWRzXC8yMDIzXC8wNVwvNnMtZi1JTUdfNTc4MC5qcGcifQ%3D%3D\">\n\t\t\t\t\t\t\t<img loading=\"lazy\" decoding=\"async\" width=\"683\" height=\"1024\" src=\"https:\/\/wsm.art.pl\/wp-content\/uploads\/2023\/05\/6s-f-IMG_5780-683x1024.jpg\" class=\"attachment-large size-large wp-image-11877\" alt=\"\" srcset=\"https:\/\/wsm.art.pl\/wp-content\/uploads\/2023\/05\/6s-f-IMG_5780-683x1024.jpg 683w, https:\/\/wsm.art.pl\/wp-content\/uploads\/2023\/05\/6s-f-IMG_5780-200x300.jpg 200w, https:\/\/wsm.art.pl\/wp-content\/uploads\/2023\/05\/6s-f-IMG_5780-768x1152.jpg 768w, https:\/\/wsm.art.pl\/wp-content\/uploads\/2023\/05\/6s-f-IMG_5780.jpg 867w\" sizes=\"(max-width: 683px) 100vw, 683px\" \/>\t\t\t\t\t\t\t\t<\/a>\n\t\t\t\t\t\t\t\t\t\t\t<figcaption class=\"widget-image-caption wp-caption-text\">Lala Czaplicka fot. Maciej Borowski<\/figcaption>\n\t\t\t\t\t\t\t\t\t\t<\/figure>\n\t\t\t\t\t\t\t\t\t<\/div>\n\t\t\t\t<\/div>\n\t\t\t\t\t<\/div>\n\t\t<\/div>\n\t\t\t\t\t<\/div>\n\t\t<\/section>\n\t\t\t\t<section class=\"elementor-section elementor-top-section elementor-element elementor-element-a56cb58 elementor-section-boxed elementor-section-height-default elementor-section-height-default\" data-id=\"a56cb58\" data-element_type=\"section\">\n\t\t\t\t\t\t<div class=\"elementor-container elementor-column-gap-default\">\n\t\t\t\t\t<div class=\"elementor-column elementor-col-33 elementor-top-column elementor-element elementor-element-38382ef\" data-id=\"38382ef\" data-element_type=\"column\">\n\t\t\t<div class=\"elementor-widget-wrap elementor-element-populated\">\n\t\t\t\t\t\t<div class=\"elementor-element elementor-element-350f602 elementor-widget elementor-widget-image\" data-id=\"350f602\" data-element_type=\"widget\" data-widget_type=\"image.default\">\n\t\t\t\t<div class=\"elementor-widget-container\">\n\t\t\t\t\t\t\t\t\t\t\t\t<figure class=\"wp-caption\">\n\t\t\t\t\t\t\t\t\t\t\t<a href=\"https:\/\/wsm.art.pl\/wp-content\/uploads\/2023\/05\/8skIMG_5821.jpg\" data-elementor-open-lightbox=\"yes\" data-elementor-lightbox-title=\"18.05.2023\" data-e-action-hash=\"#elementor-action%3Aaction%3Dlightbox%26settings%3DeyJpZCI6MTE4NzksInVybCI6Imh0dHBzOlwvXC93c20uYXJ0LnBsXC93cC1jb250ZW50XC91cGxvYWRzXC8yMDIzXC8wNVwvOHNrSU1HXzU4MjEuanBnIn0%3D\">\n\t\t\t\t\t\t\t<img loading=\"lazy\" decoding=\"async\" width=\"843\" height=\"562\" src=\"https:\/\/wsm.art.pl\/wp-content\/uploads\/2023\/05\/8skIMG_5821-1024x683.jpg\" class=\"attachment-large size-large wp-image-11879\" alt=\"\" srcset=\"https:\/\/wsm.art.pl\/wp-content\/uploads\/2023\/05\/8skIMG_5821-1024x683.jpg 1024w, https:\/\/wsm.art.pl\/wp-content\/uploads\/2023\/05\/8skIMG_5821-300x200.jpg 300w, https:\/\/wsm.art.pl\/wp-content\/uploads\/2023\/05\/8skIMG_5821-768x512.jpg 768w, https:\/\/wsm.art.pl\/wp-content\/uploads\/2023\/05\/8skIMG_5821.jpg 1300w\" sizes=\"(max-width: 843px) 100vw, 843px\" \/>\t\t\t\t\t\t\t\t<\/a>\n\t\t\t\t\t\t\t\t\t\t\t<figcaption class=\"widget-image-caption wp-caption-text\">Lala Czaplicka fot. Maciej Borowski<\/figcaption>\n\t\t\t\t\t\t\t\t\t\t<\/figure>\n\t\t\t\t\t\t\t\t\t<\/div>\n\t\t\t\t<\/div>\n\t\t\t\t\t<\/div>\n\t\t<\/div>\n\t\t\t\t<div class=\"elementor-column elementor-col-33 elementor-top-column elementor-element elementor-element-9673086\" data-id=\"9673086\" data-element_type=\"column\">\n\t\t\t<div class=\"elementor-widget-wrap elementor-element-populated\">\n\t\t\t\t\t\t<div class=\"elementor-element elementor-element-284f1df elementor-widget elementor-widget-image\" data-id=\"284f1df\" data-element_type=\"widget\" data-widget_type=\"image.default\">\n\t\t\t\t<div class=\"elementor-widget-container\">\n\t\t\t\t\t\t\t\t\t\t\t\t<figure class=\"wp-caption\">\n\t\t\t\t\t\t\t\t\t\t\t<a href=\"https:\/\/wsm.art.pl\/wp-content\/uploads\/2023\/05\/7sIMG_5831.jpg\" data-elementor-open-lightbox=\"yes\" data-elementor-lightbox-title=\"18.05.2023\" data-e-action-hash=\"#elementor-action%3Aaction%3Dlightbox%26settings%3DeyJpZCI6MTE4NzgsInVybCI6Imh0dHBzOlwvXC93c20uYXJ0LnBsXC93cC1jb250ZW50XC91cGxvYWRzXC8yMDIzXC8wNVwvN3NJTUdfNTgzMS5qcGcifQ%3D%3D\">\n\t\t\t\t\t\t\t<img loading=\"lazy\" decoding=\"async\" width=\"843\" height=\"562\" src=\"https:\/\/wsm.art.pl\/wp-content\/uploads\/2023\/05\/7sIMG_5831-1024x683.jpg\" class=\"attachment-large size-large wp-image-11878\" alt=\"\" srcset=\"https:\/\/wsm.art.pl\/wp-content\/uploads\/2023\/05\/7sIMG_5831-1024x683.jpg 1024w, https:\/\/wsm.art.pl\/wp-content\/uploads\/2023\/05\/7sIMG_5831-300x200.jpg 300w, https:\/\/wsm.art.pl\/wp-content\/uploads\/2023\/05\/7sIMG_5831-768x512.jpg 768w, https:\/\/wsm.art.pl\/wp-content\/uploads\/2023\/05\/7sIMG_5831.jpg 1300w\" sizes=\"(max-width: 843px) 100vw, 843px\" \/>\t\t\t\t\t\t\t\t<\/a>\n\t\t\t\t\t\t\t\t\t\t\t<figcaption class=\"widget-image-caption wp-caption-text\"> Lala Czaplicka fot. Maciej Borowski<\/figcaption>\n\t\t\t\t\t\t\t\t\t\t<\/figure>\n\t\t\t\t\t\t\t\t\t<\/div>\n\t\t\t\t<\/div>\n\t\t\t\t\t<\/div>\n\t\t<\/div>\n\t\t\t\t<div class=\"elementor-column elementor-col-33 elementor-top-column elementor-element elementor-element-77239d7\" data-id=\"77239d7\" data-element_type=\"column\">\n\t\t\t<div class=\"elementor-widget-wrap elementor-element-populated\">\n\t\t\t\t\t\t<div class=\"elementor-element elementor-element-8634667 elementor-widget elementor-widget-image\" data-id=\"8634667\" data-element_type=\"widget\" data-widget_type=\"image.default\">\n\t\t\t\t<div class=\"elementor-widget-container\">\n\t\t\t\t\t\t\t\t\t\t\t\t<figure class=\"wp-caption\">\n\t\t\t\t\t\t\t\t\t\t\t<a href=\"https:\/\/wsm.art.pl\/wp-content\/uploads\/2023\/05\/9s-IMG_5876.jpg\" data-elementor-open-lightbox=\"yes\" data-elementor-lightbox-title=\"18.05.2023\" data-e-action-hash=\"#elementor-action%3Aaction%3Dlightbox%26settings%3DeyJpZCI6MTE4ODAsInVybCI6Imh0dHBzOlwvXC93c20uYXJ0LnBsXC93cC1jb250ZW50XC91cGxvYWRzXC8yMDIzXC8wNVwvOXMtSU1HXzU4NzYuanBnIn0%3D\">\n\t\t\t\t\t\t\t<img loading=\"lazy\" decoding=\"async\" width=\"843\" height=\"562\" src=\"https:\/\/wsm.art.pl\/wp-content\/uploads\/2023\/05\/9s-IMG_5876-1024x683.jpg\" class=\"attachment-large size-large wp-image-11880\" alt=\"\" srcset=\"https:\/\/wsm.art.pl\/wp-content\/uploads\/2023\/05\/9s-IMG_5876-1024x683.jpg 1024w, https:\/\/wsm.art.pl\/wp-content\/uploads\/2023\/05\/9s-IMG_5876-300x200.jpg 300w, https:\/\/wsm.art.pl\/wp-content\/uploads\/2023\/05\/9s-IMG_5876-768x512.jpg 768w, https:\/\/wsm.art.pl\/wp-content\/uploads\/2023\/05\/9s-IMG_5876.jpg 1300w\" sizes=\"(max-width: 843px) 100vw, 843px\" \/>\t\t\t\t\t\t\t\t<\/a>\n\t\t\t\t\t\t\t\t\t\t\t<figcaption class=\"widget-image-caption wp-caption-text\">Joanna Oko\u0144, Katarzyna Glensk i Lala Czaplicka fot. Maciej Borowski<\/figcaption>\n\t\t\t\t\t\t\t\t\t\t<\/figure>\n\t\t\t\t\t\t\t\t\t<\/div>\n\t\t\t\t<\/div>\n\t\t\t\t\t<\/div>\n\t\t<\/div>\n\t\t\t\t\t<\/div>\n\t\t<\/section>\n\t\t\t\t<\/div>\n\t\t","protected":false},"excerpt":{"rendered":"<p>Joanna Oko\u0144 fot. Maciej Borowski fot. Maciej Borowski Joanna Oko\u0144 i Katarzyna Glensk fot. Maciej Borowski Joanna Oko\u0144 fot. Maciej Borowski Katarzyna Glensk fot. Maciej&hellip;<\/p>\n","protected":false},"author":1,"featured_media":0,"parent":0,"menu_order":0,"comment_status":"closed","ping_status":"closed","template":"","meta":{"footnotes":""},"class_list":["post-11885","page","type-page","status-publish","hentry"],"_links":{"self":[{"href":"https:\/\/wsm.art.pl\/index.php?rest_route=\/wp\/v2\/pages\/11885","targetHints":{"allow":["GET"]}}],"collection":[{"href":"https:\/\/wsm.art.pl\/index.php?rest_route=\/wp\/v2\/pages"}],"about":[{"href":"https:\/\/wsm.art.pl\/index.php?rest_route=\/wp\/v2\/types\/page"}],"author":[{"embeddable":true,"href":"https:\/\/wsm.art.pl\/index.php?rest_route=\/wp\/v2\/users\/1"}],"replies":[{"embeddable":true,"href":"https:\/\/wsm.art.pl\/index.php?rest_route=%2Fwp%2Fv2%2Fcomments&post=11885"}],"version-history":[{"count":25,"href":"https:\/\/wsm.art.pl\/index.php?rest_route=\/wp\/v2\/pages\/11885\/revisions"}],"predecessor-version":[{"id":12512,"href":"https:\/\/wsm.art.pl\/index.php?rest_route=\/wp\/v2\/pages\/11885\/revisions\/12512"}],"wp:attachment":[{"href":"https:\/\/wsm.art.pl\/index.php?rest_route=%2Fwp%2Fv2%2Fmedia&parent=11885"}],"curies":[{"name":"wp","href":"https:\/\/api.w.org\/{rel}","templated":true}]}}