{"id":1143,"date":"2021-04-12T16:35:31","date_gmt":"2021-04-12T16:35:31","guid":{"rendered":"https:\/\/wsm2.ptmw.art.pl\/?page_id=1143"},"modified":"2021-05-08T17:19:34","modified_gmt":"2021-05-08T17:19:34","slug":"kwartet-polonika","status":"publish","type":"page","link":"https:\/\/wsm.art.pl\/?page_id=1143","title":{"rendered":"Kwartet Polonika EN"},"content":{"rendered":"\t\t<div data-elementor-type=\"wp-page\" data-elementor-id=\"1143\" class=\"elementor elementor-1143\">\n\t\t\t\t\t\t<section class=\"elementor-section elementor-top-section elementor-element elementor-element-24110ddb elementor-section-boxed elementor-section-height-default elementor-section-height-default\" data-id=\"24110ddb\" data-element_type=\"section\">\n\t\t\t\t\t\t<div class=\"elementor-container elementor-column-gap-default\">\n\t\t\t\t\t<div class=\"elementor-column elementor-col-100 elementor-top-column elementor-element elementor-element-54220d03\" data-id=\"54220d03\" data-element_type=\"column\">\n\t\t\t<div class=\"elementor-widget-wrap elementor-element-populated\">\n\t\t\t\t\t\t<div class=\"elementor-element elementor-element-214fb19e elementor-widget elementor-widget-heading\" data-id=\"214fb19e\" data-element_type=\"widget\" data-widget_type=\"heading.default\">\n\t\t\t\t<div class=\"elementor-widget-container\">\n\t\t\t\t\t<h2 class=\"elementor-heading-title elementor-size-default\">Polonika Quartet<\/h2>\t\t\t\t<\/div>\n\t\t\t\t<\/div>\n\t\t\t\t\t<\/div>\n\t\t<\/div>\n\t\t\t\t\t<\/div>\n\t\t<\/section>\n\t\t\t\t<section class=\"elementor-section elementor-top-section elementor-element elementor-element-208796d2 elementor-section-boxed elementor-section-height-default elementor-section-height-default\" data-id=\"208796d2\" data-element_type=\"section\">\n\t\t\t\t\t\t<div class=\"elementor-container elementor-column-gap-default\">\n\t\t\t\t\t<div class=\"elementor-column elementor-col-50 elementor-top-column elementor-element elementor-element-2998c263\" data-id=\"2998c263\" data-element_type=\"column\">\n\t\t\t<div class=\"elementor-widget-wrap elementor-element-populated\">\n\t\t\t\t\t\t<div class=\"elementor-element elementor-element-4f2be069 elementor-widget elementor-widget-image\" data-id=\"4f2be069\" data-element_type=\"widget\" data-widget_type=\"image.default\">\n\t\t\t\t<div class=\"elementor-widget-container\">\n\t\t\t\t\t\t\t\t\t\t\t\t<figure class=\"wp-caption\">\n\t\t\t\t\t\t\t\t\t\t<img fetchpriority=\"high\" decoding=\"async\" width=\"768\" height=\"512\" src=\"https:\/\/wsm.art.pl\/wp-content\/uploads\/2021\/04\/Kwartet-Polonika-fot.-Kasia-Chmura-768x512.jpg\" class=\"attachment-medium_large size-medium_large wp-image-1950\" alt=\"\" srcset=\"https:\/\/wsm.art.pl\/wp-content\/uploads\/2021\/04\/Kwartet-Polonika-fot.-Kasia-Chmura-768x512.jpg 768w, https:\/\/wsm.art.pl\/wp-content\/uploads\/2021\/04\/Kwartet-Polonika-fot.-Kasia-Chmura-300x200.jpg 300w, https:\/\/wsm.art.pl\/wp-content\/uploads\/2021\/04\/Kwartet-Polonika-fot.-Kasia-Chmura-1024x683.jpg 1024w, https:\/\/wsm.art.pl\/wp-content\/uploads\/2021\/04\/Kwartet-Polonika-fot.-Kasia-Chmura.jpg 1200w\" sizes=\"(max-width: 768px) 100vw, 768px\" \/>\t\t\t\t\t\t\t\t\t\t\t<figcaption class=\"widget-image-caption wp-caption-text\">fot. Kasia Chmura<\/figcaption>\n\t\t\t\t\t\t\t\t\t\t<\/figure>\n\t\t\t\t\t\t\t\t\t<\/div>\n\t\t\t\t<\/div>\n\t\t\t\t\t<\/div>\n\t\t<\/div>\n\t\t\t\t<div class=\"elementor-column elementor-col-50 elementor-top-column elementor-element elementor-element-22045959\" data-id=\"22045959\" data-element_type=\"column\">\n\t\t\t<div class=\"elementor-widget-wrap elementor-element-populated\">\n\t\t\t\t\t\t<div class=\"elementor-element elementor-element-20a87065 elementor-widget elementor-widget-text-editor\" data-id=\"20a87065\" data-element_type=\"widget\" data-widget_type=\"text-editor.default\">\n\t\t\t\t<div class=\"elementor-widget-container\">\n\t\t\t\t\t\t\t\t\t<p>Polonika Quartet (formerly Opium String Quartet) has been operating continuously since 2004, when it made its debut at the Jerzy Waldorff summer festival in Radziejowice, gaining enthusiastic reviews. Over the years, the artistic activity of the ensemble has taken on an ever clearer outline and character, which at the turn of 2017\/2018 finally decided to change the current name to: Polonika Quartet. The quartet has a versatile repertoire (from classics to contemporary music), but its main focus is Polish music. Polonika has completed several dozen world premieres of this music (including numerous phonographic premieres), and the composers themselves willingly dedicate their works to the quartet. For the quartet, among others: <em>Suita Polska<\/em>, <em>String Quartet No. 3<\/em>, <em>Fryderyk&#8217;s Dream<\/em>, <em>Opera-Language Dizziness <\/em>miniopera for children by Maciej Ma\u0142ecki, <em>Fantasy on Polish Topics<\/em> for Quartet and Orchestra by Korean composer Eunho Chang, and <em>String Quartet No. 3 &#8222;Il Destino&#8221;<\/em> commemorating the heroes of the Warsaw Uprising by Joanna Bruzdowicz. The Polonika Quartet is also the initiator and creator of such literary and musical programs as: <em>Flowering Cross<\/em>, <em>Saved Sounds<\/em>, <em>Tango Therapy<\/em>. Each of the quartet&#8217;s albums with the music of Polish composers presents different styles and musical genres. The debut album of the quartet <em>Back to Melody<\/em> with the music of Wojciech Kilar, Maciej Ma\u0142ecki and S\u0142awomir Czarnecki was nominated for the Fryderyk 2011 award in the Phonographic Debut category. The quartet&#8217;s second album, released in 2012, was devoted to the work of Maciej Ma\u0142ecki. Another <em>Chagall for Strings<\/em> album (inspired by the paintings of Marc Chagall) with works by Piotr Moss and a with the guest appearance of Jadwiga Rapp\u00e9, was awarded by the Polish Phonographic Academy with the Fryderyk 2014 statuette in the &#8222;Contemporary Music Album of the Year&#8221; category. The next album, devoted to the chamber music of Ryszard Sielicki, was released in autumn 2017, and the album <em>Urban dances<\/em> with debut chamber compositions by Mi\u0142osz Wo\u015bko in 2019. Currently, the group is preparing a recording of the educational Mini Opera for Children. This original musical performance, realized in 2017 with the music of Maciej Ma\u0142ecki and a libretto by Magdalena Ma\u0142ecka-Wippich, and the participation of excellent soloists (Joanna Freszel, Artur Janda), met with the delight of the children&#8217;s audience. The Polonika Quartet has extensive stage experience and still performs. The ensemble has participated in many prestigious music festivals throughout the country, such as: Composers&#8217; Portraits, Music Gardens, Warsaw Music Encounters, Warsaw Autumn, Chopiniana, Signed \u2013 \u00a0Fabryka Trzciny, &#8222;&#8230; and Lutos\u0142awski&#8221;, Chain IX, Jewish Culture Festival Singer&#8217;s Warsaw , The Fryderyk Gala, the International Festival of Stars FORTE Piano in Toru\u0144, the Music Festival in \u0141a\u0144cut, or the Multicultural Festival Galicja. The Polonika Quartet has also performed in Germany, France and Ukraine. As part of perfecting the performing and interpreting art, the ensemble took part in the Rencontres Musicales en Seine en Marne et dans L&#8217;Yonne festival, and the Master Academy under the direction of Natalia Prischepenko, to which it qualified from among several dozen European quartets in 2014. The quartet constantly collaborates with musicians, arrangers, actors and stage stars, such as: Teresa Budzisz-Krzy\u017canowska, Krzesimir D\u0119bski, Maciej Grzybowski, Jan Nowicki, W\u0142odzimierz Korcz, Urszula Kryger, Alicja Majewska, W\u0142odek Pawlik, Wojciech Pszoniak, Jadwiga Rapp\u00e9, Anna Seniuk , Tomasz Sta\u0144ko, Tomasz Strahl, Mieczys\u0142aw Szcze\u015bniak, Mi\u0142osz Wo\u015bko, and Jerzy Zelnik. In addition, the Polonika Quartet has repeatedly participated in recordings of music for performances at the National Theater in Warsaw, as well as many commercial recording sessions (including, for example, recording music by Tomasz \u0141uc for the film <em>Ma\u0142y Jakub<\/em>, awarded at the Polish Film Festival in Los Angeles) The group&#8217;s reputation is also confirmed by the support of such institutions and cultural organizations as: the Ministry of Culture and National Heritage, the National Institute of Music and Dance, Adam Mickiewicz, Foundation of Polish Culture, Association of Artists and Performers STOART, Program II of Polish Radio, Foundation in Love Warsaw, or the French ProQuartet foundation. The Polonika Quartet is made up of graduates of the Academy of Music. Fryderyk Chopin in Warsaw (now the University of Music) composed of: Paulina Kusa \u2013 \u00a0violin, Anna Szali\u0144ska-Zazi\u0119b\u0142o \u2013 violin, Magdalena Ma\u0142ecka-Wippich \u2013 viola, Olga \u0141osakiewicz-Marcyniak or Krystyna Wi\u015bniewska \u2013 cello. <\/p><p><a href=\"http:\/\/www.polonika.art\"><strong>www.polonika.art<\/strong><\/a><\/p>\t\t\t\t\t\t\t\t<\/div>\n\t\t\t\t<\/div>\n\t\t\t\t\t<\/div>\n\t\t<\/div>\n\t\t\t\t\t<\/div>\n\t\t<\/section>\n\t\t\t\t<\/div>\n\t\t","protected":false},"excerpt":{"rendered":"<p>Polonika Quartet fot. Kasia Chmura Polonika Quartet (formerly Opium String Quartet) has been operating continuously since 2004, when it made its debut at the Jerzy&hellip;<\/p>\n","protected":false},"author":1,"featured_media":0,"parent":0,"menu_order":0,"comment_status":"closed","ping_status":"closed","template":"","meta":{"footnotes":""},"class_list":["post-1143","page","type-page","status-publish","hentry"],"_links":{"self":[{"href":"https:\/\/wsm.art.pl\/index.php?rest_route=\/wp\/v2\/pages\/1143","targetHints":{"allow":["GET"]}}],"collection":[{"href":"https:\/\/wsm.art.pl\/index.php?rest_route=\/wp\/v2\/pages"}],"about":[{"href":"https:\/\/wsm.art.pl\/index.php?rest_route=\/wp\/v2\/types\/page"}],"author":[{"embeddable":true,"href":"https:\/\/wsm.art.pl\/index.php?rest_route=\/wp\/v2\/users\/1"}],"replies":[{"embeddable":true,"href":"https:\/\/wsm.art.pl\/index.php?rest_route=%2Fwp%2Fv2%2Fcomments&post=1143"}],"version-history":[{"count":36,"href":"https:\/\/wsm.art.pl\/index.php?rest_route=\/wp\/v2\/pages\/1143\/revisions"}],"predecessor-version":[{"id":4660,"href":"https:\/\/wsm.art.pl\/index.php?rest_route=\/wp\/v2\/pages\/1143\/revisions\/4660"}],"wp:attachment":[{"href":"https:\/\/wsm.art.pl\/index.php?rest_route=%2Fwp%2Fv2%2Fmedia&parent=1143"}],"curies":[{"name":"wp","href":"https:\/\/api.w.org\/{rel}","templated":true}]}}