{"id":1118,"date":"2021-04-12T15:24:42","date_gmt":"2021-04-12T15:24:42","guid":{"rendered":"https:\/\/wsm2.ptmw.art.pl\/?page_id=1118"},"modified":"2021-05-08T23:57:25","modified_gmt":"2021-05-08T23:57:25","slug":"marian-sawa","status":"publish","type":"page","link":"https:\/\/wsm.art.pl\/?page_id=1118","title":{"rendered":"Marian Sawa"},"content":{"rendered":"\t\t<div data-elementor-type=\"wp-page\" data-elementor-id=\"1118\" class=\"elementor elementor-1118\">\n\t\t\t\t\t\t<section class=\"elementor-section elementor-top-section elementor-element elementor-element-24110ddb elementor-section-boxed elementor-section-height-default elementor-section-height-default\" data-id=\"24110ddb\" data-element_type=\"section\">\n\t\t\t\t\t\t<div class=\"elementor-container elementor-column-gap-default\">\n\t\t\t\t\t<div class=\"elementor-column elementor-col-100 elementor-top-column elementor-element elementor-element-54220d03\" data-id=\"54220d03\" data-element_type=\"column\">\n\t\t\t<div class=\"elementor-widget-wrap elementor-element-populated\">\n\t\t\t\t\t\t<div class=\"elementor-element elementor-element-214fb19e elementor-widget elementor-widget-heading\" data-id=\"214fb19e\" data-element_type=\"widget\" data-widget_type=\"heading.default\">\n\t\t\t\t<div class=\"elementor-widget-container\">\n\t\t\t\t\t<h2 class=\"elementor-heading-title elementor-size-default\">Marian Sawa<\/h2>\t\t\t\t<\/div>\n\t\t\t\t<\/div>\n\t\t\t\t\t<\/div>\n\t\t<\/div>\n\t\t\t\t\t<\/div>\n\t\t<\/section>\n\t\t\t\t<section class=\"elementor-section elementor-top-section elementor-element elementor-element-208796d2 elementor-section-boxed elementor-section-height-default elementor-section-height-default\" data-id=\"208796d2\" data-element_type=\"section\">\n\t\t\t\t\t\t<div class=\"elementor-container elementor-column-gap-default\">\n\t\t\t\t\t<div class=\"elementor-column elementor-col-50 elementor-top-column elementor-element elementor-element-2998c263\" data-id=\"2998c263\" data-element_type=\"column\">\n\t\t\t<div class=\"elementor-widget-wrap elementor-element-populated\">\n\t\t\t\t\t\t<div class=\"elementor-element elementor-element-4f2be069 elementor-widget elementor-widget-image\" data-id=\"4f2be069\" data-element_type=\"widget\" data-widget_type=\"image.default\">\n\t\t\t\t<div class=\"elementor-widget-container\">\n\t\t\t\t\t\t\t\t\t\t\t\t\t\t\t<img fetchpriority=\"high\" decoding=\"async\" width=\"768\" height=\"1071\" src=\"https:\/\/wsm.art.pl\/wp-content\/uploads\/2021\/04\/Marian-Sawa.-Foto-Kwiatek-powiekszony-768x1071.jpg\" class=\"attachment-medium_large size-medium_large wp-image-2559\" alt=\"\" srcset=\"https:\/\/wsm.art.pl\/wp-content\/uploads\/2021\/04\/Marian-Sawa.-Foto-Kwiatek-powiekszony-768x1071.jpg 768w, https:\/\/wsm.art.pl\/wp-content\/uploads\/2021\/04\/Marian-Sawa.-Foto-Kwiatek-powiekszony-215x300.jpg 215w, https:\/\/wsm.art.pl\/wp-content\/uploads\/2021\/04\/Marian-Sawa.-Foto-Kwiatek-powiekszony-734x1024.jpg 734w, https:\/\/wsm.art.pl\/wp-content\/uploads\/2021\/04\/Marian-Sawa.-Foto-Kwiatek-powiekszony.jpg 800w\" sizes=\"(max-width: 768px) 100vw, 768px\" \/>\t\t\t\t\t\t\t\t\t\t\t\t\t\t\t<\/div>\n\t\t\t\t<\/div>\n\t\t\t\t\t<\/div>\n\t\t<\/div>\n\t\t\t\t<div class=\"elementor-column elementor-col-50 elementor-top-column elementor-element elementor-element-22045959\" data-id=\"22045959\" data-element_type=\"column\">\n\t\t\t<div class=\"elementor-widget-wrap elementor-element-populated\">\n\t\t\t\t\t\t<div class=\"elementor-element elementor-element-20a87065 elementor-widget elementor-widget-text-editor\" data-id=\"20a87065\" data-element_type=\"widget\" data-widget_type=\"text-editor.default\">\n\t\t\t\t<div class=\"elementor-widget-container\">\n\t\t\t\t\t\t\t\t\t<p>Kompozytor, organista i pedagog; urodzi\u0142 si\u0119 12 stycznia 1937, Krasnystaw; zmar\u0142 27 kwietnia 2005, Warszawa. Studiowa\u0142 w Pa\u0144stwowej Wy\u017cszej Szkole Muzycznej w Warszawie gr\u0119 na organach pod kierunkiem Feliksa R\u0105czkowskiego (dyplom w 1963) oraz kompozycj\u0119 u Kazimierza Sikorskiego (dyplom w 1968). Ju\u017c podczas studi\u00f3w by\u0142 organist\u0105 w Ko\u015bciele Garnizonowym w Warszawie (1956-66). Od 1966 pracowa\u0142 w Pa\u0144stwowej Szkole Muzycznej II stopnia im. J\u00f3zefa Elsnera w Warszawie, od 1973 w Akademii Muzycznej w Warszawie, od 1992 do 2003 w Katedrze Muzykologii Ko\u015bcielnej Uniwersytetu Kardyna\u0142a Stefana Wyszy\u0144skiego, od 2002 w Zespole Pa\u0144stwowych Szk\u00f3\u0142 Muzycznych nr 4 w Warszawie.<br \/>Jako organista wsp\u00f3\u0142pracowa\u0142 z wieloma zespo\u0142ami i artystami, m.in. Jerzym Artyszem, Jadwig\u0105 Gadulank\u0105, Pol\u0105 Lipi\u0144sk\u0105, Bernardem \u0141adyszem, Ann\u0105 Malewicz-Madey, Leonardem Andrzejem Mrozem, Wies\u0142awem Ochmanem, Jerzym Po\u0142omskim, S\u0142aw\u0105 Przybylsk\u0105, Kazimierzem Pustelakiem, Ryszard\u0105 Racewicz, Jadwig\u0105 Rapp\u00e9, Paulosem Raptisem, Iren\u0105 Santor, Krystyn\u0105 Szostek-Radkow\u0105; przez lata tworzy\u0142 duet organowy z Mariett\u0105 Kruzel-Sosnowsk\u0105, z kt\u00f3r\u0105 wykonywa\u0142 w\u0142asne utwory pisane na organy dla dw\u00f3ch wykonawc\u00f3w. Nagrywa\u0142 utwory organowe dla firm fonograficznych \u2013 Polskich Nagra\u0144, DUX, Veritonu, Polskich Nagra\u0144 Edition, Polonii Records, MTJ, Acte Pr\u00e9able, a tak\u017ce dla Polskiego Radia i Telewizji Polskiej. Koncertowa\u0142 w kraju i za granic\u0105, m.in. w Belgii, Finlandii, Francji, Holandii, Niemczech, W\u0142oszech i w pa\u0144stwach by\u0142ego Zwi\u0105zku Radzieckiego.<br \/>Niezwykle bogata tw\u00f3rczo\u015b\u0107 kompozytorska Mariana Sawy obejmuje przede wszystkim utwory organowe i ch\u00f3ralne. Jego kompozycje by\u0142y prezentowane podczas wielu recitali i na festiwalach, m.in. Mi\u0119dzynarodowym Festiwalu Muzyki Sakralnej \u201eGaude Mater\u201d w Cz\u0119stochowie, Laboratorium Muzyki Wsp\u00f3\u0142czesnej w Bia\u0142ymstoku, Festiwalu \u201eWratislavia Cantans\u201d, Conversatorium Organowym w Legnicy, Mi\u0119dzynarodowym Festiwalu Musica Sacra w \u0141odzi, Mi\u0119dzynarodowym Festiwalu Muzyki Religijnej im. ks. Stanis\u0142awa Ormi\u0144skiego w Rumii, Warszawskich Spotkaniach Muzycznych, na festiwalach muzyki organowej we Fromborku, Gnie\u017anie, Kamieniu Pomorskim, Kazimierzu nad Wis\u0142\u0105, Koszalinie, Koronowie, Krakowie, Legnicy, Le\u017cajsku, Lublinie, \u0141odzi, Mor\u0105gu, Oliwie, Olsztynie, Pelplinie, Radomiu, Rumii, Poznaniu, Sejnach, Szczecinie, Warszawie, W\u0142adys\u0142awowie, a tak\u017ce za granic\u0105 (m.in. w Belgii, Finlandii, Francji, Holandii, Niemczech, Rosji, W\u0142oszech i Stanach Zjednoczonych). W Sejnach zorganizowany zosta\u0142 specjalny festiwal organowy w ca\u0142o\u015bci po\u015bwi\u0119cony jego muzyce.<br \/>By\u0142 cz\u0142onkiem Stowarzyszenia Autor\u00f3w ZAiKS i Stowarzyszenia Musica Sacra. Wielokrotnie zasiada\u0142 w jury konkurs\u00f3w organowych, ch\u00f3ralnych i kompozytorskich.<br \/>Marian Sawa za swoj\u0105 tw\u00f3rczo\u015b\u0107 kompozytorsk\u0105 otrzyma\u0142 wiele nagr\u00f3d i wyr\u00f3\u017cnie\u0144, m.in. w 1969 I nagrod\u0119 na Konkursie M\u0142odych Zwi\u0105zku Kompozytor\u00f3w Polskich za utw\u00f3r <em>Assemblage<\/em> na orkiestr\u0119 (1969), w 1987 III nagrod\u0119 na Konkursie Kompozytorskim og\u0142oszonym przez Zarz\u0105d G\u0142\u00f3wny Polskiego Zwi\u0105zku Ch\u00f3r\u00f3w i Orkiestr za <em>Dyptyk wiejski<\/em> na ch\u00f3r mieszany a cappella. By\u0142 r\u00f3wnie\u017c laureatem nagr\u00f3d p\u0142ytowych: w 2000 I nagroda na XV Mi\u0119dzynarodowym Festiwalu Film\u00f3w i Multimedi\u00f3w w Niepokalanowie za p\u0142yt\u0119 <em>Marian Sawa \u2013 Organ Music I<\/em>, w 2001 nominacja p\u0142yty <em>Marian Sawa \u2013 Organ Music II<\/em> do nagrody \u201eFryderyk 2001\u201d. Ponadto zosta\u0142 uhonorowany Nagrod\u0105 Ministra O\u015bwiaty i Wychowania za wybitne osi\u0105gni\u0119cia w pracy dydaktycznej i wychowawczej (1975), Nagrod\u0105 Ministra Kultury i Sztuki II stopnia (1979), Z\u0142otym Krzy\u017cem Zas\u0142ugi (1985).<br \/>W 2006 w Warszawie, w pierwsz\u0105 rocznic\u0119 \u015bmierci kompozytora, zosta\u0142o powo\u0142ane Towarzystwo im. Mariana Sawy.<\/p><p><strong><a href=\"http:\/\/www.mariansawa.org\" target=\"_blank\" rel=\"noopener\">www.mariansawa.org<\/a><\/strong><\/p>\t\t\t\t\t\t\t\t<\/div>\n\t\t\t\t<\/div>\n\t\t\t\t\t<\/div>\n\t\t<\/div>\n\t\t\t\t\t<\/div>\n\t\t<\/section>\n\t\t\t\t<\/div>\n\t\t","protected":false},"excerpt":{"rendered":"<p>Marian Sawa Kompozytor, organista i pedagog; urodzi\u0142 si\u0119 12 stycznia 1937, Krasnystaw; zmar\u0142 27 kwietnia 2005, Warszawa. Studiowa\u0142 w Pa\u0144stwowej Wy\u017cszej Szkole Muzycznej w Warszawie&hellip;<\/p>\n","protected":false},"author":1,"featured_media":0,"parent":0,"menu_order":0,"comment_status":"closed","ping_status":"closed","template":"","meta":{"footnotes":""},"class_list":["post-1118","page","type-page","status-publish","hentry"],"_links":{"self":[{"href":"https:\/\/wsm.art.pl\/index.php?rest_route=\/wp\/v2\/pages\/1118","targetHints":{"allow":["GET"]}}],"collection":[{"href":"https:\/\/wsm.art.pl\/index.php?rest_route=\/wp\/v2\/pages"}],"about":[{"href":"https:\/\/wsm.art.pl\/index.php?rest_route=\/wp\/v2\/types\/page"}],"author":[{"embeddable":true,"href":"https:\/\/wsm.art.pl\/index.php?rest_route=\/wp\/v2\/users\/1"}],"replies":[{"embeddable":true,"href":"https:\/\/wsm.art.pl\/index.php?rest_route=%2Fwp%2Fv2%2Fcomments&post=1118"}],"version-history":[{"count":20,"href":"https:\/\/wsm.art.pl\/index.php?rest_route=\/wp\/v2\/pages\/1118\/revisions"}],"predecessor-version":[{"id":4836,"href":"https:\/\/wsm.art.pl\/index.php?rest_route=\/wp\/v2\/pages\/1118\/revisions\/4836"}],"wp:attachment":[{"href":"https:\/\/wsm.art.pl\/index.php?rest_route=%2Fwp%2Fv2%2Fmedia&parent=1118"}],"curies":[{"name":"wp","href":"https:\/\/api.w.org\/{rel}","templated":true}]}}