{"id":11161,"date":"2023-05-06T20:58:07","date_gmt":"2023-05-06T20:58:07","guid":{"rendered":"https:\/\/wsm.art.pl\/?page_id=11161"},"modified":"2024-04-06T13:52:54","modified_gmt":"2024-04-06T13:52:54","slug":"2023-merula-tarquinio","status":"publish","type":"page","link":"https:\/\/wsm.art.pl\/?page_id=11161","title":{"rendered":"2023 MERULA Tarquinio"},"content":{"rendered":"\t\t<div data-elementor-type=\"wp-page\" data-elementor-id=\"11161\" class=\"elementor elementor-11161\">\n\t\t\t\t\t\t<section class=\"elementor-section elementor-top-section elementor-element elementor-element-24110ddb elementor-section-boxed elementor-section-height-default elementor-section-height-default\" data-id=\"24110ddb\" data-element_type=\"section\">\n\t\t\t\t\t\t<div class=\"elementor-container elementor-column-gap-default\">\n\t\t\t\t\t<div class=\"elementor-column elementor-col-100 elementor-top-column elementor-element elementor-element-54220d03\" data-id=\"54220d03\" data-element_type=\"column\">\n\t\t\t<div class=\"elementor-widget-wrap elementor-element-populated\">\n\t\t\t\t\t\t<div class=\"elementor-element elementor-element-214fb19e elementor-widget elementor-widget-heading\" data-id=\"214fb19e\" data-element_type=\"widget\" data-widget_type=\"heading.default\">\n\t\t\t\t<div class=\"elementor-widget-container\">\n\t\t\t\t\t<h2 class=\"elementor-heading-title elementor-size-default\">Tarquinio Merula (1595 - 1665) <\/h2>\t\t\t\t<\/div>\n\t\t\t\t<\/div>\n\t\t\t\t\t<\/div>\n\t\t<\/div>\n\t\t\t\t\t<\/div>\n\t\t<\/section>\n\t\t\t\t<section class=\"elementor-section elementor-top-section elementor-element elementor-element-208796d2 elementor-section-boxed elementor-section-height-default elementor-section-height-default\" data-id=\"208796d2\" data-element_type=\"section\">\n\t\t\t\t\t\t<div class=\"elementor-container elementor-column-gap-default\">\n\t\t\t\t\t<div class=\"elementor-column elementor-col-50 elementor-top-column elementor-element elementor-element-2998c263\" data-id=\"2998c263\" data-element_type=\"column\">\n\t\t\t<div class=\"elementor-widget-wrap elementor-element-populated\">\n\t\t\t\t\t\t<div class=\"elementor-element elementor-element-4f2be069 elementor-widget elementor-widget-image\" data-id=\"4f2be069\" data-element_type=\"widget\" data-widget_type=\"image.default\">\n\t\t\t\t<div class=\"elementor-widget-container\">\n\t\t\t\t\t\t\t\t\t\t\t\t<figure class=\"wp-caption\">\n\t\t\t\t\t\t\t\t\t\t<img fetchpriority=\"high\" decoding=\"async\" width=\"768\" height=\"1004\" src=\"https:\/\/wsm.art.pl\/wp-content\/uploads\/2023\/05\/Tarquinio-Merula-768x1004.jpg\" class=\"attachment-medium_large size-medium_large wp-image-10640\" alt=\"\" srcset=\"https:\/\/wsm.art.pl\/wp-content\/uploads\/2023\/05\/Tarquinio-Merula-768x1004.jpg 768w, https:\/\/wsm.art.pl\/wp-content\/uploads\/2023\/05\/Tarquinio-Merula-229x300.jpg 229w, https:\/\/wsm.art.pl\/wp-content\/uploads\/2023\/05\/Tarquinio-Merula-783x1024.jpg 783w, https:\/\/wsm.art.pl\/wp-content\/uploads\/2023\/05\/Tarquinio-Merula.jpg 800w\" sizes=\"(max-width: 768px) 100vw, 768px\" \/>\t\t\t\t\t\t\t\t\t\t\t<figcaption class=\"widget-image-caption wp-caption-text\"><\/figcaption>\n\t\t\t\t\t\t\t\t\t\t<\/figure>\n\t\t\t\t\t\t\t\t\t<\/div>\n\t\t\t\t<\/div>\n\t\t\t\t\t<\/div>\n\t\t<\/div>\n\t\t\t\t<div class=\"elementor-column elementor-col-50 elementor-top-column elementor-element elementor-element-22045959\" data-id=\"22045959\" data-element_type=\"column\">\n\t\t\t<div class=\"elementor-widget-wrap elementor-element-populated\">\n\t\t\t\t\t\t<div class=\"elementor-element elementor-element-20a87065 elementor-widget elementor-widget-text-editor\" data-id=\"20a87065\" data-element_type=\"widget\" data-widget_type=\"text-editor.default\">\n\t\t\t\t<div class=\"elementor-widget-container\">\n\t\t\t\t\t\t\t\t\t<p>Ur. w 1595, zm. w 1665, w\u0142oski kompozytor i organista. Oko\u0142o 1621 r. znalaz\u0142 si\u0119 w Warszawie, gdzie otrzyma\u0142 stanowisko organisty di chiesa e di camera kapeli kr\u00f3lewskiej, a nast\u0119pnie &#8211; prawdopodobnie w roku 1624 &#8211; r\u00f3wnie\u017c stanowisko muzyka w zespole W\u0142adys\u0142awa Zygmunta. W kapeli kr\u00f3lewskiej przebywa\u0142 nied\u0142ugo, bo najp\u00f3\u017aniej z pocz\u0105tkiem roku 1626 powr\u00f3ci\u0142 do rodzinnej Cremony. <br \/>Najwa\u017cniejszym i najbardziej nowatorskim skomponowanym w Warszawie by\u0142o dramatyczne <em>Satiro e Corisca dialogo musicale a due voc<\/em>i. Utw\u00f3r ten wyda\u0142 Merula w roku 1626, ju\u017c po powrocie do Cremony. Nie ulega w\u0105tpliwo\u015bci, \u017ce zar\u00f3wno komponowany, jak te\u017c i wykonany by\u0142 on w Warszawie. M\u00f3wi o tym sam kompozytor w dedykacyjnej przedmowie utworu. Stwierdza bowiem, \u017ce <em>Satiro e Corisca by\u0142<\/em> \u201e\u015bladem d\u0142ugiej i owocnej w\u0119dr\u00f3wki\u201d.<\/p><p><em>Polskie Wydawnictwo Muzyczne<\/em><\/p>\t\t\t\t\t\t\t\t<\/div>\n\t\t\t\t<\/div>\n\t\t\t\t\t<\/div>\n\t\t<\/div>\n\t\t\t\t\t<\/div>\n\t\t<\/section>\n\t\t\t\t<\/div>\n\t\t","protected":false},"excerpt":{"rendered":"<p>Tarquinio Merula (1595 &#8211; 1665) Ur. w 1595, zm. w 1665, w\u0142oski kompozytor i organista. Oko\u0142o 1621 r. znalaz\u0142 si\u0119 w Warszawie, gdzie otrzyma\u0142 stanowisko&hellip;<\/p>\n","protected":false},"author":1,"featured_media":0,"parent":0,"menu_order":0,"comment_status":"closed","ping_status":"closed","template":"","meta":{"footnotes":""},"class_list":["post-11161","page","type-page","status-publish","hentry"],"_links":{"self":[{"href":"https:\/\/wsm.art.pl\/index.php?rest_route=\/wp\/v2\/pages\/11161","targetHints":{"allow":["GET"]}}],"collection":[{"href":"https:\/\/wsm.art.pl\/index.php?rest_route=\/wp\/v2\/pages"}],"about":[{"href":"https:\/\/wsm.art.pl\/index.php?rest_route=\/wp\/v2\/types\/page"}],"author":[{"embeddable":true,"href":"https:\/\/wsm.art.pl\/index.php?rest_route=\/wp\/v2\/users\/1"}],"replies":[{"embeddable":true,"href":"https:\/\/wsm.art.pl\/index.php?rest_route=%2Fwp%2Fv2%2Fcomments&post=11161"}],"version-history":[{"count":14,"href":"https:\/\/wsm.art.pl\/index.php?rest_route=\/wp\/v2\/pages\/11161\/revisions"}],"predecessor-version":[{"id":14405,"href":"https:\/\/wsm.art.pl\/index.php?rest_route=\/wp\/v2\/pages\/11161\/revisions\/14405"}],"wp:attachment":[{"href":"https:\/\/wsm.art.pl\/index.php?rest_route=%2Fwp%2Fv2%2Fmedia&parent=11161"}],"curies":[{"name":"wp","href":"https:\/\/api.w.org\/{rel}","templated":true}]}}