{"id":1116,"date":"2021-04-12T15:24:30","date_gmt":"2021-04-12T15:24:30","guid":{"rendered":"https:\/\/wsm2.ptmw.art.pl\/?page_id=1116"},"modified":"2021-05-10T01:26:47","modified_gmt":"2021-05-10T01:26:47","slug":"feliks-raczkowski","status":"publish","type":"page","link":"https:\/\/wsm.art.pl\/?page_id=1116","title":{"rendered":"Feliks R\u0105czkowski EN"},"content":{"rendered":"\t\t<div data-elementor-type=\"wp-page\" data-elementor-id=\"1116\" class=\"elementor elementor-1116\">\n\t\t\t\t\t\t<section class=\"elementor-section elementor-top-section elementor-element elementor-element-24110ddb elementor-section-boxed elementor-section-height-default elementor-section-height-default\" data-id=\"24110ddb\" data-element_type=\"section\">\n\t\t\t\t\t\t<div class=\"elementor-container elementor-column-gap-default\">\n\t\t\t\t\t<div class=\"elementor-column elementor-col-100 elementor-top-column elementor-element elementor-element-54220d03\" data-id=\"54220d03\" data-element_type=\"column\">\n\t\t\t<div class=\"elementor-widget-wrap elementor-element-populated\">\n\t\t\t\t\t\t<div class=\"elementor-element elementor-element-214fb19e elementor-widget elementor-widget-heading\" data-id=\"214fb19e\" data-element_type=\"widget\" data-widget_type=\"heading.default\">\n\t\t\t\t<div class=\"elementor-widget-container\">\n\t\t\t\t\t<h2 class=\"elementor-heading-title elementor-size-default\">Feliks R\u0105czkowski<\/h2>\t\t\t\t<\/div>\n\t\t\t\t<\/div>\n\t\t\t\t\t<\/div>\n\t\t<\/div>\n\t\t\t\t\t<\/div>\n\t\t<\/section>\n\t\t\t\t<section class=\"elementor-section elementor-top-section elementor-element elementor-element-208796d2 elementor-section-boxed elementor-section-height-default elementor-section-height-default\" data-id=\"208796d2\" data-element_type=\"section\">\n\t\t\t\t\t\t<div class=\"elementor-container elementor-column-gap-default\">\n\t\t\t\t\t<div class=\"elementor-column elementor-col-50 elementor-top-column elementor-element elementor-element-2998c263\" data-id=\"2998c263\" data-element_type=\"column\">\n\t\t\t<div class=\"elementor-widget-wrap elementor-element-populated\">\n\t\t\t\t\t\t<div class=\"elementor-element elementor-element-4f2be069 elementor-widget elementor-widget-image\" data-id=\"4f2be069\" data-element_type=\"widget\" data-widget_type=\"image.default\">\n\t\t\t\t<div class=\"elementor-widget-container\">\n\t\t\t\t\t\t\t\t\t\t\t\t\t\t\t<img fetchpriority=\"high\" decoding=\"async\" width=\"768\" height=\"986\" src=\"https:\/\/wsm.art.pl\/wp-content\/uploads\/2021\/04\/Feliks-Raczkowski-768x986.jpg\" class=\"attachment-medium_large size-medium_large wp-image-2209\" alt=\"\" srcset=\"https:\/\/wsm.art.pl\/wp-content\/uploads\/2021\/04\/Feliks-Raczkowski-768x986.jpg 768w, https:\/\/wsm.art.pl\/wp-content\/uploads\/2021\/04\/Feliks-Raczkowski-234x300.jpg 234w, https:\/\/wsm.art.pl\/wp-content\/uploads\/2021\/04\/Feliks-Raczkowski-798x1024.jpg 798w, https:\/\/wsm.art.pl\/wp-content\/uploads\/2021\/04\/Feliks-Raczkowski.jpg 1085w\" sizes=\"(max-width: 768px) 100vw, 768px\" \/>\t\t\t\t\t\t\t\t\t\t\t\t\t\t\t<\/div>\n\t\t\t\t<\/div>\n\t\t\t\t\t<\/div>\n\t\t<\/div>\n\t\t\t\t<div class=\"elementor-column elementor-col-50 elementor-top-column elementor-element elementor-element-22045959\" data-id=\"22045959\" data-element_type=\"column\">\n\t\t\t<div class=\"elementor-widget-wrap elementor-element-populated\">\n\t\t\t\t\t\t<div class=\"elementor-element elementor-element-20a87065 elementor-widget elementor-widget-text-editor\" data-id=\"20a87065\" data-element_type=\"widget\" data-widget_type=\"text-editor.default\">\n\t\t\t\t<div class=\"elementor-widget-container\">\n\t\t\t\t\t\t\t\t\t<p>Organist, composer and teacher. He was born on April 12, 1906 in Szczawory\u017c near Busko-Zdr\u00f3j, and died on September 16, 1989 in Warsaw. His first organ teacher was Stanis\u0142aw Pachlewski. In 1922-26 he studied at the Salesian Organist School in Przemy\u015bl. In 1933-36 he studied organ with Bogus\u0142aw Rutkowski and composition with Kazimierz Sikorski at the State Conservatory of Music in Warsaw. In the 1930s he was an organist at the Holy Family Church in Warsaw. During the 2nd World War he stayed in Warsaw, working as a violinist, accordionist and drummer at the \u201cMirage\u201d caf\u00e9 at Nowy \u015awiat street and in the restaurant &#8222;Huragan&#8221; at Marsza\u0142kowska street and regularly performing the organ at the Savior&#8217;s Church and piano at the secret concerts held in private homes (including at Miros\u0142aw D\u0105browski and Piotr Perkowski). In 1945-70 he was an organist at the Holy Cross Church in Warsaw, in 1953-70 he also led the \u015awi\u0119tokrzyski Choir, with which in 1959 he won the 1st prize at the Competition of Church Choirs of the Archdiocese of Warsaw. In 1946 to 1984 Feliks R\u0105czkowski performed over 800 times in churches, concert halls, schools, Polish Radio and Polish Television. He has played all over Poland, in most European countries (including the Notre Dame Cathedral in Paris) and in the United States. His repertoire included organ pieces from world literature, particularly Polish compositions by Jan Podbielski, Andrzej Rohaczewski, Piotr \u017belechowski, Wincenty Wac\u0142aw Rychling, Feliks Nowowiejski, Kazimierz Jurdzi\u0144ski, Gustaw Roguski, Tadeusz Paciorkiewicz and Marian Sawa. He has made many radio and TV recordings as well as recordings for record companies also on the historic organs in Le\u017cajsk, Kamie\u0144 Pomorski and Oliwa. He was also a teacher\u2013\u00a0 at the Organist School in Przemy\u015bl (1929-33, 1936-37), the Warsaw Conservatory (from 1937), and after the war at the State Higher School of Music in Warsaw, also holding the position of vice-dean of the Instrumental Department (1958-68) and head of the Department of Organ (1973-76). In 1973 he was awarded the title of professor. He educated a group of outstanding organists, incl. Andrzej Chorosi\u0144ski, Miros\u0142aw Perz, Augustyn Bloch, Stanis\u0142aw Moryta, Marian Sawa, Marietta Kruzel-Sosnowska, Urszula Ptaszy\u0144ska-Grahm, Maria Terlecka, Jerzy Erdman, Tadeusz Olszewski. He also worked at the Music School of Karol Kurpi\u0144ski in Warsaw, and during the last years of his life at the Institute of Musicology of the Academy of Catholic Theology. He was a juror of organ competitions in Warsaw, \u0141owicz, Krak\u00f3w, Graz and Linz. He organized and ran organ festivals in Kamie\u0144 Pomorski, Koszalin and Oliwa. He also initiated summer concerts in the parish church in Kazimierz Dolny. He was a member of the Association of Polish Art Musicians SPAM and the Club of Catholic Intelligentsia. Feliks R\u0105czkowski was honored, among others, by Knight&#8217;s Cross of the Order of Polonia Restituta (1973), Award of the Minister of Culture and Art, 1st degree (1976), papal decoration &#8222;Pro Ecclesia et Pontifice&#8221; (1979), Award of the Blessed Brother Albert (1980), W\u0142adys\u0142aw Pietrzak (1984). His compositional output includes pieces for organ, a cappella choir, songs for voice with organ and many arrangements of Polish church songs.<\/p><p>wi\u0119cej na <a href=\"http:\/\/culture.pl\/pl\/tworca\/feliks-raczkowski\"><strong>www.culture.pl<\/strong><\/a><\/p>\t\t\t\t\t\t\t\t<\/div>\n\t\t\t\t<\/div>\n\t\t\t\t\t<\/div>\n\t\t<\/div>\n\t\t\t\t\t<\/div>\n\t\t<\/section>\n\t\t\t\t<\/div>\n\t\t","protected":false},"excerpt":{"rendered":"<p>Feliks R\u0105czkowski Organist, composer and teacher. He was born on April 12, 1906 in Szczawory\u017c near Busko-Zdr\u00f3j, and died on September 16, 1989 in Warsaw.&hellip;<\/p>\n","protected":false},"author":1,"featured_media":0,"parent":0,"menu_order":0,"comment_status":"closed","ping_status":"closed","template":"","meta":{"footnotes":""},"class_list":["post-1116","page","type-page","status-publish","hentry"],"_links":{"self":[{"href":"https:\/\/wsm.art.pl\/index.php?rest_route=\/wp\/v2\/pages\/1116","targetHints":{"allow":["GET"]}}],"collection":[{"href":"https:\/\/wsm.art.pl\/index.php?rest_route=\/wp\/v2\/pages"}],"about":[{"href":"https:\/\/wsm.art.pl\/index.php?rest_route=\/wp\/v2\/types\/page"}],"author":[{"embeddable":true,"href":"https:\/\/wsm.art.pl\/index.php?rest_route=\/wp\/v2\/users\/1"}],"replies":[{"embeddable":true,"href":"https:\/\/wsm.art.pl\/index.php?rest_route=%2Fwp%2Fv2%2Fcomments&post=1116"}],"version-history":[{"count":21,"href":"https:\/\/wsm.art.pl\/index.php?rest_route=\/wp\/v2\/pages\/1116\/revisions"}],"predecessor-version":[{"id":5201,"href":"https:\/\/wsm.art.pl\/index.php?rest_route=\/wp\/v2\/pages\/1116\/revisions\/5201"}],"wp:attachment":[{"href":"https:\/\/wsm.art.pl\/index.php?rest_route=%2Fwp%2Fv2%2Fmedia&parent=1116"}],"curies":[{"name":"wp","href":"https:\/\/api.w.org\/{rel}","templated":true}]}}