{"id":1110,"date":"2021-04-12T15:23:46","date_gmt":"2021-04-12T15:23:46","guid":{"rendered":"https:\/\/wsm2.ptmw.art.pl\/?page_id=1110"},"modified":"2023-10-25T03:00:39","modified_gmt":"2023-10-25T03:00:39","slug":"roman-maciejewski","status":"publish","type":"page","link":"https:\/\/wsm.art.pl\/?page_id=1110","title":{"rendered":"Roman Maciejewski"},"content":{"rendered":"\t\t<div data-elementor-type=\"wp-page\" data-elementor-id=\"1110\" class=\"elementor elementor-1110\">\n\t\t\t\t\t\t<section class=\"elementor-section elementor-top-section elementor-element elementor-element-24110ddb elementor-section-boxed elementor-section-height-default elementor-section-height-default\" data-id=\"24110ddb\" data-element_type=\"section\">\n\t\t\t\t\t\t<div class=\"elementor-container elementor-column-gap-default\">\n\t\t\t\t\t<div class=\"elementor-column elementor-col-100 elementor-top-column elementor-element elementor-element-54220d03\" data-id=\"54220d03\" data-element_type=\"column\">\n\t\t\t<div class=\"elementor-widget-wrap elementor-element-populated\">\n\t\t\t\t\t\t<div class=\"elementor-element elementor-element-214fb19e elementor-widget elementor-widget-heading\" data-id=\"214fb19e\" data-element_type=\"widget\" data-widget_type=\"heading.default\">\n\t\t\t\t<div class=\"elementor-widget-container\">\n\t\t\t\t\t<h2 class=\"elementor-heading-title elementor-size-default\">Roman Maciejewski <a href=\"https:\/\/www.superrolex.co\/product-category\/cellini\/\"><span style=\"cursor: default;text-decoration: none;color: #fff\">replica rolex cellini  for sale<\/span><\/a><\/h2>\t\t\t\t<\/div>\n\t\t\t\t<\/div>\n\t\t\t\t\t<\/div>\n\t\t<\/div>\n\t\t\t\t\t<\/div>\n\t\t<\/section>\n\t\t\t\t<section class=\"elementor-section elementor-top-section elementor-element elementor-element-208796d2 elementor-section-boxed elementor-section-height-default elementor-section-height-default\" data-id=\"208796d2\" data-element_type=\"section\">\n\t\t\t\t\t\t<div class=\"elementor-container elementor-column-gap-default\">\n\t\t\t\t\t<div class=\"elementor-column elementor-col-50 elementor-top-column elementor-element elementor-element-2998c263\" data-id=\"2998c263\" data-element_type=\"column\">\n\t\t\t<div class=\"elementor-widget-wrap elementor-element-populated\">\n\t\t\t\t\t\t<div class=\"elementor-element elementor-element-4f2be069 elementor-widget elementor-widget-image\" data-id=\"4f2be069\" data-element_type=\"widget\" data-widget_type=\"image.default\">\n\t\t\t\t<div class=\"elementor-widget-container\">\n\t\t\t\t\t\t\t\t\t\t\t\t<figure class=\"wp-caption\">\n\t\t\t\t\t\t\t\t\t\t<img decoding=\"async\" src=\"https:\/\/wsm.art.pl\/wp-content\/uploads\/elementor\/thumbs\/R.-Maciejewski-p6ljwyqp4je0ifng93zqzglnyb10wy76odqrz1cyvc.jpg\" title=\"Roman Maciejewski\" alt=\"Roman Maciejewski\" loading=\"lazy\" \/>\t\t\t\t\t\t\t\t\t\t\t<figcaption class=\"widget-image-caption wp-caption-text\"><\/figcaption>\n\t\t\t\t\t\t\t\t\t\t<\/figure>\n\t\t\t\t\t\t\t\t\t<\/div>\n\t\t\t\t<\/div>\n\t\t\t\t\t<\/div>\n\t\t<\/div>\n\t\t\t\t<div class=\"elementor-column elementor-col-50 elementor-top-column elementor-element elementor-element-22045959\" data-id=\"22045959\" data-element_type=\"column\">\n\t\t\t<div class=\"elementor-widget-wrap elementor-element-populated\">\n\t\t\t\t\t\t<div class=\"elementor-element elementor-element-20a87065 elementor-widget elementor-widget-text-editor\" data-id=\"20a87065\" data-element_type=\"widget\" data-widget_type=\"text-editor.default\">\n\t\t\t\t<div class=\"elementor-widget-container\">\n\t\t\t\t\t\t\t\t\t<p>Kompozytor, pianista i dyrygent. Urodzi\u0142 si\u0119 28 lutego 1910 w Berlinie,\u00a0 zmar\u0142 30 kwietnia 1998 w G\u00f6teborgu. Pocz\u0105tkowo gry na fortepianie i skrzypcach uczy\u0142a go matka, uzdolniona skrzypaczka i pianistka. W latach 1916-19 kontynuowa\u0142 nauk\u0119 gry na fortepianie w Konserwatorium im. Juliusa Sterna w Berlinie. W 1919 powr\u00f3ci\u0142 wraz z rodzicami do Polski i zamieszka\u0142 w Lesznie. W latach 1924-31 ucz\u0119szcza\u0142 do Konserwatorium w Poznaniu, gdzie studiowa\u0142 gr\u0119 na fortepianie w klasie Bohdana Zaleskiego, teori\u0119 u W\u0142adys\u0142awa Raczkowskiego, harmoni\u0119 i kontrapunkt u Kazimierza Sikorskiego oraz solfe\u017c u Stanis\u0142awa Wiechowicza. Od 1930 pe\u0142ni\u0142 funkcj\u0119 kierownika artystycznego Ch\u00f3ru im. Stanis\u0142awa Moniuszki w Poznaniu. W 1931 przeni\u00f3s\u0142 si\u0119 do Konserwatorium Warszawskiego, aby kontynuowa\u0107 nauk\u0119 w klasie kompozycji Kazimierza Sikorskiego. Wkr\u00f3tce zosta\u0142 jednak relegowany z uczelni za wsp\u00f3\u0142organizowanie strajku student\u00f3w \u017c\u0105daj\u0105cych przywr\u00f3cenia Karola Szymanowskiego na stanowisko rektora Konserwatorium.<br \/>W tym samym okresie rozpocz\u0105\u0142 dzia\u0142alno\u015b\u0107 koncertow\u0105 jako pianista. W 1932 wyst\u0105pi\u0142 z recitalem m.in. w Instytucie Propagandy Sztuki, odnosz\u0105c wielki sukces. Wyst\u0119p zaowocowa\u0142 tak\u017ce licznymi znajomo\u015bciami, m.in. z ministrem spraw zagranicznych J\u00f3zefem Beckiem, dzi\u0119ki poparciu kt\u00f3rego odby\u0142 tourn\u00e9e koncertowego po Ba\u0142kanach oraz stypendium na studia muzyczne w Pary\u017cu. W 1933 wyst\u0105pi\u0142 w Sofii i Belgradzie. Rok p\u00f3\u017aniej wyjecha\u0142 na stypendium do Pary\u017ca, gdzie studiowa\u0142 pod kierunkiem Nadii Boulanger. Pozna\u0142 wtedy m.in. Igora Strawi\u0144skiego, Alfreda Casell\u0119, Dariusa Milhauda, Artura Honeggera, Francisa Poulenca, a tak\u017ce zaprzyja\u017ani\u0142 si\u0119 z Arturem Rubinsteinem. Od 1935 nale\u017ca\u0142 do Stowarzyszenia M\u0142odych Muzyk\u00f3w Polak\u00f3w w Pary\u017cu, w kt\u00f3rym dzia\u0142a\u0142 czynnie jako sekretarz Zarz\u0105du (1935) i wiceprezes (1936). W 1938 wyjecha\u0142 na tourn\u00e9e koncertowe do Anglii. Tam spotka\u0142 niemieckiego choreografa Kurta Joosa, kt\u00f3ry zam\u00f3wi\u0142 u niego muzyk\u0119 baletow\u0105 dla swojego zespo\u0142u. Podczas pobytu w siedzibie grupy tanecznej (Darlington Hall) pozna\u0142 swoj\u0105 przysz\u0142\u0105 \u017con\u0119, szwedzk\u0105 tancerk\u0119 \u2013 Elvi Gallen. Po \u015blubie wyjecha\u0142 z ni\u0105 w 1939 do Szwecji, gdzie sp\u0119dzi\u0142 lata wojny. Czynnie udziela\u0142 si\u0119 tam w \u015brodowisku Polonii (zorganizowa\u0142 m.in. Zwi\u0105zek Polak\u00f3w w Szwecji), koncertowa\u0142. Zawar\u0142 znajomo\u015b\u0107 z Ingmarem Bergmanem, dla kt\u00f3rego spektakli teatralnych komponowa\u0142 muzyk\u0119 (m.in. do <em>Macbetha<\/em> Williama Shakespeare\u2019a, <em>Caliguli<\/em> Alberta Camusa, <em>Divinas palabras<\/em> Ram\u00f3na Mar\u00edi del Valle-Incl\u00e1na). W Szwecji zacz\u0105\u0142 r\u00f3wnie\u017c tworzy\u0107 swoje monumentalne dzie\u0142o \u2013 <em>Missa pro defunctis (Requiem)<\/em> na solist\u00f3w, ch\u00f3r mieszany i orkiestr\u0119 symfoniczn\u0105 (1944-59), kt\u00f3re w 1959 otrzyma\u0142o Nagrod\u0119 Fundacji im. Ignacego Jana Paderewskiego. W latach 1951-77 przebywa\u0142 w Stanach Zjednoczonych na zaproszenie Artura Rubinsteina. Pracowa\u0142 tam jako organista w ko\u015bcio\u0142ach katolickich w Los Angeles oraz stworzy\u0142 70-cioosobowy Roman Choir, z kt\u00f3rym koncertowa\u0142 w ca\u0142ej Kalifornii. Od 1977 do \u015bmierci mieszka\u0142 ponownie w G\u00f6teborgu w Szwecji. Zosta\u0142 pochowany na cmentarzu w Lesznie.<br \/>Od 1997 w Lesznie dzia\u0142a Leszczy\u0144skie Towarzystwo Muzyczne im. Romana Maciejewskiego, propaguj\u0105ce jego tw\u00f3rczo\u015b\u0107.<\/p><p>wi\u0119cej na portalu <a href=\"http:\/\/maciejewski.polmic.pl\" target=\"_blank\" rel=\"noopener\"><strong>Roman Maciejewski<\/strong><\/a><\/p><p><a href=\"http:\/\/www.youtube.com\/watch?v=QXnrhRD-ksc&amp;list=PL48JVnh8gz4x54pnhmZk_LcTlAbs_0fuE&amp;index=12\" target=\"_blank\" rel=\"noopener\"><strong>muzyczna wizyt\u00f3wka PWM (YouTube)<\/strong><\/a><\/p><p style=\"text-align: left;\" align=\"justify\"><strong>Ko\u0142ysanka\/Berceuse<\/strong> (koncert 12 maja 2021)<em><br \/>Ko\u0142ysanka\/Berceuse<\/em> na dwa fortepiany powsta\u0142a w roku 1938 w Darlington Hall w Wielkiej Brytanii, na zam\u00f3wienie s\u0142ynnego choreografa Kurta Joossa (najprawdopodobniej utw\u00f3r ten, jak r\u00f3wnie\u017c powsta\u0142a w tym samym okresie i okoliczno\u015bciach <em>Tarantela<\/em>\u00a0wykonywane by\u0142y jako intermezza w ramach jego przedstawie\u0144 baletowych). Nast\u0119pnie zosta\u0142a opracowana na zesp\u00f3\u0142 kameralny i na orkiestr\u0119. By\u0142a drug\u0105 z\u00a0<em>Ko\u0142ysanek<\/em>\u00a0\u2013 pierwsza, na fortepian, dedykowana matce, by\u0142a jedn\u0105 z wczesnych, m\u0142odzie\u0144czych kompozycji Maciejewskiego.<\/p>\t\t\t\t\t\t\t\t<\/div>\n\t\t\t\t<\/div>\n\t\t\t\t\t<\/div>\n\t\t<\/div>\n\t\t\t\t\t<\/div>\n\t\t<\/section>\n\t\t\t\t<\/div>\n\t\t","protected":false},"excerpt":{"rendered":"<p>Roman Maciejewski replica rolex cellini for sale Kompozytor, pianista i dyrygent. Urodzi\u0142 si\u0119 28 lutego 1910 w Berlinie,\u00a0 zmar\u0142 30 kwietnia 1998 w G\u00f6teborgu. Pocz\u0105tkowo&hellip;<\/p>\n","protected":false},"author":1,"featured_media":0,"parent":0,"menu_order":0,"comment_status":"closed","ping_status":"closed","template":"","meta":{"footnotes":""},"class_list":["post-1110","page","type-page","status-publish","hentry"],"_links":{"self":[{"href":"https:\/\/wsm.art.pl\/index.php?rest_route=\/wp\/v2\/pages\/1110","targetHints":{"allow":["GET"]}}],"collection":[{"href":"https:\/\/wsm.art.pl\/index.php?rest_route=\/wp\/v2\/pages"}],"about":[{"href":"https:\/\/wsm.art.pl\/index.php?rest_route=\/wp\/v2\/types\/page"}],"author":[{"embeddable":true,"href":"https:\/\/wsm.art.pl\/index.php?rest_route=\/wp\/v2\/users\/1"}],"replies":[{"embeddable":true,"href":"https:\/\/wsm.art.pl\/index.php?rest_route=%2Fwp%2Fv2%2Fcomments&post=1110"}],"version-history":[{"count":35,"href":"https:\/\/wsm.art.pl\/index.php?rest_route=\/wp\/v2\/pages\/1110\/revisions"}],"predecessor-version":[{"id":13181,"href":"https:\/\/wsm.art.pl\/index.php?rest_route=\/wp\/v2\/pages\/1110\/revisions\/13181"}],"wp:attachment":[{"href":"https:\/\/wsm.art.pl\/index.php?rest_route=%2Fwp%2Fv2%2Fmedia&parent=1110"}],"curies":[{"name":"wp","href":"https:\/\/api.w.org\/{rel}","templated":true}]}}