{"id":1097,"date":"2021-04-12T15:20:21","date_gmt":"2021-04-12T15:20:21","guid":{"rendered":"https:\/\/wsm2.ptmw.art.pl\/?page_id=1097"},"modified":"2021-05-10T23:33:06","modified_gmt":"2021-05-10T23:33:06","slug":"hanna-kulenty","status":"publish","type":"page","link":"https:\/\/wsm.art.pl\/?page_id=1097","title":{"rendered":"Hanna Kulenty"},"content":{"rendered":"\t\t<div data-elementor-type=\"wp-page\" data-elementor-id=\"1097\" class=\"elementor elementor-1097\">\n\t\t\t\t\t\t<section class=\"elementor-section elementor-top-section elementor-element elementor-element-24110ddb elementor-section-boxed elementor-section-height-default elementor-section-height-default\" data-id=\"24110ddb\" data-element_type=\"section\">\n\t\t\t\t\t\t<div class=\"elementor-container elementor-column-gap-default\">\n\t\t\t\t\t<div class=\"elementor-column elementor-col-100 elementor-top-column elementor-element elementor-element-54220d03\" data-id=\"54220d03\" data-element_type=\"column\">\n\t\t\t<div class=\"elementor-widget-wrap elementor-element-populated\">\n\t\t\t\t\t\t<div class=\"elementor-element elementor-element-214fb19e elementor-widget elementor-widget-heading\" data-id=\"214fb19e\" data-element_type=\"widget\" data-widget_type=\"heading.default\">\n\t\t\t\t<div class=\"elementor-widget-container\">\n\t\t\t\t\t<h2 class=\"elementor-heading-title elementor-size-default\">Hanna Kulenty<\/h2>\t\t\t\t<\/div>\n\t\t\t\t<\/div>\n\t\t\t\t\t<\/div>\n\t\t<\/div>\n\t\t\t\t\t<\/div>\n\t\t<\/section>\n\t\t\t\t<section class=\"elementor-section elementor-top-section elementor-element elementor-element-208796d2 elementor-section-boxed elementor-section-height-default elementor-section-height-default\" data-id=\"208796d2\" data-element_type=\"section\">\n\t\t\t\t\t\t<div class=\"elementor-container elementor-column-gap-default\">\n\t\t\t\t\t<div class=\"elementor-column elementor-col-50 elementor-top-column elementor-element elementor-element-2998c263\" data-id=\"2998c263\" data-element_type=\"column\">\n\t\t\t<div class=\"elementor-widget-wrap elementor-element-populated\">\n\t\t\t\t\t\t<div class=\"elementor-element elementor-element-4f2be069 elementor-widget elementor-widget-image\" data-id=\"4f2be069\" data-element_type=\"widget\" data-widget_type=\"image.default\">\n\t\t\t\t<div class=\"elementor-widget-container\">\n\t\t\t\t\t\t\t\t\t\t\t\t<figure class=\"wp-caption\">\n\t\t\t\t\t\t\t\t\t\t<img fetchpriority=\"high\" decoding=\"async\" width=\"768\" height=\"976\" src=\"https:\/\/wsm.art.pl\/wp-content\/uploads\/2021\/04\/KULENTY-fot.-Zosia-Zija-zmniejszone-768x976.jpg\" class=\"attachment-medium_large size-medium_large wp-image-1331\" alt=\"\" srcset=\"https:\/\/wsm.art.pl\/wp-content\/uploads\/2021\/04\/KULENTY-fot.-Zosia-Zija-zmniejszone-768x976.jpg 768w, https:\/\/wsm.art.pl\/wp-content\/uploads\/2021\/04\/KULENTY-fot.-Zosia-Zija-zmniejszone-236x300.jpg 236w, https:\/\/wsm.art.pl\/wp-content\/uploads\/2021\/04\/KULENTY-fot.-Zosia-Zija-zmniejszone-806x1024.jpg 806w, https:\/\/wsm.art.pl\/wp-content\/uploads\/2021\/04\/KULENTY-fot.-Zosia-Zija-zmniejszone-1209x1536.jpg 1209w, https:\/\/wsm.art.pl\/wp-content\/uploads\/2021\/04\/KULENTY-fot.-Zosia-Zija-zmniejszone-1612x2048.jpg 1612w, https:\/\/wsm.art.pl\/wp-content\/uploads\/2021\/04\/KULENTY-fot.-Zosia-Zija-zmniejszone.jpg 1774w\" sizes=\"(max-width: 768px) 100vw, 768px\" \/>\t\t\t\t\t\t\t\t\t\t\t<figcaption class=\"widget-image-caption wp-caption-text\">fot. Zosia Zija<\/figcaption>\n\t\t\t\t\t\t\t\t\t\t<\/figure>\n\t\t\t\t\t\t\t\t\t<\/div>\n\t\t\t\t<\/div>\n\t\t\t\t\t<\/div>\n\t\t<\/div>\n\t\t\t\t<div class=\"elementor-column elementor-col-50 elementor-top-column elementor-element elementor-element-22045959\" data-id=\"22045959\" data-element_type=\"column\">\n\t\t\t<div class=\"elementor-widget-wrap elementor-element-populated\">\n\t\t\t\t\t\t<div class=\"elementor-element elementor-element-20a87065 elementor-widget elementor-widget-text-editor\" data-id=\"20a87065\" data-element_type=\"widget\" data-widget_type=\"text-editor.default\">\n\t\t\t\t<div class=\"elementor-widget-container\">\n\t\t\t\t\t\t\t\t\t<p>Urodzi\u0142a si\u0119 18 marca 1961 w Bia\u0142ymstoku. Od 1992 mieszka w Warszawie i w Arnhem (Holandia).<br \/>W latach 1980-86 studiowa\u0142a kompozycj\u0119 pod kierunkiem W\u0142odzimierza Koto\u0144skiego w Akademii Muzycznej im. Fryderyka Chopina w Warszawie. W latach 1986-88 kontynuowa\u0142a studia kompozytorskie u Louisa Andriessena w Kr\u00f3lewskim Konserwatorium Muzycznym w Hadze. Uczestniczy\u0142a w kursach kompozytorskich organizowanych przez Polskie Towarzystwo Muzyki Wsp\u00f3\u0142czesnej oraz w Mi\u0119dzynarodowych Letnich Kursach Nowej Muzyki w Darmstadt.<\/p><p>Od 1989 pracuje jako wolny kompozytor, realizuj\u0105c liczne zam\u00f3wienia i korzystaj\u0105c ze stypendi\u00f3w tw\u00f3rczych. Daje r\u00f3wnie\u017c wyk\u0142ady w r\u00f3\u017cnych instytucjach muzycznych, konserwatoriach i na kursach. W 1990 przez rok by\u0142a <em>guest composer<\/em> Deutscher Akademischer Austauschdienst (DAAD) w Berlinie. W 1998 zosta\u0142a zaproszona jako go\u015bcinny wyk\u0142adowca na trzy uniwersytety w Los Angeles. W latach 1999\/2000 pe\u0142ni\u0142a funkcj\u0119 composer-in-residence przy Het Gelders Orkest w Holandii. W listopadzie 2000 Radio Niemieckie w Kolonii zorganizowa\u0142o jej koncert monograficzny (wydany na CD <em>Arcs &amp; Circles<\/em>). W 2004 by\u0142a wyk\u0142adowc\u0105 podczas festiwalu Other Minds 10 w San Francisco.<br \/>Bra\u0142a udzia\u0142 w pracach jury podczas M\u00fcnchener Biennale w 1995, Gaudeamus Music Week 2002 w Amsterdamie oraz IX Mi\u0119dzynarodowego Konkursu Kompozytorskiego im. Kazimierza Serockiego w Warszawie w 2004. Zosta\u0142a r\u00f3wnie\u017c zaproszona do jury VI edycji International New Chamber Opera Competition <em>Orpheus-Luciano Berio 2003-04<\/em> w Spoleto.<br \/>W 1985 otrzyma\u0142a II nagrod\u0119 w Europejskim Konkursie M\u0142odych Kompozytor\u00f3w w Holandii za utw\u00f3r <em>Ad unum<\/em>, a w 1987 Nagrod\u0119 Artystyczn\u0105 M\u0142odych im. Stanis\u0142awa Wyspia\u0144skiego (II klasy). Tego samego roku zdoby\u0142a II nagrod\u0119 w Konkursie Ko\u0142a M\u0142odych ZKP za <em>Ride<\/em>. Jest tak\u017ce laureatk\u0105 nagr\u00f3d konkurs\u00f3w kompozytorskich organizowanych przez Oddzia\u0142 Warszawski ZKP \u2013 <em>Quinto<\/em> (I nagroda, 1986), <em>Breathe<\/em> (I nagroda, 1987), <em>Cannon<\/em> (III nagroda, 1988) oraz <em>aaa Tre<\/em> (II nagroda, 1989).<\/p><p>W 2003 uzyska\u0142a pierwsz\u0105 lokat\u0119 na 50. Mi\u0119dzynarodowej Trybunie Kompozytor\u00f3w UNESCO za <em>Koncert na tr\u0105bk\u0119 i orkiestr\u0119<\/em>, oraz Medal Mozartowski Mi\u0119dzynarodowej Rady Muzycznej przy UNESCO.<\/p><p><strong><a href=\"http:\/\/www.hannakulenty.com\">www.hannakulenty.com<\/a><\/strong><\/p><p><a href=\"https:\/\/www.youtube.com\/watch?v=DslkBgojWsM\" target=\"_blank\" rel=\"noopener\"><strong>muzyczna wizyt\u00f3wka PWM (YouTube)<\/strong><\/a><\/p><p><strong>Van&#8230;<\/strong> (koncert 12 maja 2021)<br \/><em>Van&#8230;<\/em> na fortepian \/ cztery r\u0119ce, napisa\u0142am na zam\u00f3wienie Ambasady Holandii, dla kr\u00f3la Holandii, Wilhelma Aleksandra van Oranje. <br \/>Dlatego tytu\u0142 <em>Van&#8230;<\/em> \u2013 bo van Oranje i van Beethoven, gdzie zainspirowa\u0142am si\u0119 lekko muzyk\u0105 tego kompozytora. <br \/><em>Hanna Kulenty<\/em><\/p>\t\t\t\t\t\t\t\t<\/div>\n\t\t\t\t<\/div>\n\t\t\t\t\t<\/div>\n\t\t<\/div>\n\t\t\t\t\t<\/div>\n\t\t<\/section>\n\t\t\t\t<\/div>\n\t\t","protected":false},"excerpt":{"rendered":"<p>Hanna Kulenty fot. Zosia Zija Urodzi\u0142a si\u0119 18 marca 1961 w Bia\u0142ymstoku. Od 1992 mieszka w Warszawie i w Arnhem (Holandia).W latach 1980-86 studiowa\u0142a kompozycj\u0119&hellip;<\/p>\n","protected":false},"author":1,"featured_media":0,"parent":0,"menu_order":0,"comment_status":"closed","ping_status":"closed","template":"","meta":{"footnotes":""},"class_list":["post-1097","page","type-page","status-publish","hentry"],"_links":{"self":[{"href":"https:\/\/wsm.art.pl\/index.php?rest_route=\/wp\/v2\/pages\/1097","targetHints":{"allow":["GET"]}}],"collection":[{"href":"https:\/\/wsm.art.pl\/index.php?rest_route=\/wp\/v2\/pages"}],"about":[{"href":"https:\/\/wsm.art.pl\/index.php?rest_route=\/wp\/v2\/types\/page"}],"author":[{"embeddable":true,"href":"https:\/\/wsm.art.pl\/index.php?rest_route=\/wp\/v2\/users\/1"}],"replies":[{"embeddable":true,"href":"https:\/\/wsm.art.pl\/index.php?rest_route=%2Fwp%2Fv2%2Fcomments&post=1097"}],"version-history":[{"count":29,"href":"https:\/\/wsm.art.pl\/index.php?rest_route=\/wp\/v2\/pages\/1097\/revisions"}],"predecessor-version":[{"id":5444,"href":"https:\/\/wsm.art.pl\/index.php?rest_route=\/wp\/v2\/pages\/1097\/revisions\/5444"}],"wp:attachment":[{"href":"https:\/\/wsm.art.pl\/index.php?rest_route=%2Fwp%2Fv2%2Fmedia&parent=1097"}],"curies":[{"name":"wp","href":"https:\/\/api.w.org\/{rel}","templated":true}]}}