{"id":1059,"date":"2021-04-12T14:51:23","date_gmt":"2021-04-12T14:51:23","guid":{"rendered":"https:\/\/wsm2.ptmw.art.pl\/?page_id=1059"},"modified":"2021-05-07T21:18:23","modified_gmt":"2021-05-07T21:18:23","slug":"slawomir-czarnecki","status":"publish","type":"page","link":"https:\/\/wsm.art.pl\/?page_id=1059","title":{"rendered":"S\u0142awomir Czarnecki"},"content":{"rendered":"\t\t<div data-elementor-type=\"wp-page\" data-elementor-id=\"1059\" class=\"elementor elementor-1059\">\n\t\t\t\t\t\t<section class=\"elementor-section elementor-top-section elementor-element elementor-element-663d2b08 elementor-section-boxed elementor-section-height-default elementor-section-height-default\" data-id=\"663d2b08\" data-element_type=\"section\">\n\t\t\t\t\t\t<div class=\"elementor-container elementor-column-gap-default\">\n\t\t\t\t\t<div class=\"elementor-column elementor-col-100 elementor-top-column elementor-element elementor-element-6448983a\" data-id=\"6448983a\" data-element_type=\"column\">\n\t\t\t<div class=\"elementor-widget-wrap elementor-element-populated\">\n\t\t\t\t\t\t<div class=\"elementor-element elementor-element-72677868 elementor-widget elementor-widget-heading\" data-id=\"72677868\" data-element_type=\"widget\" data-widget_type=\"heading.default\">\n\t\t\t\t<div class=\"elementor-widget-container\">\n\t\t\t\t\t<h2 class=\"elementor-heading-title elementor-size-default\">S\u0142awomir Stanis\u0142aw Czarnecki<\/h2>\t\t\t\t<\/div>\n\t\t\t\t<\/div>\n\t\t\t\t\t<\/div>\n\t\t<\/div>\n\t\t\t\t\t<\/div>\n\t\t<\/section>\n\t\t\t\t<section class=\"elementor-section elementor-top-section elementor-element elementor-element-6dbdf02b elementor-section-boxed elementor-section-height-default elementor-section-height-default\" data-id=\"6dbdf02b\" data-element_type=\"section\">\n\t\t\t\t\t\t<div class=\"elementor-container elementor-column-gap-default\">\n\t\t\t\t\t<div class=\"elementor-column elementor-col-50 elementor-top-column elementor-element elementor-element-583e85c3\" data-id=\"583e85c3\" data-element_type=\"column\">\n\t\t\t<div class=\"elementor-widget-wrap elementor-element-populated\">\n\t\t\t\t\t\t<div class=\"elementor-element elementor-element-1c27963e elementor-widget elementor-widget-image\" data-id=\"1c27963e\" data-element_type=\"widget\" data-widget_type=\"image.default\">\n\t\t\t\t<div class=\"elementor-widget-container\">\n\t\t\t\t\t\t\t\t\t\t\t\t\t\t\t<img decoding=\"async\" src=\"https:\/\/wsm.art.pl\/wp-content\/uploads\/elementor\/thumbs\/Czarnecki-maly-p6drd8jvfhmgdm2hkg4sp3bibfasgczc3de2oobrm0.jpg\" title=\"OLYMPUS DIGITAL CAMERA\" alt=\"OLYMPUS DIGITAL CAMERA\" loading=\"lazy\" \/>\t\t\t\t\t\t\t\t\t\t\t\t\t\t\t<\/div>\n\t\t\t\t<\/div>\n\t\t\t\t\t<\/div>\n\t\t<\/div>\n\t\t\t\t<div class=\"elementor-column elementor-col-50 elementor-top-column elementor-element elementor-element-6482ba77\" data-id=\"6482ba77\" data-element_type=\"column\">\n\t\t\t<div class=\"elementor-widget-wrap elementor-element-populated\">\n\t\t\t\t\t\t<div class=\"elementor-element elementor-element-45281d93 elementor-widget elementor-widget-text-editor\" data-id=\"45281d93\" data-element_type=\"widget\" data-widget_type=\"text-editor.default\">\n\t\t\t\t<div class=\"elementor-widget-container\">\n\t\t\t\t\t\t\t\t\t<p><span style=\"color: #000000;\">Urodzi\u0142 si\u0119 w 1949 w Jeleniej G\u00f3rze. W latach 1963-1969 ucz\u0119szcza\u0142 do Pa\u0144stwowej Szko\u0142y Muzycznej w Cz\u0119stochowie jako ucze\u0144 klasy fortepianu. Tam te\u017c nawi\u0105za\u0142 kontakt z Romualdem Twardowskim, u kt\u00f3rego zacz\u0105\u0142 pobiera\u0107 pierwsze lekcje kompozycji. W latach 1969-1974 odby\u0142 studia z zakresu kompozycji w warszawskiej Pa\u0144stwowej Wy\u017cszej Szkole Muzycznej (obecnie UMFC) w klasie prof. Piotra Perkowskiego i Romualda Twardowskiego. W latach 1980-81, jako stypendysta Rz\u0105du Francuskiego kontynuowa\u0142 studia u prof. Oliviera Messiaena w Pary\u017cu. Jest laureatem 17 konkurs\u00f3w kompozytorskich. Obecnie jest profesorem zwyczajnym Uniwersytetu Kazimierza Wielkiego w Bydgoszczy. Od 45 lat zwi\u0105zany jest tak\u017ce ze Szko\u0142\u0105 Muzyczn\u0105 II st. im. J\u00f3zefa Elsnera w Warszawie, gdzie prowadzi unikatowe zaj\u0119cia z \u201epropedeutyki kompozycji\u201d.<\/span><br \/><span style=\"color: #000000;\">Za swoj\u0105 prac\u0119 pedagogiczn\u0105 i tw\u00f3rczo\u015b\u0107 zosta\u0142 uhonorowany Medalem Komisji Edukacji Narodowej, srebrnym medalem Gloria Artis, oraz prezydenckim Z\u0142otym Medalem Za D\u0142ugoletni\u0105 S\u0142u\u017cb\u0119, a w 2019 Z\u0142otym Krzy\u017cem Zas\u0142ugi. W 2019 uhonorowany zosta\u0142 Nagrod\u0105 Edukacyjn\u0105 ZKP, a w 2020 nagrod\u0105 FENIKS za tw\u00f3rczo\u015b\u0107 sakraln\u0105.<\/span><br \/><span style=\"color: #000000;\">Jego kompozycje zgromadzone s\u0105 w 63 opusach, w\u015br\u00f3d kt\u00f3rych znajduj\u0105 si\u0119 utwory solowe, kameralne, symfoniczne, ch\u00f3ralne i kantatowe.<\/span><\/p><p><span style=\"color: #000000;\"><u>Najnowsze kompozycje<\/u>:<\/span><\/p><p><span style=\"color: #000000;\"><em>Cervus Elaphus<\/em> \u2013 uwertura koncertowa na orkiestr\u0119 (2017, zam\u00f3wienie Filharmonii Lubelskiej); <em>Sonata kujawska<\/em> na alt\u00f3wk\u0119 i fortepian (2017, zam\u00f3wienie Lecha Ba\u0142abana); <em>Divertimento<\/em> na orkiestr\u0119 kameraln\u0105 (2017, zam\u00f3wienie Orkiestry Kameralnej Miasta Tychy AUKSO); <em>Te Deum Polskie<\/em> na sopran, tenor i bas, ch\u00f3r i orkiestr\u0119 (2018, zam\u00f3wienie Filharmonii Lubelskiej); Kantata <em>Adoracja<\/em> na ch\u00f3r i orkiestr\u0119 (2018, zam\u00f3wienie Filharmonii Cz\u0119stochowskiej); <em>Nieszpory \u015awi\u0119tokrzyskie<\/em> na ch\u00f3r, tenor, bas, ch\u00f3r i 10 instrument\u00f3w (2018, Festiwal Noc Cracovia Sacra); <em>Narew-Concero<\/em> na orkiestr\u0119 smyczkow\u0105 (2019, zam\u00f3wienie Filharmonii Kameralnej w \u0141om\u017cy).<\/span><br \/><span style=\"color: #000000;\">Jego kompozycje zosta\u0142y wydane na kilkunastu p\u0142ytach, z kt\u00f3rych najwa\u017cniejsze to: autorska p\u0142yta Polskiego Radia z serii \u201eMuzyka naszych czas\u00f3w\u201d (Concerto Avenna oraz Krzysztof i Jakub Jakowiczowie), Acte Pr\u00e9alable \u2013 <em>Choral Works<\/em> (Schola Cantorum Thonurensis), DUX &#8211; <em>Nieszpory \u015awi\u0119tokrzyskie<\/em> (Polski Ch\u00f3r Kameralny Schola Cantorum Gedanensis). P\u0142yta <em>Polish Contemporary Concertos<\/em> z kompozycj\u0105 <em>Concerto Lendinum<\/em> (J. Jakowicz, T. Strahl, Orkiestra Kameralna w \u0141om\u017cy) wydana przez firm\u0119 DUX w 2018 otrzyma\u0142a nagrod\u0119 \u201eFryderyk\u201d.<\/span><br \/><span style=\"color: #000000;\">Obecny okres tw\u00f3rczo\u015bci charakteryzuje si\u0119 pr\u00f3b\u0105 po-modernistycznej syntezy, gdzie zar\u00f3wno osi\u0105gni\u0119cia modernizmu jak i tradycja jest istotnym czynnikiem kszta\u0142tuj\u0105cym estetyk\u0119. Swoj\u0105 postaw\u0119 kompozytor okre\u015bla s\u0142owem \u201eANALOGIZM\u201d.<\/span><\/p><p>wi\u0119cej na <a href=\"http:\/\/www.polmic.pl\/index.php?option=com_mwosoby&amp;id=162&amp;litera=0&amp;view=czlowiek&amp;Itemid=5&amp;lang=pl\"><strong>www.polmic.pl<\/strong><\/a><\/p><p class=\"western\" style=\"text-align: left;\" align=\"justify\"><span style=\"font-family: Archivo Narrow, sans-serif;\"><span style=\"font-size: medium;\"><b>Narew concerto<\/b> (koncert 12 maja)<i><b><br \/><\/b>Narew concerto <\/i><\/span><\/span><span style=\"font-family: Archivo Narrow, sans-serif;\"><span style=\"font-size: medium;\">to trzycz\u0119\u015bciowa kompozycja w formie concerto grosso. Grup\u0119 \u201econcertino\u201d stanowi\u0105 4 instrumenty: 2 skrzypiec, alt\u00f3wka i wiolonczela, kt\u00f3re cz\u0119sto dialoguj\u0105 z pozosta\u0142\u0105 cz\u0119\u015bci\u0105 orkiestry <\/span><\/span><span style=\"font-family: Archivo Narrow, sans-serif;\"><span style=\"font-size: medium;\">\u2013<\/span><\/span><span style=\"font-family: Archivo Narrow, sans-serif;\"><span style=\"font-size: medium;\"> \u201eripieni\u201d, a niekiedy stapiaj\u0105 si\u0119 tworz\u0105c jednolite \u201etutti\u201d.<br \/><\/span><\/span><span style=\"font-family: Archivo Narrow, sans-serif;\"><span style=\"font-size: medium;\">Kompozycja zosta\u0142a skomponowana na pro\u015bb\u0119 Jana Mi\u0142osza Zarzyckiego dla \u0141om\u017cy\u0144skiej Filharmonii Kameralnej w ramach programu \u201eZam\u00f3wienia kompozytorskie\u201d Instytutu Muzyki i Ta\u0144ca. <\/span><\/span><span style=\"font-family: Archivo Narrow, sans-serif;\"><span style=\"font-size: medium;\">Jest ona dedykowana maestro Janowi Mi\u0142oszowi Zarzyckiemu.<br \/><\/span><\/span><em><span style=\"font-family: Archivo Narrow, sans-serif;\"><span style=\"font-size: medium;\">S\u0142awomir Stanis\u0142aw Czarnecki<\/span><\/span><\/em><\/p>\t\t\t\t\t\t\t\t<\/div>\n\t\t\t\t<\/div>\n\t\t\t\t\t<\/div>\n\t\t<\/div>\n\t\t\t\t\t<\/div>\n\t\t<\/section>\n\t\t\t\t<\/div>\n\t\t","protected":false},"excerpt":{"rendered":"<p>S\u0142awomir Stanis\u0142aw Czarnecki Urodzi\u0142 si\u0119 w 1949 w Jeleniej G\u00f3rze. W latach 1963-1969 ucz\u0119szcza\u0142 do Pa\u0144stwowej Szko\u0142y Muzycznej w Cz\u0119stochowie jako ucze\u0144 klasy fortepianu. Tam&hellip;<\/p>\n","protected":false},"author":1,"featured_media":0,"parent":0,"menu_order":0,"comment_status":"closed","ping_status":"closed","template":"","meta":{"footnotes":""},"class_list":["post-1059","page","type-page","status-publish","hentry"],"_links":{"self":[{"href":"https:\/\/wsm.art.pl\/index.php?rest_route=\/wp\/v2\/pages\/1059","targetHints":{"allow":["GET"]}}],"collection":[{"href":"https:\/\/wsm.art.pl\/index.php?rest_route=\/wp\/v2\/pages"}],"about":[{"href":"https:\/\/wsm.art.pl\/index.php?rest_route=\/wp\/v2\/types\/page"}],"author":[{"embeddable":true,"href":"https:\/\/wsm.art.pl\/index.php?rest_route=\/wp\/v2\/users\/1"}],"replies":[{"embeddable":true,"href":"https:\/\/wsm.art.pl\/index.php?rest_route=%2Fwp%2Fv2%2Fcomments&post=1059"}],"version-history":[{"count":35,"href":"https:\/\/wsm.art.pl\/index.php?rest_route=\/wp\/v2\/pages\/1059\/revisions"}],"predecessor-version":[{"id":4497,"href":"https:\/\/wsm.art.pl\/index.php?rest_route=\/wp\/v2\/pages\/1059\/revisions\/4497"}],"wp:attachment":[{"href":"https:\/\/wsm.art.pl\/index.php?rest_route=%2Fwp%2Fv2%2Fmedia&parent=1059"}],"curies":[{"name":"wp","href":"https:\/\/api.w.org\/{rel}","templated":true}]}}